{"id":5410,"date":"2023-05-30T03:59:12","date_gmt":"2023-05-30T03:59:12","guid":{"rendered":"https:\/\/www.lasermetgmbh.de\/?post_type=product&amp;p=5410"},"modified":"2023-05-30T03:59:12","modified_gmt":"2023-05-30T03:59:12","slug":"slim-jim-led-schilder","status":"publish","type":"product","link":"https:\/\/www.lasermet.com\/de\/laserschutzprodukte\/slim-jim-led-schilder\/","title":{"rendered":"Slim Jim LED Schilder"},"content":{"rendered":"\n<div class=\"wp-block-buttons is-layout-flex wp-block-buttons-is-layout-flex\">\n<div class=\"wp-block-button\"><a class=\"wp-block-button__link has-text-color has-background wp-element-button\" href=\"https:\/\/forms.monday.com\/forms\/362d8b83caa0cb210e1efba77888c4ab?r=use1\" style=\"color:#1d1f8c;background-color:#ffcc01\" rel=\"noopener\">Brosch\u00fcre herunterladen<\/a><\/div>\n<\/div>\n\n\n\n<div style=\"height:100px\" aria-hidden=\"true\" class=\"wp-block-spacer\"><\/div>\n\n\n\n<p>Slim Jim ist das d\u00fcnne, hintergrundbeleuchtete LED-Schild von Lasermet. Mit einer Dicke von ca. 11 mm wird dieses extrem d\u00fcnne LED-Schild direkt mit 230 VAC Netzstrom betrieben, ohne zus\u00e4tzliche Stromversorgung oder Transformator.<\/p>\n\n\n\n<p>Es passt genau auf die britischen, US-amerikanischen und europ\u00e4ischen Einzel- und Doppelsteckdosen sowie auf die Standard-Rohrleitungsdosen, so dass es f\u00fcr Bauunternehmer einfach und schnell zu installieren ist.<\/p>\n\n\n\n<div style=\"height:20px\" aria-hidden=\"true\" class=\"wp-block-spacer\"><\/div>\n\n\n<div class=\"wp-block-image\">\n<figure class=\"aligncenter size-full is-resized\"><img loading=\"lazy\" decoding=\"async\" width=\"552\" height=\"439\" src=\"https:\/\/www.lasermetgmbh.de\/wp-content\/uploads\/2023\/02\/Slim-Jim-Sign-and-cut-away.jpeg\" alt=\"\" class=\"wp-image-5411\" style=\"width:512px;height:329px\" srcset=\"https:\/\/www.lasermet.com\/de\/wp-content\/uploads\/sites\/3\/2023\/02\/Slim-Jim-Sign-and-cut-away.jpeg 552w, https:\/\/www.lasermet.com\/de\/wp-content\/uploads\/sites\/3\/2023\/02\/Slim-Jim-Sign-and-cut-away-300x239.jpeg 300w\" sizes=\"auto, (max-width: 552px) 100vw, 552px\" \/><figcaption class=\"wp-element-caption\">Explosionszeichnung des Slim Jim LED-Schildes<\/figcaption><\/figure>\n<\/div>\n\n\n<div style=\"height:20px\" aria-hidden=\"true\" class=\"wp-block-spacer\"><\/div>\n\n\n\n<h6 class=\"wp-block-heading\">SPEZIFIKATIONEN<\/h6>\n\n\n\n<figure class=\"wp-block-table has-small-font-size\"><table><tbody><tr><td>Gesamtabmessungen<\/td><td>355 x 105 x 11 mm<\/td><\/tr><tr><td>Schild Abmessungen<\/td><td>275 x 58 mm<\/td><\/tr><tr><td>Angebot<\/td><td>230VAC at 40mA<br>110VAC at 80mA<\/td><\/tr><\/tbody><\/table><\/figure>\n\n\n\n<div style=\"height:20px\" aria-hidden=\"true\" class=\"wp-block-spacer\"><\/div>\n\n\n\n<h6 class=\"wp-block-heading\">BESTELLINFORMATIONEN<\/h6>\n\n\n\n<p>\u2022 Slim Jim LED-Schilder sind mit Text\/Grafik in einer einzigen Farbe erh\u00e4ltlich &#8211; entweder Rot, Gelb oder Blau. Sie werden alle mit 230 VAC betrieben.<\/p>\n\n\n\n<p>\u2022 Es besteht die M\u00f6glichkeit, die Einfassung in Edelstahl statt in der Standard<br>wei\u00df pulverbeschichtet.<\/p>\n\n\n\n<p>\u2022 F\u00fcr benutzerdefinierte Texte\/Grafiken wird eine Geb\u00fchr f\u00fcr die Erstellung von Druckvorlagen erhoben.<\/p>\n","protected":false},"excerpt":{"rendered":"<header class=\"entry-header\">\n<h6 class=\"entry-title\">Das d\u00fcnne, hintergrundbeleuchtete LED-Schild<\/h6>\n<p>Die Slim Jim Schilder haben ein kompaktes, schlankes Geh\u00e4use und sind einfach zu installieren, da sie mit Standard-Rohrk\u00e4sten kompatibel sind.<\/p>\n<\/header>\n<div class=\"summary\">\n<ul>\n<li>Hohe Qualit\u00e4t und elegantes Aussehen<\/li>\n<li>Nur 11 mm dick<\/li>\n<li>230V AC oder 110V AC Versorgung<\/li>\n<li>Passt zu Kabelkan\u00e4len<\/li>\n<li>Bauunternehmerfreundliche, billigere und schnellere Installation<\/li>\n<\/ul>\n<\/div>\n","protected":false},"featured_media":8197,"comment_status":"closed","ping_status":"closed","template":"","meta":{"_acf_changed":false,"_kad_blocks_custom_css":"","_kad_blocks_head_custom_js":"","_kad_blocks_body_custom_js":"","_kad_blocks_footer_custom_js":"","_EventAllDay":false,"_EventTimezone":"","_EventStartDate":"","_EventEndDate":"","_EventStartDateUTC":"","_EventEndDateUTC":"","_EventShowMap":false,"_EventShowMapLink":false,"_EventURL":"","_EventCost":"","_EventCostDescription":"","_EventCurrencySymbol":"","_EventCurrencyCode":"","_EventCurrencyPosition":"","_EventDateTimeSeparator":"","_EventTimeRangeSeparator":"","_EventOrganizerID":[],"_EventVenueID":[],"_OrganizerEmail":"","_OrganizerPhone":"","_OrganizerWebsite":"","_VenueAddress":"","_VenueCity":"","_VenueCountry":"","_VenueProvince":"","_VenueState":"","_VenueZip":"","_VenuePhone":"","_VenueURL":"","_VenueStateProvince":"","_VenueLat":"","_VenueLng":"","_VenueShowMap":false,"_VenueShowMapLink":false,"_kadence_starter_templates_imported_post":false,"_kad_post_transparent":"","_kad_post_title":"","_kad_post_layout":"","_kad_post_sidebar_id":"","_kad_post_content_style":"","_kad_post_vertical_padding":"","_kad_post_feature":"","_kad_post_feature_position":"","_kad_post_header":false,"_kad_post_footer":false,"_kad_post_classname":""},"product_brand":[],"product_cat":[50],"product_tag":[36,37],"class_list":{"0":"post-5410","1":"product","2":"type-product","3":"status-publish","4":"has-post-thumbnail","6":"product_cat-schilder","7":"product_tag-forschung","8":"product_tag-industriell","10":"first","11":"instock","12":"shipping-taxable","13":"product-type-simple","14":"entry","15":"content-bg","16":"loop-entry"},"acf":[],"taxonomy_info":{"product_cat":[{"value":50,"label":"Schilder"}],"product_tag":[{"value":36,"label":"Forschung und Entwicklung"},{"value":37,"label":"Industriell"}]},"featured_image_src_large":["https:\/\/www.lasermet.com\/de\/wp-content\/uploads\/sites\/3\/2023\/05\/SlimJIm_GERMAN.png",501,501,false],"author_info":[],"comment_info":0,"_links":{"self":[{"href":"https:\/\/www.lasermet.com\/de\/wp-json\/wp\/v2\/product\/5410","targetHints":{"allow":["GET"]}}],"collection":[{"href":"https:\/\/www.lasermet.com\/de\/wp-json\/wp\/v2\/product"}],"about":[{"href":"https:\/\/www.lasermet.com\/de\/wp-json\/wp\/v2\/types\/product"}],"replies":[{"embeddable":true,"href":"https:\/\/www.lasermet.com\/de\/wp-json\/wp\/v2\/comments?post=5410"}],"wp:featuredmedia":[{"embeddable":true,"href":"https:\/\/www.lasermet.com\/de\/wp-json\/wp\/v2\/media\/8197"}],"wp:attachment":[{"href":"https:\/\/www.lasermet.com\/de\/wp-json\/wp\/v2\/media?parent=5410"}],"wp:term":[{"taxonomy":"product_brand","embeddable":true,"href":"https:\/\/www.lasermet.com\/de\/wp-json\/wp\/v2\/product_brand?post=5410"},{"taxonomy":"product_cat","embeddable":true,"href":"https:\/\/www.lasermet.com\/de\/wp-json\/wp\/v2\/product_cat?post=5410"},{"taxonomy":"product_tag","embeddable":true,"href":"https:\/\/www.lasermet.com\/de\/wp-json\/wp\/v2\/product_tag?post=5410"}],"curies":[{"name":"wp","href":"https:\/\/api.w.org\/{rel}","templated":true}]}}