{"id":5401,"date":"2023-02-16T03:52:20","date_gmt":"2023-02-16T03:52:20","guid":{"rendered":"https:\/\/www.lasermetgmbh.de\/?post_type=product&#038;p=5401"},"modified":"2025-05-29T07:04:31","modified_gmt":"2025-05-29T07:04:31","slug":"ip66-led-wetterfeste-ultra-schilder","status":"publish","type":"product","link":"https:\/\/www.lasermet.com\/de\/laserschutzprodukte\/ip66-led-wetterfeste-ultra-schilder\/","title":{"rendered":"IP66 LED Wetterfeste Ultra Schilder"},"content":{"rendered":"\n<div class=\"wp-block-buttons is-layout-flex wp-block-buttons-is-layout-flex\">\n<div class=\"wp-block-button\"><a class=\"wp-block-button__link has-text-color has-background wp-element-button\" href=\"https:\/\/forms.monday.com\/forms\/9ccbe234e30348db07d5af92f131e097?r=use1\" style=\"color:#1d1f8c;background-color:#ffcc01\" rel=\"noopener\">Brosch\u00fcre herunterladen<\/a><\/div>\n<\/div>\n\n\n\n<div style=\"height:100px\" aria-hidden=\"true\" class=\"wp-block-spacer\"><\/div>\n\n\n\n<p>Das LED Ultra Sign ist ein professionelles LED-Schild nach IP66 f\u00fcr den Au\u00dfenbereich. Diese hellen LED-Schilder sind ideal f\u00fcr den Einsatz bei schlechtem Wetter. Diese in Gro\u00dfbritannien hergestellten, DALI-kompatiblen LED-Schilder mit zwei Botschaften und zwei Farben werden mit einer Niederspannung von 24 VDC betrieben (eine 48 VDC-Option ist auf Anfrage erh\u00e4ltlich).<\/p>\n\n\n\n<p>Die Schilder entsprechen der Schutzart IP66 gem\u00e4\u00df BS EN IEC 60529, d.h. sie sind gegen starkes Strahlwasser gesch\u00fctzt und staubdicht &#8211; ideal f\u00fcr den Einsatz bei Wind und Regen. Die hellen LEDs sorgen daf\u00fcr, dass das Schild auch bei starkem Sonnenlicht gut lesbar ist.<\/p>\n\n\n\n<p>Weitere Optionen, die bei der Bestellung angegeben werden m\u00fcssen, umfassen automatisches oder ferngesteuertes Dimmen und eine Ein\/Aus-Blinkfunktion sowie DALI-kompatible Moduloptionen. DALI ist der in der Beleuchtungsindustrie verwendete Digitally Addressable Lighting Interface Standard.<\/p>\n\n\n\n<p>Zus\u00e4tzlich zur direkten Wandmontage sind auch eine Reihe von Halterungsoptionen f\u00fcr ein- oder doppelseitige Schilder erh\u00e4ltlich.<\/p>\n\n\n\n<div style=\"height:20px\" aria-hidden=\"true\" class=\"wp-block-spacer\"><\/div>\n\n\n\n<h6 class=\"wp-block-heading\">SPEZIFIKATIONEN<\/h6>\n\n\n\n<figure class=\"wp-block-table has-small-font-size\"><table><tbody><tr><td>Gr\u00f6\u00dfe<\/td><td>580 x 178 x 26.8 mm<\/td><\/tr><tr><td>Gewicht<\/td><td>2.8 kg<\/td><\/tr><tr><td>Betriebsspannung<\/td><td>18 &#8211; 26 VDC<\/td><\/tr><tr><td>Compliance<\/td><td>BS EN 60529:1992 + A2:2013 &#8211; IP66<br>BS EN 60598-1:2008<br>EN 62471:2008<br>EN 55015:2013 +A1:2015<br>EN 61547:2009<br>Low Voltage Directive 2014\/35\/EU<br>EMC Directive 2014\/30\/EU<br>CE Directive 2006\/42\/EC<\/td><\/tr><\/tbody><\/table><\/figure>\n\n\n\n<div style=\"height:20px\" aria-hidden=\"true\" class=\"wp-block-spacer\"><\/div>\n\n\n\n<h3 class=\"wp-block-heading\"><\/h3>\n\n\n\n<div class=\"wp-block-columns is-layout-flex wp-container-core-columns-is-layout-9d6595d7 wp-block-columns-is-layout-flex\">\n<div class=\"wp-block-column is-layout-flow wp-block-column-is-layout-flow\">\n<div style=\"height:40px\" aria-hidden=\"true\" class=\"wp-block-spacer\"><\/div>\n\n\n\n<div style=\"height:40px\" aria-hidden=\"true\" class=\"wp-block-spacer\"><\/div>\n<\/div>\n\n\n\n<div class=\"wp-block-column is-layout-flow wp-block-column-is-layout-flow\">\n<div style=\"height:40px\" aria-hidden=\"true\" class=\"wp-block-spacer\"><\/div>\n<\/div>\n<\/div>\n\n\n\n<div style=\"height:100px\" aria-hidden=\"true\" class=\"wp-block-spacer\"><\/div>\n","protected":false},"excerpt":{"rendered":"<header class=\"entry-header\">\n<p>IP66 wetterfeste LED-Schilder f\u00fcr den Au\u00dfeneinsatz<\/p>\n<p>Die Ultra Signs von Lasermet gibt es jetzt auch in einer wetterfesten Version nach IP66 f\u00fcr den Einsatz im Freien. Die nahtlose Grafik mit dem hintergrundbeleuchteten LED-Design hebt dieses Schild von pixeligen Matrix-LED-Anzeigen ab.\u00a0<\/p>\n<ul>\n<li>Wetterfestes Schild f\u00fcr den Au\u00dfeneinsatz (IP66)<\/li>\n<li>Beliebige Botschaft, Grafik oder Sprache<\/li>\n<li>Einzelne oder doppelte Botschaft<\/li>\n<li>Niederspannung 24VDC (48VDC optional)<\/li>\n<li>Optionale DALI-Schnittstelle<\/li>\n<\/ul>\n<\/header>\n","protected":false},"featured_media":7746,"comment_status":"closed","ping_status":"closed","template":"","meta":{"_acf_changed":false,"_kad_blocks_custom_css":"","_kad_blocks_head_custom_js":"","_kad_blocks_body_custom_js":"","_kad_blocks_footer_custom_js":"","_EventAllDay":false,"_EventTimezone":"","_EventStartDate":"","_EventEndDate":"","_EventStartDateUTC":"","_EventEndDateUTC":"","_EventShowMap":false,"_EventShowMapLink":false,"_EventURL":"","_EventCost":"","_EventCostDescription":"","_EventCurrencySymbol":"","_EventCurrencyCode":"","_EventCurrencyPosition":"","_EventDateTimeSeparator":"","_EventTimeRangeSeparator":"","_EventOrganizerID":[],"_EventVenueID":[],"_OrganizerEmail":"","_OrganizerPhone":"","_OrganizerWebsite":"","_VenueAddress":"","_VenueCity":"","_VenueCountry":"","_VenueProvince":"","_VenueState":"","_VenueZip":"","_VenuePhone":"","_VenueURL":"","_VenueStateProvince":"","_VenueLat":"","_VenueLng":"","_VenueShowMap":false,"_VenueShowMapLink":false,"_kadence_starter_templates_imported_post":false,"_kad_post_transparent":"","_kad_post_title":"","_kad_post_layout":"","_kad_post_sidebar_id":"","_kad_post_content_style":"","_kad_post_vertical_padding":"","_kad_post_feature":"","_kad_post_feature_position":"","_kad_post_header":false,"_kad_post_footer":false,"_kad_post_classname":""},"product_brand":[],"product_cat":[50],"product_tag":[36,37],"class_list":{"0":"post-5401","1":"product","2":"type-product","3":"status-publish","4":"has-post-thumbnail","6":"product_cat-schilder","7":"product_tag-forschung","8":"product_tag-industriell","10":"first","11":"instock","12":"shipping-taxable","13":"product-type-simple","14":"entry","15":"content-bg","16":"loop-entry"},"acf":[],"taxonomy_info":{"product_cat":[{"value":50,"label":"Schilder"}],"product_tag":[{"value":36,"label":"Forschung und Entwicklung"},{"value":37,"label":"Industriell"}]},"featured_image_src_large":["https:\/\/www.lasermet.com\/de\/wp-content\/uploads\/sites\/3\/2023\/02\/Ultra-Sign-IP66-1.png",500,500,false],"author_info":[],"comment_info":0,"_links":{"self":[{"href":"https:\/\/www.lasermet.com\/de\/wp-json\/wp\/v2\/product\/5401","targetHints":{"allow":["GET"]}}],"collection":[{"href":"https:\/\/www.lasermet.com\/de\/wp-json\/wp\/v2\/product"}],"about":[{"href":"https:\/\/www.lasermet.com\/de\/wp-json\/wp\/v2\/types\/product"}],"replies":[{"embeddable":true,"href":"https:\/\/www.lasermet.com\/de\/wp-json\/wp\/v2\/comments?post=5401"}],"wp:featuredmedia":[{"embeddable":true,"href":"https:\/\/www.lasermet.com\/de\/wp-json\/wp\/v2\/media\/7746"}],"wp:attachment":[{"href":"https:\/\/www.lasermet.com\/de\/wp-json\/wp\/v2\/media?parent=5401"}],"wp:term":[{"taxonomy":"product_brand","embeddable":true,"href":"https:\/\/www.lasermet.com\/de\/wp-json\/wp\/v2\/product_brand?post=5401"},{"taxonomy":"product_cat","embeddable":true,"href":"https:\/\/www.lasermet.com\/de\/wp-json\/wp\/v2\/product_cat?post=5401"},{"taxonomy":"product_tag","embeddable":true,"href":"https:\/\/www.lasermet.com\/de\/wp-json\/wp\/v2\/product_tag?post=5401"}],"curies":[{"name":"wp","href":"https:\/\/api.w.org\/{rel}","templated":true}]}}