{"id":5392,"date":"2023-02-16T03:27:50","date_gmt":"2023-02-16T03:27:50","guid":{"rendered":"https:\/\/www.lasermetgmbh.de\/?post_type=product&amp;p=5392"},"modified":"2023-02-16T03:27:50","modified_gmt":"2023-02-16T03:27:50","slug":"dual-channel-interlock-switch","status":"publish","type":"product","link":"https:\/\/www.lasermet.com\/de\/laserschutzprodukte\/dual-channel-interlock-switch\/","title":{"rendered":"IS-MDC-12 Interlock\u00ae Switch"},"content":{"rendered":"\n<div class=\"wp-block-buttons is-layout-flex wp-block-buttons-is-layout-flex\">\n<div class=\"wp-block-button\"><a class=\"wp-block-button__link has-text-color has-background wp-element-button\" href=\"https:\/\/forms.monday.com\/forms\/166ca47e9a6d130d77bd8e34a228caa9?r=use1\" style=\"color:#1d1f8c;background-color:#ffcc01\" rel=\"noopener\">Brosch\u00fcre herunterladen<\/a><\/div>\n<\/div>\n\n\n\n<div style=\"height:100px\" aria-hidden=\"true\" class=\"wp-block-spacer\"><\/div>\n\n\n\n<ul class=\"wp-block-list\">\n<li>Klein und kompakt &#8211; das ansprechende Design f\u00fcgt sich in professionelle Standardlabore und High-Tech-R\u00e4ume ein<\/li>\n\n\n\n<li>Hohe Leistung und hohe Zuverl\u00e4ssigkeit. Der IS-MDC-12 kann die Leistungsstufe &#8218;e&#8216; gem\u00e4\u00df BS EN 13849-1:2008 erreichen, wenn er korrekt mit einer geeigneten Interlock\u00ae-Steuerung verdrahtet ist.<\/li>\n\n\n\n<li>&#8222;Codiertes&#8220; Design, d.h. das Magnetfeld ist so angeordnet, dass der Schalter nicht einfach durch einen einzelnen Magneten \u00fcberwunden werden kann.<\/li>\n\n\n\n<li>Mit einer Breite von nur 67 mm, einer H\u00f6he von 29,5 mm und einer Tiefe von 13,5 mm hat der Zweikanal-Interlock\u00ae-Schalter eine kompakte Grundfl\u00e4che.<\/li>\n\n\n\n<li>Hohe Toleranz bei Offset-Ausrichtung<\/li>\n\n\n\n<li>Verdeckte Kabeleinf\u00fchrung hinten oder oben<\/li>\n\n\n\n<li>Entspricht den CE- und UKCA-Anforderungen<\/li>\n<\/ul>\n\n\n\n<p>Der IS-MDC-12 hat drei Kontakte, von denen zwei geschlossen und einer ge\u00f6ffnet ist, wenn die T\u00fcr geschlossen ist. Alle drei Kontakte schalten um, wenn die T\u00fcr ge\u00f6ffnet ist.<\/p>\n\n\n\n<div style=\"height:20px\" aria-hidden=\"true\" class=\"wp-block-spacer\"><\/div>\n\n\n\n<h6 class=\"wp-block-heading\">SPEZIFIKATIONEN<\/h6>\n\n\n\n<figure class=\"wp-block-table has-small-font-size\"><table><thead><tr><td>Kontakte<\/td><td>2NC \/ 1NO<\/td><\/tr><tr><td>Bewertung<\/td><td>300mA Resistive Load 50V<\/td><\/tr><tr><td>Kan\u00e4le<\/td><td>Dual<\/td><\/tr><tr><td>Magnet-Kupplung<\/td><td>Coded<\/td><\/tr><tr><td>Maximale Reichweite<\/td><td>Typically 10mm<\/td><\/tr><tr><td>Sicherheit Leistung<\/td><td>Up to EN 13849-1:2008 PL\u2019e\u2019<\/td><\/tr><tr><td>Betriebsumgebung<\/td><td>-5\u00b0 to +45\u00b0C, 0 \u2013 95% RH<\/td><\/tr><tr><td>Schutz der Umwelt<\/td><td>IP50<\/td><\/tr><tr><td>Schalter Gr\u00f6\u00dfe<\/td><td>67 X 29.5 X 13.5mm<\/td><\/tr><tr><td>Aktuator Gr\u00f6\u00dfe<\/td><td>67 X 29.5 X 13.5mm<\/td><\/tr><tr><td>L\u00e4nge der Leitung<\/td><td>2m approx.<\/td><\/tr><tr><td>Kombiniertes Gewicht<\/td><td>85g approx.<\/td><\/tr><tr><td>Entspricht den Normen<\/td><td>BS EN 1088:1995+A2:2008 Safety of machinery \u2013 Interlocks<\/td><\/tr><\/thead><\/table><\/figure>\n","protected":false},"excerpt":{"rendered":"<p>Zweikanal Interlock\u00ae Schalter<\/p>\n<p>Der IS-MDC-12 von Lasermet ist ein zweikanaliger kodierter magnetischer T\u00fcrsicherheitskontakt, der verwendet wird, um zu erkennen, wenn eine T\u00fcr oder eine andere bewegliche Abdeckung, die Teil eines Schutzgeh\u00e4uses ist, ge\u00f6ffnet ist.<\/p>\n<ul>\n<li>Erreicht die Leistungsstufe &#8218;e&#8216; gem\u00e4\u00df BS EN 13849-1:2008<\/li>\n<li>Kleines, schlankes und kompaktes Geh\u00e4use<\/li>\n<li>CE- und UKCA-gekennzeichnet<\/li>\n<\/ul>\n","protected":false},"featured_media":7688,"comment_status":"closed","ping_status":"closed","template":"","meta":{"_acf_changed":false,"_kad_blocks_custom_css":"","_kad_blocks_head_custom_js":"","_kad_blocks_body_custom_js":"","_kad_blocks_footer_custom_js":"","_EventAllDay":false,"_EventTimezone":"","_EventStartDate":"","_EventEndDate":"","_EventStartDateUTC":"","_EventEndDateUTC":"","_EventShowMap":false,"_EventShowMapLink":false,"_EventURL":"","_EventCost":"","_EventCostDescription":"","_EventCurrencySymbol":"","_EventCurrencyCode":"","_EventCurrencyPosition":"","_EventDateTimeSeparator":"","_EventTimeRangeSeparator":"","_EventOrganizerID":[],"_EventVenueID":[],"_OrganizerEmail":"","_OrganizerPhone":"","_OrganizerWebsite":"","_VenueAddress":"","_VenueCity":"","_VenueCountry":"","_VenueProvince":"","_VenueState":"","_VenueZip":"","_VenuePhone":"","_VenueURL":"","_VenueStateProvince":"","_VenueLat":"","_VenueLng":"","_VenueShowMap":false,"_VenueShowMapLink":false,"_kadence_starter_templates_imported_post":false,"_kad_post_transparent":"","_kad_post_title":"","_kad_post_layout":"","_kad_post_sidebar_id":"","_kad_post_content_style":"","_kad_post_vertical_padding":"","_kad_post_feature":"","_kad_post_feature_position":"","_kad_post_header":false,"_kad_post_footer":false,"_kad_post_classname":""},"product_brand":[],"product_cat":[40],"product_tag":[36,37],"class_list":{"0":"post-5392","1":"product","2":"type-product","3":"status-publish","4":"has-post-thumbnail","6":"product_cat-interlock-kontrollsystem","7":"product_tag-forschung","8":"product_tag-industriell","10":"first","11":"instock","12":"shipping-taxable","13":"product-type-simple","14":"entry","15":"content-bg","16":"loop-entry"},"acf":[],"taxonomy_info":{"product_cat":[{"value":40,"label":"Interlock-Kontrollsystem"}],"product_tag":[{"value":36,"label":"Forschung und Entwicklung"},{"value":37,"label":"Industriell"}]},"featured_image_src_large":["https:\/\/www.lasermet.com\/de\/wp-content\/uploads\/sites\/3\/2023\/02\/IS-MDC-12.png",500,500,false],"author_info":[],"comment_info":0,"_links":{"self":[{"href":"https:\/\/www.lasermet.com\/de\/wp-json\/wp\/v2\/product\/5392","targetHints":{"allow":["GET"]}}],"collection":[{"href":"https:\/\/www.lasermet.com\/de\/wp-json\/wp\/v2\/product"}],"about":[{"href":"https:\/\/www.lasermet.com\/de\/wp-json\/wp\/v2\/types\/product"}],"replies":[{"embeddable":true,"href":"https:\/\/www.lasermet.com\/de\/wp-json\/wp\/v2\/comments?post=5392"}],"wp:featuredmedia":[{"embeddable":true,"href":"https:\/\/www.lasermet.com\/de\/wp-json\/wp\/v2\/media\/7688"}],"wp:attachment":[{"href":"https:\/\/www.lasermet.com\/de\/wp-json\/wp\/v2\/media?parent=5392"}],"wp:term":[{"taxonomy":"product_brand","embeddable":true,"href":"https:\/\/www.lasermet.com\/de\/wp-json\/wp\/v2\/product_brand?post=5392"},{"taxonomy":"product_cat","embeddable":true,"href":"https:\/\/www.lasermet.com\/de\/wp-json\/wp\/v2\/product_cat?post=5392"},{"taxonomy":"product_tag","embeddable":true,"href":"https:\/\/www.lasermet.com\/de\/wp-json\/wp\/v2\/product_tag?post=5392"}],"curies":[{"name":"wp","href":"https:\/\/api.w.org\/{rel}","templated":true}]}}