{"id":5391,"date":"2023-02-16T03:10:14","date_gmt":"2023-02-16T03:10:14","guid":{"rendered":"https:\/\/www.lasermetgmbh.de\/?post_type=product&#038;p=5391"},"modified":"2026-01-27T07:19:00","modified_gmt":"2026-01-27T07:19:00","slug":"calm-control-and-laser-monitoring-system","status":"publish","type":"product","link":"https:\/\/www.lasermet.com\/de\/laserschutzprodukte\/calm-control-and-laser-monitoring-system\/","title":{"rendered":"CaLM Control and Laser Monitoring System"},"content":{"rendered":"\n<div class=\"wp-block-buttons is-layout-flex wp-block-buttons-is-layout-flex\">\n<div class=\"wp-block-button\"><a class=\"wp-block-button__link has-text-color has-background wp-element-button\" href=\"https:\/\/forms.monday.com\/forms\/02ae4d61a166b5be586b49039c312b3d?r=use1\" style=\"color:#1d1f8c;background-color:#ffcc01\" rel=\"noopener\">Brosch\u00fcre herunterladen<\/a><\/div>\n<\/div>\n\n\n\n<div style=\"height:100px\" aria-hidden=\"true\" class=\"wp-block-spacer\"><\/div>\n\n\n\n<p>Das CaLM System kann ein ganzes verriegeltes Labor auf einem gro\u00dfen Bildschirm \u00fcberwachen und steuern. Dies gibt den Benutzern den Komfort und die Sicherheit, in lasergesteuerten Bereichen zu arbeiten. Das CaLM-System besteht aus einer Kontrollbox und einem Gro\u00dfbildschirm, die mit dem Interlock-System des Labors verbunden sind.<\/p>\n\n\n\n<p>Da jede Laboreinrichtung einzigartig ist, ist auch jedes CaLM-System einzigartig. Das Laborlayout wird individuell programmiert, um das einzigartige Layout und die Ausr\u00fcstung des Kunden nachzubilden. Unten sehen Sie ein Beispiel f\u00fcr ein einfaches Laborlayout.<\/p>\n\n\n\n<p>Die Farbcodierung der Meldungen ist gr\u00fcn, wenn die Verriegelung nicht aktiviert ist, gelb, wenn sie aktiviert ist und alle Verriegelungen geschlossen sind, rot, wenn ein Shutter ge\u00f6ffnet ist. Offene Verschl\u00fcsse zeigen an, dass der Laserstrahl zug\u00e4nglich ist.<\/p>\n\n\n\n<p>Das folgende Layout zeigt vier optische Tische mit jeweils zwei Laserstrahlverschl\u00fcssen. Die Fenster und T\u00fcren sind alle verriegelt. Alle Zust\u00e4nde werden auf dem Bildschirm angezeigt.<\/p>\n\n\n\n<div style=\"height:20px\" aria-hidden=\"true\" class=\"wp-block-spacer\"><\/div>\n\n\n\n<div class=\"wp-block-columns is-layout-flex wp-container-core-columns-is-layout-9d6595d7 wp-block-columns-is-layout-flex\">\n<div class=\"wp-block-column is-layout-flow wp-block-column-is-layout-flow\" style=\"flex-basis:100%\">\n<div class=\"wp-block-columns are-vertically-aligned-center is-layout-flex wp-container-core-columns-is-layout-9d6595d7 wp-block-columns-is-layout-flex\">\n<div class=\"wp-block-column is-vertically-aligned-center is-layout-flow wp-block-column-is-layout-flow\"><div class=\"wp-block-image\">\n<figure class=\"aligncenter size-full\"><img loading=\"lazy\" decoding=\"async\" width=\"1666\" height=\"993\" src=\"https:\/\/www.lasermetgmbh.de\/wp-content\/uploads\/2024\/05\/CALM-Monitor2.png\" alt=\"\" class=\"wp-image-8342\" srcset=\"https:\/\/www.lasermet.com\/de\/wp-content\/uploads\/sites\/3\/2024\/05\/CALM-Monitor2.png 1666w, https:\/\/www.lasermet.com\/de\/wp-content\/uploads\/sites\/3\/2024\/05\/CALM-Monitor2-300x179.png 300w, https:\/\/www.lasermet.com\/de\/wp-content\/uploads\/sites\/3\/2024\/05\/CALM-Monitor2-1024x610.png 1024w, https:\/\/www.lasermet.com\/de\/wp-content\/uploads\/sites\/3\/2024\/05\/CALM-Monitor2-768x458.png 768w, https:\/\/www.lasermet.com\/de\/wp-content\/uploads\/sites\/3\/2024\/05\/CALM-Monitor2-1536x916.png 1536w, https:\/\/www.lasermet.com\/de\/wp-content\/uploads\/sites\/3\/2024\/05\/CALM-Monitor2-600x358.png 600w\" sizes=\"auto, (max-width: 1666px) 100vw, 1666px\" \/><figcaption class=\"wp-element-caption\">SYSTEM NOT ARMED, LASERS OFF<br>Rolll\u00e4den und T\u00fcren k\u00f6nnen sich \u00f6ffnen<br>Alle E-STOPS sind geschlossen<\/figcaption><\/figure>\n<\/div><\/div>\n\n\n\n<div class=\"wp-block-column is-vertically-aligned-center is-layout-flow wp-block-column-is-layout-flow\"><div class=\"wp-block-image\">\n<figure class=\"aligncenter size-full\"><img loading=\"lazy\" decoding=\"async\" width=\"1666\" height=\"993\" src=\"https:\/\/www.lasermetgmbh.de\/wp-content\/uploads\/2024\/05\/CALM-Monitor3.png\" alt=\"\" class=\"wp-image-8344\" srcset=\"https:\/\/www.lasermet.com\/de\/wp-content\/uploads\/sites\/3\/2024\/05\/CALM-Monitor3.png 1666w, https:\/\/www.lasermet.com\/de\/wp-content\/uploads\/sites\/3\/2024\/05\/CALM-Monitor3-300x179.png 300w, https:\/\/www.lasermet.com\/de\/wp-content\/uploads\/sites\/3\/2024\/05\/CALM-Monitor3-1024x610.png 1024w, https:\/\/www.lasermet.com\/de\/wp-content\/uploads\/sites\/3\/2024\/05\/CALM-Monitor3-768x458.png 768w, https:\/\/www.lasermet.com\/de\/wp-content\/uploads\/sites\/3\/2024\/05\/CALM-Monitor3-1536x916.png 1536w, https:\/\/www.lasermet.com\/de\/wp-content\/uploads\/sites\/3\/2024\/05\/CALM-Monitor3-600x358.png 600w\" sizes=\"auto, (max-width: 1666px) 100vw, 1666px\" \/><figcaption class=\"wp-element-caption\">SYSTEM ARMED, LASERS OFF <br>Alle Rolll\u00e4den und Verteilerk\u00e4sten sind geschlossen<br>Alle Rolll\u00e4den und T\u00fcren sind geschlossen<\/figcaption><\/figure>\n<\/div><\/div>\n\n\n\n<div class=\"wp-block-column is-vertically-aligned-center is-layout-flow wp-block-column-is-layout-flow\"><div class=\"wp-block-image\">\n<figure class=\"aligncenter size-full\"><img loading=\"lazy\" decoding=\"async\" width=\"1666\" height=\"993\" src=\"https:\/\/www.lasermetgmbh.de\/wp-content\/uploads\/2024\/05\/CALM-Monitor1.png\" alt=\"\" class=\"wp-image-8343\" srcset=\"https:\/\/www.lasermet.com\/de\/wp-content\/uploads\/sites\/3\/2024\/05\/CALM-Monitor1.png 1666w, https:\/\/www.lasermet.com\/de\/wp-content\/uploads\/sites\/3\/2024\/05\/CALM-Monitor1-300x179.png 300w, https:\/\/www.lasermet.com\/de\/wp-content\/uploads\/sites\/3\/2024\/05\/CALM-Monitor1-1024x610.png 1024w, https:\/\/www.lasermet.com\/de\/wp-content\/uploads\/sites\/3\/2024\/05\/CALM-Monitor1-768x458.png 768w, https:\/\/www.lasermet.com\/de\/wp-content\/uploads\/sites\/3\/2024\/05\/CALM-Monitor1-1536x916.png 1536w, https:\/\/www.lasermet.com\/de\/wp-content\/uploads\/sites\/3\/2024\/05\/CALM-Monitor1-600x358.png 600w\" sizes=\"auto, (max-width: 1666px) 100vw, 1666px\" \/><figcaption class=\"wp-element-caption\">SYSTEM ARMED, LASERS ON<br>Rolll\u00e4den und Verteilerk\u00e4sten k\u00f6nnen sich \u00f6ffnen<br>Die verwendete Laser-Wellenl\u00e4nge wird angezeigt<\/figcaption><\/figure>\n<\/div><\/div>\n<\/div>\n<\/div>\n<\/div>\n\n\n\n<div style=\"height:20px\" aria-hidden=\"true\" class=\"wp-block-spacer\"><\/div>\n\n\n\n<p>Alle Funktionen der Bildschirmanzeige k\u00f6nnen an Ihre Bed\u00fcrfnisse angepasst werden, und alle Informationen zur Lasersicherheit k\u00f6nnen auf dem Gro\u00dfbildschirm angezeigt werden.<\/p>\n\n\n\n<p>Sehen Sie sich dieses kurze Video an, um zu verstehen, wozu das CaLM System in der Lage ist.<\/p>\n\n\n\n<div style=\"height:20px\" aria-hidden=\"true\" class=\"wp-block-spacer\"><\/div>\n\n\n\n<figure class=\"wp-block-embed aligncenter is-type-video is-provider-youtube wp-block-embed-youtube wp-embed-aspect-16-9 wp-has-aspect-ratio\"><div class=\"wp-block-embed__wrapper\">\n<iframe loading=\"lazy\" title=\"Lasermet&#039;s Control and Laser Monitoring (CaLM) System 2023\" width=\"720\" height=\"405\" src=\"https:\/\/www.youtube.com\/embed\/E_P9tG3UrR0?feature=oembed\" frameborder=\"0\" allow=\"accelerometer; autoplay; clipboard-write; encrypted-media; gyroscope; picture-in-picture; web-share\" referrerpolicy=\"strict-origin-when-cross-origin\" allowfullscreen><\/iframe>\n<\/div><\/figure>\n\n\n\n<div style=\"height:40px\" aria-hidden=\"true\" class=\"wp-block-spacer\"><\/div>\n\n\n\n<h6 class=\"wp-block-heading\">VEREINFACHTE ANZEIGEN<\/h6>\n\n\n<div class=\"wp-block-image\">\n<figure class=\"alignright size-full\"><img decoding=\"async\" src=\"https:\/\/www.lasermetgmbh.de\/wp-content\/uploads\/2023\/03\/Calm-simplified.png\" alt=\"\" class=\"wp-image-7638\"\/><figcaption class=\"wp-element-caption\">Vereinfachte CaLM-Anzeige im Denys Wilkinson Building der Universit\u00e4t Oxford<\/figcaption><\/figure>\n<\/div>\n\n\n<p>F\u00fcr eine vereinfachte Ansicht kann die CaLM-Anzeige so eingestellt werden, dass nur die wichtigsten Informationen angezeigt werden.<\/p>\n\n\n\n<p>Das folgende Beispiel bezieht sich auf eine gro\u00dfe Laserlaborinstallation mit mehreren Lasern, die unabh\u00e4ngig voneinander betrieben werden. In einer typischen Einrichtung w\u00e4re es verwirrend, den Status jedes Lasers in jedem Labor im Auge zu behalten und festzustellen, welcher Laser zu einem bestimmten Zeitpunkt aktiv ist. Die komplexe Logik des Lasersystems wird \u00fcber den Bildschirm stark vereinfacht und die Farbcodierung zeigt an, welche Labore sicher sind und welche Bereiche nicht betreten werden d\u00fcrfen.<\/p>\n\n\n\n<p>Au\u00dferdem werden die erforderlichen relevanten Informationen \u00fcber den Laser angezeigt &#8211; d.h. Wellenl\u00e4nge, Leistung und Betriebsart.<\/p>\n\n\n\n<div style=\"height:20px\" aria-hidden=\"true\" class=\"wp-block-spacer\"><\/div>\n\n\n\n<h3 class=\"wp-block-heading\">CaLM for ICS-Buddy<\/h3>\n\n\n\n<p>Das CaLM-System geht Hand in Hand mit dem ICS-Buddy &#8211; dem tragbaren Laser Safety Interlock\u00ae Controller von Lasermet. Der CaLM fungiert als Gro\u00dfbildmonitor und der ICS-Buddy als ferngesteuerter Interlock-Controller. Mit dem ICS-Buddy k\u00f6nnen Sie die Laserstrahlverschl\u00fcsse von jedem beliebigen Ort aus steuern &#8211; Sie m\u00fcssen nicht zum physischen Laserverschluss gehen, der am Laser angebracht ist, um eine Taste zu dr\u00fccken.<\/p>\n\n\n\n<p>Der ICS-Buddy bildet den ICS Interlock\u00ae Controller von Lasermet auf einem Tablet ab, das Sie unterwegs mitnehmen k\u00f6nnen. Dar\u00fcber hinaus verf\u00fcgt der ICS-Buddy \u00fcber die Funktion Logic View, die eine interaktive visuelle Karte des Logikdiagramms f\u00fcr komplizierte Systeme anzeigt.<\/p>\n\n\n\n<div style=\"height:20px\" aria-hidden=\"true\" class=\"wp-block-spacer\"><\/div>\n\n\n\n<div class=\"wp-block-columns is-layout-flex wp-container-core-columns-is-layout-9d6595d7 wp-block-columns-is-layout-flex\">\n<div class=\"wp-block-column is-layout-flow wp-block-column-is-layout-flow\"><div class=\"wp-block-image\">\n<figure class=\"aligncenter\"><img decoding=\"async\" src=\"https:\/\/www.lasermetgmbh.de\/wp-content\/uploads\/2022\/03\/ICS-Buddy-and-ICS-9-face-300x181.jpg\" alt=\"\" class=\"wp-image-4554\"\/><\/figure>\n<\/div><\/div>\n\n\n\n<div class=\"wp-block-column is-layout-flow wp-block-column-is-layout-flow\"><div class=\"wp-block-image is-resized\">\n<figure class=\"aligncenter\"><img decoding=\"async\" src=\"https:\/\/www.lasermetgmbh.de\/wp-content\/uploads\/2022\/03\/ICS-Buddy-logic-gates-300x202.jpg\" alt=\"\" class=\"wp-image-4556\"\/><figcaption class=\"wp-element-caption\">Logic View<\/figcaption><\/figure>\n<\/div><\/div>\n<\/div>\n\n\n\n<div style=\"height:20px\" aria-hidden=\"true\" class=\"wp-block-spacer\"><\/div>\n\n\n\n<div class=\"wp-block-buttons is-content-justification-center is-layout-flex wp-container-core-buttons-is-layout-16018d1d wp-block-buttons-is-layout-flex\">\n<div class=\"wp-block-button\"><a class=\"wp-block-button__link has-text-color has-background wp-element-button\" href=\"https:\/\/www.lasermetgmbh.de\/laser-safety-products\/ics-buddy-portable-interlock-system\/\" style=\"color:#1d1f8c;background-color:#ffcc01\" target=\"_blank\" rel=\"noreferrer noopener\">ICS-Buddy<\/a><\/div>\n<\/div>\n\n\n\n<div style=\"height:40px\" aria-hidden=\"true\" class=\"wp-block-spacer\"><\/div>\n\n\n\n<h3 class=\"wp-block-heading\">CaLM for Laser Jailer<\/h3>\n\n\n<div class=\"wp-block-image is-resized\">\n<figure class=\"alignright size-full\"><img decoding=\"async\" src=\"https:\/\/www.lasermetgmbh.de\/wp-content\/uploads\/2022\/02\/Laser-Castle-C.png\" alt=\"\" class=\"wp-image-7617\" style=\"width:539px;height:auto\"\/><\/figure>\n<\/div>\n\n\n<p>Das CaLM-System ist vielseitig genug, um mit dem aktiven Schutzsystem <a href=\"https:\/\/www.lasermetgmbh.de\/laserschutzprodukte\/laser-jailer-active-laser-guarding\/\" rel=\"noopener\">Laser Jailer<\/a> integriert zu werden. In diesem Modus \u00fcberwacht es nicht ein Laserlabor, sondern visualisiert die Positionierung von aktiven Schutzkacheln innerhalb eines aktiven Lasergeh\u00e4uses.<\/p>\n\n\n\n<p>Die Touchscreen-Oberfl\u00e4che des Systems erm\u00f6glicht es den Benutzern, bestimmte Felder durch direkte Interaktion mit dem Display zu \u00fcberpr\u00fcfen und Fehler zu beheben, wodurch die Fehlererkennung und -behebung effizienter wird, insbesondere bei gr\u00f6\u00dferen Systemen.<\/p>\n\n\n\n<p>\u00dcbersetzt mit DeepL.com (kostenlose Version)<\/p>\n\n\n\n<figure class=\"wp-block-image size-full is-resized\"><img loading=\"lazy\" decoding=\"async\" width=\"1744\" height=\"992\" src=\"https:\/\/www.lasermetgmbh.de\/wp-content\/uploads\/2023\/02\/JAILER.png\" alt=\"\" class=\"wp-image-8465\" style=\"width:543px;height:auto\" srcset=\"https:\/\/www.lasermet.com\/de\/wp-content\/uploads\/sites\/3\/2023\/02\/JAILER.png 1744w, https:\/\/www.lasermet.com\/de\/wp-content\/uploads\/sites\/3\/2023\/02\/JAILER-300x171.png 300w, https:\/\/www.lasermet.com\/de\/wp-content\/uploads\/sites\/3\/2023\/02\/JAILER-1024x582.png 1024w, https:\/\/www.lasermet.com\/de\/wp-content\/uploads\/sites\/3\/2023\/02\/JAILER-768x437.png 768w, https:\/\/www.lasermet.com\/de\/wp-content\/uploads\/sites\/3\/2023\/02\/JAILER-1536x874.png 1536w, https:\/\/www.lasermet.com\/de\/wp-content\/uploads\/sites\/3\/2023\/02\/JAILER-600x341.png 600w\" sizes=\"auto, (max-width: 1744px) 100vw, 1744px\" \/><\/figure>\n\n\n\n<div style=\"height:20px\" aria-hidden=\"true\" class=\"wp-block-spacer\"><\/div>\n\n\n\n<div class=\"wp-block-buttons is-content-justification-center is-layout-flex wp-container-core-buttons-is-layout-16018d1d wp-block-buttons-is-layout-flex\">\n<div class=\"wp-block-button\"><a class=\"wp-block-button__link has-text-color has-background wp-element-button\" href=\"https:\/\/www.lasermetgmbh.de\/laser-safety-products\/laser-jailer-active-laser-guarding\/\" style=\"color:#1d1f8c;background-color:#ffcc01\" target=\"_blank\" rel=\"noreferrer noopener\">Laser Jailer<\/a><\/div>\n<\/div>\n\n\n\n<p><\/p>\n","protected":false},"excerpt":{"rendered":"<p>\u00dcberwachen und kontrollieren Sie den Laserschutzstatus zahlreicher Labore von einem Punkt aus<\/p>\n<p>Das CaLM-System verf\u00fcgt \u00fcber einen gro\u00dfen Monitor, auf dem alle Aspekte des Laser-Interlock-Systems angezeigt und kontrolliert werden k\u00f6nnen, darunter:<\/p>\n<ul>\n<li>Status aller Interlock-Schalter<\/li>\n<li>Status aller Not-Aus-Schalter, Shutters und DBS<\/li>\n<li>Status des <a href=\"https:\/\/www.lasermetgmbh.de\/laserschutzprodukte\/ics-9-interlock-controller-nrtl\/\">ICS-9 Interlock Controllers<\/a><\/li>\n<li>Statusdes <a href=\"https:\/\/www.lasermetgmbh.de\/laserschutzprodukte\/laser-jailer-active-laser-guarding\/\">Laser Jailer Active Guarding<\/a><\/li>\n<li>Wellenl\u00e4ngen der zug\u00e4nglichen Laser<\/li>\n<li>Touchscreen-Fehlererkennung<\/li>\n<\/ul>\n","protected":false},"featured_media":8862,"comment_status":"closed","ping_status":"closed","template":"","meta":{"_acf_changed":false,"_kad_blocks_custom_css":"","_kad_blocks_head_custom_js":"","_kad_blocks_body_custom_js":"","_kad_blocks_footer_custom_js":"","_EventAllDay":false,"_EventTimezone":"","_EventStartDate":"","_EventEndDate":"","_EventStartDateUTC":"","_EventEndDateUTC":"","_EventShowMap":false,"_EventShowMapLink":false,"_EventURL":"","_EventCost":"","_EventCostDescription":"","_EventCurrencySymbol":"","_EventCurrencyCode":"","_EventCurrencyPosition":"","_EventDateTimeSeparator":"","_EventTimeRangeSeparator":"","_EventOrganizerID":[],"_EventVenueID":[],"_OrganizerEmail":"","_OrganizerPhone":"","_OrganizerWebsite":"","_VenueAddress":"","_VenueCity":"","_VenueCountry":"","_VenueProvince":"","_VenueState":"","_VenueZip":"","_VenuePhone":"","_VenueURL":"","_VenueStateProvince":"","_VenueLat":"","_VenueLng":"","_VenueShowMap":false,"_VenueShowMapLink":false,"_kadence_starter_templates_imported_post":false,"_kad_post_transparent":"","_kad_post_title":"","_kad_post_layout":"","_kad_post_sidebar_id":"","_kad_post_content_style":"","_kad_post_vertical_padding":"","_kad_post_feature":"","_kad_post_feature_position":"","_kad_post_header":false,"_kad_post_footer":false,"_kad_post_classname":""},"product_brand":[],"product_cat":[40],"product_tag":[36],"class_list":{"0":"post-5391","1":"product","2":"type-product","3":"status-publish","4":"has-post-thumbnail","6":"product_cat-interlock-kontrollsystem","7":"product_tag-forschung","9":"first","10":"instock","11":"shipping-taxable","12":"product-type-simple","13":"entry","14":"content-bg","15":"loop-entry"},"acf":[],"taxonomy_info":{"product_cat":[{"value":40,"label":"Interlock-Kontrollsystem"}],"product_tag":[{"value":36,"label":"Forschung und Entwicklung"}]},"featured_image_src_large":["https:\/\/www.lasermet.com\/de\/wp-content\/uploads\/sites\/3\/2023\/02\/LASERMET-CALM.png",500,500,false],"author_info":[],"comment_info":0,"_links":{"self":[{"href":"https:\/\/www.lasermet.com\/de\/wp-json\/wp\/v2\/product\/5391","targetHints":{"allow":["GET"]}}],"collection":[{"href":"https:\/\/www.lasermet.com\/de\/wp-json\/wp\/v2\/product"}],"about":[{"href":"https:\/\/www.lasermet.com\/de\/wp-json\/wp\/v2\/types\/product"}],"replies":[{"embeddable":true,"href":"https:\/\/www.lasermet.com\/de\/wp-json\/wp\/v2\/comments?post=5391"}],"wp:featuredmedia":[{"embeddable":true,"href":"https:\/\/www.lasermet.com\/de\/wp-json\/wp\/v2\/media\/8862"}],"wp:attachment":[{"href":"https:\/\/www.lasermet.com\/de\/wp-json\/wp\/v2\/media?parent=5391"}],"wp:term":[{"taxonomy":"product_brand","embeddable":true,"href":"https:\/\/www.lasermet.com\/de\/wp-json\/wp\/v2\/product_brand?post=5391"},{"taxonomy":"product_cat","embeddable":true,"href":"https:\/\/www.lasermet.com\/de\/wp-json\/wp\/v2\/product_cat?post=5391"},{"taxonomy":"product_tag","embeddable":true,"href":"https:\/\/www.lasermet.com\/de\/wp-json\/wp\/v2\/product_tag?post=5391"}],"curies":[{"name":"wp","href":"https:\/\/api.w.org\/{rel}","templated":true}]}}