{"id":533,"date":"2023-02-03T05:13:37","date_gmt":"2023-02-03T05:13:37","guid":{"rendered":"https:\/\/www.lasermetgmbh.de\/?post_type=product&amp;p=533"},"modified":"2023-02-03T05:13:37","modified_gmt":"2023-02-03T05:13:37","slug":"fume-extraction","status":"publish","type":"product","link":"https:\/\/www.lasermet.com\/de\/laserschutzprodukte\/fume-extraction\/","title":{"rendered":"I-Extract"},"content":{"rendered":"\n<div class=\"wp-block-buttons is-layout-flex wp-block-buttons-is-layout-flex\">\n<div class=\"wp-block-button\"><a class=\"wp-block-button__link has-text-color has-background wp-element-button\" href=\"https:\/\/forms.monday.com\/forms\/62603c3759e146e565828b4bf02ac56d?r=use1\" style=\"color:#1d1f8c;background-color:#ffcc01\" rel=\"noopener\">Brosch\u00fcre herunterladen<\/a><\/div>\n<\/div>\n\n\n\n<div style=\"height:100px\" aria-hidden=\"true\" class=\"wp-block-spacer\"><\/div>\n\n\n\n<p>Die spezifischen CFM-Werte (Kubikfu\u00df pro Minute) sind f\u00fcr bestimmte Kabinen verf\u00fcgbar.<\/p>\n\n\n\n<p>Ein leistungsstarker Dreiphasen-Elektromotor treibt das Abluftgebl\u00e4se an, und das gesamte Geh\u00e4use ist aus verzinktem Blech mit einer Pulverbeschichtung gefertigt.<\/p>\n\n\n\n<div style=\"height:20px\" aria-hidden=\"true\" class=\"wp-block-spacer\"><\/div>\n\n\n\n<h6 class=\"wp-block-heading\">FILTERS<\/h6>\n\n\n\n<p>Der I-Extract ist ausgestattet mit:<\/p>\n\n\n\n<ul class=\"wp-block-list\">\n<li>Eine HEPA Filter (High-efficiency Particulate Arrestance) einzeln gepr\u00fcft auf EN1822:2009 H3<\/li>\n\n\n\n<li>Zwei Filter getestet auf EN779:2012 Filter Class M6<\/li>\n<\/ul>\n","protected":false},"excerpt":{"rendered":"<header class=\"entry-header\">\n<p><strong>Rauchgasabsaugsysteme f\u00fcr das Laserschwei\u00dfen<\/strong><\/p>\n<p>I-Extract ist das Rauchgasabsaugsystem von Lasermet, das speziell f\u00fcr die Absaugung und Filterung von Gasen und Emissionen entwickelt wurde, die beim Laserschwei\u00dfen, Laserschneiden und Laserauftragschwei\u00dfen entstehen.<\/p>\n<p>Der I-Extract wurde als integrierter Bestandteil der Laserschutzkabine Laser Castle von Lasermet entwickelt und verf\u00fcgt \u00fcber eine ausreichende Leistung, um die entsprechende Menge an in der Kabine entstehenden Gasen abzusaugen.<\/p>\n<\/header>\n","protected":false},"featured_media":7706,"comment_status":"closed","ping_status":"closed","template":"","meta":{"_acf_changed":false,"_kad_blocks_custom_css":"","_kad_blocks_head_custom_js":"","_kad_blocks_body_custom_js":"","_kad_blocks_footer_custom_js":"","_EventAllDay":false,"_EventTimezone":"","_EventStartDate":"","_EventEndDate":"","_EventStartDateUTC":"","_EventEndDateUTC":"","_EventShowMap":false,"_EventShowMapLink":false,"_EventURL":"","_EventCost":"","_EventCostDescription":"","_EventCurrencySymbol":"","_EventCurrencyCode":"","_EventCurrencyPosition":"","_EventDateTimeSeparator":"","_EventTimeRangeSeparator":"","_EventOrganizerID":[],"_EventVenueID":[],"_OrganizerEmail":"","_OrganizerPhone":"","_OrganizerWebsite":"","_VenueAddress":"","_VenueCity":"","_VenueCountry":"","_VenueProvince":"","_VenueState":"","_VenueZip":"","_VenuePhone":"","_VenueURL":"","_VenueStateProvince":"","_VenueLat":"","_VenueLng":"","_VenueShowMap":false,"_VenueShowMapLink":false,"_kadence_starter_templates_imported_post":false,"_kad_post_transparent":"","_kad_post_title":"","_kad_post_layout":"","_kad_post_sidebar_id":"","_kad_post_content_style":"","_kad_post_vertical_padding":"","_kad_post_feature":"","_kad_post_feature_position":"","_kad_post_header":false,"_kad_post_footer":false,"_kad_post_classname":""},"product_brand":[],"product_cat":[46],"product_tag":[33,35,37],"class_list":{"0":"post-533","1":"product","2":"type-product","3":"status-publish","4":"has-post-thumbnail","6":"product_cat-laserschutzkabinen","7":"product_tag-aerospace","8":"product_tag-automobilindustrie","9":"product_tag-industriell","11":"first","12":"instock","13":"shipping-taxable","14":"product-type-simple","15":"entry","16":"content-bg","17":"loop-entry"},"acf":[],"taxonomy_info":{"product_cat":[{"value":46,"label":"Laserschutzkabinen"}],"product_tag":[{"value":33,"label":"Aerospace"},{"value":35,"label":"Automobilindustrie"},{"value":37,"label":"Industriell"}]},"featured_image_src_large":["https:\/\/www.lasermet.com\/de\/wp-content\/uploads\/sites\/3\/2023\/02\/IExtract.png",500,500,false],"author_info":[],"comment_info":0,"_links":{"self":[{"href":"https:\/\/www.lasermet.com\/de\/wp-json\/wp\/v2\/product\/533","targetHints":{"allow":["GET"]}}],"collection":[{"href":"https:\/\/www.lasermet.com\/de\/wp-json\/wp\/v2\/product"}],"about":[{"href":"https:\/\/www.lasermet.com\/de\/wp-json\/wp\/v2\/types\/product"}],"replies":[{"embeddable":true,"href":"https:\/\/www.lasermet.com\/de\/wp-json\/wp\/v2\/comments?post=533"}],"wp:featuredmedia":[{"embeddable":true,"href":"https:\/\/www.lasermet.com\/de\/wp-json\/wp\/v2\/media\/7706"}],"wp:attachment":[{"href":"https:\/\/www.lasermet.com\/de\/wp-json\/wp\/v2\/media?parent=533"}],"wp:term":[{"taxonomy":"product_brand","embeddable":true,"href":"https:\/\/www.lasermet.com\/de\/wp-json\/wp\/v2\/product_brand?post=533"},{"taxonomy":"product_cat","embeddable":true,"href":"https:\/\/www.lasermet.com\/de\/wp-json\/wp\/v2\/product_cat?post=533"},{"taxonomy":"product_tag","embeddable":true,"href":"https:\/\/www.lasermet.com\/de\/wp-json\/wp\/v2\/product_tag?post=533"}],"curies":[{"name":"wp","href":"https:\/\/api.w.org\/{rel}","templated":true}]}}