{"id":5308,"date":"2023-02-15T09:02:48","date_gmt":"2023-02-15T09:02:48","guid":{"rendered":"https:\/\/www.lasermetgmbh.de\/?post_type=product&amp;p=5308"},"modified":"2023-02-15T09:02:48","modified_gmt":"2023-02-15T09:02:48","slug":"safety-logic-plus","status":"publish","type":"product","link":"https:\/\/www.lasermet.com\/de\/laserschutzprodukte\/safety-logic-plus\/","title":{"rendered":"Safety Logic Plus"},"content":{"rendered":"\n<div class=\"wp-block-buttons is-layout-flex wp-block-buttons-is-layout-flex\">\n<div class=\"wp-block-button\"><a class=\"wp-block-button__link has-text-color has-background wp-element-button\" href=\"https:\/\/forms.monday.com\/forms\/3865a97eff5c5b266dae5086744d587f?r=use1\" style=\"color:#1d1f8c;background-color:#ffcc01\" rel=\"noopener\">Brosch\u00fcre herunterladen<\/a><\/div>\n<\/div>\n\n\n\n<div style=\"height:100px\" aria-hidden=\"true\" class=\"wp-block-spacer\"><\/div>\n\n\n\n<p>Safety Logic Plus von Lasermet ist ein einfaches, aber kosteng\u00fcnstiges und sicheres Konzept, bei dem die f\u00fcr ein Sicherheits-Interlock\u00ae-System erforderliche Logikkonfiguration in einem einzigen Logikgeh\u00e4use fest verdrahtet ist. Das System verwendet Module, die Eing\u00e4nge von allen Interlock\u00ae-Schaltern erhalten.<\/p>\n\n\n\n<p>Dieses Geh\u00e4use enth\u00e4lt alle logischen Funktionen f\u00fcr den Sicherheits-Interlock\u00ae. Es ist so eingestellt, dass der Laser \u00fcber den Lasermet Interlock\u00ae Controller scharf geschaltet wird, wenn alle Sicherheitsbedingungen, einschlie\u00dflich der Selbstkontrolle, erf\u00fcllt sind.<\/p>\n\n\n\n<div style=\"height:20px\" aria-hidden=\"true\" class=\"wp-block-spacer\"><\/div>\n\n\n\n<div class=\"wp-block-columns is-layout-flex wp-container-core-columns-is-layout-9d6595d7 wp-block-columns-is-layout-flex\">\n<div class=\"wp-block-column is-layout-flow wp-block-column-is-layout-flow\"><div class=\"wp-block-image\">\n<figure class=\"alignright size-thumbnail is-resized\"><img loading=\"lazy\" decoding=\"async\" width=\"150\" height=\"150\" src=\"https:\/\/www.lasermetgmbh.de\/wp-content\/uploads\/2023\/02\/safety-logic-plus_complex_150px-150x150.png\" alt=\"\" class=\"wp-image-5222\" style=\"height:195px\" srcset=\"https:\/\/www.lasermet.com\/de\/wp-content\/uploads\/sites\/3\/2023\/02\/safety-logic-plus_complex_150px-150x150.png 150w, https:\/\/www.lasermet.com\/de\/wp-content\/uploads\/sites\/3\/2023\/02\/safety-logic-plus_complex_150px-100x100.png 100w\" sizes=\"auto, (max-width: 150px) 100vw, 150px\" \/><figcaption class=\"wp-element-caption\">Simplified diagram using <br>Safety Logic Plus<\/figcaption><\/figure>\n<\/div><\/div>\n\n\n\n<div class=\"wp-block-column is-layout-flow wp-block-column-is-layout-flow\"><div class=\"wp-block-image\">\n<figure class=\"alignleft size-large is-resized\"><img loading=\"lazy\" decoding=\"async\" width=\"300\" height=\"195\" src=\"https:\/\/www.lasermetgmbh.de\/wp-content\/uploads\/2023\/02\/simplified-logic-diagram_300px.png\" alt=\"\" class=\"wp-image-5227\" style=\"width:300px;height:195px\" \/><figcaption class=\"wp-element-caption\">Simplified diagram using <br>Safety Logic Plus<\/figcaption><\/figure>\n<\/div><\/div>\n<\/div>\n\n\n\n<div class=\"wp-block-group\"><div class=\"wp-block-group__inner-container is-layout-constrained wp-block-group-is-layout-constrained\">\n<div class=\"wp-block-group\"><div class=\"wp-block-group__inner-container is-layout-constrained wp-block-group-is-layout-constrained\">\n<div style=\"height:20px\" aria-hidden=\"true\" class=\"wp-block-spacer\"><\/div>\n\n\n\n<p>Das obige Diagramm zeigt die typische Komplexit\u00e4t und anschlie\u00dfende Vereinfachung der Schaltkreise nur als bildliche Darstellung. Einige der 32 Verbindungen in dem komplexen Diagramm sind miteinander verdrahtet, so dass letztlich in jedem Diagramm die gleiche Anzahl von Eing\u00e4ngen und Ausg\u00e4ngen vorhanden ist.<\/p>\n<\/div><\/div>\n<\/div><\/div>\n\n\n\n<p>Kunden k\u00f6nnen komplexe Sicherheits-Interlock\u00ae-Systeme entwerfen und bauen und die Veralterung praktisch eliminieren, da die Safety Logic Plus eine Lebenserwartung von 30+ Jahren hat. Die vereinfachten Installationstechniken vor Ort reduzieren au\u00dferdem die Installationszeit und -kosten und vereinfachen die Test- und Fehlersuchverfahren.<\/p>\n\n\n\n<div style=\"height:20px\" aria-hidden=\"true\" class=\"wp-block-spacer\"><\/div>\n\n\n\n<h3 class=\"wp-block-heading\">Die Notwendigkeit von Safety Logic Plus<\/h3>\n\n\n\n<p>Herk\u00f6mmliche einfache Interlock\u00ae-Systeme bestehen aus einer Reihe von T\u00fcrkontakten, die in Reihe geschaltet sind und eine Sicherheitsschleife bilden. Diese wird an den Interlock\u00ae-Controller von Lasermet zur\u00fcckgemeldet.<\/p>\n\n\n\n<p>Mit immer leistungsf\u00e4higeren Lasern und einer gr\u00f6\u00dferen Anzahl von Lasern ist es jedoch noch wichtiger, dass Laser-Sicherheitsverriegelungen kosteneffizient installiert werden und dass ihre Logik leicht zu verstehen, zu warten und zu aktualisieren ist, vor allem, wenn es zus\u00e4tzliche Laser oder \u00c4nderungen in der Anlage gibt.<\/p>\n\n\n\n<p>Um diesen Bedarf zu decken, hat Lasermet das Konzept Safety Logic Plus eingef\u00fchrt. Dabei handelt es sich um ein ausfallsicheres Logiksystem ohne Prozessor, das alle logischen Funktionen des Interlock\u00ae-Systems in einem einzigen Geh\u00e4use bietet. Es ist lediglich erforderlich, jeden T\u00fcrkontakt und andere Steuerungen \u00fcber einzelne Kabel mit Safety Logic Plus zu verbinden. Die Logikfunktion des Systems wird durch die Verbindung der internen Logikmodule gem\u00e4\u00df dem Logikdiagramm ausgef\u00fchrt. Dies kann von einem kompetenten Elektriker verdrahtet werden.<\/p>\n\n\n\n<ul class=\"wp-block-list\">\n<li>Die Installation, Wartung und Pr\u00fcfung ist einfach<\/li>\n\n\n\n<li>Es ist keine spezielle SPS-Schulung erforderlich<\/li>\n\n\n\n<li>Das Design erm\u00f6glicht eine einfache und schnelle Fehlersuche<\/li>\n\n\n\n<li>Logik\u00e4nderungen werden innerhalb des Geh\u00e4uses durchgef\u00fchrt<\/li>\n<\/ul>\n\n\n\n<div style=\"height:20px\" aria-hidden=\"true\" class=\"wp-block-spacer\"><\/div>\n\n\n\n<h6 class=\"wp-block-heading\">ERH\u00d6HTE KOMPLEXIT\u00c4T<\/h6>\n\n\n\n<p>Moderne Interlock\u00ae-Systeme m\u00fcssen heute oft konfigurierbar sein, um mehrere Betriebsarten und unterschiedliche Abdeckungsbereiche zu erm\u00f6glichen. Die Implementierung solcher Systeme mit einer Punkt-zu-Punkt-Verkabelung zwischen den verschiedenen T\u00fcrkontakten und Steuerungen innerhalb eines Geb\u00e4udes stellt eine gro\u00dfe Herausforderung f\u00fcr Installation, Test und Fehlersuche dar, was wiederum die Kosten f\u00fcr Installation und Wartung erh\u00f6ht.<\/p>\n\n\n\n<div style=\"height:20px\" aria-hidden=\"true\" class=\"wp-block-spacer\"><\/div>\n\n\n\n<h6 class=\"wp-block-heading\">EINFACHHEIT UND SICHERHEIT DURCH FEST VERDRAHTETE LOGIK<\/h6>\n\n\n\n<p>Die Verdrahtung kann vereinfacht werden, indem die grundlegende Logik mit Hilfe von UND- und ODER-Gattermodulen erarbeitet wird. Bei allen Komponenten handelt es sich um einfache elektrische Bauteile wie fest verdrahtete Steckbr\u00fccken, Relais und LEDs.<\/p>\n\n\n\n<div style=\"height:20px\" aria-hidden=\"true\" class=\"wp-block-spacer\"><\/div>\n\n\n\n<h6 class=\"wp-block-heading\">SICHERHEIT DURCH DESIGN<\/h6>\n\n\n\n<p>Die relaisbasierten Logikgatter werden mit Hilfe von \u00dcberbr\u00fcckungskabeln verbunden, um die Logikfunktion bereitzustellen. Jedes Modul kann leicht \u00fcberpr\u00fcft werden, da es \u00fcber eine eigene LED verf\u00fcgt. Jedes Modul verf\u00fcgt \u00fcber eine Kreuzkontrollfunktion, so dass der Laser nicht scharf geschaltet wird, wenn ein Modul ausf\u00e4llt oder kein Eingang vorhanden ist. Im gesamten System werden doppelte Sicherheitsschaltungen verwendet.<\/p>\n\n\n\n<ul class=\"wp-block-list\">\n<li>Es ist ein ausfallsicheres System<\/li>\n\n\n\n<li>Es verwendet zwei Kan\u00e4le<\/li>\n\n\n\n<li>Es verf\u00fcgt \u00fcber eine vollst\u00e4ndige Querpr\u00fcfung aller Schaltkreise<\/li>\n\n\n\n<li>Der Laser wird erst dann scharf geschaltet, wenn alle Schaltkreise auf beiden Kan\u00e4len \u00fcberpr\u00fcft wurden und alle Bedingungen, einschlie\u00dflich der Selbst\u00fcberpr\u00fcfung, erf\u00fcllt sind.<\/li>\n<\/ul>\n\n\n\n<div style=\"height:20px\" aria-hidden=\"true\" class=\"wp-block-spacer\"><\/div>\n\n\n\n<h6 class=\"wp-block-heading\">VERALTERUNG BESEITIGEN<\/h6>\n\n\n\n<p>Dieses Logiksystem beseitigt die Veralterungsprobleme, die bereits bei SPS-basierten Systemen aufgetreten sind, die von Schnittstellenstandards und Betriebssystemen abh\u00e4ngig sind, die schnell veralten. Es werden keine Programmiersprachen ben\u00f6tigt, es ist keine Software oder ein Computer mit einem Betriebssystem erforderlich und es ist daher sehr unwahrscheinlich, dass es veraltet.<\/p>\n\n\n\n<p>Safety Logic Plus beseitigt eine Reihe von Problemen durch sein ausfallsicheres Design. Alle Dr\u00e4hte werden von allen ferngesteuerten T\u00fcrschl\u00f6ssern oder Schaltern direkt zum Geh\u00e4use zur\u00fcckgef\u00fchrt, wo die logischen Funktionen festgelegt werden.<\/p>\n\n\n\n<ul class=\"wp-block-list\">\n<li>Keine Software<\/li>\n\n\n\n<li>Keine programmierbare Logiksteuerung<\/li>\n\n\n\n<li>Kein Betriebssystem<\/li>\n\n\n\n<li>Keine Fachausbildung<\/li>\n<\/ul>\n\n\n\n<div style=\"height:20px\" aria-hidden=\"true\" class=\"wp-block-spacer\"><\/div>\n\n\n\n<h6 class=\"wp-block-heading\">EINFACHES BENUTZERDEFINIERTES DESIGN<\/h6>\n\n\n\n<p>Das Design ist so gestaltet, dass jeder kompetente Ingenieur, der dem Schaltplan folgen kann, in der Lage ist, alle Module oder die Verkabelung zu \u00fcberpr\u00fcfen, zu testen, zu \u00e4ndern oder zu ersetzen. Er ben\u00f6tigt keine Diagnosesoftware, keine Programmierkenntnisse, keine speziellen Betriebssysteme oder andere potenziell veraltete Testger\u00e4te. Das System kann an einem einzigen Punkt innerhalb von Safety Logic Plus angepasst, aufger\u00fcstet und ver\u00e4ndert werden.<\/p>\n\n\n\n<ul class=\"wp-block-list\">\n<li>Alle Sicherheitsschalter sind mit dem Geh\u00e4use r\u00fcckverdrahtet<\/li>\n\n\n\n<li>Alle logischen Funktionen werden im Geh\u00e4use ausgef\u00fchrt<\/li>\n\n\n\n<li>Module werden f\u00fcr alle Logikfunktionen verwendet<\/li>\n<\/ul>\n\n\n\n<div style=\"height:20px\" aria-hidden=\"true\" class=\"wp-block-spacer\"><\/div>\n\n\n\n<h3 class=\"wp-block-heading\">CALM f\u00fcr Safety Logic Plus<\/h3>\n\n\n\n<p>Mit dem <strong><a href=\"https:\/\/www.lasermetgmbh.de\/laserschutzprodukte\/calm-control-and-laser-monitoring-system\/\" target=\"_blank\" rel=\"noreferrer noopener\">CALM-System<\/a><\/strong> werden Safety Logic Plus-Schaltkreise vereinfacht, um eine komplexe Systemfunktionalit\u00e4t zu erreichen und gleichzeitig den Systemstatus auf einen Blick zu erkennen.<\/p>\n\n\n\n<p>Mit der SLP-Ansicht auf dem CALM-Monitor k\u00f6nnen Benutzer r\u00fcckverfolgbare Logikschaltungen anzeigen, was die Fehlersuche bei gro\u00dfen Systemen zum Kinderspiel macht. Die M\u00f6glichkeiten sind endlos &#8211; jedes CALM-Display wird individuell f\u00fcr jedes einzelne Safety Logic Plus-System gefertigt.<\/p>\n\n\n<div class=\"wp-block-image\">\n<figure class=\"aligncenter size-full is-resized\"><img loading=\"lazy\" decoding=\"async\" width=\"1920\" height=\"1080\" src=\"https:\/\/www.lasermetgmbh.de\/wp-content\/uploads\/2023\/02\/CALM-for-SLP-2.jpg\" alt=\"\" class=\"wp-image-8497\" style=\"width:990px;height:auto\" srcset=\"https:\/\/www.lasermet.com\/de\/wp-content\/uploads\/sites\/3\/2023\/02\/CALM-for-SLP-2.jpg 1920w, https:\/\/www.lasermet.com\/de\/wp-content\/uploads\/sites\/3\/2023\/02\/CALM-for-SLP-2-300x169.jpg 300w, https:\/\/www.lasermet.com\/de\/wp-content\/uploads\/sites\/3\/2023\/02\/CALM-for-SLP-2-1024x576.jpg 1024w, https:\/\/www.lasermet.com\/de\/wp-content\/uploads\/sites\/3\/2023\/02\/CALM-for-SLP-2-768x432.jpg 768w, https:\/\/www.lasermet.com\/de\/wp-content\/uploads\/sites\/3\/2023\/02\/CALM-for-SLP-2-1536x864.jpg 1536w, https:\/\/www.lasermet.com\/de\/wp-content\/uploads\/sites\/3\/2023\/02\/CALM-for-SLP-2-600x338.jpg 600w\" sizes=\"auto, (max-width: 1920px) 100vw, 1920px\" \/><figcaption class=\"wp-element-caption\">SLP View auf dem CALM-Monitor &#8211;<br>Verfolgen Sie einen Fehler im System, indem Sie dem Logikdiagramm folgen. In diesem Beispiel k\u00f6nnen wir den Fehler bis zur Verriegelung 1 am Lasergeh\u00e4use zur\u00fcckverfolgen.<\/figcaption><\/figure>\n<\/div>\n\n\n<div style=\"height:40px\" aria-hidden=\"true\" class=\"wp-block-spacer\"><\/div>\n\n\n\n<h3 class=\"wp-block-heading\">Die Lasermet L\u00f6sung<\/h3>\n\n\n\n<ul class=\"wp-block-list\">\n<li>Komplexe Baustellenverkabelung<\/li>\n\n\n\n<li>\u00c4nderungen an bestehenden, konventionellen Verkabelungssystemen k\u00f6nnen schwierig und zeitaufwendig und damit teuer sein. Safety Logic Plus ist daher eine kosteneffektive L\u00f6sung.<\/li>\n\n\n\n<li>Fehlersuche<\/li>\n\n\n\n<li>Oft k\u00f6nnen Fehler aufgrund des Designs fast sofort erkannt werden.<\/li>\n\n\n\n<li>Verlust der Kabelidentifikation<\/li>\n\n\n\n<li>Dies kann h\u00e4ufig bei der Installation oder w\u00e4hrend der Lebensdauer des Systems passieren, wenn Wartungsarbeiten oder \u00c4nderungen am Geb\u00e4ude oder an der Verkabelung selbst vorgenommen werden. Safety Logic Plus vereinfacht die Identifizierung nicht markierter installierter Kabel.<\/li>\n\n\n\n<li>Verlust der Kabelidentifikation<\/li>\n\n\n\n<li>Dies kann h\u00e4ufig bei der Installation oder w\u00e4hrend der Lebensdauer des Systems passieren, wenn Wartungsarbeiten oder \u00c4nderungen am Geb\u00e4ude oder an der Verkabelung selbst vorgenommen werden. Safety Logic Plus vereinfacht die Identifizierung nicht markierter installierter Kabel.<\/li>\n\n\n\n<li>Wartung der Systeme<\/li>\n\n\n\n<li>Beseitigung von Fehlern in der Software, die mit jeder Software verbunden sind, insbesondere mit speicherprogrammierbaren Steuerungen. Da es keine Software gibt, kann sie auch nicht veraltet sein. Dies gilt f\u00fcr die Software selbst, den Programmtyp (einschlie\u00dflich der Sprache) und das Betriebssystem, auf dem sie l\u00e4uft. Jegliche Wartung oder \u00c4nderungen sind f\u00fcr die voraussichtliche Lebensdauer des Ger\u00e4ts, die voraussichtlich mehr als 30 Jahre betr\u00e4gt, problemlos m\u00f6glich.<\/li>\n<\/ul>\n","protected":false},"excerpt":{"rendered":"<header class=\"entry-header\">\n<p>Die einfache Art, ein komplexes Safety Interlock\u00ae System zu bauen, ohne eine Sicherheits-SPS zu verwenden.<\/p>\n<p>Safety Logic Plus verwendet einfache Logik, um ein vollst\u00e4ndig sicheres und kundenspezifisches Verriegelungssystem f\u00fcr Lasersicherheit zu realisieren.<\/p>\n<ul>\n<li>Eliminiert die Veralterung, die mit Sicherheits-SPS-Systemen verbunden ist<\/li>\n<li>Lebensdauer von 20+ Jahren, vollst\u00e4ndig rekonfigurierbar w\u00e4hrend der gesamten Lebensdauer<\/li>\n<li>Fest verdrahtete, zweikanalige, \u00fcberwachte, relaisbasierte Logik<\/li>\n<li>Sehr hohe Sicherheitsintegrit\u00e4t &#8211; PLe nach ISO 13849-1 (entspricht SIL3)<\/li>\n<li>Kosteng\u00fcnstig<\/li>\n<li>Fehlersuche leicht gemacht mit CALM f\u00fcr SLP<\/li>\n<\/ul>\n<\/header>\n","protected":false},"featured_media":6349,"comment_status":"closed","ping_status":"closed","template":"","meta":{"_acf_changed":false,"_kad_blocks_custom_css":"","_kad_blocks_head_custom_js":"","_kad_blocks_body_custom_js":"","_kad_blocks_footer_custom_js":"","_EventAllDay":false,"_EventTimezone":"","_EventStartDate":"","_EventEndDate":"","_EventStartDateUTC":"","_EventEndDateUTC":"","_EventShowMap":false,"_EventShowMapLink":false,"_EventURL":"","_EventCost":"","_EventCostDescription":"","_EventCurrencySymbol":"","_EventCurrencyCode":"","_EventCurrencyPosition":"","_EventDateTimeSeparator":"","_EventTimeRangeSeparator":"","_EventOrganizerID":[],"_EventVenueID":[],"_OrganizerEmail":"","_OrganizerPhone":"","_OrganizerWebsite":"","_VenueAddress":"","_VenueCity":"","_VenueCountry":"","_VenueProvince":"","_VenueState":"","_VenueZip":"","_VenuePhone":"","_VenueURL":"","_VenueStateProvince":"","_VenueLat":"","_VenueLng":"","_VenueShowMap":false,"_VenueShowMapLink":false,"_kadence_starter_templates_imported_post":false,"_kad_post_transparent":"","_kad_post_title":"","_kad_post_layout":"","_kad_post_sidebar_id":"","_kad_post_content_style":"","_kad_post_vertical_padding":"","_kad_post_feature":"","_kad_post_feature_position":"","_kad_post_header":false,"_kad_post_footer":false,"_kad_post_classname":""},"product_brand":[],"product_cat":[40],"product_tag":[33,35,36,37],"class_list":{"0":"post-5308","1":"product","2":"type-product","3":"status-publish","4":"has-post-thumbnail","6":"product_cat-interlock-kontrollsystem","7":"product_tag-aerospace","8":"product_tag-automobilindustrie","9":"product_tag-forschung","10":"product_tag-industriell","12":"first","13":"instock","14":"shipping-taxable","15":"product-type-simple","16":"entry","17":"content-bg","18":"loop-entry"},"acf":[],"taxonomy_info":{"product_cat":[{"value":40,"label":"Interlock-Kontrollsystem"}],"product_tag":[{"value":33,"label":"Aerospace"},{"value":35,"label":"Automobilindustrie"},{"value":36,"label":"Forschung und Entwicklung"},{"value":37,"label":"Industriell"}]},"featured_image_src_large":["https:\/\/www.lasermet.com\/de\/wp-content\/uploads\/sites\/3\/2023\/02\/SLP-B.png",500,500,false],"author_info":[],"comment_info":0,"_links":{"self":[{"href":"https:\/\/www.lasermet.com\/de\/wp-json\/wp\/v2\/product\/5308","targetHints":{"allow":["GET"]}}],"collection":[{"href":"https:\/\/www.lasermet.com\/de\/wp-json\/wp\/v2\/product"}],"about":[{"href":"https:\/\/www.lasermet.com\/de\/wp-json\/wp\/v2\/types\/product"}],"replies":[{"embeddable":true,"href":"https:\/\/www.lasermet.com\/de\/wp-json\/wp\/v2\/comments?post=5308"}],"wp:featuredmedia":[{"embeddable":true,"href":"https:\/\/www.lasermet.com\/de\/wp-json\/wp\/v2\/media\/6349"}],"wp:attachment":[{"href":"https:\/\/www.lasermet.com\/de\/wp-json\/wp\/v2\/media?parent=5308"}],"wp:term":[{"taxonomy":"product_brand","embeddable":true,"href":"https:\/\/www.lasermet.com\/de\/wp-json\/wp\/v2\/product_brand?post=5308"},{"taxonomy":"product_cat","embeddable":true,"href":"https:\/\/www.lasermet.com\/de\/wp-json\/wp\/v2\/product_cat?post=5308"},{"taxonomy":"product_tag","embeddable":true,"href":"https:\/\/www.lasermet.com\/de\/wp-json\/wp\/v2\/product_tag?post=5308"}],"curies":[{"name":"wp","href":"https:\/\/api.w.org\/{rel}","templated":true}]}}