{"id":5289,"date":"2023-02-15T08:19:38","date_gmt":"2023-02-15T08:19:38","guid":{"rendered":"https:\/\/www.lasermetgmbh.de\/?post_type=product&amp;p=5289"},"modified":"2023-02-15T08:19:38","modified_gmt":"2023-02-15T08:19:38","slug":"ics-solo-low-cost-laser-interlock-controller","status":"publish","type":"product","link":"https:\/\/www.lasermet.com\/de\/laserschutzprodukte\/ics-solo-low-cost-laser-interlock-controller\/","title":{"rendered":"ICS-SOLO Laser Interlock\u00ae Controller"},"content":{"rendered":"\n<div class=\"wp-block-buttons is-layout-flex wp-block-buttons-is-layout-flex\">\n<div class=\"wp-block-button\"><a class=\"wp-block-button__link has-text-color has-background wp-element-button\" href=\"https:\/\/forms.monday.com\/forms\/e63d290906d0b3ee1621097b76a796c4?r=use1\" style=\"color:#1d1f8c;background-color:#ffcc01\" rel=\"noopener\">Brosch\u00fcre herunterladen<\/a><\/div>\n<\/div>\n\n\n\n<div style=\"height:100px\" aria-hidden=\"true\" class=\"wp-block-spacer\"><\/div>\n\n\n<div class=\"wp-block-image\">\n<figure class=\"alignright size-large is-resized\"><img loading=\"lazy\" decoding=\"async\" src=\"https:\/\/www.lasermetgmbh.de\/wp-content\/uploads\/2023\/02\/13-15-ICS-solo-kit-v3a-394x1024-1.jpeg\" alt=\"\" class=\"wp-image-5203\" width=\"197\" height=\"512\" srcset=\"https:\/\/www.lasermet.com\/de\/wp-content\/uploads\/sites\/3\/2023\/02\/13-15-ICS-solo-kit-v3a-394x1024-1.jpeg 394w, https:\/\/www.lasermet.com\/de\/wp-content\/uploads\/sites\/3\/2023\/02\/13-15-ICS-solo-kit-v3a-394x1024-1-115x300.jpeg 115w\" sizes=\"auto, (max-width: 197px) 100vw, 197px\" \/><figcaption class=\"wp-element-caption\">ICS-SOLO and related safety equipment inside the Laser Castle Lite cabin<\/figcaption><\/figure>\n<\/div>\n\n\n<p>VERWENDUNG DER VERRIEGELUNG<\/p>\n\n\n\n<p>Um den Laser zu aktivieren, sollten Sie wie folgt vorgehen:<\/p>\n\n\n\n<p>Betreten Sie das Geh\u00e4use und schlie\u00dfen Sie dann die Geh\u00e4uset\u00fcr. Dadurch werden die Kontakte des Zweikanal-T\u00fcrschalters geschlossen. (Der Laser ist deaktiviert, wenn die T\u00fcr ge\u00f6ffnet ist).<\/p>\n\n\n\n<p>Auf dem Bedienfeld der Verriegelungssteuerung sollten die LEDs f\u00fcr den Sicherheitsstatus OK leuchten.<\/p>\n\n\n\n<p>Drehen Sie den Schl\u00fcsselschalter auf Enable und dr\u00fccken Sie die Taste Arm Laser. Damit schalten Sie den Laser scharf.<\/p>\n\n\n\n<p>Die LED System Armed leuchtet auf. Der Laser ist jetzt einsatzbereit.<\/p>\n\n\n\n<div style=\"height:20px\" aria-hidden=\"true\" class=\"wp-block-spacer\"><\/div>\n\n\n\n<h3 class=\"wp-block-heading\">Bew\u00e4hrte Verfahren f\u00fcr das Laserschwei\u00dfen<\/h3>\n\n\n\n<p>Neben der Integration in Laser Interlock\u00ae-Systeme kann der Passive ALF auch in ein Lasergeh\u00e4use wie das Laser Castle Lite oder den Dolphin Laser Safety Pod eingebaut werden.<\/p>\n\n\n\n<p>F\u00fcr die beste Praxis sollten handgef\u00fchrte Laserschwei\u00dfger\u00e4te eine Laserschwei\u00dfkabine, einen Interlock\u00ae Controller und den Passiven ALF-Helm enthalten.<\/p>\n\n\n\n<div style=\"height:20px\" aria-hidden=\"true\" class=\"wp-block-spacer\"><\/div>\n\n\n\n<div class=\"wp-block-buttons is-content-justification-center is-layout-flex wp-container-core-buttons-is-layout-16018d1d wp-block-buttons-is-layout-flex\">\n<div class=\"wp-block-button\"><a class=\"wp-block-button__link has-text-color has-background wp-element-button\" href=\"https:\/\/www.lasermetgmbh.de\/laser-safety-products\/laser-castle-lite\/\" style=\"color:#1d1f8c;background-color:#ffcc01\" target=\"_blank\" rel=\"noreferrer noopener\">Laser Castle Lite<\/a><\/div>\n\n\n\n<div class=\"wp-block-button\"><a class=\"wp-block-button__link has-text-color has-background wp-element-button\" href=\"https:\/\/www.lasermetgmbh.de\/laser-safety-products\/dolphin-laser-safety-curtain-pod\/\" style=\"color:#1d1f8c;background-color:#ffcc01\" target=\"_blank\" rel=\"noreferrer noopener\">Dolphin Curtain Pod<\/a><\/div>\n\n\n\n<div class=\"wp-block-button\"><a class=\"wp-block-button__link has-text-color has-background wp-element-button\" href=\"https:\/\/www.lasermetgmbh.de\/laser-safety-products\/passive-alf-laser-welding-helmet\/\" style=\"color:#1d1f8c;background-color:#ffcc01\" target=\"_blank\" rel=\"noreferrer noopener\">ALF Welding Helmet<\/a><\/div>\n<\/div>\n\n\n\n<div style=\"height:40px\" aria-hidden=\"true\" class=\"wp-block-spacer\"><\/div>\n\n\n\n<div class=\"wp-block-columns is-layout-flex wp-container-core-columns-is-layout-9d6595d7 wp-block-columns-is-layout-flex\">\n<div class=\"wp-block-column is-layout-flow wp-block-column-is-layout-flow\"><div class=\"wp-block-image\">\n<figure class=\"aligncenter size-full is-resized\"><img loading=\"lazy\" decoding=\"async\" src=\"https:\/\/www.lasermetgmbh.de\/wp-content\/uploads\/2023\/02\/Laser-Castle-Lite-B.png\" alt=\"\" class=\"wp-image-5604\" width=\"375\" height=\"375\" srcset=\"https:\/\/www.lasermet.com\/de\/wp-content\/uploads\/sites\/3\/2023\/02\/Laser-Castle-Lite-B.png 500w, https:\/\/www.lasermet.com\/de\/wp-content\/uploads\/sites\/3\/2023\/02\/Laser-Castle-Lite-B-300x300.png 300w, https:\/\/www.lasermet.com\/de\/wp-content\/uploads\/sites\/3\/2023\/02\/Laser-Castle-Lite-B-150x150.png 150w, https:\/\/www.lasermet.com\/de\/wp-content\/uploads\/sites\/3\/2023\/02\/Laser-Castle-Lite-B-100x100.png 100w\" sizes=\"auto, (max-width: 375px) 100vw, 375px\" \/><figcaption class=\"wp-element-caption\">Laser Castle Lite Laser Safety Cabin<\/figcaption><\/figure>\n<\/div><\/div>\n\n\n\n<div class=\"wp-block-column is-layout-flow wp-block-column-is-layout-flow\"><div class=\"wp-block-image\">\n<figure class=\"aligncenter size-full is-resized\"><img loading=\"lazy\" decoding=\"async\" src=\"https:\/\/www.lasermetgmbh.de\/wp-content\/uploads\/2023\/02\/Dolphin-Pod-B.png\" alt=\"\" class=\"wp-image-5624\" width=\"375\" height=\"375\" srcset=\"https:\/\/www.lasermet.com\/de\/wp-content\/uploads\/sites\/3\/2023\/02\/Dolphin-Pod-B.png 500w, https:\/\/www.lasermet.com\/de\/wp-content\/uploads\/sites\/3\/2023\/02\/Dolphin-Pod-B-300x300.png 300w, https:\/\/www.lasermet.com\/de\/wp-content\/uploads\/sites\/3\/2023\/02\/Dolphin-Pod-B-150x150.png 150w, https:\/\/www.lasermet.com\/de\/wp-content\/uploads\/sites\/3\/2023\/02\/Dolphin-Pod-B-100x100.png 100w\" sizes=\"auto, (max-width: 375px) 100vw, 375px\" \/><figcaption class=\"wp-element-caption\">Dolphin Laser Safety Curtain Pod<\/figcaption><\/figure>\n<\/div><\/div>\n<\/div>\n","protected":false},"excerpt":{"rendered":"<header class=\"entry-header\">\n<p><strong>Ideal f\u00fcr handgef\u00fchrte Laserschwei\u00dfkabinen<\/strong><\/p>\n<p>Die ICS-SOLO ist eine kosteng\u00fcnstige, zweikanalige Laser-Sicherheitssteuerung, die sich ideal f\u00fcr handgef\u00fchrte Laserschwei\u00dfkabinen eignet. Es handelt sich um eine Laser-Sicherheitssteuerung mit einem Eingang und einem Ausgang, die typischerweise in kleinen Laserschutzkabinen mit einer einzigen T\u00fcr und zur Steuerung eines einzigen Lasers verwendet wird. Der ICS-SOLO ist ein Zweikanalger\u00e4t, d.h. es gibt zwei Eingangsschalter, die beide geschlossen sein m\u00fcssen, damit der Laser aktiviert werden kann.<\/p>\n<p>Dies wird durch den Zweikanal-T\u00fcrverriegelungsschalter von Lasermet erreicht. ICS-SOLO verf\u00fcgt \u00fcber ein einfaches, benutzerfreundliches Bedienfeld, das direkt mit dem Zweikanalschalter an der verriegelten T\u00fcr und mit dem Laser, dem Schl\u00fcsselschalter, den Notausschaltern und dem LED-Warnschild verbunden werden kann.<\/p>\n<\/header>\n","protected":false},"featured_media":8546,"comment_status":"closed","ping_status":"closed","template":"","meta":{"_acf_changed":false,"_kad_blocks_custom_css":"","_kad_blocks_head_custom_js":"","_kad_blocks_body_custom_js":"","_kad_blocks_footer_custom_js":"","_EventAllDay":false,"_EventTimezone":"","_EventStartDate":"","_EventEndDate":"","_EventStartDateUTC":"","_EventEndDateUTC":"","_EventShowMap":false,"_EventShowMapLink":false,"_EventURL":"","_EventCost":"","_EventCostDescription":"","_EventCurrencySymbol":"","_EventCurrencyCode":"","_EventCurrencyPosition":"","_EventDateTimeSeparator":"","_EventTimeRangeSeparator":"","_EventOrganizerID":[],"_EventVenueID":[],"_OrganizerEmail":"","_OrganizerPhone":"","_OrganizerWebsite":"","_VenueAddress":"","_VenueCity":"","_VenueCountry":"","_VenueProvince":"","_VenueState":"","_VenueZip":"","_VenuePhone":"","_VenueURL":"","_VenueStateProvince":"","_VenueLat":"","_VenueLng":"","_VenueShowMap":false,"_VenueShowMapLink":false,"_kadence_starter_templates_imported_post":false,"_kad_post_transparent":"","_kad_post_title":"","_kad_post_layout":"","_kad_post_sidebar_id":"","_kad_post_content_style":"","_kad_post_vertical_padding":"","_kad_post_feature":"","_kad_post_feature_position":"","_kad_post_header":false,"_kad_post_footer":false,"_kad_post_classname":""},"product_brand":[],"product_cat":[40],"product_tag":[33,35,37],"class_list":{"0":"post-5289","1":"product","2":"type-product","3":"status-publish","4":"has-post-thumbnail","6":"product_cat-interlock-kontrollsystem","7":"product_tag-aerospace","8":"product_tag-automobilindustrie","9":"product_tag-industriell","11":"first","12":"instock","13":"shipping-taxable","14":"product-type-simple","15":"entry","16":"content-bg","17":"loop-entry"},"acf":[],"taxonomy_info":{"product_cat":[{"value":40,"label":"Interlock-Kontrollsystem"}],"product_tag":[{"value":33,"label":"Aerospace"},{"value":35,"label":"Automobilindustrie"},{"value":37,"label":"Industriell"}]},"featured_image_src_large":["https:\/\/www.lasermet.com\/de\/wp-content\/uploads\/sites\/3\/2023\/02\/ICS-SOLO-NEW-1-1024x936.png",1024,936,true],"author_info":[],"comment_info":0,"_links":{"self":[{"href":"https:\/\/www.lasermet.com\/de\/wp-json\/wp\/v2\/product\/5289","targetHints":{"allow":["GET"]}}],"collection":[{"href":"https:\/\/www.lasermet.com\/de\/wp-json\/wp\/v2\/product"}],"about":[{"href":"https:\/\/www.lasermet.com\/de\/wp-json\/wp\/v2\/types\/product"}],"replies":[{"embeddable":true,"href":"https:\/\/www.lasermet.com\/de\/wp-json\/wp\/v2\/comments?post=5289"}],"wp:featuredmedia":[{"embeddable":true,"href":"https:\/\/www.lasermet.com\/de\/wp-json\/wp\/v2\/media\/8546"}],"wp:attachment":[{"href":"https:\/\/www.lasermet.com\/de\/wp-json\/wp\/v2\/media?parent=5289"}],"wp:term":[{"taxonomy":"product_brand","embeddable":true,"href":"https:\/\/www.lasermet.com\/de\/wp-json\/wp\/v2\/product_brand?post=5289"},{"taxonomy":"product_cat","embeddable":true,"href":"https:\/\/www.lasermet.com\/de\/wp-json\/wp\/v2\/product_cat?post=5289"},{"taxonomy":"product_tag","embeddable":true,"href":"https:\/\/www.lasermet.com\/de\/wp-json\/wp\/v2\/product_tag?post=5289"}],"curies":[{"name":"wp","href":"https:\/\/api.w.org\/{rel}","templated":true}]}}