{"id":5286,"date":"2023-02-15T08:08:34","date_gmt":"2023-02-15T08:08:34","guid":{"rendered":"https:\/\/www.lasermetgmbh.de\/?post_type=product&amp;p=5286"},"modified":"2023-02-15T08:08:34","modified_gmt":"2023-02-15T08:08:34","slug":"interlock-control-for-x-rays","status":"publish","type":"product","link":"https:\/\/www.lasermet.com\/de\/laserschutzprodukte\/interlock-control-for-x-rays\/","title":{"rendered":"ICS-TOUCH"},"content":{"rendered":"\n<div class=\"wp-block-buttons is-layout-flex wp-block-buttons-is-layout-flex\">\n<div class=\"wp-block-button\"><a class=\"wp-block-button__link has-text-color has-background wp-element-button\" href=\"https:\/\/forms.monday.com\/forms\/907e63e09e7f27f8b6c5ac61c68a2f71?r=use1\" style=\"color:#1d1f8c;background-color:#ffcc01\" rel=\"noopener\">Brosch\u00fcre herunterladen<\/a><\/div>\n<\/div>\n\n\n\n<div style=\"height:100px\" aria-hidden=\"true\" class=\"wp-block-spacer\"><\/div>\n\n\n\n<p>Das ICS-TOUCH Interlock\u00ae-Steuerger\u00e4t von Lasermet ist ein hochwertiges Interlock\u00ae-Steuersystem, das sich ideal f\u00fcr den Einsatz mit R\u00f6ntgenger\u00e4ten eignet. Es ist ein wesentlicher Bestandteil der technischen Kontrollen, die zur Begrenzung der Exposition gegen\u00fcber ionisierender Strahlung erforderlich sind.<\/p>\n\n\n\n<p>Das ICS-TOUCH Interlock\u00ae Steuerger\u00e4t \u00fcberwacht alle angeschlossenen Interlock-Eing\u00e4nge, um zu \u00fcberpr\u00fcfen, ob die T\u00fcren und Kontakte geschlossen sind, bevor der Laser aktiviert wird.<\/p>\n\n\n\n<div style=\"height:20px\" aria-hidden=\"true\" class=\"wp-block-spacer\"><\/div>\n\n\n\n<figure class=\"wp-block-pullquote\"><blockquote><p>Lasermet ist weltweit f\u00fchrend in der Entwicklung, Herstellung und Installation von speziellen Interlock\u00ae-Systemen.<\/p><\/blockquote><\/figure>\n\n\n\n<div style=\"height:20px\" aria-hidden=\"true\" class=\"wp-block-spacer\"><\/div>\n\n\n\n<p>Lasermet entwirft und fertigt auch eine gro\u00dfe Anzahl von Zubeh\u00f6rteilen wie T\u00fcrkontakte, Zugangstastaturen, Fingerabdruck-Zugangseinheiten, beleuchtete LED-Warnschilder, aufgezeichnete akustische Warnsysteme (akustische Alarme) und mehr.<\/p>\n\n\n\n<p>Wir bieten Design, Lieferung und Installation von schl\u00fcsselfertigen Laserl\u00f6sungen.<\/p>\n\n\n\n<div style=\"height:20px\" aria-hidden=\"true\" class=\"wp-block-spacer\"><\/div>\n\n\n\n<h6 class=\"wp-block-heading\">INTERLOCK<sup>\u00ae<\/sup>&nbsp;SYSTEM <\/h6>\n\n\n\n<p>Die ICS-TOUCH \u00fcberwacht den Status aller Verriegelungen, Notstopps, Fehlanpassungen und zeigt Laserwarnungen an.<\/p>\n\n\n\n<p>Der Status von bis zu vier separaten Verriegelungseing\u00e4ngen wird durch &#8218;T\u00fcr&#8216;-Symbole angezeigt, die je nach Status die Farbe wechseln.<\/p>\n\n\n\n<p>Der Status des Notstopp-Eingangs wird auf die gleiche Weise angezeigt, n\u00e4mlich durch ein Symbol f\u00fcr eine &#8222;Mushroom-Taste&#8220;.<\/p>\n\n\n\n<p>Alle Sicherheitsschaltungen sind zweikanalig mit Fehlanpassungserkennung. Wenn sich ihre Zust\u00e4nde unterscheiden, liegt eine Fehlanpassung vor, die auf einen Fehler hinweist &#8211; typischerweise schlie\u00dft ein Kontakt eines T\u00fcrschalters nicht.<\/p>\n\n\n\n<p>Die Bedienung des Controllers wird durch einen Tastaturcode eingeschr\u00e4nkt.<\/p>\n","protected":false},"excerpt":{"rendered":"<header class=\"entry-header\">\n<p>Interlock\u00ae Kontrollsystem f\u00fcr Operationss\u00e4le\u00a0<\/p>\n<p>Das ICS-TOUCH bietet Touchscreen-\u00dcberwachung und -Steuerung f\u00fcr Operationss\u00e4le und R\u00f6ntgenger\u00e4te.\u00a0<\/p>\n<ul>\n<li>Einfach zu bedienende Touchscreen-Technologie<\/li>\n<li>Verriegelte T\u00fcren, Rolll\u00e4den und Notausg\u00e4nge<\/li>\n<li>B\u00fcndiger Einbau in Wand oder T\u00fcr<\/li>\n<li>Volle Zweikanal-Sicherheit nach ISO 13849-1 Performance Level &#8218;e&#8216; (PL &#8218;e&#8216;)<\/li>\n<li>Sicherer Zugang mit Tastaturschloss<\/li>\n<\/ul>\n<\/header>\n","protected":false},"featured_media":5230,"comment_status":"closed","ping_status":"closed","template":"","meta":{"_acf_changed":false,"_kad_blocks_custom_css":"","_kad_blocks_head_custom_js":"","_kad_blocks_body_custom_js":"","_kad_blocks_footer_custom_js":"","_EventAllDay":false,"_EventTimezone":"","_EventStartDate":"","_EventEndDate":"","_EventStartDateUTC":"","_EventEndDateUTC":"","_EventShowMap":false,"_EventShowMapLink":false,"_EventURL":"","_EventCost":"","_EventCostDescription":"","_EventCurrencySymbol":"","_EventCurrencyCode":"","_EventCurrencyPosition":"","_EventDateTimeSeparator":"","_EventTimeRangeSeparator":"","_EventOrganizerID":[],"_EventVenueID":[],"_OrganizerEmail":"","_OrganizerPhone":"","_OrganizerWebsite":"","_VenueAddress":"","_VenueCity":"","_VenueCountry":"","_VenueProvince":"","_VenueState":"","_VenueZip":"","_VenuePhone":"","_VenueURL":"","_VenueStateProvince":"","_VenueLat":"","_VenueLng":"","_VenueShowMap":false,"_VenueShowMapLink":false,"_kadence_starter_templates_imported_post":false,"_kad_post_transparent":"","_kad_post_title":"","_kad_post_layout":"","_kad_post_sidebar_id":"","_kad_post_content_style":"","_kad_post_vertical_padding":"","_kad_post_feature":"","_kad_post_feature_position":"","_kad_post_header":false,"_kad_post_footer":false,"_kad_post_classname":""},"product_brand":[],"product_cat":[40],"product_tag":[48],"class_list":{"0":"post-5286","1":"product","2":"type-product","3":"status-publish","4":"has-post-thumbnail","6":"product_cat-interlock-kontrollsystem","7":"product_tag-medizinische","9":"first","10":"instock","11":"shipping-taxable","12":"product-type-simple","13":"entry","14":"content-bg","15":"loop-entry"},"acf":[],"taxonomy_info":{"product_cat":[{"value":40,"label":"Interlock-Kontrollsystem"}],"product_tag":[{"value":48,"label":"Medizinische"}]},"featured_image_src_large":["https:\/\/www.lasermet.com\/de\/wp-content\/uploads\/sites\/3\/2023\/02\/Touch-Screen-Interlock-500x500-1.jpeg",500,500,false],"author_info":[],"comment_info":0,"_links":{"self":[{"href":"https:\/\/www.lasermet.com\/de\/wp-json\/wp\/v2\/product\/5286","targetHints":{"allow":["GET"]}}],"collection":[{"href":"https:\/\/www.lasermet.com\/de\/wp-json\/wp\/v2\/product"}],"about":[{"href":"https:\/\/www.lasermet.com\/de\/wp-json\/wp\/v2\/types\/product"}],"replies":[{"embeddable":true,"href":"https:\/\/www.lasermet.com\/de\/wp-json\/wp\/v2\/comments?post=5286"}],"wp:featuredmedia":[{"embeddable":true,"href":"https:\/\/www.lasermet.com\/de\/wp-json\/wp\/v2\/media\/5230"}],"wp:attachment":[{"href":"https:\/\/www.lasermet.com\/de\/wp-json\/wp\/v2\/media?parent=5286"}],"wp:term":[{"taxonomy":"product_brand","embeddable":true,"href":"https:\/\/www.lasermet.com\/de\/wp-json\/wp\/v2\/product_brand?post=5286"},{"taxonomy":"product_cat","embeddable":true,"href":"https:\/\/www.lasermet.com\/de\/wp-json\/wp\/v2\/product_cat?post=5286"},{"taxonomy":"product_tag","embeddable":true,"href":"https:\/\/www.lasermet.com\/de\/wp-json\/wp\/v2\/product_tag?post=5286"}],"curies":[{"name":"wp","href":"https:\/\/api.w.org\/{rel}","templated":true}]}}