{"id":5261,"date":"2023-02-15T07:43:11","date_gmt":"2023-02-15T07:43:11","guid":{"rendered":"https:\/\/www.lasermetgmbh.de\/?post_type=product&amp;p=5261"},"modified":"2023-02-15T07:43:11","modified_gmt":"2023-02-15T07:43:11","slug":"ics-7-oem-interlock-controller","status":"publish","type":"product","link":"https:\/\/www.lasermet.com\/de\/laserschutzprodukte\/ics-7-oem-interlock-controller\/","title":{"rendered":"ICS-7-OEM Interlock Controller"},"content":{"rendered":"\n<div class=\"wp-block-buttons is-layout-flex wp-block-buttons-is-layout-flex\">\n<div class=\"wp-block-button\"><a class=\"wp-block-button__link has-text-color has-background wp-element-button\" href=\"https:\/\/forms.monday.com\/forms\/2d894f4c5574997ffebe2d4e7f851e94?r=use1\" style=\"color:#1d1f8c;background-color:#ffcc01\" rel=\"noopener\">Brosch\u00fcre herunterladen<\/a><\/div>\n<\/div>\n\n\n\n<div style=\"height:102px\" aria-hidden=\"true\" class=\"wp-block-spacer\"><\/div>\n\n\n\n<h3 class=\"wp-block-heading\">Direkte Integration mit Laser System PLCs<\/h3>\n\n\n\n<p>Das ICS-7-OEM ist ein Zweikanal-Laser-Sicherheitsverriegelungssteuerungssystem, das mit SPS-Controllern zu einem kompletten Laserkontrollsystem integriert werden kann.<\/p>\n\n\n\n<p>Die erforderliche Funktionalit\u00e4t des ICS-7-OEM ist die gleiche wie die des herk\u00f6mmlichen ICS-9 Controllers, aber hier erfolgt die Verdrahtung auf der Vorderseite des Panels.<\/p>\n\n\n\n<p>Der ICS-7-OEM ist in die Steuersysteme, einschlie\u00dflich des Lasers und des Roboters, integriert und erm\u00f6glicht es, den Laser erst dann scharf zu schalten, wenn alle Sicherheitsverriegelungen nachweislich in ihrem sicheren Betriebsmodus sind.<\/p>\n\n\n\n<p>Das ICS-7-OEM steuert ein Verriegelungssystem, das das Personal vor dem versehentlichen Kontakt mit gef\u00e4hrlichen Lasern sch\u00fctzen soll. Es kann mehrere T\u00fcren, Fenster, Vorh\u00e4nge usw., die mit Sicherheitsverriegelungsschaltern ausgestattet sind, \u00fcberwachen und den Laser deaktivieren, wenn eine davon offen ist. Das vielseitige ICS-7-OEM-System kann an eine beliebige Anzahl von T\u00fcrschaltern angeschlossen werden und den Status von bis zu sechs Schaltern oder Schaltergruppen anzeigen.<\/p>\n\n\n\n<p>Das ICS-7-OEM verf\u00fcgt \u00fcber eine vollst\u00e4ndig zweikanalige, kreuzgepr\u00fcfte Architektur und kann bei korrekter Verdrahtung ein System realisieren, das der EN ISO 13849-1 bis zum Performance Level &#8218;e&#8216; entspricht.<\/p>\n\n\n\n<p>Sieben Sicherheits-Interlock\u00ae-Ausg\u00e4nge mit je 4A Widerstand und 50VDC stehen zur Verf\u00fcgung, um den Laser zu aktivieren, T\u00fcrschl\u00f6sser zu bet\u00e4tigen, Signale an eine SPS zu liefern usw.<\/p>\n\n\n\n<div style=\"height:20px\" aria-hidden=\"true\" class=\"wp-block-spacer\"><\/div>\n\n\n\n<h6 class=\"wp-block-heading\">MONTAGE<\/h6>\n\n\n\n<p>Der ICS-7-OEM wird auf einer 35-mm-DIN-Schiene in einem Schaltschrank befestigt.<\/p>\n\n\n\n<p>Er sollte an einer f\u00fcr die Verdrahtung geeigneten Stelle montiert werden und gleichzeitig f\u00fcr das Bedienpersonal unzug\u00e4nglich sein. Auf der Oberseite des Ger\u00e4ts befinden sich Kontrollleuchten, die normalerweise nur vom Installations- und Wartungspersonal beobachtet werden m\u00fcssen.<\/p>\n\n\n\n<p>W\u00e4hrend der Installation m\u00fcssen die Kabelverbindungen vom ICS-7-OEM zu allen verriegelten T\u00fcren, Warnschildern, Laserverriegelungen, Rolll\u00e4den, der SPS und anderen f\u00fcr das System erforderlichen Ger\u00e4ten hergestellt werden.<\/p>\n\n\n\n<div style=\"height:20px\" aria-hidden=\"true\" class=\"wp-block-spacer\"><\/div>\n\n\n\n<h6 class=\"wp-block-heading\">COMPLIANCE<\/h6>\n\n\n\n<p>Das ICS-7-OEM entspricht den folgenden Richtlinien und europ\u00e4ischen Normen:<\/p>\n\n\n\n<ul class=\"wp-block-list\">\n<li>Machinery Directive 2006\/42\/EC June 2010<\/li>\n\n\n\n<li>Low Voltage Directive 2014\/35\/EU<\/li>\n\n\n\n<li>EMC Directive 2014\/30\/EU<\/li>\n\n\n\n<li>EN ISO 13849-1:2015 Safety of Machinery: Safety-related Parts of Control Systems<\/li>\n\n\n\n<li>EN 60947-1:2007+A2:2014 Low Voltage Switchgear and Control<\/li>\n\n\n\n<li>EN 61010-1:2010 Safety Requirements for Electrical Equipment<\/li>\n<\/ul>\n","protected":false},"excerpt":{"rendered":"<header class=\"entry-header\">\n<p>Eine OEM-Version von ICS Interlock\u00ae<\/p>\n<p>Das etablierte und bew\u00e4hrte ICS Interlock\u00ae-Kontrollsystem von Lasermet ist als OEM-Version erh\u00e4ltlich, die speziell f\u00fcr Integratoren zur Verwendung als Teil des Laserkontrollsystems entwickelt wurde.<\/p>\n<ul>\n<li>Zweikanalige Sicherheit<\/li>\n<li>Bereit f\u00fcr den Einsatz mit PLC-Steuerungen<\/li>\n<li>Ausfallsichere Zuverl\u00e4ssigkeit<\/li>\n<li>Kompatibel mit Erweiterungsmodulen<\/li>\n<\/ul>\n<\/header>\n","protected":false},"featured_media":6344,"comment_status":"closed","ping_status":"closed","template":"","meta":{"_acf_changed":false,"_kad_blocks_custom_css":"","_kad_blocks_head_custom_js":"","_kad_blocks_body_custom_js":"","_kad_blocks_footer_custom_js":"","_EventAllDay":false,"_EventTimezone":"","_EventStartDate":"","_EventEndDate":"","_EventStartDateUTC":"","_EventEndDateUTC":"","_EventShowMap":false,"_EventShowMapLink":false,"_EventURL":"","_EventCost":"","_EventCostDescription":"","_EventCurrencySymbol":"","_EventCurrencyCode":"","_EventCurrencyPosition":"","_EventDateTimeSeparator":"","_EventTimeRangeSeparator":"","_EventOrganizerID":[],"_EventVenueID":[],"_OrganizerEmail":"","_OrganizerPhone":"","_OrganizerWebsite":"","_VenueAddress":"","_VenueCity":"","_VenueCountry":"","_VenueProvince":"","_VenueState":"","_VenueZip":"","_VenuePhone":"","_VenueURL":"","_VenueStateProvince":"","_VenueLat":"","_VenueLng":"","_VenueShowMap":false,"_VenueShowMapLink":false,"_kadence_starter_templates_imported_post":false,"_kad_post_transparent":"","_kad_post_title":"","_kad_post_layout":"","_kad_post_sidebar_id":"","_kad_post_content_style":"","_kad_post_vertical_padding":"","_kad_post_feature":"","_kad_post_feature_position":"","_kad_post_header":false,"_kad_post_footer":false,"_kad_post_classname":""},"product_brand":[],"product_cat":[40],"product_tag":[33,35,37],"class_list":{"0":"post-5261","1":"product","2":"type-product","3":"status-publish","4":"has-post-thumbnail","6":"product_cat-interlock-kontrollsystem","7":"product_tag-aerospace","8":"product_tag-automobilindustrie","9":"product_tag-industriell","11":"first","12":"instock","13":"shipping-taxable","14":"product-type-simple","15":"entry","16":"content-bg","17":"loop-entry"},"acf":[],"taxonomy_info":{"product_cat":[{"value":40,"label":"Interlock-Kontrollsystem"}],"product_tag":[{"value":33,"label":"Aerospace"},{"value":35,"label":"Automobilindustrie"},{"value":37,"label":"Industriell"}]},"featured_image_src_large":["https:\/\/www.lasermet.com\/de\/wp-content\/uploads\/sites\/3\/2023\/02\/ICS-7-OEM.png",500,500,false],"author_info":[],"comment_info":0,"_links":{"self":[{"href":"https:\/\/www.lasermet.com\/de\/wp-json\/wp\/v2\/product\/5261","targetHints":{"allow":["GET"]}}],"collection":[{"href":"https:\/\/www.lasermet.com\/de\/wp-json\/wp\/v2\/product"}],"about":[{"href":"https:\/\/www.lasermet.com\/de\/wp-json\/wp\/v2\/types\/product"}],"replies":[{"embeddable":true,"href":"https:\/\/www.lasermet.com\/de\/wp-json\/wp\/v2\/comments?post=5261"}],"wp:featuredmedia":[{"embeddable":true,"href":"https:\/\/www.lasermet.com\/de\/wp-json\/wp\/v2\/media\/6344"}],"wp:attachment":[{"href":"https:\/\/www.lasermet.com\/de\/wp-json\/wp\/v2\/media?parent=5261"}],"wp:term":[{"taxonomy":"product_brand","embeddable":true,"href":"https:\/\/www.lasermet.com\/de\/wp-json\/wp\/v2\/product_brand?post=5261"},{"taxonomy":"product_cat","embeddable":true,"href":"https:\/\/www.lasermet.com\/de\/wp-json\/wp\/v2\/product_cat?post=5261"},{"taxonomy":"product_tag","embeddable":true,"href":"https:\/\/www.lasermet.com\/de\/wp-json\/wp\/v2\/product_tag?post=5261"}],"curies":[{"name":"wp","href":"https:\/\/api.w.org\/{rel}","templated":true}]}}