{"id":5255,"date":"2023-02-15T07:35:58","date_gmt":"2023-02-15T07:35:58","guid":{"rendered":"https:\/\/www.lasermetgmbh.de\/?post_type=product&#038;p=5255"},"modified":"2025-05-29T06:36:12","modified_gmt":"2025-05-29T06:36:12","slug":"ics-9-interlock-controller-nrtl","status":"publish","type":"product","link":"https:\/\/www.lasermet.com\/de\/laserschutzprodukte\/ics-9-interlock-controller-nrtl\/","title":{"rendered":"ICS-9 Interlock\u00ae Controller"},"content":{"rendered":"\n<div class=\"wp-block-buttons is-layout-flex wp-block-buttons-is-layout-flex\">\n<div class=\"wp-block-button\"><a class=\"wp-block-button__link has-text-color has-background wp-element-button\" href=\"https:\/\/forms.monday.com\/forms\/0ebbfb568b032b5a4ccb31ac83c7db4e?r=use1\" style=\"color:#1d1f8c;background-color:#ffcc01\" rel=\"noopener\">Brosch\u00fcre herunterladen<\/a><\/div>\n<\/div>\n\n\n\n<div style=\"height:100px\" aria-hidden=\"true\" class=\"wp-block-spacer\"><\/div>\n\n\n\n<p>Der kompakte ICS-9 kann Laserverriegelungen, magnetische T\u00fcrschl\u00f6sser, LED-Warnschilder und Laser-Shutter steuern. Er erm\u00f6glicht die Stromversorgung des Lasers durch die Steuerung des Lasersicherheitseingangs. Er verf\u00fcgt \u00fcber eine R\u00fcckkopplungs\u00fcberwachung und Fehlererkennung. Er kann an Zugangskontroll- und Brandmeldesysteme angeschlossen werden und ist mit einem Override ausgestattet, um den kontrollierten Zugang durch verriegelte T\u00fcren zu erm\u00f6glichen und gleichzeitig Notaus-Eing\u00e4nge zu akzeptieren. Die \u00dcberbr\u00fcckung wird entweder durch einen Druckknopf an der Innenseite eines lasergesteuerten Bereichs oder durch eine Tastatur\u00fcberbr\u00fcckung ausgel\u00f6st.<\/p>\n\n\n\n<p>Das ICS-9 verf\u00fcgt \u00fcber eine durchg\u00e4ngige Zweikanalarchitektur und eine Fehlererkennung, um die neuesten Sicherheitsstandards auf einem viel h\u00f6heren Niveau zu erf\u00fcllen als Einkanalsysteme. Er verf\u00fcgt \u00fcber ein einfaches, leicht zu bedienendes Bedienfeld und kann direkt an neun Schleusen (oder Gruppen von Schleusen) angeschlossen werden. Das ICS-9 verf\u00fcgt standardm\u00e4\u00dfig \u00fcber 9 potenzialfreie Interlock-Operator-Ausgangskontakte, die f\u00fcr verschiedene Zwecke verwendet werden k\u00f6nnen, darunter:<\/p>\n\n\n\n<ul class=\"wp-block-list\">\n<li>Schalten der Laserleistung<\/li>\n\n\n\n<li>Steuerung von Strahlenjalousien<\/li>\n\n\n\n<li>Bedienung des Verriegelungseingangs des Lasers<\/li>\n\n\n\n<li>Steuerung von T\u00fcrschl\u00f6ssern<\/li>\n<\/ul>\n\n\n\n<div style=\"height:20px\" aria-hidden=\"true\" class=\"wp-block-spacer\"><\/div>\n\n\n\n<h6 class=\"wp-block-heading\">NRTL CERTIFIED<\/h6>\n\n\n\n<p>Der ICS-9 ist NRTL-zertifiziert und daher f\u00fcr den Einsatz in den gesamten USA zugelassen.<\/p>\n\n\n\n<p>Das Nationally Recognized Testing Laboratory (NRTL)-Programm der OSHA erkennt Organisationen des privaten Sektors an, damit diese die Zertifizierung f\u00fcr bestimmte Produkte durchf\u00fchren k\u00f6nnen, um sicherzustellen, dass sie die Anforderungen der OSHA-Normen f\u00fcr Elektroger\u00e4te f\u00fcr das Baugewerbe und die allgemeine Industrie erf\u00fcllen.<\/p>\n\n\n\n<p>The ICS-9 has been tested by T\u00dcV S\u00dcD to IEC 61010-1 Safety requirements for electrical equipment for measurement, control, and laboratory use. Part 1 General requirements. It also fulfils the requirements of CAN\/CSA C22.2 No. 61010-1:2012, UL 61010-1:2012 and EN 61010-1:2010.<\/p>\n\n\n\n<div style=\"height:20px\" aria-hidden=\"true\" class=\"wp-block-spacer\"><\/div>\n\n\n\n<h6 class=\"wp-block-heading\">FERN\u00dcBERWACHUNG<\/h6>\n\n\n\n<p>Der ICS-9 ist kompatibel mit dem ICS-Buddy &#8211; dem tragbaren Laser-Interlock-Controller. Der ICS-Buddy kann die Funktion des ICS-9 aus der Ferne spiegeln.<\/p>\n\n\n\n<div style=\"height:20px\" aria-hidden=\"true\" class=\"wp-block-spacer\"><\/div>\n\n\n\n<h6 class=\"wp-block-heading\">FLEXIBEL ERWEITERBARES SYSTEM<\/h6>\n\n\n\n<p>Er wurde entwickelt, um die EN ISO 13849-1 PLe (Leistungsstufe &#8218;e&#8216;) zu erreichen.<\/p>\n\n\n\n<p>Die ICS-9 verf\u00fcgt standardm\u00e4\u00dfig \u00fcber eine tiefe Backbox, so dass auch Sch\u00fctze hinzugef\u00fcgt werden k\u00f6nnen, um verriegelte 32A einphasige und dreiphasige Netzversorgungen zu erhalten. Der ICS-9 kann mit anderen Lasermet Interlock\u00ae Steuerungen verbunden werden, um als prim\u00e4re oder sekund\u00e4re Einheit zu arbeiten.<\/p>\n\n\n\n<p>Die ICS-9 verf\u00fcgt \u00fcber einen Erweiterungssockel und kann mit bis zu 3 Erweiterungskarten ausgestattet werden, die automatisch getestet werden. Es gibt 4 verschiedene Kartentypen, die wie folgt eingebaut werden k\u00f6nnen:<\/p>\n\n\n\n<ul class=\"wp-block-list\">\n<li>Kompatibel mit ICS Buddy &#8211; der tragbaren Verriegelungssteuerung<\/li>\n\n\n\n<li>Fernkommunikation (Ethernet-\/USB-Verbindung)<\/li>\n\n\n\n<li>Integrierter aktiver Laserschutz<\/li>\n\n\n\n<li><a href=\"https:\/\/www.lasermetgmbh.de\/laser-safety-products\/interlock-systems\/safety-logic-plus\/\" rel=\"noopener\">Integration von Safety Logic Plus<\/a><\/li>\n<\/ul>\n\n\n\n<div style=\"height:20px\" aria-hidden=\"true\" class=\"wp-block-spacer\"><\/div>\n\n\n\n<h6 class=\"wp-block-heading\">TYPISCHE INTERLOCK<sup>\u00ae<\/sup>&nbsp;KONFIGURATION<\/h6>\n\n\n\n<p>Der ICS-9 verf\u00fcgt standardm\u00e4\u00dfig \u00fcber 9 Interlock-Ausg\u00e4nge mit 8A bei 110\/250VAC\/50VDC. Eine optionale Sch\u00fctzerweiterung f\u00fcgt 4 Interlock-Netzausg\u00e4nge mit 32A bei 415VAC hinzu.<\/p>\n\n\n\n<p>Der maximale Ausgangsstrom bei Verwendung des internen Netzteils betr\u00e4gt 1A. Ein zus\u00e4tzliches Netzteil sorgt f\u00fcr einen h\u00f6heren Ausgangsstrom.<\/p>\n\n\n\n<p>An das ICS-9 kann eine unbegrenzte Anzahl von Interlock-Schaltern angeschlossen werden. Die \u00dcberwachung ist f\u00fcr 4 Schalter oder Gruppen von Schaltern m\u00f6glich. Ebenso kann eine unbegrenzte Anzahl von Notausschaltern angeschlossen und in ein Brandmelde- oder Zugangskontrollsystem integriert werden.<\/p>\n\n\n\n<div style=\"height:20px\" aria-hidden=\"true\" class=\"wp-block-spacer\"><\/div>\n\n\n\n<figure class=\"wp-block-table\"><table><tbody><tr><td>Angebot<\/td><td>110\/230V<br>1A + connected load<\/td><\/tr><tr><td>Gr\u00f6\u00dfe<\/td><td>265w x 230h x 145d mm<br>(10.43w x 9.06h x 5.67d in)<\/td><\/tr><tr><td>Gewicht<\/td><td>3kg<br>(6.6lb)<\/td><\/tr><\/tbody><\/table><\/figure>\n\n\n\n<div style=\"height:20px\" aria-hidden=\"true\" class=\"wp-block-spacer\"><\/div>\n\n\n\n<h6 class=\"wp-block-heading\">COMPLIANCE<\/h6>\n\n\n\n<p>Die ICS-9 entspricht den folgenden Richtlinien und Standards:<\/p>\n\n\n\n<ul class=\"wp-block-list\">\n<li> Machinery Directive<\/li>\n\n\n\n<li>Low Voltage Directive<\/li>\n\n\n\n<li>EMC Directive<\/li>\n\n\n\n<li>EN ISO 13849-1 PLe (Cat 4 safety system, Performance Level \u2018e\u2019)<\/li>\n\n\n\n<li>EN61508 (SIL 4)<\/li>\n\n\n\n<li>EN61010<\/li>\n\n\n\n<li>EN60947-1<\/li>\n<\/ul>\n\n\n\n<p>The ICS-9 is NRTL Certified for use in the US.&nbsp;<\/p>\n","protected":false},"excerpt":{"rendered":"<p>NRTL-zertifiziertes Laser Interlock\u00ae Kontrollsystem<\/p>\n<p>Der ICS-9 Laser Interlock\u00ae Controller ist der Nachfolger des \u00e4u\u00dferst erfolgreichen ICS-6 und ersetzt diesen direkt.\u00a0<\/p>\n<ul>\n<li>Vollst\u00e4ndige Zweikanalarchitektur und Fehlererkennung von Anfang bis Ende<\/li>\n<li>Verriegelte Netzversorgung<\/li>\n<li>Verriegelte Niederspannungsversorgung f\u00fcr Strahlverschl\u00fcsse<\/li>\n<li>Laser Interlock\u00ae Anschlussbedienungen f\u00fcr alle Laser<\/li>\n<li>Zeitlich begrenzte Fail-Safe-Override-Option<\/li>\n<li>Automatische Umschaltung von Leuchtschildern, die den Gefahren- oder Sicherheitsmodus anzeigen<\/li>\n<li>Not-Aus-Schaltung zur Vermeidung von Verletzungen oder Sch\u00e4den in Notf\u00e4llen<\/li>\n<\/ul>\n","protected":false},"featured_media":6972,"comment_status":"closed","ping_status":"closed","template":"","meta":{"_acf_changed":false,"_kad_blocks_custom_css":"","_kad_blocks_head_custom_js":"","_kad_blocks_body_custom_js":"","_kad_blocks_footer_custom_js":"","_EventAllDay":false,"_EventTimezone":"","_EventStartDate":"","_EventEndDate":"","_EventStartDateUTC":"","_EventEndDateUTC":"","_EventShowMap":false,"_EventShowMapLink":false,"_EventURL":"","_EventCost":"","_EventCostDescription":"","_EventCurrencySymbol":"","_EventCurrencyCode":"","_EventCurrencyPosition":"","_EventDateTimeSeparator":"","_EventTimeRangeSeparator":"","_EventOrganizerID":[],"_EventVenueID":[],"_OrganizerEmail":"","_OrganizerPhone":"","_OrganizerWebsite":"","_VenueAddress":"","_VenueCity":"","_VenueCountry":"","_VenueProvince":"","_VenueState":"","_VenueZip":"","_VenuePhone":"","_VenueURL":"","_VenueStateProvince":"","_VenueLat":"","_VenueLng":"","_VenueShowMap":false,"_VenueShowMapLink":false,"_kadence_starter_templates_imported_post":false,"_kad_post_transparent":"","_kad_post_title":"","_kad_post_layout":"","_kad_post_sidebar_id":"","_kad_post_content_style":"","_kad_post_vertical_padding":"","_kad_post_feature":"","_kad_post_feature_position":"","_kad_post_header":false,"_kad_post_footer":false,"_kad_post_classname":""},"product_brand":[],"product_cat":[40],"product_tag":[33,35,36,37,48],"class_list":{"0":"post-5255","1":"product","2":"type-product","3":"status-publish","4":"has-post-thumbnail","6":"product_cat-interlock-kontrollsystem","7":"product_tag-aerospace","8":"product_tag-automobilindustrie","9":"product_tag-forschung","10":"product_tag-industriell","11":"product_tag-medizinische","13":"first","14":"instock","15":"shipping-taxable","16":"product-type-simple","17":"entry","18":"content-bg","19":"loop-entry"},"acf":[],"taxonomy_info":{"product_cat":[{"value":40,"label":"Interlock-Kontrollsystem"}],"product_tag":[{"value":33,"label":"Aerospace"},{"value":35,"label":"Automobilindustrie"},{"value":36,"label":"Forschung und Entwicklung"},{"value":37,"label":"Industriell"},{"value":48,"label":"Medizinische"}]},"featured_image_src_large":["https:\/\/www.lasermet.com\/de\/wp-content\/uploads\/sites\/3\/2023\/02\/ICS9.png",500,500,false],"author_info":[],"comment_info":0,"_links":{"self":[{"href":"https:\/\/www.lasermet.com\/de\/wp-json\/wp\/v2\/product\/5255","targetHints":{"allow":["GET"]}}],"collection":[{"href":"https:\/\/www.lasermet.com\/de\/wp-json\/wp\/v2\/product"}],"about":[{"href":"https:\/\/www.lasermet.com\/de\/wp-json\/wp\/v2\/types\/product"}],"replies":[{"embeddable":true,"href":"https:\/\/www.lasermet.com\/de\/wp-json\/wp\/v2\/comments?post=5255"}],"wp:featuredmedia":[{"embeddable":true,"href":"https:\/\/www.lasermet.com\/de\/wp-json\/wp\/v2\/media\/6972"}],"wp:attachment":[{"href":"https:\/\/www.lasermet.com\/de\/wp-json\/wp\/v2\/media?parent=5255"}],"wp:term":[{"taxonomy":"product_brand","embeddable":true,"href":"https:\/\/www.lasermet.com\/de\/wp-json\/wp\/v2\/product_brand?post=5255"},{"taxonomy":"product_cat","embeddable":true,"href":"https:\/\/www.lasermet.com\/de\/wp-json\/wp\/v2\/product_cat?post=5255"},{"taxonomy":"product_tag","embeddable":true,"href":"https:\/\/www.lasermet.com\/de\/wp-json\/wp\/v2\/product_tag?post=5255"}],"curies":[{"name":"wp","href":"https:\/\/api.w.org\/{rel}","templated":true}]}}