{"id":5250,"date":"2023-05-31T01:32:18","date_gmt":"2023-05-31T01:32:18","guid":{"rendered":"https:\/\/www.lasermetgmbh.de\/?post_type=product&#038;p=5250"},"modified":"2026-02-12T08:02:45","modified_gmt":"2026-02-12T08:02:45","slug":"led-mini-schilder","status":"publish","type":"product","link":"https:\/\/www.lasermet.com\/de\/laserschutzprodukte\/led-mini-schilder\/","title":{"rendered":"LED-Mini-Schilder"},"content":{"rendered":"\n<div class=\"wp-block-buttons is-layout-flex wp-block-buttons-is-layout-flex\">\n<div class=\"wp-block-button\"><a class=\"wp-block-button__link has-text-color has-background wp-element-button\" href=\"https:\/\/forms.monday.com\/forms\/48f9ec89a96fcab71d7fd75ac56844c7?r=use1\" style=\"color:#1d1f8c;background-color:#ffcc01\" rel=\"noopener\">Brosch\u00fcre herunterladen<\/a><\/div>\n<\/div>\n\n\n\n<div style=\"height:100px\" aria-hidden=\"true\" class=\"wp-block-spacer\"><\/div>\n\n\n\n<p>Die Schilder k\u00f6nnen entweder automatisch oder manuell \u00fcber den Zwei- oder Dreiwege-Schalter an der 24V DC-Stromversorgung geschaltet werden. Eine 48VDC-Option ist ebenfalls erh\u00e4ltlich. Das schaltbare Netzteil verf\u00fcgt \u00fcber eine Anzeige-LED am Ende des Kippschalters, die die jeweilige Farbe des Schildes anzeigt. Dieses Netzteil kann entweder ein oder zwei kompakte hintergrundbeleuchtete LED-Schilder betreiben.<\/p>\n\n\n\n<div style=\"height:20px\" aria-hidden=\"true\" class=\"wp-block-spacer\"><\/div>\n\n\n\n<h6 class=\"wp-block-heading\">BENUTZERDEFINIERTE NACHRICHTEN<\/h6>\n\n\n\n<p>Die kompakten Schilder k\u00f6nnen mit speziell entworfenen Aufschriften und Symbolen nach den Anforderungen des Kunden geliefert werden. Die individuellen Beschriftungen k\u00f6nnen vom Kunden umrissen werden, um das gew\u00fcnschte Design zu kennzeichnen.<\/p>\n\n\n\n<p>Schilder mit einer Botschaft sind gelb hinterleuchtet, Schilder mit zwei Botschaften sind gr\u00fcn und rot. Andere Farben sind auf Anfrage erh\u00e4ltlich.<\/p>\n\n\n\n<div style=\"height:20px\" aria-hidden=\"true\" class=\"wp-block-spacer\"><\/div>\n\n\n\n<h6 class=\"wp-block-heading\">SPEZIFIKATIONEN<\/h6>\n\n\n\n<figure class=\"wp-block-table has-small-font-size\"><table><tbody><tr><td>Spannung<\/td><td>24VDC<\/td><\/tr><tr><td>Stromverbrauch<\/td><td>150mA (3.6W)<\/td><\/tr><tr><td>Gewicht<\/td><td>160g<\/td><\/tr><tr><td>Abmessungen<\/td><td>160w x 108h x 38.5d mm<\/td><\/tr><\/tbody><\/table><\/figure>\n\n\n<div class=\"wp-block-image\">\n<figure class=\"aligncenter size-full\"><img loading=\"lazy\" decoding=\"async\" width=\"329\" height=\"187\" src=\"https:\/\/www.lasermetgmbh.de\/wp-content\/uploads\/2023\/02\/small-led-dimensions.jpeg\" alt=\"\" class=\"wp-image-5254\" srcset=\"https:\/\/www.lasermet.com\/de\/wp-content\/uploads\/sites\/3\/2023\/02\/small-led-dimensions.jpeg 329w, https:\/\/www.lasermet.com\/de\/wp-content\/uploads\/sites\/3\/2023\/02\/small-led-dimensions-300x171.jpeg 300w\" sizes=\"auto, (max-width: 329px) 100vw, 329px\" \/><\/figure>\n<\/div>\n\n\n<div style=\"height:20px\" aria-hidden=\"true\" class=\"wp-block-spacer\"><\/div>\n\n\n\n<h3 class=\"wp-block-heading\">Standard Optionen<\/h3>\n\n\n\n<div class=\"wp-block-columns is-layout-flex wp-container-core-columns-is-layout-9d6595d7 wp-block-columns-is-layout-flex\">\n<div class=\"wp-block-column is-layout-flow wp-block-column-is-layout-flow\">\n<h6 class=\"wp-block-heading\">&#8218;LASER-GEFAHR&#8216; SIGNS<\/h6>\n\n\n<div class=\"wp-block-image\">\n<figure class=\"aligncenter size-full is-resized\"><img loading=\"lazy\" decoding=\"async\" width=\"147\" height=\"103\" src=\"https:\/\/www.lasermetgmbh.de\/wp-content\/uploads\/2019\/12\/led-sign-laser-orange.jpg\" alt=\"\" class=\"wp-image-7116\" style=\"width:156px;height:106px\" \/><figcaption class=\"wp-element-caption\">LEDS-L-1WY<\/figcaption><\/figure>\n<\/div>\n\n<div class=\"wp-block-image\">\n<figure class=\"aligncenter size-full is-resized\"><img loading=\"lazy\" decoding=\"async\" width=\"160\" height=\"113\" src=\"https:\/\/www.lasermetgmbh.de\/wp-content\/uploads\/2019\/12\/led-sign-laser-green.jpg\" alt=\"\" class=\"wp-image-7163\" style=\"width:169px;height:106px\" \/><\/figure>\n<\/div>\n\n<div class=\"wp-block-image\">\n<figure class=\"aligncenter size-full is-resized\"><img loading=\"lazy\" decoding=\"async\" width=\"155\" height=\"112\" src=\"https:\/\/www.lasermetgmbh.de\/wp-content\/uploads\/2019\/12\/led-sign-laser-red.jpg\" alt=\"\" class=\"wp-image-7196\" style=\"width:164px;height:107px\" \/><figcaption class=\"wp-element-caption\">LEDS-L-2W<\/figcaption><\/figure>\n<\/div><\/div>\n\n\n\n<div class=\"wp-block-column is-layout-flow wp-block-column-is-layout-flow\">\n<h6 class=\"wp-block-heading\">&#8218;ZIMMER IN BENUTZUNG&#8216; SIGNS<\/h6>\n\n\n<div class=\"wp-block-image\">\n<figure class=\"aligncenter size-full\"><img loading=\"lazy\" decoding=\"async\" width=\"169\" height=\"119\" src=\"https:\/\/www.lasermetgmbh.de\/wp-content\/uploads\/2023\/02\/led-sign-inuse.jpeg\" alt=\"\" class=\"wp-image-5257\" \/><figcaption class=\"wp-element-caption\">LEDS-RIU-1WY<\/figcaption><\/figure>\n<\/div>\n\n<div class=\"wp-block-image\">\n<figure class=\"aligncenter size-full is-resized\"><img loading=\"lazy\" decoding=\"async\" width=\"159\" height=\"112\" src=\"https:\/\/www.lasermetgmbh.de\/wp-content\/uploads\/2023\/02\/led-sign-available.jpeg\" alt=\"\" class=\"wp-image-5259\" style=\"height:100px\" \/><\/figure>\n<\/div>\n\n<div class=\"wp-block-image\">\n<figure class=\"aligncenter size-full\"><img loading=\"lazy\" decoding=\"async\" width=\"169\" height=\"119\" src=\"https:\/\/www.lasermetgmbh.de\/wp-content\/uploads\/2023\/02\/led-sign-inuse-red.jpeg\" alt=\"\" class=\"wp-image-5260\" \/><figcaption class=\"wp-element-caption\">LEDS-RIU-2W<\/figcaption><\/figure>\n<\/div><\/div>\n\n\n\n<div class=\"wp-block-column is-layout-flow wp-block-column-is-layout-flow\">\n<h6 class=\"wp-block-heading\">&#8218;LABOR IM EINSATZ&#8216; SIGNS<\/h6>\n\n\n<div class=\"wp-block-image\">\n<figure class=\"aligncenter size-full\"><img loading=\"lazy\" decoding=\"async\" width=\"159\" height=\"126\" src=\"https:\/\/www.lasermetgmbh.de\/wp-content\/uploads\/2019\/12\/led-sign-lab-in-use.jpg\" alt=\"\" class=\"wp-image-7062\" \/><figcaption class=\"wp-element-caption\">LEDS-LIU-1WY<\/figcaption><\/figure>\n<\/div>\n\n<div class=\"wp-block-image\">\n<figure class=\"aligncenter size-full\"><img loading=\"lazy\" decoding=\"async\" width=\"144\" height=\"111\" src=\"https:\/\/www.lasermetgmbh.de\/wp-content\/uploads\/2019\/12\/led-sign-lab-available.jpg\" alt=\"\" class=\"wp-image-7083\" \/><\/figure>\n<\/div>\n\n<div class=\"wp-block-image\">\n<figure class=\"aligncenter size-full\"><img loading=\"lazy\" decoding=\"async\" width=\"151\" height=\"114\" src=\"https:\/\/www.lasermetgmbh.de\/wp-content\/uploads\/2019\/12\/led-sign-lab-in-use-red.jpg\" alt=\"\" class=\"wp-image-7186\" \/><figcaption class=\"wp-element-caption\">LEDS-LIU-1WY<\/figcaption><\/figure>\n<\/div><\/div>\n<\/div>\n\n\n\n<div style=\"height:40px\" aria-hidden=\"true\" class=\"wp-block-spacer\"><\/div>\n\n\n\n<div class=\"wp-block-columns is-layout-flex wp-container-core-columns-is-layout-9d6595d7 wp-block-columns-is-layout-flex\">\n<div class=\"wp-block-column is-layout-flow wp-block-column-is-layout-flow\">\n<h6 class=\"wp-block-heading\">&#8218;OCCUPIED&#8216; SIGNS<\/h6>\n\n\n<div class=\"wp-block-image\">\n<figure class=\"aligncenter size-full\"><img loading=\"lazy\" decoding=\"async\" width=\"156\" height=\"121\" src=\"https:\/\/www.lasermetgmbh.de\/wp-content\/uploads\/2023\/02\/led-sign-occupied.jpeg\" alt=\"\" class=\"wp-image-5269\" \/><figcaption class=\"wp-element-caption\">LEDS-OC-1WY<\/figcaption><\/figure>\n<\/div>\n\n<div class=\"wp-block-image\">\n<figure class=\"aligncenter size-full\"><img loading=\"lazy\" decoding=\"async\" width=\"160\" height=\"109\" src=\"https:\/\/www.lasermetgmbh.de\/wp-content\/uploads\/2023\/02\/led-sign-vacant.jpeg\" alt=\"\" class=\"wp-image-5270\" \/><\/figure>\n<\/div>\n\n<div class=\"wp-block-image\">\n<figure class=\"aligncenter size-full\"><img loading=\"lazy\" decoding=\"async\" width=\"151\" height=\"114\" src=\"https:\/\/www.lasermetgmbh.de\/wp-content\/uploads\/2019\/12\/led-sign-occupied-red-1.jpg\" alt=\"\" class=\"wp-image-6987\" \/><figcaption class=\"wp-element-caption\">LEDS-OC-2W<\/figcaption><\/figure>\n<\/div><\/div>\n\n\n\n<div class=\"wp-block-column is-layout-flow wp-block-column-is-layout-flow\">\n<h6 class=\"wp-block-heading\">&#8218;NICHT BETRETEN&#8216; SIGNS<\/h6>\n\n\n<div class=\"wp-block-image\">\n<figure class=\"aligncenter size-full\"><img loading=\"lazy\" decoding=\"async\" width=\"156\" height=\"121\" src=\"https:\/\/www.lasermetgmbh.de\/wp-content\/uploads\/2023\/02\/led-sign-dont-enter-1.jpeg\" alt=\"\" class=\"wp-image-5272\" \/><figcaption class=\"wp-element-caption\">LEDS-DNE-1WY<\/figcaption><\/figure>\n<\/div>\n\n<div class=\"wp-block-image\">\n<figure class=\"aligncenter size-full\"><img loading=\"lazy\" decoding=\"async\" width=\"151\" height=\"114\" src=\"https:\/\/www.lasermetgmbh.de\/wp-content\/uploads\/2023\/02\/led-sign-enter.jpeg\" alt=\"\" class=\"wp-image-5274\" \/><\/figure>\n<\/div>\n\n<div class=\"wp-block-image\">\n<figure class=\"aligncenter size-full\"><img loading=\"lazy\" decoding=\"async\" width=\"156\" height=\"116\" src=\"https:\/\/www.lasermetgmbh.de\/wp-content\/uploads\/2023\/02\/led-sign-dont-enter-red.jpeg\" alt=\"\" class=\"wp-image-5275\" \/><figcaption class=\"wp-element-caption\">LEDS-DNE=2W<\/figcaption><\/figure>\n<\/div><\/div>\n\n\n\n<div class=\"wp-block-column is-layout-flow wp-block-column-is-layout-flow\">\n<h6 class=\"wp-block-heading\">&#8218;NO ENTRY&#8216; SIGNS<\/h6>\n\n\n<div class=\"wp-block-image\">\n<figure class=\"aligncenter size-full\"><img loading=\"lazy\" decoding=\"async\" width=\"160\" height=\"118\" src=\"https:\/\/www.lasermetgmbh.de\/wp-content\/uploads\/2023\/02\/led-sign-noentry.jpeg\" alt=\"\" class=\"wp-image-5276\" \/><figcaption class=\"wp-element-caption\">LEDS-NE-1WR<\/figcaption><\/figure>\n<\/div><\/div>\n<\/div>\n\n\n\n<div style=\"height:40px\" aria-hidden=\"true\" class=\"wp-block-spacer\"><\/div>\n\n\n\n<p>Weitere Optionen f\u00fcr Schilder sind verf\u00fcgbar.<\/p>\n","protected":false},"excerpt":{"rendered":"<header class=\"entry-header\">\n<h6 class=\"entry-title\">Kleine LED-Warnschilder<\/h6>\n<p>Diese kompakten, hintergrundbeleuchteten LED-Schilder sind ideal f\u00fcr den Einsatz in Gewerbe-, Einzelhandels- oder Industrier\u00e4umen. Sie sind mit individuellen Botschaften erh\u00e4ltlich, um eine Vielzahl von Anforderungen zu erf\u00fcllen. Sie sind auch mit einer oder zwei Botschaften erh\u00e4ltlich.<\/p>\n<\/header>\n<div class=\"summary\">\n<ul>\n<li>Umweltfreundlich, niedriger Stromverbrauch, nur 3,6 W pro St\u00fcck<\/li>\n<li>Erh\u00e4ltlich als Einweg- oder Zweiwegoption<\/li>\n<li>Erwartete Lebensdauer von 50,000 Stunden, keine Wartung w\u00e4hrend der Betriebsdauer erforderlich<\/li>\n<li>Automatische oder manuelle Schaltoptionen<\/li>\n<\/ul>\n<\/div>\n","protected":false},"featured_media":8193,"comment_status":"closed","ping_status":"closed","template":"","meta":{"_acf_changed":false,"_kad_blocks_custom_css":"","_kad_blocks_head_custom_js":"","_kad_blocks_body_custom_js":"","_kad_blocks_footer_custom_js":"","_EventAllDay":false,"_EventTimezone":"","_EventStartDate":"","_EventEndDate":"","_EventStartDateUTC":"","_EventEndDateUTC":"","_EventShowMap":false,"_EventShowMapLink":false,"_EventURL":"","_EventCost":"","_EventCostDescription":"","_EventCurrencySymbol":"","_EventCurrencyCode":"","_EventCurrencyPosition":"","_EventDateTimeSeparator":"","_EventTimeRangeSeparator":"","_EventOrganizerID":[],"_EventVenueID":[],"_OrganizerEmail":"","_OrganizerPhone":"","_OrganizerWebsite":"","_VenueAddress":"","_VenueCity":"","_VenueCountry":"","_VenueProvince":"","_VenueState":"","_VenueZip":"","_VenuePhone":"","_VenueURL":"","_VenueStateProvince":"","_VenueLat":"","_VenueLng":"","_VenueShowMap":false,"_VenueShowMapLink":false,"_kadence_starter_templates_imported_post":false,"_kad_post_transparent":"","_kad_post_title":"","_kad_post_layout":"","_kad_post_sidebar_id":"","_kad_post_content_style":"","_kad_post_vertical_padding":"","_kad_post_feature":"","_kad_post_feature_position":"","_kad_post_header":false,"_kad_post_footer":false,"_kad_post_classname":""},"product_brand":[],"product_cat":[50],"product_tag":[33,35,36,37,48],"class_list":{"0":"post-5250","1":"product","2":"type-product","3":"status-publish","4":"has-post-thumbnail","6":"product_cat-schilder","7":"product_tag-aerospace","8":"product_tag-automobilindustrie","9":"product_tag-forschung","10":"product_tag-industriell","11":"product_tag-medizinische","13":"first","14":"instock","15":"shipping-taxable","16":"product-type-simple","17":"entry","18":"content-bg","19":"loop-entry"},"acf":[],"taxonomy_info":{"product_cat":[{"value":50,"label":"Schilder"}],"product_tag":[{"value":33,"label":"Aerospace"},{"value":35,"label":"Automobilindustrie"},{"value":36,"label":"Forschung und Entwicklung"},{"value":37,"label":"Industriell"},{"value":48,"label":"Medizinische"}]},"featured_image_src_large":["https:\/\/www.lasermet.com\/de\/wp-content\/uploads\/sites\/3\/2023\/05\/Warning_Sign_16281v2_german-1024x769.jpg",1024,769,true],"author_info":[],"comment_info":0,"_links":{"self":[{"href":"https:\/\/www.lasermet.com\/de\/wp-json\/wp\/v2\/product\/5250","targetHints":{"allow":["GET"]}}],"collection":[{"href":"https:\/\/www.lasermet.com\/de\/wp-json\/wp\/v2\/product"}],"about":[{"href":"https:\/\/www.lasermet.com\/de\/wp-json\/wp\/v2\/types\/product"}],"replies":[{"embeddable":true,"href":"https:\/\/www.lasermet.com\/de\/wp-json\/wp\/v2\/comments?post=5250"}],"wp:featuredmedia":[{"embeddable":true,"href":"https:\/\/www.lasermet.com\/de\/wp-json\/wp\/v2\/media\/8193"}],"wp:attachment":[{"href":"https:\/\/www.lasermet.com\/de\/wp-json\/wp\/v2\/media?parent=5250"}],"wp:term":[{"taxonomy":"product_brand","embeddable":true,"href":"https:\/\/www.lasermet.com\/de\/wp-json\/wp\/v2\/product_brand?post=5250"},{"taxonomy":"product_cat","embeddable":true,"href":"https:\/\/www.lasermet.com\/de\/wp-json\/wp\/v2\/product_cat?post=5250"},{"taxonomy":"product_tag","embeddable":true,"href":"https:\/\/www.lasermet.com\/de\/wp-json\/wp\/v2\/product_tag?post=5250"}],"curies":[{"name":"wp","href":"https:\/\/api.w.org\/{rel}","templated":true}]}}