{"id":5196,"date":"2023-02-14T12:51:19","date_gmt":"2023-02-14T12:51:19","guid":{"rendered":"https:\/\/www.lasermetgmbh.de\/?post_type=product&amp;p=5196"},"modified":"2023-02-14T12:51:19","modified_gmt":"2023-02-14T12:51:19","slug":"ics-buddy-tragbares-interlock-system","status":"publish","type":"product","link":"https:\/\/www.lasermet.com\/de\/laserschutzprodukte\/ics-buddy-tragbares-interlock-system\/","title":{"rendered":"ICS Buddy Tragbares Interlock-System"},"content":{"rendered":"\n<div class=\"wp-block-buttons is-layout-flex wp-block-buttons-is-layout-flex\">\n<div class=\"wp-block-button\"><a class=\"wp-block-button__link has-text-color has-background wp-element-button\" href=\"https:\/\/forms.monday.com\/forms\/2e9cfe3b4c170b7717185ed56aa2d6bd?r=use1\" style=\"color:#1d1f8c;background-color:#ffcc01\" rel=\"noopener\">Brosch\u00fcre herunterladen<\/a><\/div>\n<\/div>\n\n\n\n<div style=\"height:100px\" aria-hidden=\"true\" class=\"wp-block-spacer\"><\/div>\n\n\n\n<p>ICS Buddy spiegelt den ICS Interlock Controller wider und fungiert als zweiter Interlock Controller, den Sie \u00fcberallhin mitnehmen k\u00f6nnen. Das System besteht aus einem tragbaren Tablet und einer Erweiterungskarte, die in den ICS Interlock Controller eingebaut wird und eine drahtlose Wi-Fi-Verbindung zwischen dem Hauptcontroller und dem ICS Buddy erm\u00f6glicht.<\/p>\n\n\n\n<div style=\"height:20px\" aria-hidden=\"true\" class=\"wp-block-spacer\"><\/div>\n\n\n\n<div class=\"wp-block-columns is-layout-flex wp-container-core-columns-is-layout-9d6595d7 wp-block-columns-is-layout-flex\">\n<div class=\"wp-block-column is-vertically-aligned-center is-layout-flow wp-block-column-is-layout-flow\"><div class=\"wp-block-image\">\n<figure class=\"aligncenter size-full is-resized\"><img loading=\"lazy\" decoding=\"async\" src=\"https:\/\/www.lasermetgmbh.de\/wp-content\/uploads\/2023\/02\/ICS-Buddy-logo-300x114-1.jpeg\" alt=\"\" class=\"wp-image-5197\" width=\"300\" height=\"114\" \/><\/figure>\n<\/div><\/div>\n\n\n\n<div class=\"wp-block-column is-vertically-aligned-center is-layout-flow wp-block-column-is-layout-flow\"><div class=\"wp-block-image\">\n<figure class=\"aligncenter size-full is-resized\"><img loading=\"lazy\" decoding=\"async\" src=\"https:\/\/www.lasermetgmbh.de\/wp-content\/uploads\/2023\/02\/Portable-laser-interlock-controller-ICS-Buddy-FRONT-TAB-110k.jpeg\" alt=\"\" class=\"wp-image-5198\" width=\"468\" height=\"352\" srcset=\"https:\/\/www.lasermet.com\/de\/wp-content\/uploads\/sites\/3\/2023\/02\/Portable-laser-interlock-controller-ICS-Buddy-FRONT-TAB-110k.jpeg 624w, https:\/\/www.lasermet.com\/de\/wp-content\/uploads\/sites\/3\/2023\/02\/Portable-laser-interlock-controller-ICS-Buddy-FRONT-TAB-110k-300x225.jpeg 300w, https:\/\/www.lasermet.com\/de\/wp-content\/uploads\/sites\/3\/2023\/02\/Portable-laser-interlock-controller-ICS-Buddy-FRONT-TAB-110k-600x451.jpeg 600w\" sizes=\"auto, (max-width: 468px) 100vw, 468px\" \/><\/figure>\n<\/div><\/div>\n<\/div>\n\n\n\n<div style=\"height:20px\" aria-hidden=\"true\" class=\"wp-block-spacer\"><\/div>\n\n\n\n<h3 class=\"wp-block-heading\">Anzeige und Steuerung des Interlock Controllers aus der Ferne<\/h3>\n\n\n\n<p>Der Vorteil des ICS Buddy besteht darin, dass er mitgenommen werden kann, so dass der Benutzer an einem anderen Ort arbeiten kann und trotzdem die Kontrolle \u00fcber das im Labor stattfindende Experiment beh\u00e4lt.<\/p>\n\n\n\n<ul class=\"wp-block-list\">\n<li>Der Status der Verriegelungsschalter\/T\u00fcren und der angeschlossenen Laser und Shutter kann \u00fcberwacht werden.<\/li>\n\n\n\n<li>Die Rolll\u00e4den k\u00f6nnen ge\u00f6ffnet und geschlossen werden und der Laser kann aktiviert\/deaktiviert werden &#8211; alles aus der Ferne vom ICS Buddy aus.<\/li>\n\n\n\n<li>Laseranwender, die komplizierte Operationen oder Messungen im Labor durchf\u00fchren, werden die M\u00f6glichkeit, einen Shutter in einem anderen Teil des Labors oder der Baustelle zu \u00f6ffnen oder zu schlie\u00dfen, ohne anhalten und hin\u00fcbergehen zu m\u00fcssen, um eine \u00c4nderung vorzunehmen, als sehr n\u00fctzlich empfinden.<\/li>\n<\/ul>\n\n\n\n<div style=\"height:20px\" aria-hidden=\"true\" class=\"wp-block-spacer\"><\/div>\n\n\n\n<h3 class=\"wp-block-heading\">ICS Buddy mit der Laboransicht<\/h3>\n\n\n<div class=\"wp-block-image\">\n<figure class=\"alignright size-full\"><img loading=\"lazy\" decoding=\"async\" width=\"486\" height=\"447\" src=\"https:\/\/www.lasermetgmbh.de\/wp-content\/uploads\/2023\/02\/portable-interlock-labview-1LCAMenu-65k.jpeg\" alt=\"\" class=\"wp-image-5200\" srcset=\"https:\/\/www.lasermet.com\/de\/wp-content\/uploads\/sites\/3\/2023\/02\/portable-interlock-labview-1LCAMenu-65k.jpeg 486w, https:\/\/www.lasermet.com\/de\/wp-content\/uploads\/sites\/3\/2023\/02\/portable-interlock-labview-1LCAMenu-65k-300x276.jpeg 300w\" sizes=\"auto, (max-width: 486px) 100vw, 486px\" \/><figcaption class=\"wp-element-caption\">Lab View<\/figcaption><\/figure>\n<\/div>\n\n\n<p>Mit Lab View kann der ICS Buddy den gesamten Laborstatus f\u00fcr jeden Verriegelungsschalter, jeden Laser-Shutter und jedes LED-Warnschild \u00fcberwachen.<\/p>\n\n\n\n<p>Das Layout wird f\u00fcr jedes ICS Buddy-System individuell gestaltet und programmiert, um Ihre einzigartige Laborausstattung und -konfiguration zu ber\u00fccksichtigen.<\/p>\n\n\n\n<p>Lab View kann die Laser-Shutters, LED-Warnanzeigen und den Sicherheitsstatus aller Laborverriegelungen anzeigen.<\/p>\n\n\n\n<div style=\"height:20px\" aria-hidden=\"true\" class=\"wp-block-spacer\"><\/div>\n\n\n\n<div style=\"height:20px\" aria-hidden=\"true\" class=\"wp-block-spacer\"><\/div>\n\n\n\n<h3 class=\"wp-block-heading\">ICS Buddy mit Sicherheitslogik Plus<\/h3>\n\n\n<div class=\"wp-block-image\">\n<figure class=\"alignright size-full\"><img loading=\"lazy\" decoding=\"async\" width=\"480\" height=\"300\" src=\"https:\/\/www.lasermetgmbh.de\/wp-content\/uploads\/2023\/02\/ICS-buddy-interlock-SLPv158k.jpeg\" alt=\"\" class=\"wp-image-5201\" srcset=\"https:\/\/www.lasermet.com\/de\/wp-content\/uploads\/sites\/3\/2023\/02\/ICS-buddy-interlock-SLPv158k.jpeg 480w, https:\/\/www.lasermet.com\/de\/wp-content\/uploads\/sites\/3\/2023\/02\/ICS-buddy-interlock-SLPv158k-300x188.jpeg 300w\" sizes=\"auto, (max-width: 480px) 100vw, 480px\" \/><figcaption class=\"wp-element-caption\">Safety Logic Plus View<\/figcaption><\/figure>\n<\/div>\n\n\n<p>Safety Logic Plus ist das elektrische Logikgattersystem von Lasermet, das komplexe Labore mit einer Abfolge von logischen UND- und ODER-Gattern einrichtet, damit ein Laser sicher scharfgeschaltet werden kann.<\/p>\n\n\n\n<p>Safety Logic Plus ist ein ausgekl\u00fcgeltes, aber ausfallsicheres und praktisch veralterungsfreies Verriegelungsmanagementsystem, das aktuelle Technologien nutzt, um die logische Steuerung zu vereinfachen, die in Geb\u00e4uden mit mehreren Eing\u00e4ngen erforderlich ist, wenn diese im Laufe der Zeit h\u00e4ufig ge\u00e4ndert werden k\u00f6nnen.<\/p>\n\n\n\n<p>Das Sch\u00f6ne an diesem System ist, dass es keine SPS oder Software verwendet und folglich auch kein Betriebssystem hat. Damit entfallen praktisch alle Probleme, die mit der Veralterung des Systems w\u00e4hrend seiner mehr als 30-j\u00e4hrigen Lebensdauer verbunden sind.<\/p>\n\n\n\n<p>Safety Logic Plus ist ideal f\u00fcr komplexe Systeme mit zahlreichen Schaltern und Verriegelungen und bietet leicht nachvollziehbare logische Verbindungen.<\/p>\n\n\n\n<p>Der ICS Buddy kann sofort den Status aller Logikgatter im System anzeigen. Auf einen Blick k\u00f6nnen Sie die Verriegelungseing\u00e4nge \u00fcberwachen, was ein enormer Vorteil f\u00fcr die Lasersicherheit ist.<\/p>\n\n\n\n<div style=\"height:40px\" aria-hidden=\"true\" class=\"wp-block-spacer\"><\/div>\n\n\n\n<figure class=\"wp-block-embed is-type-video is-provider-youtube wp-block-embed-youtube wp-embed-aspect-16-9 wp-has-aspect-ratio\"><div class=\"wp-block-embed__wrapper\">\n<iframe loading=\"lazy\" title=\"ICS Buddy Portable Interlock Controller v2\" width=\"720\" height=\"405\" src=\"https:\/\/www.youtube.com\/embed\/VCjrSJw2wJM?feature=oembed\" frameborder=\"0\" allow=\"accelerometer; autoplay; clipboard-write; encrypted-media; gyroscope; picture-in-picture; web-share\" referrerpolicy=\"strict-origin-when-cross-origin\" allowfullscreen><\/iframe>\n<\/div><\/figure>\n\n\n\n<div style=\"height:40px\" aria-hidden=\"true\" class=\"wp-block-spacer\"><\/div>\n","protected":false},"excerpt":{"rendered":"<p>Das Interlock\u00ae Monitor- und Kontrolltablett, das Sie \u00fcberallhin mitnehmen k\u00f6nnen<\/p>\n<p>Der ICS Buddy ist der tragbare Interlock-Monitor und Controller von Lasermet, mit dem Sie den Status von Laser-Interlock-Controllern und Laser-Shuttern in einem Labor aus der Ferne einsehen und kontrollieren k\u00f6nnen.\u00a0<\/p>\n<ul>\n<li>Bietet tragbare Kontrolle<\/li>\n<li>Fernanzeige und Fernsteuerung von Laser-Shuttern<\/li>\n<li>Sehen Sie den Status des gesamten Labors aus der Ferne in Lab View<\/li>\n<li>Ideal f\u00fcr mehrere Verriegelungen, Shutters und LED-Warnschilder<\/li>\n<\/ul>\n","protected":false},"featured_media":7698,"comment_status":"closed","ping_status":"closed","template":"","meta":{"_acf_changed":false,"_kad_blocks_custom_css":"","_kad_blocks_head_custom_js":"","_kad_blocks_body_custom_js":"","_kad_blocks_footer_custom_js":"","_EventAllDay":false,"_EventTimezone":"","_EventStartDate":"","_EventEndDate":"","_EventStartDateUTC":"","_EventEndDateUTC":"","_EventShowMap":false,"_EventShowMapLink":false,"_EventURL":"","_EventCost":"","_EventCostDescription":"","_EventCurrencySymbol":"","_EventCurrencyCode":"","_EventCurrencyPosition":"","_EventDateTimeSeparator":"","_EventTimeRangeSeparator":"","_EventOrganizerID":[],"_EventVenueID":[],"_OrganizerEmail":"","_OrganizerPhone":"","_OrganizerWebsite":"","_VenueAddress":"","_VenueCity":"","_VenueCountry":"","_VenueProvince":"","_VenueState":"","_VenueZip":"","_VenuePhone":"","_VenueURL":"","_VenueStateProvince":"","_VenueLat":"","_VenueLng":"","_VenueShowMap":false,"_VenueShowMapLink":false,"_kadence_starter_templates_imported_post":false,"_kad_post_transparent":"","_kad_post_title":"","_kad_post_layout":"","_kad_post_sidebar_id":"","_kad_post_content_style":"","_kad_post_vertical_padding":"","_kad_post_feature":"","_kad_post_feature_position":"","_kad_post_header":false,"_kad_post_footer":false,"_kad_post_classname":""},"product_brand":[],"product_cat":[40],"product_tag":[36],"class_list":{"0":"post-5196","1":"product","2":"type-product","3":"status-publish","4":"has-post-thumbnail","6":"product_cat-interlock-kontrollsystem","7":"product_tag-forschung","9":"first","10":"instock","11":"shipping-taxable","12":"product-type-simple","13":"entry","14":"content-bg","15":"loop-entry"},"acf":[],"taxonomy_info":{"product_cat":[{"value":40,"label":"Interlock-Kontrollsystem"}],"product_tag":[{"value":36,"label":"Forschung und Entwicklung"}]},"featured_image_src_large":["https:\/\/www.lasermet.com\/de\/wp-content\/uploads\/sites\/3\/2023\/02\/ICS-buddy.png",500,500,false],"author_info":[],"comment_info":0,"_links":{"self":[{"href":"https:\/\/www.lasermet.com\/de\/wp-json\/wp\/v2\/product\/5196","targetHints":{"allow":["GET"]}}],"collection":[{"href":"https:\/\/www.lasermet.com\/de\/wp-json\/wp\/v2\/product"}],"about":[{"href":"https:\/\/www.lasermet.com\/de\/wp-json\/wp\/v2\/types\/product"}],"replies":[{"embeddable":true,"href":"https:\/\/www.lasermet.com\/de\/wp-json\/wp\/v2\/comments?post=5196"}],"wp:featuredmedia":[{"embeddable":true,"href":"https:\/\/www.lasermet.com\/de\/wp-json\/wp\/v2\/media\/7698"}],"wp:attachment":[{"href":"https:\/\/www.lasermet.com\/de\/wp-json\/wp\/v2\/media?parent=5196"}],"wp:term":[{"taxonomy":"product_brand","embeddable":true,"href":"https:\/\/www.lasermet.com\/de\/wp-json\/wp\/v2\/product_brand?post=5196"},{"taxonomy":"product_cat","embeddable":true,"href":"https:\/\/www.lasermet.com\/de\/wp-json\/wp\/v2\/product_cat?post=5196"},{"taxonomy":"product_tag","embeddable":true,"href":"https:\/\/www.lasermet.com\/de\/wp-json\/wp\/v2\/product_tag?post=5196"}],"curies":[{"name":"wp","href":"https:\/\/api.w.org\/{rel}","templated":true}]}}