{"id":513,"date":"2023-02-03T04:58:49","date_gmt":"2023-02-03T04:58:49","guid":{"rendered":"https:\/\/www.lasermetgmbh.de\/?post_type=product&#038;p=513"},"modified":"2025-06-02T05:27:38","modified_gmt":"2025-06-02T05:27:38","slug":"lucas-tischplatte-gehause","status":"publish","type":"product","link":"https:\/\/www.lasermet.com\/de\/laserschutzprodukte\/lucas-tischplatte-gehause\/","title":{"rendered":"Lucas Tischplatte Geh\u00e4use"},"content":{"rendered":"\n<div class=\"wp-block-buttons is-layout-flex wp-block-buttons-is-layout-flex\">\n<div class=\"wp-block-button\"><a class=\"wp-block-button__link has-text-color has-background wp-element-button\" href=\"https:\/\/forms.monday.com\/forms\/7dcf6c5cba1aeb1040c06511117fd189?r=use1\" style=\"color:#1d1f8c;background-color:#ffcc01\" rel=\"noopener\">Brosch\u00fcre herunterladen<\/a><\/div>\n<\/div>\n\n\n\n<div style=\"height:100px\" aria-hidden=\"true\" class=\"wp-block-spacer\"><\/div>\n\n\n\n<p>The Lucas Laser Castle<sup>\u00ae<\/sup>&nbsp;ist die Lasermet-L\u00f6sung f\u00fcr den Laserschutz von optischen Tischen. Das Lucas Table Top Enclosure passt problemlos auf optische Standardtische.<\/p>\n\n\n\n<ul class=\"wp-block-list\">\n<li>Flaches Paket f\u00fcr einfache Do-it-yourself-Montage und Installation<\/li>\n\n\n\n<li>Magnetische Endplatten f\u00fcr einfachen Zugang und Entfernung<\/li>\n\n\n\n<li>Das Geh\u00e4use sitzt auf Schienen, die am optischen Tisch befestigt sind, so dass entweder die innere oder die \u00e4u\u00dfere Einheit f\u00fcr den Zugang hin und her geschoben werden kann.<\/li>\n\n\n\n<li>Vollst\u00e4ndig konform mit den Laser-Sicherheitsstandards BS EN IEC 60825-1 und damit ein Produkt der Klasse 1 f\u00fcr Laser der Klasse 4<\/li>\n\n\n\n<li>Ausgestattet mit einem Zweikanal-Interlock\u00ae-Kontrollsystem mit LED-Warnanzeige<\/li>\n<\/ul>\n\n\n\n<div style=\"height:40px\" aria-hidden=\"true\" class=\"wp-block-spacer\"><\/div>\n\n\n\n<figure class=\"wp-block-embed is-type-video is-provider-youtube wp-block-embed-youtube wp-embed-aspect-16-9 wp-has-aspect-ratio\"><div class=\"wp-block-embed__wrapper\">\n<iframe loading=\"lazy\" title=\"Lucas Optical Table Laser Enclosure v1\" width=\"720\" height=\"405\" src=\"https:\/\/www.youtube.com\/embed\/bUHqG3gkZn0?feature=oembed\" frameborder=\"0\" allow=\"accelerometer; autoplay; clipboard-write; encrypted-media; gyroscope; picture-in-picture; web-share\" referrerpolicy=\"strict-origin-when-cross-origin\" allowfullscreen><\/iframe>\n<\/div><\/figure>\n\n\n\n<div style=\"height:100px\" aria-hidden=\"true\" class=\"wp-block-spacer\"><\/div>\n\n\n<div class=\"wp-block-image\">\n<figure class=\"alignright size-large is-resized\"><img loading=\"lazy\" decoding=\"async\" width=\"1024\" height=\"626\" src=\"https:\/\/www.lasermetgmbh.de\/wp-content\/uploads\/2023\/02\/lucas-600-1-2-ICS-9x-1024x626.jpeg\" alt=\"\" class=\"wp-image-515\" style=\"width:923px;height:565px\" srcset=\"https:\/\/www.lasermet.com\/de\/wp-content\/uploads\/sites\/3\/2023\/02\/lucas-600-1-2-ICS-9x-1024x626.jpeg 1024w, https:\/\/www.lasermet.com\/de\/wp-content\/uploads\/sites\/3\/2023\/02\/lucas-600-1-2-ICS-9x-300x183.jpeg 300w, https:\/\/www.lasermet.com\/de\/wp-content\/uploads\/sites\/3\/2023\/02\/lucas-600-1-2-ICS-9x-768x470.jpeg 768w, https:\/\/www.lasermet.com\/de\/wp-content\/uploads\/sites\/3\/2023\/02\/lucas-600-1-2-ICS-9x-600x367.jpeg 600w, https:\/\/www.lasermet.com\/de\/wp-content\/uploads\/sites\/3\/2023\/02\/lucas-600-1-2-ICS-9x.jpeg 1215w\" sizes=\"auto, (max-width: 1024px) 100vw, 1024px\" \/><\/figure>\n<\/div>\n\n\n<p><\/p>\n\n\n\n<p>Das Lucas-Geh\u00e4use wird mit Hilfe der Tischbefestigungsl\u00f6cher an den \u00e4u\u00dfersten Kanten auf Schienen an beiden Seiten des optischen Tisches befestigt.&nbsp; Dies bedeutet, dass nur ein Minimum an Platz auf dem Tisch ben\u00f6tigt wird.<\/p>\n\n\n\n<p>Im Inneren des Geh\u00e4uses befinden sich zwei Kabeleinl\u00e4sse, die f\u00fcr Laserkabel und andere vom Benutzer ben\u00f6tigte Dienste vorgesehen sind.<\/p>\n\n\n\n<p>F\u00fcr spezifische Anforderungen kontaktieren Sie Lasermet mit den Abmessungen des Tisches.<\/p>\n\n\n\n<div style=\"height:100px\" aria-hidden=\"true\" class=\"wp-block-spacer\"><\/div>\n\n\n\n<div class=\"wp-block-columns is-layout-flex wp-container-core-columns-is-layout-9d6595d7 wp-block-columns-is-layout-flex\">\n<div class=\"wp-block-column is-vertically-aligned-bottom is-layout-flow wp-block-column-is-layout-flow\"><div class=\"wp-block-image\">\n<figure class=\"aligncenter size-full is-resized\"><img loading=\"lazy\" decoding=\"async\" width=\"541\" height=\"391\" src=\"https:\/\/www.lasermetgmbh.de\/wp-content\/uploads\/2023\/02\/Lucas-optical-table-laser-castle-v1x.jpeg\" alt=\"\" class=\"wp-image-516\" style=\"width:382px;height:249px\" srcset=\"https:\/\/www.lasermet.com\/de\/wp-content\/uploads\/sites\/3\/2023\/02\/Lucas-optical-table-laser-castle-v1x.jpeg 541w, https:\/\/www.lasermet.com\/de\/wp-content\/uploads\/sites\/3\/2023\/02\/Lucas-optical-table-laser-castle-v1x-300x217.jpeg 300w\" sizes=\"auto, (max-width: 541px) 100vw, 541px\" \/><figcaption class=\"wp-element-caption\">Lucas Table Top Enclosure<\/figcaption><\/figure>\n<\/div><\/div>\n\n\n\n<div class=\"wp-block-column is-vertically-aligned-bottom is-layout-flow wp-block-column-is-layout-flow\"><div class=\"wp-block-image\">\n<figure class=\"aligncenter size-full is-resized\"><img loading=\"lazy\" decoding=\"async\" width=\"302\" height=\"210\" src=\"https:\/\/www.lasermetgmbh.de\/wp-content\/uploads\/2023\/02\/optical-table-cabin-internal.jpeg\" alt=\"\" class=\"wp-image-517\" style=\"width:400px;height:262px\" srcset=\"https:\/\/www.lasermet.com\/de\/wp-content\/uploads\/sites\/3\/2023\/02\/optical-table-cabin-internal.jpeg 302w, https:\/\/www.lasermet.com\/de\/wp-content\/uploads\/sites\/3\/2023\/02\/optical-table-cabin-internal-300x210.jpeg 300w\" sizes=\"auto, (max-width: 302px) 100vw, 302px\" \/><figcaption class=\"wp-element-caption\">Inside the Enclosure<\/figcaption><\/figure>\n<\/div><\/div>\n\n\n\n<div class=\"wp-block-column is-vertically-aligned-bottom is-layout-flow wp-block-column-is-layout-flow\">\n<figure class=\"wp-block-image size-full is-resized\"><img loading=\"lazy\" decoding=\"async\" width=\"622\" height=\"329\" src=\"https:\/\/www.lasermetgmbh.de\/wp-content\/uploads\/2023\/02\/table.jpeg\" alt=\"\" class=\"wp-image-518\" style=\"width:392px;height:276px\" srcset=\"https:\/\/www.lasermet.com\/de\/wp-content\/uploads\/sites\/3\/2023\/02\/table.jpeg 622w, https:\/\/www.lasermet.com\/de\/wp-content\/uploads\/sites\/3\/2023\/02\/table-300x159.jpeg 300w, https:\/\/www.lasermet.com\/de\/wp-content\/uploads\/sites\/3\/2023\/02\/table-600x317.jpeg 600w\" sizes=\"auto, (max-width: 622px) 100vw, 622px\" \/><figcaption class=\"wp-element-caption\">Typical optical table<\/figcaption><\/figure>\n<\/div>\n<\/div>\n\n\n\n<div style=\"height:100px\" aria-hidden=\"true\" class=\"wp-block-spacer\"><\/div>\n\n\n\n<p>F\u00fcr l\u00e4ngere und gr\u00f6\u00dfere optische Tische kann das Lucas Table Top Enclosure verdoppelt werden, um ein modulares Geh\u00e4use zu schaffen.<\/p>\n\n\n<div class=\"wp-block-image\">\n<figure class=\"aligncenter size-full is-resized\"><img loading=\"lazy\" decoding=\"async\" width=\"1024\" height=\"379\" src=\"https:\/\/www.lasermetgmbh.de\/wp-content\/uploads\/2023\/02\/lucas-600-2-4-ICS-9x-1024x379-1.jpeg\" alt=\"\" class=\"wp-image-519\" style=\"width:700px;height:284px\" srcset=\"https:\/\/www.lasermet.com\/de\/wp-content\/uploads\/sites\/3\/2023\/02\/lucas-600-2-4-ICS-9x-1024x379-1.jpeg 1024w, https:\/\/www.lasermet.com\/de\/wp-content\/uploads\/sites\/3\/2023\/02\/lucas-600-2-4-ICS-9x-1024x379-1-300x111.jpeg 300w, https:\/\/www.lasermet.com\/de\/wp-content\/uploads\/sites\/3\/2023\/02\/lucas-600-2-4-ICS-9x-1024x379-1-768x284.jpeg 768w, https:\/\/www.lasermet.com\/de\/wp-content\/uploads\/sites\/3\/2023\/02\/lucas-600-2-4-ICS-9x-1024x379-1-600x222.jpeg 600w\" sizes=\"auto, (max-width: 1024px) 100vw, 1024px\" \/><figcaption class=\"wp-element-caption\">Diagram of the Double Lucas Table Top Enclosure<\/figcaption><\/figure>\n<\/div>\n\n\n<div style=\"height:40px\" aria-hidden=\"true\" class=\"wp-block-spacer\"><\/div>\n\n\n\n<h6 class=\"wp-block-heading\">SPEZIFIKATIONEN<\/h6>\n\n\n\n<figure class=\"wp-block-table has-small-font-size\"><table><tbody><tr><td><strong>Interne H\u00f6he<\/strong><\/td><td>600 mm<\/td><\/tr><tr><td>Standardgr\u00f6\u00dfen<\/td><td>1.2 x 2 m<br>1.2 x 4 m<br>Custom sizes available upon request.<\/td><\/tr><\/tbody><\/table><\/figure>\n\n\n\n<div style=\"height:20px\" aria-hidden=\"true\" class=\"wp-block-spacer\"><\/div>\n\n\n\n<h6 class=\"wp-block-heading\">PEL RATINGS<\/h6>\n\n\n\n<p>Die folgenden Angaben beziehen sich auf das Lucas-Geh\u00e4use:<\/p>\n\n\n\n<figure class=\"wp-block-table has-small-font-size\"><table><tbody><tr><td><strong>Bestrahlte Fl\u00e4che<\/strong><\/td><td><strong>PEL (T3) 10s<\/strong><\/td><td><strong>PEL (T2) 100s<\/strong><\/td><\/tr><tr><td>4 mm\u00b2<\/td><td>62 MW\/m\u00b2<\/td><td>35 MW\/m\u00b2<\/td><\/tr><tr><td>2000 mm\u00b2<\/td><td>0.6 MW\/m\u00b2<\/td><td>0.35 MW\/m\u00b2<\/td><\/tr><\/tbody><\/table><\/figure>\n","protected":false},"excerpt":{"rendered":"<header class=\"entry-header\">\n<p><strong>Optisches Tischgeh\u00e4use<\/strong><\/p>\n<p>Das Lucas Laser Castle\u00ae ist ein vollst\u00e4ndig geschlossenes optisches Tischgeh\u00e4use f\u00fcr Lasersicherheit, das auf Schienen an einem optischen Tisch befestigt wird.<\/p>\n<ul>\n<li>Klasse 1-Geh\u00e4use f\u00fcr Laser der Klasse 4<\/li>\n<li>Zertifiziert nach EN 60825-1 und ANSI Z136.1<\/li>\n<li>CE- und UKCA-gekennzeichnet<\/li>\n<\/ul>\n<\/header>\n","protected":false},"featured_media":7707,"comment_status":"closed","ping_status":"closed","template":"","meta":{"_acf_changed":false,"_kad_blocks_custom_css":"","_kad_blocks_head_custom_js":"","_kad_blocks_body_custom_js":"","_kad_blocks_footer_custom_js":"","_EventAllDay":false,"_EventTimezone":"","_EventStartDate":"","_EventEndDate":"","_EventStartDateUTC":"","_EventEndDateUTC":"","_EventShowMap":false,"_EventShowMapLink":false,"_EventURL":"","_EventCost":"","_EventCostDescription":"","_EventCurrencySymbol":"","_EventCurrencyCode":"","_EventCurrencyPosition":"","_EventDateTimeSeparator":"","_EventTimeRangeSeparator":"","_EventOrganizerID":[],"_EventVenueID":[],"_OrganizerEmail":"","_OrganizerPhone":"","_OrganizerWebsite":"","_VenueAddress":"","_VenueCity":"","_VenueCountry":"","_VenueProvince":"","_VenueState":"","_VenueZip":"","_VenuePhone":"","_VenueURL":"","_VenueStateProvince":"","_VenueLat":"","_VenueLng":"","_VenueShowMap":false,"_VenueShowMapLink":false,"_kadence_starter_templates_imported_post":false,"_kad_post_transparent":"","_kad_post_title":"","_kad_post_layout":"","_kad_post_sidebar_id":"","_kad_post_content_style":"","_kad_post_vertical_padding":"","_kad_post_feature":"","_kad_post_feature_position":"","_kad_post_header":false,"_kad_post_footer":false,"_kad_post_classname":""},"product_brand":[],"product_cat":[46],"product_tag":[36],"class_list":{"0":"post-513","1":"product","2":"type-product","3":"status-publish","4":"has-post-thumbnail","6":"product_cat-laserschutzkabinen","7":"product_tag-forschung","9":"first","10":"instock","11":"shipping-taxable","12":"product-type-simple","13":"entry","14":"content-bg","15":"loop-entry"},"acf":[],"taxonomy_info":{"product_cat":[{"value":46,"label":"Laserschutzkabinen"}],"product_tag":[{"value":36,"label":"Forschung und Entwicklung"}]},"featured_image_src_large":["https:\/\/www.lasermet.com\/de\/wp-content\/uploads\/sites\/3\/2023\/02\/Lucas-TT.png",500,500,false],"author_info":[],"comment_info":0,"_links":{"self":[{"href":"https:\/\/www.lasermet.com\/de\/wp-json\/wp\/v2\/product\/513","targetHints":{"allow":["GET"]}}],"collection":[{"href":"https:\/\/www.lasermet.com\/de\/wp-json\/wp\/v2\/product"}],"about":[{"href":"https:\/\/www.lasermet.com\/de\/wp-json\/wp\/v2\/types\/product"}],"replies":[{"embeddable":true,"href":"https:\/\/www.lasermet.com\/de\/wp-json\/wp\/v2\/comments?post=513"}],"wp:featuredmedia":[{"embeddable":true,"href":"https:\/\/www.lasermet.com\/de\/wp-json\/wp\/v2\/media\/7707"}],"wp:attachment":[{"href":"https:\/\/www.lasermet.com\/de\/wp-json\/wp\/v2\/media?parent=513"}],"wp:term":[{"taxonomy":"product_brand","embeddable":true,"href":"https:\/\/www.lasermet.com\/de\/wp-json\/wp\/v2\/product_brand?post=513"},{"taxonomy":"product_cat","embeddable":true,"href":"https:\/\/www.lasermet.com\/de\/wp-json\/wp\/v2\/product_cat?post=513"},{"taxonomy":"product_tag","embeddable":true,"href":"https:\/\/www.lasermet.com\/de\/wp-json\/wp\/v2\/product_tag?post=513"}],"curies":[{"name":"wp","href":"https:\/\/api.w.org\/{rel}","templated":true}]}}