{"id":507,"date":"2023-02-02T13:37:15","date_gmt":"2023-02-02T13:37:15","guid":{"rendered":"https:\/\/www.lasermetgmbh.de\/?post_type=product&amp;p=507"},"modified":"2023-02-02T13:37:15","modified_gmt":"2023-02-02T13:37:15","slug":"laser-castle-lite","status":"publish","type":"product","link":"https:\/\/www.lasermet.com\/de\/laserschutzprodukte\/laser-castle-lite\/","title":{"rendered":"Laser Castle Lite"},"content":{"rendered":"\n<div class=\"wp-block-buttons is-layout-flex wp-block-buttons-is-layout-flex\">\n<div class=\"wp-block-button\"><a class=\"wp-block-button__link has-text-color has-background wp-element-button\" href=\"https:\/\/forms.monday.com\/forms\/cd7793ce6eb2745881be3b3282230583?r=use1\" style=\"color:#1d1f8c;background-color:#ffcc01\" rel=\"noopener\">Brosch\u00fcre herunterladen<\/a><\/div>\n<\/div>\n\n\n\n<div style=\"height:40px\" aria-hidden=\"true\" class=\"wp-block-spacer\"><\/div>\n\n\n\n<h3 class=\"wp-block-heading\">Laser Castle L\u00f6sung<\/h3>\n\n\n\n<p>Das Laser Castle Lite besteht aus demselben Material wie das Standard-Laser Castle, das den Austritt von Laserstrahlung verhindert und so die Sicherheit der Mitarbeiter gew\u00e4hrleistet. W\u00e4hrend das Laser Castle eine Sonderanfertigung f\u00fcr permanente Installationen ist, ist das Laser Castle Lite ein tragbares, modulares Geh\u00e4use zum Selbstbau, das vor Ort schnell aufgestellt und wieder abgebaut werden kann.<\/p>\n\n\n\n<p>Das Standardgeh\u00e4use verf\u00fcgt \u00fcber eine manuell zu bedienende Einzelt\u00fcr und ein offenes Dach zur Bel\u00fcftung.<\/p>\n\n\n\n<div style=\"height:20px\" aria-hidden=\"true\" class=\"wp-block-spacer\"><\/div>\n\n\n<div class=\"wp-block-image\">\n<figure class=\"aligncenter size-full is-resized\"><img loading=\"lazy\" decoding=\"async\" src=\"https:\/\/www.lasermetgmbh.de\/wp-content\/uploads\/2023\/02\/Laser-Castle-Lite-logo-low-cost-v2x.jpeg\" alt=\"\" class=\"wp-image-509\" width=\"394\" height=\"118\" srcset=\"https:\/\/www.lasermet.com\/de\/wp-content\/uploads\/sites\/3\/2023\/02\/Laser-Castle-Lite-logo-low-cost-v2x.jpeg 469w, https:\/\/www.lasermet.com\/de\/wp-content\/uploads\/sites\/3\/2023\/02\/Laser-Castle-Lite-logo-low-cost-v2x-300x90.jpeg 300w\" sizes=\"auto, (max-width: 394px) 100vw, 394px\" \/><\/figure>\n<\/div>\n\n\n<div style=\"height:20px\" aria-hidden=\"true\" class=\"wp-block-spacer\"><\/div>\n\n\n\n<h6 class=\"wp-block-heading\">INTERLOCK\u00ae OPTIONEN<\/h6>\n\n\n\n<p>F\u00fcr das Laser Castle Lite gibt es eine Interlock\u00ae Upgrade-Option mit Sicherheitsverriegelungsschaltern, einem LED-Warnschild mit zwei Meldungen, Notausschaltern und einer T\u00fcrverriegelung &#8211; alles verbunden mit einem Interlock\u00ae Controller.<\/p>\n\n\n\n<div style=\"height:20px\" aria-hidden=\"true\" class=\"wp-block-spacer\"><\/div>\n\n\n\n<h6 class=\"wp-block-heading\">ANWENDUNGEN<\/h6>\n\n\n\n<p>Das Laser Castle Lite ist ideal f\u00fcr die Unterbringung kleinerer Laserschwei\u00dfarbeiten, einschlie\u00dflich Laserrobotern, die durch die Verwendung von Lasern der Klasse 4 gesch\u00fctzt werden m\u00fcssen.<\/p>\n\n\n\n<div style=\"height:20px\" aria-hidden=\"true\" class=\"wp-block-spacer\"><\/div>\n\n\n\n<h6 class=\"wp-block-heading\">PEL-BEWERTUNGEN F\u00dcR LASER CASTLE PASSIVE GUARDING PANELS<\/h6>\n\n\n\n<figure class=\"wp-block-table has-small-font-size\"><table><tbody><tr><td><strong>Bestrahlte Fl\u00e4che<\/strong><\/td><td><strong>PEL (T3) 10 S<\/strong><\/td><td><strong>PEL (T2) 100 S<\/strong><\/td><\/tr><tr><td>4 mm\u00b2<\/td><td>62 MW\/m\u00b2<\/td><td>35 MW\/m\u00b2<\/td><\/tr><tr><td>2000 mm\u00b2<\/td><td>3.1 MW\/m\u00b2<\/td><td>1.7 MW\/m\u00b2<\/td><\/tr><\/tbody><\/table><\/figure>\n\n\n\n<div style=\"height:20px\" aria-hidden=\"true\" class=\"wp-block-spacer\"><\/div>\n\n\n\n<h6 class=\"wp-block-heading\">BUILD GUIDE<\/h6>\n\n\n\n<p>Sehen Sie sich diese Videoanleitung an, um Ihr eigenes Laser Castle Lite in einer Stunde oder weniger einzurichten.<\/p>\n\n\n\n<figure class=\"wp-block-video aligncenter\"><video height=\"375\" style=\"aspect-ratio: 557 \/ 375;\" width=\"557\" controls src=\"https:\/\/www.lasermetgmbh.de\/wp-content\/uploads\/2023\/03\/LCL-Animation-1.mp4\"><\/video><\/figure>\n\n\n\n<div style=\"height:20px\" aria-hidden=\"true\" class=\"wp-block-spacer\"><\/div>\n\n\n\n<h6 class=\"wp-block-heading\">ABMESSUNGEN<\/h6>\n\n\n\n<p>Laser Castle Lite Kabinen sind 2,4 m hoch und haben folgende Standardgr\u00f6\u00dfen:<\/p>\n\n\n\n<ul class=\"wp-block-list\">\n<li>2m x 2m<\/li>\n\n\n\n<li>2m x 3m<\/li>\n\n\n\n<li>3m x 3m<\/li>\n<\/ul>\n\n\n\n<div style=\"height:20px\" aria-hidden=\"true\" class=\"wp-block-spacer\"><\/div>\n\n\n\n<div class=\"wp-block-columns is-layout-flex wp-container-core-columns-is-layout-9d6595d7 wp-block-columns-is-layout-flex\">\n<div class=\"wp-block-column is-layout-flow wp-block-column-is-layout-flow\">\n<figure class=\"wp-block-image size-full\"><img loading=\"lazy\" decoding=\"async\" width=\"500\" height=\"500\" src=\"https:\/\/www.lasermetgmbh.de\/wp-content\/uploads\/2023\/02\/Laser-Castle-Lite-B.png\" alt=\"\" class=\"wp-image-5604\" srcset=\"https:\/\/www.lasermet.com\/de\/wp-content\/uploads\/sites\/3\/2023\/02\/Laser-Castle-Lite-B.png 500w, https:\/\/www.lasermet.com\/de\/wp-content\/uploads\/sites\/3\/2023\/02\/Laser-Castle-Lite-B-300x300.png 300w, https:\/\/www.lasermet.com\/de\/wp-content\/uploads\/sites\/3\/2023\/02\/Laser-Castle-Lite-B-150x150.png 150w, https:\/\/www.lasermet.com\/de\/wp-content\/uploads\/sites\/3\/2023\/02\/Laser-Castle-Lite-B-100x100.png 100w\" sizes=\"auto, (max-width: 500px) 100vw, 500px\" \/><figcaption class=\"wp-element-caption\">2x2m Laser Castle Lite<\/figcaption><\/figure>\n<\/div>\n\n\n\n<div class=\"wp-block-column is-layout-flow wp-block-column-is-layout-flow\">\n<figure class=\"wp-block-image size-full\"><img loading=\"lazy\" decoding=\"async\" width=\"500\" height=\"500\" src=\"https:\/\/www.lasermetgmbh.de\/wp-content\/uploads\/2023\/02\/Laser-Castle-Lite-D.png\" alt=\"\" class=\"wp-image-5605\" srcset=\"https:\/\/www.lasermet.com\/de\/wp-content\/uploads\/sites\/3\/2023\/02\/Laser-Castle-Lite-D.png 500w, https:\/\/www.lasermet.com\/de\/wp-content\/uploads\/sites\/3\/2023\/02\/Laser-Castle-Lite-D-300x300.png 300w, https:\/\/www.lasermet.com\/de\/wp-content\/uploads\/sites\/3\/2023\/02\/Laser-Castle-Lite-D-150x150.png 150w, https:\/\/www.lasermet.com\/de\/wp-content\/uploads\/sites\/3\/2023\/02\/Laser-Castle-Lite-D-100x100.png 100w\" sizes=\"auto, (max-width: 500px) 100vw, 500px\" \/><figcaption class=\"wp-element-caption\">3x3m Laser Castle Lite<\/figcaption><\/figure>\n<\/div>\n<\/div>\n\n\n\n<div style=\"height:20px\" aria-hidden=\"true\" class=\"wp-block-spacer\"><\/div>\n\n\n\n<h3 class=\"wp-block-heading\">Bestelloptionen<\/h3>\n\n\n\n<p>Zus\u00e4tzlich zu den oben genannten Standardgr\u00f6\u00dfen k\u00f6nnen weitere Kits f\u00fcr zus\u00e4tzliche Funktionalit\u00e4t bestellt werden.<\/p>\n\n\n\n<figure class=\"wp-block-table has-small-font-size\"><table><tbody><tr><td><strong>Produkt<\/strong><\/td><td><strong>Einschl\u00fcsse<\/strong><\/td><\/tr><tr><td>Laser Castle Lite<\/td><td>Standard Passive Guarding Kabine ohne Verriegelung<\/td><\/tr><tr><td>Laser Castle Lite with Interlock\u00ae System<\/td><td>Standard Passive Guarding Cabin mit ICS-SOLO Interlock\u00ae Controller, T\u00fcrverriegelung, T\u00fcrverriegelungsschalter, LED-Warnschild, Not-Aus-Tasten<\/td><\/tr><tr><td>Laser Castle Lite with ALF Helmet and Interlock\u00ae System <\/td><td>Standard-Passivschutzkabine mit ICS-7-ALF oder ICS-SOLO Interlock\u00ae Controller, Einzel- oder Doppel-ALF-Helm, T\u00fcrverriegelung, T\u00fcrverriegelungsschalter, LED-Warnschild, Not-Aus-Tasten<\/td><\/tr><\/tbody><\/table><\/figure>\n","protected":false},"excerpt":{"rendered":"<header class=\"entry-header\">\n<h6 class=\"entry-title\">Selbstbau-Laserschutzkabine<\/h6>\n<p>Das Laser Castle Lite ist eine Miniaturversion der Laser Castle Cabin von Lasermet zum Selbstbau. Das Laser Castle Lite ist ein kosteng\u00fcnstiges, modulares Geh\u00e4use, das einfach zu bauen und vor Ort aufzustellen ist.<\/header>\n<header><\/header>\n<ul>\n<li>Ideal f\u00fcr handgehaltene Laser und kleine Laserroboter<\/li>\n<li>Interlock\u00ae bereit<\/li>\n<li>Kosteng\u00fcnstige modulare Sicherheitsl\u00f6sung<\/li>\n<li>Selbstmontage<\/li>\n<\/ul>\n<header class=\"entry-header\"><\/header>\n","protected":false},"featured_media":8138,"comment_status":"closed","ping_status":"closed","template":"","meta":{"_acf_changed":false,"_kad_blocks_custom_css":"","_kad_blocks_head_custom_js":"","_kad_blocks_body_custom_js":"","_kad_blocks_footer_custom_js":"","_EventAllDay":false,"_EventTimezone":"","_EventStartDate":"","_EventEndDate":"","_EventStartDateUTC":"","_EventEndDateUTC":"","_EventShowMap":false,"_EventShowMapLink":false,"_EventURL":"","_EventCost":"","_EventCostDescription":"","_EventCurrencySymbol":"","_EventCurrencyCode":"","_EventCurrencyPosition":"","_EventDateTimeSeparator":"","_EventTimeRangeSeparator":"","_EventOrganizerID":[],"_EventVenueID":[],"_OrganizerEmail":"","_OrganizerPhone":"","_OrganizerWebsite":"","_VenueAddress":"","_VenueCity":"","_VenueCountry":"","_VenueProvince":"","_VenueState":"","_VenueZip":"","_VenuePhone":"","_VenueURL":"","_VenueStateProvince":"","_VenueLat":"","_VenueLng":"","_VenueShowMap":false,"_VenueShowMapLink":false,"_kadence_starter_templates_imported_post":false,"_kad_post_transparent":"","_kad_post_title":"","_kad_post_layout":"","_kad_post_sidebar_id":"","_kad_post_content_style":"","_kad_post_vertical_padding":"","_kad_post_feature":"","_kad_post_feature_position":"","_kad_post_header":false,"_kad_post_footer":false,"_kad_post_classname":""},"product_brand":[],"product_cat":[46],"product_tag":[33,35,36,37],"class_list":{"0":"post-507","1":"product","2":"type-product","3":"status-publish","4":"has-post-thumbnail","6":"product_cat-laserschutzkabinen","7":"product_tag-aerospace","8":"product_tag-automobilindustrie","9":"product_tag-forschung","10":"product_tag-industriell","12":"first","13":"instock","14":"shipping-taxable","15":"product-type-simple","16":"entry","17":"content-bg","18":"loop-entry"},"acf":[],"taxonomy_info":{"product_cat":[{"value":46,"label":"Laserschutzkabinen"}],"product_tag":[{"value":33,"label":"Aerospace"},{"value":35,"label":"Automobilindustrie"},{"value":36,"label":"Forschung und Entwicklung"},{"value":37,"label":"Industriell"}]},"featured_image_src_large":["https:\/\/www.lasermet.com\/de\/wp-content\/uploads\/sites\/3\/2023\/02\/Laser-Castle-Lite-2.png",500,500,false],"author_info":[],"comment_info":0,"_links":{"self":[{"href":"https:\/\/www.lasermet.com\/de\/wp-json\/wp\/v2\/product\/507","targetHints":{"allow":["GET"]}}],"collection":[{"href":"https:\/\/www.lasermet.com\/de\/wp-json\/wp\/v2\/product"}],"about":[{"href":"https:\/\/www.lasermet.com\/de\/wp-json\/wp\/v2\/types\/product"}],"replies":[{"embeddable":true,"href":"https:\/\/www.lasermet.com\/de\/wp-json\/wp\/v2\/comments?post=507"}],"wp:featuredmedia":[{"embeddable":true,"href":"https:\/\/www.lasermet.com\/de\/wp-json\/wp\/v2\/media\/8138"}],"wp:attachment":[{"href":"https:\/\/www.lasermet.com\/de\/wp-json\/wp\/v2\/media?parent=507"}],"wp:term":[{"taxonomy":"product_brand","embeddable":true,"href":"https:\/\/www.lasermet.com\/de\/wp-json\/wp\/v2\/product_brand?post=507"},{"taxonomy":"product_cat","embeddable":true,"href":"https:\/\/www.lasermet.com\/de\/wp-json\/wp\/v2\/product_cat?post=507"},{"taxonomy":"product_tag","embeddable":true,"href":"https:\/\/www.lasermet.com\/de\/wp-json\/wp\/v2\/product_tag?post=507"}],"curies":[{"name":"wp","href":"https:\/\/api.w.org\/{rel}","templated":true}]}}