{"id":500,"date":"2023-02-02T13:31:00","date_gmt":"2023-02-02T13:31:00","guid":{"rendered":"https:\/\/www.lasermetgmbh.de\/?post_type=product&amp;p=500"},"modified":"2023-02-02T13:31:00","modified_gmt":"2023-02-02T13:31:00","slug":"laser-castle","status":"publish","type":"product","link":"https:\/\/www.lasermet.com\/de\/laserschutzprodukte\/laser-castle\/","title":{"rendered":"Laser Castle"},"content":{"rendered":"\n<div class=\"wp-block-buttons is-layout-flex wp-block-buttons-is-layout-flex\">\n<div class=\"wp-block-button\"><a class=\"wp-block-button__link has-text-color has-background wp-element-button\" href=\"https:\/\/forms.monday.com\/forms\/f31161e3941142970f8a73ce533ec8a3?r=use1\" style=\"color:#1d1f8c;background-color:#ffcc01\" rel=\"noopener\">Brosch\u00fcre herunterladen<\/a><\/div>\n<\/div>\n\n\n\n<div style=\"height:100px\" aria-hidden=\"true\" class=\"wp-block-spacer\"><\/div>\n\n\n\n<p>Die passive Laserschutzkabine Laser Castle wird mit dem Interlock\u00ae-Kontrollsystem von Lasermet geliefert, das LED-Warnschilder, Interlock\u00ae-Controller, Verriegelungsschalter und T\u00fcrmagnetschl\u00f6sser, akustische Warnsignale (optional) und ein HD CCTV-System (optional) umfasst. Eine aufger\u00fcstete Version des Laser Castle umfasst das Laser Jailer System, um ein aktives Schutzgeh\u00e4use zu schaffen.<\/p>\n\n\n\n<p>Das System ist mit einer Rauchabsaugung und einem Beleuchtungspaket ausgestattet und stellt somit eine kosteng\u00fcnstige und \u00e4u\u00dferst einfache Methode dar, um das Lasersystem gem\u00e4\u00df den internationalen Lasersicherheitsstandards zu umschlie\u00dfen.<\/p>\n\n\n\n<p>Das System besteht aus einem Geh\u00e4use aus Paneelen, die aus passivem, lasersicherheitskonformem Material bestehen und nach der Laserschutznorm EN IEC 60825-4 zertifiziert sind. Die Paneele werden miteinander verbunden (einschlie\u00dflich eines Daches), um die Einhausung zu bilden.<\/p>\n\n\n\n<div style=\"height:20px\" aria-hidden=\"true\" class=\"wp-block-spacer\"><\/div>\n\n\n\n<p><strong>T\u00dcREN<\/strong><\/p>\n\n\n\n<p>Der Zugang zum Geh\u00e4use erfolgt \u00fcber T\u00fcren, die aus unseren speziellen Laserblockierplatten bestehen. Es sind mehrere T\u00fcrvarianten erh\u00e4ltlich, darunter einfache oder doppelte Schiebet\u00fcren, die maximalen Zugang bei minimalem Platzbedarf bieten. Einzelne oder doppelte Fl\u00fcgelt\u00fcren sind ebenfalls erh\u00e4ltlich.<\/p>\n\n\n\n<div style=\"height:20px\" aria-hidden=\"true\" class=\"wp-block-spacer\"><\/div>\n\n\n\n<p><strong>BELEUCHTETES WARNSCHILD<\/strong><\/p>\n\n\n\n<p>Ein zweifarbiges LED-Laserwarnschild \u00fcber der T\u00fcr zeigt den Status des Lasers an, der von der Interlock\u00ae-Steuerung gesteuert wird. Auf dem LED-Schild, einschlie\u00dflich des Laserwarndreiecks, steht rot leuchtend &#8222;Gefahr Laser Ein&#8220;, wenn der Laser eingeschaltet ist, und gr\u00fcn leuchtend &#8222;Keine Gefahr Laser Aus&#8220;, wenn der Laser ausgeschaltet ist.<\/p>\n\n\n\n<div style=\"height:20px\" aria-hidden=\"true\" class=\"wp-block-spacer\"><\/div>\n\n\n\n<p><strong>HD CCTV-\u00dcBERWACHUNGSSYSTEM<\/strong><\/p>\n\n\n\n<p>Ein CCTV-System kann zusammen mit dem Geh\u00e4use installiert werden. Entweder eine oder zwei ferngesteuerte Kameras arbeiten innerhalb des Geh\u00e4uses und \u00fcbertragen das Video auf den\/die Videomonitor(en) au\u00dferhalb des Geh\u00e4uses. Wenn zwei Kameras installiert sind, k\u00f6nnen die Videomonitore mit Hilfe eines Joysticks so gesteuert werden, dass sie die Ansicht einer der beiden Kameras zeigen.<\/p>\n\n\n\n<div style=\"height:20px\" aria-hidden=\"true\" class=\"wp-block-spacer\"><\/div>\n\n\n\n<p><strong>ELEKTRISCHES SYSTEM<\/strong><\/p>\n\n\n\n<p>Die elektrische Verkabelung wird in Einschlusskan\u00e4len im Inneren des Geh\u00e4uses verlegt. Das Laser Castle und das Laser-Sicherheits-Interlock\u00ae-System werden von Lasermet entwickelt, hergestellt und installiert.<\/p>\n\n\n\n<div style=\"height:20px\" aria-hidden=\"true\" class=\"wp-block-spacer\"><\/div>\n\n\n\n<p><strong>EINFACHER STANDORTWECHSEL<\/strong><\/p>\n\n\n\n<p>Da es sich um ein leichtes, modulares Design handelt, kann das Geh\u00e4use demontiert, an einen anderen Ort gebracht und sehr schnell wieder aufgebaut werden. Durch die standardisierten Platten kann auch die Gr\u00f6\u00dfe des Geh\u00e4uses ge\u00e4ndert werden. Dies ist eine ideale, flexible und leichte L\u00f6sung f\u00fcr die sich schnell ver\u00e4ndernde Umgebung von heute.<\/p>\n\n\n\n<div style=\"height:20px\" aria-hidden=\"true\" class=\"wp-block-spacer\"><\/div>\n\n\n\n<h6 class=\"wp-block-heading\">AKTIVE BEWACHUNG LASER JAILER\u00ae UPGRADE<\/h6>\n\n\n\n<p>Die passive Kabine kann zu einer aktiven Laserschutzkabine aufger\u00fcstet werden, indem Sie das Laser Jailer\u00ae Active Laser Guarding System einsetzen. Dieses patentierte modulare System verf\u00fcgt \u00fcber aktive Detektorpaneele, die die Innenw\u00e4nde und das Dach der Kabine bedecken, um Einschl\u00e4ge von Hochleistungslaserstrahlen zu erkennen. In diesem Fall isoliert die ausfallsichere Technologie von Lasermet den Lasersicherheitseingang in weniger als 50 ms. Die Lasermaschine reagiert auf dieses Laserabschaltsignal und die Laserstrahlung wird abgeschaltet.<\/p>\n\n\n\n<div style=\"height:20px\" aria-hidden=\"true\" class=\"wp-block-spacer\"><\/div>\n\n\n\n<p><strong>ANWENDUNGEN<\/strong><\/p>\n\n\n\n<p>Die Kabinen sind ideal f\u00fcr Laserschwei\u00dfroboter, die untergebracht werden m\u00fcssen, da sie in der Regel 4kW-Laser f\u00fcr ihre Arbeit verwenden. Es k\u00f6nnen auch Laser mit h\u00f6herer Leistung untergebracht werden, z.B. 10kW oder 20kW.<\/p>\n\n\n\n<div style=\"height:20px\" aria-hidden=\"true\" class=\"wp-block-spacer\"><\/div>\n\n\n\n<div class=\"wp-block-columns is-layout-flex wp-container-core-columns-is-layout-9d6595d7 wp-block-columns-is-layout-flex\">\n<div class=\"wp-block-column is-layout-flow wp-block-column-is-layout-flow\">\n<h6 class=\"wp-block-heading\">LASER SCHLOSS INSTALLATIONEN<\/h6>\n\n\n\n<p>Das Laser Castle kann ganz nach Ihren W\u00fcnschen gestaltet und gebaut werden.<\/p>\n<\/div>\n\n\n\n<div class=\"wp-block-column is-layout-flow wp-block-column-is-layout-flow\">\n<figure class=\"wp-block-image size-full\"><img loading=\"lazy\" decoding=\"async\" width=\"530\" height=\"404\" src=\"https:\/\/www.lasermetgmbh.de\/wp-content\/uploads\/2023\/02\/Fiber-laser-welding-safety-cell-141k.jpeg\" alt=\"\" class=\"wp-image-502\" srcset=\"https:\/\/www.lasermet.com\/de\/wp-content\/uploads\/sites\/3\/2023\/02\/Fiber-laser-welding-safety-cell-141k.jpeg 530w, https:\/\/www.lasermet.com\/de\/wp-content\/uploads\/sites\/3\/2023\/02\/Fiber-laser-welding-safety-cell-141k-300x229.jpeg 300w\" sizes=\"auto, (max-width: 530px) 100vw, 530px\" \/><figcaption class=\"wp-element-caption\"> <\/figcaption><\/figure>\n\n\n\n<figure class=\"wp-block-image size-full\"><img loading=\"lazy\" decoding=\"async\" width=\"511\" height=\"403\" src=\"https:\/\/www.lasermetgmbh.de\/wp-content\/uploads\/2023\/02\/Laser-Castle-V8-2021v4-175k.jpeg\" alt=\"\" class=\"wp-image-501\" srcset=\"https:\/\/www.lasermet.com\/de\/wp-content\/uploads\/sites\/3\/2023\/02\/Laser-Castle-V8-2021v4-175k.jpeg 511w, https:\/\/www.lasermet.com\/de\/wp-content\/uploads\/sites\/3\/2023\/02\/Laser-Castle-V8-2021v4-175k-300x237.jpeg 300w\" sizes=\"auto, (max-width: 511px) 100vw, 511px\" \/><figcaption class=\"wp-element-caption\"> <\/figcaption><\/figure>\n<\/div>\n\n\n\n<div class=\"wp-block-column is-layout-flow wp-block-column-is-layout-flow\">\n<figure class=\"wp-block-image size-full\"><img loading=\"lazy\" decoding=\"async\" width=\"620\" height=\"405\" src=\"https:\/\/www.lasermetgmbh.de\/wp-content\/uploads\/2023\/02\/Laser-cabin-with-turntable.jpeg\" alt=\"\" class=\"wp-image-503\" srcset=\"https:\/\/www.lasermet.com\/de\/wp-content\/uploads\/sites\/3\/2023\/02\/Laser-cabin-with-turntable.jpeg 620w, https:\/\/www.lasermet.com\/de\/wp-content\/uploads\/sites\/3\/2023\/02\/Laser-cabin-with-turntable-300x196.jpeg 300w, https:\/\/www.lasermet.com\/de\/wp-content\/uploads\/sites\/3\/2023\/02\/Laser-cabin-with-turntable-600x392.jpeg 600w\" sizes=\"auto, (max-width: 620px) 100vw, 620px\" \/><figcaption class=\"wp-element-caption\"> <\/figcaption><\/figure>\n\n\n\n<figure class=\"wp-block-image size-full\"><img loading=\"lazy\" decoding=\"async\" width=\"386\" height=\"403\" src=\"https:\/\/www.lasermetgmbh.de\/wp-content\/uploads\/2023\/02\/Basic-laser-safety-cabin.jpeg\" alt=\"\" class=\"wp-image-505\" srcset=\"https:\/\/www.lasermet.com\/de\/wp-content\/uploads\/sites\/3\/2023\/02\/Basic-laser-safety-cabin.jpeg 386w, https:\/\/www.lasermet.com\/de\/wp-content\/uploads\/sites\/3\/2023\/02\/Basic-laser-safety-cabin-287x300.jpeg 287w\" sizes=\"auto, (max-width: 386px) 100vw, 386px\" \/><figcaption class=\"wp-element-caption\"> <\/figcaption><\/figure>\n<\/div>\n<\/div>\n\n\n\n<div style=\"height:20px\" aria-hidden=\"true\" class=\"wp-block-spacer\"><\/div>\n\n\n\n<h3 class=\"wp-block-heading\">Compliance und Sicherheitsstandards<\/h3>\n\n\n\n<h6 class=\"wp-block-heading\">PEL RATINGS <\/h6>\n\n\n\n<p>Die PEL-Werte f\u00fcr die Passivkabine sind unten aufgef\u00fchrt.<\/p>\n\n\n\n<figure class=\"wp-block-table has-small-font-size\"><table><tbody><tr><td><strong>BESTRAHLTE FL\u00c4CHE<\/strong><\/td><td><strong>PEL (T3) 10 S<\/strong><\/td><td><strong>PEL (T2) 100 S<\/strong><\/td><\/tr><tr><td>4 mm\u00b2<\/td><td>310 MW\/m\u00b2<\/td><td>170 MW\/m\u00b2<\/td><\/tr><tr><td>2000 mm\u00b2<\/td><td>3.1 MW\/m\u00b2<\/td><td>1.7 MW\/m\u00b2<\/td><\/tr><\/tbody><\/table><\/figure>\n\n\n\n<div style=\"height:20px\" aria-hidden=\"true\" class=\"wp-block-spacer\"><\/div>\n\n\n\n<p><strong>SPEZIFIKATION ZU DEN LASER-SICHERHEITSSTANDARDS ANSI Z136.1 UND IEC 60825-1<\/strong><\/p>\n\n\n\n<p>Um die Lasersicherheitsanforderungen der ANSI Z136.1 und IEC 60825-1 zu erf\u00fcllen, ben\u00f6tigt das Geh\u00e4use ein Sicherheits-Interlock\u00ae-Steuersystem mit entsprechenden Warnschildern &#8211; beides wird von Lasermet entwickelt und hergestellt.<\/p>\n\n\n\n<div style=\"height:20px\" aria-hidden=\"true\" class=\"wp-block-spacer\"><\/div>\n\n\n\n<p><strong>KONFORMIT\u00c4T MIT EN ISO 13849-1 SICHERHEIT VON MASCHINEN: SICHERHEITSBEZOGENE TEILE VON STEUERUNGSSYSTEMEN<\/strong><\/p>\n\n\n\n<p>Die Interlock\u00ae-Steuerungssysteme ICS-9 und ICS-7-OEM von Lasermet erf\u00fcllen die Leistungsstufe e (PLe) der ISO 13849-1 und sind ideal f\u00fcr die Einhaltung der geforderten Laser-Sicherheitsnorm.<\/p>\n\n\n\n<div style=\"height:20px\" aria-hidden=\"true\" class=\"wp-block-spacer\"><\/div>\n\n\n\n<h3 class=\"wp-block-heading\">Control of Substances Hazardous to Health (COSHH)<\/h3>\n\n\n\n<p><strong>FEUER<\/strong><\/p>\n\n\n\n<p>Ein Feuer kann im Anfangsstadium leicht gel\u00f6scht werden, wenn es schnell mit einem Wasser-, CO2-, Trockenpulver- oder BCF-Feuerl\u00f6scher bek\u00e4mpft wird.<\/p>\n\n\n\n<p><strong>RAUCH UND D\u00c4MPFE<\/strong><\/p>\n\n\n\n<p>Brennende Platten setzen Kohlenmonoxid und Styrolgas frei. Die abgegebene Menge ist geringer als die, die bei Vergleichstests von Holz und anderen traditionellen Baumaterialien emittiert wird. Die Rauchentwicklung bei der Verbrennung von Paneelen ist \u00e4hnlich wie bei jedem anderen Bau-, Dekorations- oder Verpackungsmaterial.<\/p>\n\n\n\n<p><strong>REINIGUNG UND PFLEGE VON PANEELEN<\/strong><\/p>\n\n\n\n<p>Die Platten k\u00f6nnen mit frischem Wasser aus einem Schlauch oder einem Eimer abgewaschen werden. Das Wasser kann auf 60\u00b0C erhitzt werden. Starke Verschmutzungen k\u00f6nnen Sie mit einer L\u00f6sung aus Frischwasser und nicht aggressivem Reinigungsmittel entfernen und anschlie\u00dfend mit Frischwasser nachsp\u00fclen.<\/p>\n\n\n\n<div style=\"height:20px\" aria-hidden=\"true\" class=\"wp-block-spacer\"><\/div>\n\n\n\n<p><strong>CE-ZERTIFIZIERTE LASERABTRENNUNGEN<\/strong><\/p>\n\n\n\n<p>Wir liefern auch CE-zertifizierte Laserabtrennungen mit oder ohne T\u00fcren, um ein Laserlabor in zwei oder mehr Bereiche zu unterteilen. Diese semi-permanenten Trennw\u00e4nde sind kosteng\u00fcnstig und extrem schnell zu installieren, ohne das Chaos und die Aufregung, die mit dem Bau einer Ziegel- oder Gipskartonwand verbunden sind. Damit bieten sie eine Alternative zu herk\u00f6mmlichen Methoden der Raumaufteilung und k\u00f6nnen bei Bedarf zu einem sp\u00e4teren Zeitpunkt leicht wieder r\u00fcckg\u00e4ngig gemacht werden. Sie k\u00f6nnen aber auch als permanente Installation belassen werden.<\/p>\n\n\n\n<p>Alle Laser-Sicherheitstrennw\u00e4nde sind nach EN 60825-4 getestet und zertifiziert.<\/p>\n","protected":false},"excerpt":{"rendered":"<p><strong>Passive Laserschutzkabine<\/strong><\/p>\n<p>Die Laser Castle\u00ae Laserschutzkabinen von Lasermet sch\u00fctzen das Personal vor den Gefahren hochenergetischer Laserstrahlen, indem sie die Laserenergie in den speziell entwickelten W\u00e4nden und dem Dach absorbieren. Diese modularen, raumgro\u00dfen Kabinen der Klasse 1 sind nach internationalen Laserschutzstandards getestet und zertifiziert und k\u00f6nnen von Lasermet schnell entworfen, gebaut und installiert werden.<\/p>\n<ul>\n<li>Schnell zu bauende modulare Laserschutzkabinen<\/li>\n<li>Passive Klasse-1-Kabinen f\u00fcr Laser der Klasse 4<\/li>\n<li>CE-zertifiziert nach EN IEC 60825-4 Sicherheit von Laserprodukten &#8211; Teil 4 &#8211; Laserschutzeinrichtungen<\/li>\n<\/ul>\n","protected":false},"featured_media":7681,"comment_status":"closed","ping_status":"closed","template":"","meta":{"_acf_changed":false,"_kad_blocks_custom_css":"","_kad_blocks_head_custom_js":"","_kad_blocks_body_custom_js":"","_kad_blocks_footer_custom_js":"","_EventAllDay":false,"_EventTimezone":"","_EventStartDate":"","_EventEndDate":"","_EventStartDateUTC":"","_EventEndDateUTC":"","_EventShowMap":false,"_EventShowMapLink":false,"_EventURL":"","_EventCost":"","_EventCostDescription":"","_EventCurrencySymbol":"","_EventCurrencyCode":"","_EventCurrencyPosition":"","_EventDateTimeSeparator":"","_EventTimeRangeSeparator":"","_EventOrganizerID":[],"_EventVenueID":[],"_OrganizerEmail":"","_OrganizerPhone":"","_OrganizerWebsite":"","_VenueAddress":"","_VenueCity":"","_VenueCountry":"","_VenueProvince":"","_VenueState":"","_VenueZip":"","_VenuePhone":"","_VenueURL":"","_VenueStateProvince":"","_VenueLat":"","_VenueLng":"","_VenueShowMap":false,"_VenueShowMapLink":false,"_kadence_starter_templates_imported_post":false,"_kad_post_transparent":"","_kad_post_title":"","_kad_post_layout":"","_kad_post_sidebar_id":"","_kad_post_content_style":"","_kad_post_vertical_padding":"","_kad_post_feature":"","_kad_post_feature_position":"","_kad_post_header":false,"_kad_post_footer":false,"_kad_post_classname":""},"product_brand":[],"product_cat":[46],"product_tag":[33,35,36,37],"class_list":{"0":"post-500","1":"product","2":"type-product","3":"status-publish","4":"has-post-thumbnail","6":"product_cat-laserschutzkabinen","7":"product_tag-aerospace","8":"product_tag-automobilindustrie","9":"product_tag-forschung","10":"product_tag-industriell","12":"first","13":"instock","14":"shipping-taxable","15":"product-type-simple","16":"entry","17":"content-bg","18":"loop-entry"},"acf":[],"taxonomy_info":{"product_cat":[{"value":46,"label":"Laserschutzkabinen"}],"product_tag":[{"value":33,"label":"Aerospace"},{"value":35,"label":"Automobilindustrie"},{"value":36,"label":"Forschung und Entwicklung"},{"value":37,"label":"Industriell"}]},"featured_image_src_large":["https:\/\/www.lasermet.com\/de\/wp-content\/uploads\/sites\/3\/2023\/02\/Laser-Castle-D.png",500,500,false],"author_info":[],"comment_info":0,"_links":{"self":[{"href":"https:\/\/www.lasermet.com\/de\/wp-json\/wp\/v2\/product\/500","targetHints":{"allow":["GET"]}}],"collection":[{"href":"https:\/\/www.lasermet.com\/de\/wp-json\/wp\/v2\/product"}],"about":[{"href":"https:\/\/www.lasermet.com\/de\/wp-json\/wp\/v2\/types\/product"}],"replies":[{"embeddable":true,"href":"https:\/\/www.lasermet.com\/de\/wp-json\/wp\/v2\/comments?post=500"}],"wp:featuredmedia":[{"embeddable":true,"href":"https:\/\/www.lasermet.com\/de\/wp-json\/wp\/v2\/media\/7681"}],"wp:attachment":[{"href":"https:\/\/www.lasermet.com\/de\/wp-json\/wp\/v2\/media?parent=500"}],"wp:term":[{"taxonomy":"product_brand","embeddable":true,"href":"https:\/\/www.lasermet.com\/de\/wp-json\/wp\/v2\/product_brand?post=500"},{"taxonomy":"product_cat","embeddable":true,"href":"https:\/\/www.lasermet.com\/de\/wp-json\/wp\/v2\/product_cat?post=500"},{"taxonomy":"product_tag","embeddable":true,"href":"https:\/\/www.lasermet.com\/de\/wp-json\/wp\/v2\/product_tag?post=500"}],"curies":[{"name":"wp","href":"https:\/\/api.w.org\/{rel}","templated":true}]}}