{"id":495,"date":"2023-02-02T13:17:20","date_gmt":"2023-02-02T13:17:20","guid":{"rendered":"https:\/\/www.lasermetgmbh.de\/?post_type=product&amp;p=495"},"modified":"2023-02-02T13:17:20","modified_gmt":"2023-02-02T13:17:20","slug":"orcatina-laserschutzvorhang","status":"publish","type":"product","link":"https:\/\/www.lasermet.com\/de\/laserschutzprodukte\/orcatina-laserschutzvorhang\/","title":{"rendered":"Orcatina Laserschutzvorhang"},"content":{"rendered":"\n<div class=\"wp-block-buttons is-layout-flex wp-block-buttons-is-layout-flex\">\n<div class=\"wp-block-button\"><a class=\"wp-block-button__link has-text-color has-background wp-element-button\" href=\"https:\/\/forms.monday.com\/forms\/91172af65186984a437b51524b3c1f0c?r=use1\" style=\"color:#1d1f8c;background-color:#ffcc01\" rel=\"noopener\">Brosch\u00fcre herunterladen<\/a><\/div>\n<\/div>\n\n\n\n<div style=\"height:100px\" aria-hidden=\"true\" class=\"wp-block-spacer\"><\/div>\n\n\n<div class=\"wp-block-image\">\n<figure class=\"alignright size-full is-resized\"><img loading=\"lazy\" decoding=\"async\" src=\"https:\/\/www.lasermetgmbh.de\/wp-content\/uploads\/2023\/02\/Orcatina-laser-safety-concertina-curtain-end-view-4.jpeg\" alt=\"\" class=\"wp-image-496\" width=\"220\" height=\"464\" srcset=\"https:\/\/www.lasermet.com\/de\/wp-content\/uploads\/sites\/3\/2023\/02\/Orcatina-laser-safety-concertina-curtain-end-view-4.jpeg 288w, https:\/\/www.lasermet.com\/de\/wp-content\/uploads\/sites\/3\/2023\/02\/Orcatina-laser-safety-concertina-curtain-end-view-4-142x300.jpeg 142w\" sizes=\"auto, (max-width: 220px) 100vw, 220px\" \/><figcaption class=\"wp-element-caption\">Der Orcatina Laserschutzvorhang ist hier rechts in schwarz abgebildet, w\u00e4hrend konventionelles Material (in diesem Fall blau) links abgebildet ist.<\/figcaption><\/figure>\n<\/div>\n\n\n<p>Die Orcatina Laserschutzvorh\u00e4nge, die auch als Ziehharmonika-Vorh\u00e4nge bekannt sind, haben einen Faltstil mit einem durchgehenden und konsistenten Faltenmuster, das nicht nur zum Schutz vor Laserstrahlung, sondern auch als Raumtrenner und zur Schalld\u00e4mmung von au\u00dfen verwendet werden kann.<\/p>\n\n\n\n<p>Der Orcatina besteht aus zwei Seiten eines separaten Materials &#8211; die eine ist das zertifizierte Orca Laser Blocking Material von Lasermet und die andere ist ein Stoff, der schick aussieht und zur Schalld\u00e4mmung beitr\u00e4gt.<\/p>\n\n\n\n<p>Um das erforderliche Schutzniveau zu gew\u00e4hrleisten, sind die Orcatina Laserschutzvorh\u00e4nge von Lasermet als passiver Schutz konzipiert, um einen Bereich abzuschirmen, in dem Laser der Klassen 3B oder 4 verwendet werden, entweder zum Schutz vor versehentlichem Kontakt mit dem Laserstrahl oder zur langfristigen Blockierung von Laserstrahlung bei niedrigeren Leistungsdichten.<\/p>\n\n\n\n<div style=\"height:20px\" aria-hidden=\"true\" class=\"wp-block-spacer\"><\/div>\n\n\n\n<p><strong>KOMPAKTE L\u00d6SUNG<\/strong><\/p>\n\n\n\n<p>Die gefalteten Orcatina-Vorh\u00e4nge ben\u00f6tigen nur ein Minimum an Platz, wenn sie zur\u00fcckgezogen sind. Es gibt keine Bodenschienen, da die Vorh\u00e4nge nur von der oberen Schienenkonstruktion an der Decke getragen werden.<\/p>\n\n\n\n<p><strong>SICHERHEITSSPEZIFIKATION<\/strong><\/p>\n\n\n\n<p>Die Vorh\u00e4nge sind aus dem Orca Laser-Blocking-Material von Lasermet mit den einheitlichen PEL-Einstufungen f\u00fcr unterschiedliche Leistungsdichten und Zeitr\u00e4ume hergestellt. Sie sind selbstverst\u00e4ndlich nach BS EN IEC 60825-4 zertifiziert.<\/p>\n\n\n\n<div style=\"height:20px\" aria-hidden=\"true\" class=\"wp-block-spacer\"><\/div>\n\n\n\n<figure class=\"wp-block-table has-small-font-size\"><table><tbody><tr><td><strong>Bestrahlte Fl\u00e4che<\/strong><\/td><td><strong>PEL (T3) 10S<\/strong><\/td><td><strong>PEL (T2) 100S<\/strong><\/td><\/tr><tr><td>4mm\u00b2<\/td><td>3.9 MW\/m\u00b2<\/td><td>2.2 MW\/m\u00b2<\/td><\/tr><tr><td>2000mm\u00b2<\/td><td>0.62 MW\/m\u00b2<\/td><td>0.35 MW\/m\u00b2<\/td><\/tr><\/tbody><\/table><\/figure>\n\n\n\n<div style=\"height:20px\" aria-hidden=\"true\" class=\"wp-block-spacer\"><\/div>\n","protected":false},"excerpt":{"rendered":"<p><strong>Lasergest\u00fctztes Raumtrennungssystem<\/strong><\/p>\n<p>Orcatina Laserschutzvorh\u00e4nge sind die Antwort von Lasermet auf die Frage, wie man das Personal vor Laserstrahlen sch\u00fctzen kann, indem man ein kompaktes und sauberes Vorhangsystem verwendet, das eine Pantographenstruktur im Faltmechanismus nutzt.<\/p>\n","protected":false},"featured_media":8336,"comment_status":"closed","ping_status":"closed","template":"","meta":{"_acf_changed":false,"_kad_blocks_custom_css":"","_kad_blocks_head_custom_js":"","_kad_blocks_body_custom_js":"","_kad_blocks_footer_custom_js":"","_EventAllDay":false,"_EventTimezone":"","_EventStartDate":"","_EventEndDate":"","_EventStartDateUTC":"","_EventEndDateUTC":"","_EventShowMap":false,"_EventShowMapLink":false,"_EventURL":"","_EventCost":"","_EventCostDescription":"","_EventCurrencySymbol":"","_EventCurrencyCode":"","_EventCurrencyPosition":"","_EventDateTimeSeparator":"","_EventTimeRangeSeparator":"","_EventOrganizerID":[],"_EventVenueID":[],"_OrganizerEmail":"","_OrganizerPhone":"","_OrganizerWebsite":"","_VenueAddress":"","_VenueCity":"","_VenueCountry":"","_VenueProvince":"","_VenueState":"","_VenueZip":"","_VenuePhone":"","_VenueURL":"","_VenueStateProvince":"","_VenueLat":"","_VenueLng":"","_VenueShowMap":false,"_VenueShowMapLink":false,"_kadence_starter_templates_imported_post":false,"_kad_post_transparent":"","_kad_post_title":"","_kad_post_layout":"","_kad_post_sidebar_id":"","_kad_post_content_style":"","_kad_post_vertical_padding":"","_kad_post_feature":"","_kad_post_feature_position":"","_kad_post_header":false,"_kad_post_footer":false,"_kad_post_classname":""},"product_brand":[],"product_cat":[47],"product_tag":[36,48],"class_list":{"0":"post-495","1":"product","2":"type-product","3":"status-publish","4":"has-post-thumbnail","6":"product_cat-laserschutzvorhang","7":"product_tag-forschung","8":"product_tag-medizinische","10":"first","11":"instock","12":"shipping-taxable","13":"product-type-simple","14":"entry","15":"content-bg","16":"loop-entry"},"acf":[],"taxonomy_info":{"product_cat":[{"value":47,"label":"Laserschutzvorhang"}],"product_tag":[{"value":36,"label":"Forschung und Entwicklung"},{"value":48,"label":"Medizinische"}]},"featured_image_src_large":["https:\/\/www.lasermet.com\/de\/wp-content\/uploads\/sites\/3\/2023\/02\/Orcatina-2.png",500,500,false],"author_info":[],"comment_info":0,"_links":{"self":[{"href":"https:\/\/www.lasermet.com\/de\/wp-json\/wp\/v2\/product\/495","targetHints":{"allow":["GET"]}}],"collection":[{"href":"https:\/\/www.lasermet.com\/de\/wp-json\/wp\/v2\/product"}],"about":[{"href":"https:\/\/www.lasermet.com\/de\/wp-json\/wp\/v2\/types\/product"}],"replies":[{"embeddable":true,"href":"https:\/\/www.lasermet.com\/de\/wp-json\/wp\/v2\/comments?post=495"}],"wp:featuredmedia":[{"embeddable":true,"href":"https:\/\/www.lasermet.com\/de\/wp-json\/wp\/v2\/media\/8336"}],"wp:attachment":[{"href":"https:\/\/www.lasermet.com\/de\/wp-json\/wp\/v2\/media?parent=495"}],"wp:term":[{"taxonomy":"product_brand","embeddable":true,"href":"https:\/\/www.lasermet.com\/de\/wp-json\/wp\/v2\/product_brand?post=495"},{"taxonomy":"product_cat","embeddable":true,"href":"https:\/\/www.lasermet.com\/de\/wp-json\/wp\/v2\/product_cat?post=495"},{"taxonomy":"product_tag","embeddable":true,"href":"https:\/\/www.lasermet.com\/de\/wp-json\/wp\/v2\/product_tag?post=495"}],"curies":[{"name":"wp","href":"https:\/\/api.w.org\/{rel}","templated":true}]}}