{"id":488,"date":"2023-02-02T13:10:23","date_gmt":"2023-02-02T13:10:23","guid":{"rendered":"https:\/\/www.lasermetgmbh.de\/?post_type=product&amp;p=488"},"modified":"2023-02-02T13:10:23","modified_gmt":"2023-02-02T13:10:23","slug":"dolphin-pod-laserschutzvorhang","status":"publish","type":"product","link":"https:\/\/www.lasermet.com\/de\/laserschutzprodukte\/dolphin-pod-laserschutzvorhang\/","title":{"rendered":"Dolphin Pod Laserschutzvorhang"},"content":{"rendered":"\n<div class=\"wp-block-buttons is-layout-flex wp-block-buttons-is-layout-flex\">\n<div class=\"wp-block-button\"><a class=\"wp-block-button__link has-text-color has-background wp-element-button\" href=\"https:\/\/forms.monday.com\/forms\/f3dfe7001ca2bcdbf7232666c76d0c6b?r=use1\" style=\"color:#1d1f8c;background-color:#ffcc01\" rel=\"noopener\">Brosch\u00fcre herunterladen<\/a><\/div>\n<\/div>\n\n\n\n<div style=\"height:100px\" aria-hidden=\"true\" class=\"wp-block-spacer\"><\/div>\n\n\n\n<p><strong>Selbstgefertigte L\u00f6sung<\/strong><\/p>\n\n\n\n<p>Der Dolphin Laserschutzvorhang-Pod ist aus Lasermets Dolphin Laserschutzvorhang-Material gebaut &#8211; zertifiziert nach EN 12254 Abschirmungen f\u00fcr Laserarbeitspl\u00e4tze.<\/p>\n\n\n\n<p>Der Dolphin Pod ist ein 2,4 m (8 ft) gro\u00dfer W\u00fcrfel, der Laserschutzvorh\u00e4nge tr\u00e4gt, damit die Benutzer von handgef\u00fchrten Laserschwei\u00dfger\u00e4ten arbeiten k\u00f6nnen, ohne die umliegenden Arbeiter durch Streustrahlung zu gef\u00e4hrden. Er wird als kosteng\u00fcnstiger, selbst zusammenbaubarer W\u00fcrfel in Flachbauweise geliefert, um den Transport und die Montage durch den Kunden zu erleichtern. Das bedeutet, dass es bei Bedarf auch schnell und einfach demontiert und an einem anderen Ort wieder aufgebaut werden kann.<\/p>\n\n\n\n<p>Das Standardgeh\u00e4use ist mit einer manuell zu bedienenden Vorhangt\u00fcr und einem offenen Dach zur Bel\u00fcftung ausgestattet.<\/p>\n\n\n<div class=\"wp-block-image\">\n<figure class=\"aligncenter size-full\"><img loading=\"lazy\" decoding=\"async\" width=\"666\" height=\"375\" src=\"https:\/\/www.lasermetgmbh.de\/wp-content\/uploads\/2023\/02\/Dolphin-Pod-Logo-edited.png\" alt=\"\" class=\"wp-image-5622\" srcset=\"https:\/\/www.lasermet.com\/de\/wp-content\/uploads\/sites\/3\/2023\/02\/Dolphin-Pod-Logo-edited.png 666w, https:\/\/www.lasermet.com\/de\/wp-content\/uploads\/sites\/3\/2023\/02\/Dolphin-Pod-Logo-edited-300x169.png 300w, https:\/\/www.lasermet.com\/de\/wp-content\/uploads\/sites\/3\/2023\/02\/Dolphin-Pod-Logo-edited-600x338.png 600w\" sizes=\"auto, (max-width: 666px) 100vw, 666px\" \/><\/figure>\n<\/div>\n\n\n<div style=\"height:20px\" aria-hidden=\"true\" class=\"wp-block-spacer\"><\/div>\n\n\n\n<p><strong>INTERLOCK\u00ae-OPTIONEN<\/strong><\/p>\n\n\n\n<p>F\u00fcr den Dolphin Pod gibt es eine Interlock\u00ae Upgrade-Option mit Sicherheitsverriegelungsschaltern, einer LED-Warnanzeige mit zwei Meldungen und Notausschaltern &#8211; alles verbunden mit einem Interlock\u00ae Controller.<\/p>\n\n\n\n<div style=\"height:20px\" aria-hidden=\"true\" class=\"wp-block-spacer\"><\/div>\n\n\n\n<h6 class=\"wp-block-heading\">SCHUTZSTUFEN<\/h6>\n\n\n\n<figure class=\"wp-block-table has-small-font-size\"><table><tbody><tr><td><strong>Wellenl\u00e4ngenbereich (nm)<\/strong><\/td><td><strong>Schutzstufe<\/strong><\/td><\/tr><tr><td>180 \u2013 315<\/td><td>D AB8 + IR AB3 + M AB5Y<\/td><\/tr><tr><td>315 \u2013 1050<\/td><td>D AB6 + IR AB7 + M AB7Y<\/td><\/tr><tr><td>1050 \u2013 1400<\/td><td>D AB5 + IR AB7 + M AB7Y<\/td><\/tr><tr><td>1400 \u2013 25000<\/td><td>DI AB3 + R AB3Y<\/td><\/tr><\/tbody><\/table><\/figure>\n\n\n\n<div style=\"height:20px\" aria-hidden=\"true\" class=\"wp-block-spacer\"><\/div>\n\n\n\n<h6 class=\"wp-block-heading\">ABMESSUNGEN<\/h6>\n\n\n\n<p>Die Dolphin Pod-Geh\u00e4use werden in einem 2,4 x 2,4 x 2,4 gro\u00dfen W\u00fcrfel geliefert.<\/p>\n\n\n\n<div style=\"height:20px\" aria-hidden=\"true\" class=\"wp-block-spacer\"><\/div>\n\n\n\n<h3 class=\"wp-block-heading\">Bestelloptionen<\/h3>\n\n\n\n<p>Zus\u00e4tzliche Kits k\u00f6nnen f\u00fcr zus\u00e4tzliche Funktionen bestellt werden..<\/p>\n\n\n\n<figure class=\"wp-block-table has-small-font-size\"><table><tbody><tr><td><strong>Produkt<\/strong><\/td><td><strong>Inklusive<\/strong><\/td><\/tr><tr><td>Dolphin Laser Safety Curtain Pod<\/td><td>Standard-Geh\u00e4use mit Vorhang ohne Verriegelung<\/td><\/tr><tr><td>Dolphin Laser Safety Curtain Pod with Interlock\u00ae System<\/td><td>Standard Curtain Enclosure with ICS-SOLO Interlock\u00ae Controller, interlock switch, LED warning sign, emergency stop buttons<\/td><\/tr><tr><td>Dolphin Laser Safety Curtain Pod with ALF Helmet and Interlock\u00ae System<\/td><td>Standard Curtain Enclosure with ICS-7-ALF or ICS-SOLO Interlock\u00ae Controller, Single or Dual ALF Helmet, interlock switch, LED warning sign, emergency stop buttons<\/td><\/tr><\/tbody><\/table><\/figure>\n\n\n\n<div style=\"height:20px\" aria-hidden=\"true\" class=\"wp-block-spacer\"><\/div>\n\n\n\n<div style=\"height:20px\" aria-hidden=\"true\" class=\"wp-block-spacer\"><\/div>\n\n\n\n<div class=\"wp-block-columns is-layout-flex wp-container-core-columns-is-layout-9d6595d7 wp-block-columns-is-layout-flex\">\n<div class=\"wp-block-column is-layout-flow wp-block-column-is-layout-flow\" style=\"flex-basis:50%\">\n<figure class=\"wp-block-image size-full\"><img loading=\"lazy\" decoding=\"async\" width=\"484\" height=\"363\" src=\"https:\/\/www.lasermetgmbh.de\/wp-content\/uploads\/2023\/02\/Inside-the-laser-welding-pod-v1.jpeg\" alt=\"\" class=\"wp-image-489\" srcset=\"https:\/\/www.lasermet.com\/de\/wp-content\/uploads\/sites\/3\/2023\/02\/Inside-the-laser-welding-pod-v1.jpeg 484w, https:\/\/www.lasermet.com\/de\/wp-content\/uploads\/sites\/3\/2023\/02\/Inside-the-laser-welding-pod-v1-300x225.jpeg 300w\" sizes=\"auto, (max-width: 484px) 100vw, 484px\" \/><figcaption class=\"wp-element-caption\">Das Dolphin-Material ist auf beiden Seiten schwarz<\/figcaption><\/figure>\n\n\n\n<div style=\"height:20px\" aria-hidden=\"true\" class=\"wp-block-spacer\"><\/div>\n\n\n\n<figure class=\"wp-block-image size-full\"><img loading=\"lazy\" decoding=\"async\" width=\"403\" height=\"302\" src=\"https:\/\/www.lasermetgmbh.de\/wp-content\/uploads\/2023\/02\/laser-welding-pod-door-access.jpeg\" alt=\"\" class=\"wp-image-493\" srcset=\"https:\/\/www.lasermet.com\/de\/wp-content\/uploads\/sites\/3\/2023\/02\/laser-welding-pod-door-access.jpeg 403w, https:\/\/www.lasermet.com\/de\/wp-content\/uploads\/sites\/3\/2023\/02\/laser-welding-pod-door-access-300x225.jpeg 300w\" sizes=\"auto, (max-width: 403px) 100vw, 403px\" \/><figcaption class=\"wp-element-caption\">Eine Seite des Geh\u00e4uses dient als Zugangst\u00fcr, die mit einer Verriegelung versehen ist, die den Laser deaktiviert, wenn sie ge\u00f6ffnet oder nicht verriegelt ist. Das LED-Warnschild zeigt den Status des Lasers an.<\/figcaption><\/figure>\n<\/div>\n\n\n\n<div class=\"wp-block-column is-layout-flow wp-block-column-is-layout-flow\" style=\"flex-basis:25%\">\n<figure class=\"wp-block-image size-full\"><img loading=\"lazy\" decoding=\"async\" width=\"306\" height=\"408\" src=\"https:\/\/www.lasermetgmbh.de\/wp-content\/uploads\/2023\/02\/ICS-Solo-in-Dolphin-pod-v1-edited.jpeg\" alt=\"\" class=\"wp-image-5627\" srcset=\"https:\/\/www.lasermet.com\/de\/wp-content\/uploads\/sites\/3\/2023\/02\/ICS-Solo-in-Dolphin-pod-v1-edited.jpeg 306w, https:\/\/www.lasermet.com\/de\/wp-content\/uploads\/sites\/3\/2023\/02\/ICS-Solo-in-Dolphin-pod-v1-edited-225x300.jpeg 225w\" sizes=\"auto, (max-width: 306px) 100vw, 306px\" \/><figcaption class=\"wp-element-caption\">Im Inneren des Pods: ICS-SOLO mit dem Verteilerkasten und dem Schl\u00fcsselschalter<\/figcaption><\/figure>\n<\/div>\n\n\n\n<div class=\"wp-block-column is-layout-flow wp-block-column-is-layout-flow\" style=\"flex-basis:25%\">\n<figure class=\"wp-block-image size-full\"><img loading=\"lazy\" decoding=\"async\" width=\"419\" height=\"558\" src=\"https:\/\/www.lasermetgmbh.de\/wp-content\/uploads\/2023\/02\/ICS-7-ALF-with-DOLPOD-edited.jpeg\" alt=\"\" class=\"wp-image-5628\" srcset=\"https:\/\/www.lasermet.com\/de\/wp-content\/uploads\/sites\/3\/2023\/02\/ICS-7-ALF-with-DOLPOD-edited.jpeg 419w, https:\/\/www.lasermet.com\/de\/wp-content\/uploads\/sites\/3\/2023\/02\/ICS-7-ALF-with-DOLPOD-edited-225x300.jpeg 225w\" sizes=\"auto, (max-width: 419px) 100vw, 419px\" \/><figcaption class=\"wp-element-caption\">Im Inneren der Gondel: ICS-7-ALF Konfiguration f\u00fcr die Verwendung mit ALF-Helmen<\/figcaption><\/figure>\n<\/div>\n<\/div>\n\n\n\n<p><\/p>\n","protected":false},"excerpt":{"rendered":"<header class=\"entry-header\">\n<p><strong>Sicherheit f\u00fcr handgef\u00fchrte Laserschwei\u00dfger\u00e4te<\/strong><\/p>\n<p>Der Dolphin Laser Safety Curtain Pod ist eine auf einem Vorhang basierende Einhausung f\u00fcr handgef\u00fchrte Laserschwei\u00dfger\u00e4te. Der Dolphin Pod ist eine kosteng\u00fcnstige L\u00f6sung, um Arbeiter vor dem Austritt gef\u00e4hrlicher Laserstrahlung zu sch\u00fctzen.\u00a0<\/p>\n<ul>\n<li>Ideal f\u00fcr handgef\u00fchrte Laserschwei\u00dfger\u00e4te<\/li>\n<li>Interlock\u00ae-f\u00e4hig<\/li>\n<li>Kosteng\u00fcnstige modulare Sicherheitsl\u00f6sung<\/li>\n<li>Selbstmontage<\/li>\n<\/ul>\n<\/header>\n","protected":false},"featured_media":5573,"comment_status":"closed","ping_status":"closed","template":"","meta":{"_acf_changed":false,"_kad_blocks_custom_css":"","_kad_blocks_head_custom_js":"","_kad_blocks_body_custom_js":"","_kad_blocks_footer_custom_js":"","_EventAllDay":false,"_EventTimezone":"","_EventStartDate":"","_EventEndDate":"","_EventStartDateUTC":"","_EventEndDateUTC":"","_EventShowMap":false,"_EventShowMapLink":false,"_EventURL":"","_EventCost":"","_EventCostDescription":"","_EventCurrencySymbol":"","_EventCurrencyCode":"","_EventCurrencyPosition":"","_EventDateTimeSeparator":"","_EventTimeRangeSeparator":"","_EventOrganizerID":[],"_EventVenueID":[],"_OrganizerEmail":"","_OrganizerPhone":"","_OrganizerWebsite":"","_VenueAddress":"","_VenueCity":"","_VenueCountry":"","_VenueProvince":"","_VenueState":"","_VenueZip":"","_VenuePhone":"","_VenueURL":"","_VenueStateProvince":"","_VenueLat":"","_VenueLng":"","_VenueShowMap":false,"_VenueShowMapLink":false,"_kadence_starter_templates_imported_post":false,"_kad_post_transparent":"","_kad_post_title":"","_kad_post_layout":"","_kad_post_sidebar_id":"","_kad_post_content_style":"","_kad_post_vertical_padding":"","_kad_post_feature":"","_kad_post_feature_position":"","_kad_post_header":false,"_kad_post_footer":false,"_kad_post_classname":""},"product_brand":[],"product_cat":[46,47],"product_tag":[33,35,37],"class_list":{"0":"post-488","1":"product","2":"type-product","3":"status-publish","4":"has-post-thumbnail","6":"product_cat-laserschutzkabinen","7":"product_cat-laserschutzvorhang","8":"product_tag-aerospace","9":"product_tag-automobilindustrie","10":"product_tag-industriell","12":"first","13":"instock","14":"shipping-taxable","15":"product-type-simple","16":"entry","17":"content-bg","18":"loop-entry"},"acf":[],"taxonomy_info":{"product_cat":[{"value":46,"label":"Laserschutzkabinen"},{"value":47,"label":"Laserschutzvorhang"}],"product_tag":[{"value":33,"label":"Aerospace"},{"value":35,"label":"Automobilindustrie"},{"value":37,"label":"Industriell"}]},"featured_image_src_large":["https:\/\/www.lasermet.com\/de\/wp-content\/uploads\/sites\/3\/2023\/02\/Dolphin-Pod.png",500,500,false],"author_info":[],"comment_info":0,"_links":{"self":[{"href":"https:\/\/www.lasermet.com\/de\/wp-json\/wp\/v2\/product\/488","targetHints":{"allow":["GET"]}}],"collection":[{"href":"https:\/\/www.lasermet.com\/de\/wp-json\/wp\/v2\/product"}],"about":[{"href":"https:\/\/www.lasermet.com\/de\/wp-json\/wp\/v2\/types\/product"}],"replies":[{"embeddable":true,"href":"https:\/\/www.lasermet.com\/de\/wp-json\/wp\/v2\/comments?post=488"}],"wp:featuredmedia":[{"embeddable":true,"href":"https:\/\/www.lasermet.com\/de\/wp-json\/wp\/v2\/media\/5573"}],"wp:attachment":[{"href":"https:\/\/www.lasermet.com\/de\/wp-json\/wp\/v2\/media?parent=488"}],"wp:term":[{"taxonomy":"product_brand","embeddable":true,"href":"https:\/\/www.lasermet.com\/de\/wp-json\/wp\/v2\/product_brand?post=488"},{"taxonomy":"product_cat","embeddable":true,"href":"https:\/\/www.lasermet.com\/de\/wp-json\/wp\/v2\/product_cat?post=488"},{"taxonomy":"product_tag","embeddable":true,"href":"https:\/\/www.lasermet.com\/de\/wp-json\/wp\/v2\/product_tag?post=488"}],"curies":[{"name":"wp","href":"https:\/\/api.w.org\/{rel}","templated":true}]}}