{"id":486,"date":"2023-02-02T13:06:27","date_gmt":"2023-02-02T13:06:27","guid":{"rendered":"https:\/\/www.lasermetgmbh.de\/?post_type=product&amp;p=486"},"modified":"2023-02-02T13:06:27","modified_gmt":"2023-02-02T13:06:27","slug":"dolphin-laserschutz-mit-laserschutzvorhangen","status":"publish","type":"product","link":"https:\/\/www.lasermet.com\/de\/laserschutzprodukte\/dolphin-laserschutz-mit-laserschutzvorhangen\/","title":{"rendered":"Dolphin Laserschutz mit Laserschutzvorh\u00e4ngen"},"content":{"rendered":"\n<div class=\"wp-block-buttons is-layout-flex wp-block-buttons-is-layout-flex\">\n<div class=\"wp-block-button\"><a class=\"wp-block-button__link has-text-color has-background wp-element-button\" href=\"https:\/\/forms.monday.com\/forms\/c5c0dfef6ebeb85b7320dce0ed177632?r=use1\" style=\"color:#1d1f8c;background-color:#ffcc01\" rel=\"noopener\">Brosch\u00fcre herunterladen<\/a><\/div>\n<\/div>\n\n\n\n<div style=\"height:100px\" aria-hidden=\"true\" class=\"wp-block-spacer\"><\/div>\n\n\n\n<p><strong>Laserschutz mit Laserschutzvorh\u00e4ngen<\/strong><\/p>\n\n\n\n<p>Gew\u00f6hnliche Vorh\u00e4nge sind nur selten in der Lage, einen Laserstrahl zu stoppen. Es muss speziell entwickeltes, zertifiziertes Laserschutzmaterial verwendet werden, um sicherzustellen, dass die Laserstrahlen nicht aus dem Laserschutzbereich austreten.<\/p>\n\n\n\n<p>Laserblockierende Vorh\u00e4nge sollen Personen au\u00dferhalb des Bereichs vor Laserstrahlung sch\u00fctzen. Diejenigen, die sich innerhalb des Laserbereichs aufhalten, m\u00fcssen eine geeignete pers\u00f6nliche Schutzausr\u00fcstung tragen, z. B. eine Schutzbrille.<\/p>\n\n\n\n<p>Um das erforderliche Schutzniveau zu gew\u00e4hrleisten, sind die Laserschutzvorh\u00e4nge von Lasermet ideal. Sie bestehen aus dem speziell entwickelten Laserschutzmaterial des Unternehmens und werden als fertige Vorh\u00e4nge f\u00fcr die Decken- oder Wandbefestigung geliefert. Das Material ist auf beiden Seiten schwarz und dient sowohl als Verdunkelungsvorhang als auch als Laserschutzvorhang.<\/p>\n\n\n\n<div style=\"height:20px\" aria-hidden=\"true\" class=\"wp-block-spacer\"><\/div>\n\n\n\n<h6 class=\"wp-block-heading\">SCHUTZSTUFEN<\/h6>\n\n\n\n<figure class=\"wp-block-table has-small-font-size\"><table><tbody><tr><td><strong>Wellenl\u00e4ngenbereich (nm)<\/strong><\/td><td><strong>Schutzstufe<\/strong><\/td><\/tr><tr><td>180 \u2013 315<\/td><td>D AB8 + IR AB3 + M AB5Y<\/td><\/tr><tr><td>315 \u2013 1050<\/td><td>D AB6 + IR AB7 + M AB7Y<\/td><\/tr><tr><td>1050 \u2013 1400<\/td><td>D AB5 + IR AB7 + M AB7Y<\/td><\/tr><tr><td>1400 \u2013 25000<\/td><td>DI AB3 + R AB3Y<\/td><\/tr><\/tbody><\/table><\/figure>\n\n\n\n<div style=\"height:20px\" aria-hidden=\"true\" class=\"wp-block-spacer\"><\/div>\n\n\n\n<h6 class=\"wp-block-heading\">RICHTLINIEN UND NORMEN<\/h6>\n\n\n\n<ul class=\"wp-block-list\">\n<li>Machinery Directive 2006\/42\/EC<\/li>\n\n\n\n<li>EN 12254: 2012 Screens for Laser Working Places<\/li>\n\n\n\n<li>Fire Safety EN 1598 Section 4.4<\/li>\n<\/ul>\n","protected":false},"excerpt":{"rendered":"<header class=\"entry-header\">\n<p>Zertifizierte Laser-Blockiervorh\u00e4nge nach EN 12254<\/p>\n<p>Die Dolphin Laserschutzvorh\u00e4nge von Lasermet sind CE-gekennzeichnet und nach EN 12254 &#8211; Abschirmungen f\u00fcr Laserarbeitspl\u00e4tze &#8211; zertifiziert. Diese Vorh\u00e4nge sollen verhindern, dass Streustrahlung aus einem lasergesteuerten Bereich oder einem Laserarbeitsplatz austritt.<\/p>\n<ul>\n<li>Nach Ma\u00df gefertigt<\/li>\n<li>CE- und UKCA-gekennzeichnet<\/li>\n<li>Ideal f\u00fcr industrielle Anwendungen, wie z.B. das Laserhandschwei\u00dfen<\/li>\n<li>Verdunkelungsvorhang zum Blockieren von Laserstrahlung<\/li>\n<\/ul>\n<\/header>\n","protected":false},"featured_media":5608,"comment_status":"closed","ping_status":"closed","template":"","meta":{"_acf_changed":false,"_kad_blocks_custom_css":"","_kad_blocks_head_custom_js":"","_kad_blocks_body_custom_js":"","_kad_blocks_footer_custom_js":"","_EventAllDay":false,"_EventTimezone":"","_EventStartDate":"","_EventEndDate":"","_EventStartDateUTC":"","_EventEndDateUTC":"","_EventShowMap":false,"_EventShowMapLink":false,"_EventURL":"","_EventCost":"","_EventCostDescription":"","_EventCurrencySymbol":"","_EventCurrencyCode":"","_EventCurrencyPosition":"","_EventDateTimeSeparator":"","_EventTimeRangeSeparator":"","_EventOrganizerID":[],"_EventVenueID":[],"_OrganizerEmail":"","_OrganizerPhone":"","_OrganizerWebsite":"","_VenueAddress":"","_VenueCity":"","_VenueCountry":"","_VenueProvince":"","_VenueState":"","_VenueZip":"","_VenuePhone":"","_VenueURL":"","_VenueStateProvince":"","_VenueLat":"","_VenueLng":"","_VenueShowMap":false,"_VenueShowMapLink":false,"_kadence_starter_templates_imported_post":false,"_kad_post_transparent":"","_kad_post_title":"","_kad_post_layout":"","_kad_post_sidebar_id":"","_kad_post_content_style":"","_kad_post_vertical_padding":"","_kad_post_feature":"","_kad_post_feature_position":"","_kad_post_header":false,"_kad_post_footer":false,"_kad_post_classname":""},"product_brand":[],"product_cat":[47],"product_tag":[33,35,36,37],"class_list":{"0":"post-486","1":"product","2":"type-product","3":"status-publish","4":"has-post-thumbnail","6":"product_cat-laserschutzvorhang","7":"product_tag-aerospace","8":"product_tag-automobilindustrie","9":"product_tag-forschung","10":"product_tag-industriell","12":"first","13":"instock","14":"shipping-taxable","15":"product-type-simple","16":"entry","17":"content-bg","18":"loop-entry"},"acf":[],"taxonomy_info":{"product_cat":[{"value":47,"label":"Laserschutzvorhang"}],"product_tag":[{"value":33,"label":"Aerospace"},{"value":35,"label":"Automobilindustrie"},{"value":36,"label":"Forschung und Entwicklung"},{"value":37,"label":"Industriell"}]},"featured_image_src_large":["https:\/\/www.lasermet.com\/de\/wp-content\/uploads\/sites\/3\/2023\/02\/Wolf-Curtain.png",500,500,false],"author_info":[],"comment_info":0,"_links":{"self":[{"href":"https:\/\/www.lasermet.com\/de\/wp-json\/wp\/v2\/product\/486","targetHints":{"allow":["GET"]}}],"collection":[{"href":"https:\/\/www.lasermet.com\/de\/wp-json\/wp\/v2\/product"}],"about":[{"href":"https:\/\/www.lasermet.com\/de\/wp-json\/wp\/v2\/types\/product"}],"replies":[{"embeddable":true,"href":"https:\/\/www.lasermet.com\/de\/wp-json\/wp\/v2\/comments?post=486"}],"wp:featuredmedia":[{"embeddable":true,"href":"https:\/\/www.lasermet.com\/de\/wp-json\/wp\/v2\/media\/5608"}],"wp:attachment":[{"href":"https:\/\/www.lasermet.com\/de\/wp-json\/wp\/v2\/media?parent=486"}],"wp:term":[{"taxonomy":"product_brand","embeddable":true,"href":"https:\/\/www.lasermet.com\/de\/wp-json\/wp\/v2\/product_brand?post=486"},{"taxonomy":"product_cat","embeddable":true,"href":"https:\/\/www.lasermet.com\/de\/wp-json\/wp\/v2\/product_cat?post=486"},{"taxonomy":"product_tag","embeddable":true,"href":"https:\/\/www.lasermet.com\/de\/wp-json\/wp\/v2\/product_tag?post=486"}],"curies":[{"name":"wp","href":"https:\/\/api.w.org\/{rel}","templated":true}]}}