{"id":483,"date":"2023-02-02T13:03:31","date_gmt":"2023-02-02T13:03:31","guid":{"rendered":"https:\/\/www.lasermetgmbh.de\/?post_type=product&amp;p=483"},"modified":"2023-02-02T13:03:31","modified_gmt":"2023-02-02T13:03:31","slug":"wolf-laserschutzvorhang","status":"publish","type":"product","link":"https:\/\/www.lasermet.com\/de\/laserschutzprodukte\/wolf-laserschutzvorhang\/","title":{"rendered":"Wolf Laserschutzvorhang"},"content":{"rendered":"\n<div class=\"wp-block-buttons is-layout-flex wp-block-buttons-is-layout-flex\">\n<div class=\"wp-block-button\"><a class=\"wp-block-button__link has-text-color has-background wp-element-button\" href=\"https:\/\/forms.monday.com\/forms\/cdba18b1e6eaa76345325602f4c9819d?r=use1\" style=\"color:#1d1f8c;background-color:#ffcc01\" rel=\"noopener\">Brosch\u00fcre herunterladen<\/a><\/div>\n<\/div>\n\n\n\n<div style=\"height:100px\" aria-hidden=\"true\" class=\"wp-block-spacer\"><\/div>\n\n\n\n<p><strong>Laserschutz mit Laserschutzvorh\u00e4ngen<\/strong><\/p>\n\n\n\n<p>Um sicherzustellen, dass Laserstrahlen der Klassen 4 und 3B nicht aus Laseranlagen entweichen k\u00f6nnen, sollte zertifiziertes Laserschutzmaterial installiert werden. Gew\u00f6hnliche Vorh\u00e4nge sind nur selten in der Lage, einen Laserstrahl zu stoppen. Daher muss speziell entwickeltes, zertifiziertes Laserschutzmaterial verwendet werden.<\/p>\n\n\n\n<p>Laservorh\u00e4nge sind als passive Schutzvorrichtungen konzipiert, um einen Bereich abzuschirmen, in dem Laser eingesetzt werden, entweder zum Schutz vor versehentlichem Kontakt mit dem Laserstrahl oder zur langfristigen Abschirmung von Laserstrahlung bei niedrigeren Leistungsdichten.<\/p>\n\n\n\n<p>Die Laser-Blocking Curtains von Lasermet bestehen aus dem speziell entwickelten Laser-Blocking-Material des Unternehmens und werden als fertige Vorh\u00e4nge f\u00fcr die Decken- oder Wandmontage geliefert.<\/p>\n\n\n\n<p>Das Wolf-Material, das fr\u00fcher unter dem Namen Blackcat bekannt war, funktioniert sowohl als Verdunkelungs- als auch als Laserschutzvorhang und ist in einer grauen Farbgebung erh\u00e4ltlich. Es eignet sich ideal f\u00fcr den Einsatz in Labor- und Forschungseinrichtungen sowie in der Fertigung.<\/p>\n\n\n\n<p>Produktionseinrichtungen, die Laser der Klasse 1 verwenden, die unter Betriebsbedingungen der Klasse 4 entsprechen, ben\u00f6tigen m\u00f6glicherweise an der Decke befestigte Vorh\u00e4nge, damit andere Arbeiten im selben Raum w\u00e4hrend des Betriebs sicher fortgesetzt werden k\u00f6nnen.<\/p>\n\n\n\n<p>F\u00fcr einen reibungslosen Betrieb k\u00f6nnen robuste Vorhangschienen geliefert werden. F\u00fcr Anwendungen, bei denen der Vorhang unterhalb der Befestigungspunkte aufgeh\u00e4ngt werden muss, sind hochwertige Kabinenvorhangschienen erh\u00e4ltlich.<\/p>\n\n\n\n<div style=\"height:20px\" aria-hidden=\"true\" class=\"wp-block-spacer\"><\/div>\n\n\n\n<p><strong>MOTORISIERTE LASERSCHUTZVORH\u00c4NGE<\/strong><\/p>\n\n\n\n<p>Die Laserschutzvorh\u00e4nge von Lasermet k\u00f6nnen bis zu einer maximalen L\u00e4nge von 10 m oder 60 kg motorisiert werden.<\/p>\n\n\n\n<div style=\"height:20px\" aria-hidden=\"true\" class=\"wp-block-spacer\"><\/div>\n\n\n\n<p><strong>Sicherheitsspezifikation<\/strong><\/p>\n\n\n\n<p>Die laserabschirmenden Wolf-Produkte von Lasermet sind CE-gekennzeichnet und nach EN 60825-4 (Sicherheit von Laserprodukten &#8211; Teil 4: Laserschutzeinrichtungen) zertifiziert.<\/p>\n\n\n\n<p>Getestet nach NFP 92-503 (Elektrischer Brennertest) ist das Material als M2 eingestuft.<\/p>\n\n\n\n<p>Ideal f\u00fcr die Verwendung mit Lasern der Klasse 3B und der erweiterten Klasse 4. Die Laserschutzzeiten, die das Material bei verschiedenen Leistungsdichten bietet, sind in den PEL-Spezifikationen angegeben.<\/p>\n\n\n\n<figure class=\"wp-block-table has-small-font-size\"><table><tbody><tr><td><strong>Bestrahlte Fl\u00e4che<\/strong><\/td><td><strong>PEL (T3) 10S<\/strong><\/td><td><strong>PEL (T2) 100S<\/strong><\/td><\/tr><tr><td>4mm\u00b2<\/td><td>248 kW\/m\u00b2<\/td><td>140 kW\/m\u00b2<\/td><\/tr><tr><td>2000mm\u00b2<\/td><td>124 kW\/m\u00b2<\/td><td>70 kW\/m\u00b2<\/td><\/tr><\/tbody><\/table><\/figure>\n\n\n\n<div style=\"height:20px\" aria-hidden=\"true\" class=\"wp-block-spacer\"><\/div>\n\n\n\n<h6 class=\"wp-block-heading\">RICHTLINIEN UND NORMEN<\/h6>\n\n\n\n<ul class=\"wp-block-list\">\n<li>Machinery Directive 2006\/42\/EC<\/li>\n\n\n\n<li>EMC Directive 2004\/108\/EC<\/li>\n\n\n\n<li>BS EN IEC 60825-4 Safety of Laser Products, Part 4: Laser Guards<\/li>\n<\/ul>\n\n\n\n<div style=\"height:20px\" aria-hidden=\"true\" class=\"wp-block-spacer\"><\/div>\n\n\n\n<p><strong>Vorh\u00e4nge im Vergleich<\/strong><\/p>\n\n\n\n<p>Um den passenden Laserschutzvorhang auszuw\u00e4hlen, m\u00fcssen Sie die Anwendung bestimmen. Wenn Sie die Eignung des Produkts f\u00fcr Ihre Anforderungen besprechen m\u00f6chten, steht Ihnen Lasermet gerne zur Verf\u00fcgung.<\/p>\n\n\n\n<figure class=\"wp-block-table has-small-font-size\"><table><tbody><tr><td><strong>MATERIAL NAME<\/strong><\/td><td><strong>FARBE<\/strong><\/td><td><strong>BESCHREIBUNG<\/strong><\/td><td><strong>ANWENDUNG<\/strong><\/td><td><strong>PEL RATINGS<\/strong><\/td><td><\/td><td><\/td><td><strong>Standard<\/strong><\/td><\/tr><tr><td><\/td><td><\/td><td><\/td><td><\/td><td><strong>Irradiated Area<\/strong><\/td><td><strong>PEL (T3) 10S<\/strong><\/td><td><strong>PEL (T2) 100S<\/strong><\/td><td><strong>Conforms to<\/strong><\/td><\/tr><tr><td><strong>Orca<\/strong><\/td><td>Schwarz,<br>Wei\u00df, Schwarz\/Wei\u00df<\/td><td>Hohe Spezifikation<br>Hohe Belastbarkeit<br>Leicht zu reinigen<\/td><td>Krankenh\u00e4user und medizinische Umgebungen<br>Reinr\u00e4ume<br>Laboratorien<\/td><td>4 mm\u00b2<\/td><td>3.9 MW\/m\u00b2<\/td><td>2.2 MW\/m\u00b2<\/td><td>BS EN IEC 60825-4<\/td><\/tr><tr><td><\/td><td><\/td><td><\/td><td><\/td><td>2000 mm\u00b2<\/td><td>0.62 MW\/m\u00b2<\/td><td>0.35 MW\/m\u00b2<\/td><td><\/td><\/tr><tr><td><strong>Wolf<\/strong><br>Formerly Blackcat and Laserlight<\/td><td>Grau<\/td><td>Niedrigere Spezifikation<br>Geeignet f\u00fcr Laser der Klasse 3B und der erweiterten Klasse 4<br>Kosteng\u00fcnstig<\/td><td>Laborumgebungen<br>Verdunkelungsvorh\u00e4nge<\/td><td>4 mm\u00b2<\/td><td>248 kW\/m\u00b2<\/td><td>140 kW\/m\u00b2<\/td><td>BS EN IEC 60825-4<\/td><\/tr><tr><td><\/td><td><\/td><td><\/td><td><\/td><td>2000 mm\u00b2<\/td><td>124 kW\/m\u00b2<\/td><td>70 kW\/m\u00b2<\/td><td><\/td><\/tr><\/tbody><\/table><\/figure>\n","protected":false},"excerpt":{"rendered":"<p><strong>Kosteng\u00fcnstige Laserschutzvorh\u00e4nge f\u00fcr Laser mit niedriger und mittlerer Leistung<\/strong><\/p>\n<p>Die Wolf Laserschutzvorh\u00e4nge von Lasermet sind CE-gekennzeichnet und zertifiziert nach BS EN IEC 60825-4 &#8211; Sicherheit von Laserprodukten, Teil 4: Laserschutzvorrichtungen. Die kosteng\u00fcnstigen Wolf Curtains sind ideal f\u00fcr die Verwendung mit Lasern der Klasse 3B oder der erweiterten Klasse 4.<\/p>\n<ul>\n<li>Nach Ma\u00df gefertigt<\/li>\n<li>CE- und UKCA-gekennzeichnet<\/li>\n<li>Ideal f\u00fcr Forschung und wissenschaftliche Anwendungen<\/li>\n<li>Verdunkelnder Laserschutzvorhang\u00a0\u00a0<\/li>\n<\/ul>\n","protected":false},"featured_media":5608,"comment_status":"closed","ping_status":"closed","template":"","meta":{"_acf_changed":false,"_kad_blocks_custom_css":"","_kad_blocks_head_custom_js":"","_kad_blocks_body_custom_js":"","_kad_blocks_footer_custom_js":"","_EventAllDay":false,"_EventTimezone":"","_EventStartDate":"","_EventEndDate":"","_EventStartDateUTC":"","_EventEndDateUTC":"","_EventShowMap":false,"_EventShowMapLink":false,"_EventURL":"","_EventCost":"","_EventCostDescription":"","_EventCurrencySymbol":"","_EventCurrencyCode":"","_EventCurrencyPosition":"","_EventDateTimeSeparator":"","_EventTimeRangeSeparator":"","_EventOrganizerID":[],"_EventVenueID":[],"_OrganizerEmail":"","_OrganizerPhone":"","_OrganizerWebsite":"","_VenueAddress":"","_VenueCity":"","_VenueCountry":"","_VenueProvince":"","_VenueState":"","_VenueZip":"","_VenuePhone":"","_VenueURL":"","_VenueStateProvince":"","_VenueLat":"","_VenueLng":"","_VenueShowMap":false,"_VenueShowMapLink":false,"_kadence_starter_templates_imported_post":false,"_kad_post_transparent":"","_kad_post_title":"","_kad_post_layout":"","_kad_post_sidebar_id":"","_kad_post_content_style":"","_kad_post_vertical_padding":"","_kad_post_feature":"","_kad_post_feature_position":"","_kad_post_header":false,"_kad_post_footer":false,"_kad_post_classname":""},"product_brand":[],"product_cat":[47],"product_tag":[36,37],"class_list":{"0":"post-483","1":"product","2":"type-product","3":"status-publish","4":"has-post-thumbnail","6":"product_cat-laserschutzvorhang","7":"product_tag-forschung","8":"product_tag-industriell","10":"first","11":"instock","12":"shipping-taxable","13":"product-type-simple","14":"entry","15":"content-bg","16":"loop-entry"},"acf":[],"taxonomy_info":{"product_cat":[{"value":47,"label":"Laserschutzvorhang"}],"product_tag":[{"value":36,"label":"Forschung und Entwicklung"},{"value":37,"label":"Industriell"}]},"featured_image_src_large":["https:\/\/www.lasermet.com\/de\/wp-content\/uploads\/sites\/3\/2023\/02\/Wolf-Curtain.png",500,500,false],"author_info":[],"comment_info":0,"_links":{"self":[{"href":"https:\/\/www.lasermet.com\/de\/wp-json\/wp\/v2\/product\/483","targetHints":{"allow":["GET"]}}],"collection":[{"href":"https:\/\/www.lasermet.com\/de\/wp-json\/wp\/v2\/product"}],"about":[{"href":"https:\/\/www.lasermet.com\/de\/wp-json\/wp\/v2\/types\/product"}],"replies":[{"embeddable":true,"href":"https:\/\/www.lasermet.com\/de\/wp-json\/wp\/v2\/comments?post=483"}],"wp:featuredmedia":[{"embeddable":true,"href":"https:\/\/www.lasermet.com\/de\/wp-json\/wp\/v2\/media\/5608"}],"wp:attachment":[{"href":"https:\/\/www.lasermet.com\/de\/wp-json\/wp\/v2\/media?parent=483"}],"wp:term":[{"taxonomy":"product_brand","embeddable":true,"href":"https:\/\/www.lasermet.com\/de\/wp-json\/wp\/v2\/product_brand?post=483"},{"taxonomy":"product_cat","embeddable":true,"href":"https:\/\/www.lasermet.com\/de\/wp-json\/wp\/v2\/product_cat?post=483"},{"taxonomy":"product_tag","embeddable":true,"href":"https:\/\/www.lasermet.com\/de\/wp-json\/wp\/v2\/product_tag?post=483"}],"curies":[{"name":"wp","href":"https:\/\/api.w.org\/{rel}","templated":true}]}}