{"id":476,"date":"2023-02-02T12:57:00","date_gmt":"2023-02-02T12:57:00","guid":{"rendered":"https:\/\/www.lasermetgmbh.de\/?post_type=product&amp;p=476"},"modified":"2023-02-02T12:57:00","modified_gmt":"2023-02-02T12:57:00","slug":"orca-laserschutzvorhang","status":"publish","type":"product","link":"https:\/\/www.lasermet.com\/de\/laserschutzprodukte\/orca-laserschutzvorhang\/","title":{"rendered":"Orca Laserschutzvorhang"},"content":{"rendered":"\n<div class=\"wp-block-buttons is-layout-flex wp-block-buttons-is-layout-flex\">\n<div class=\"wp-block-button\"><a class=\"wp-block-button__link has-text-color has-background wp-element-button\" href=\"https:\/\/forms.monday.com\/forms\/ed5da0d9f50cd221f51adbfe65e6d9c0?r=use1\" style=\"color:#1d1f8c;background-color:#ffcc01\" rel=\"noopener\">Brosch\u00fcre herunterladen<\/a><\/div>\n<\/div>\n\n\n\n<div style=\"height:100px\" aria-hidden=\"true\" class=\"wp-block-spacer\"><\/div>\n\n\n\n<p><strong>Laserschutz mit Laserschutzvorh\u00e4ngen<\/strong><\/p>\n\n\n\n<p>Um sicherzustellen, dass Laserstrahlen der Klassen 4 und 3B nicht aus einem Laserlabor oder einer medizinischen Einrichtung, einschlie\u00dflich eines Krankenhauses, entweichen, sollte zertifiziertes Laserschutzmaterial verwendet werden. Gew\u00f6hnliche Vorh\u00e4nge sind nur selten in der Lage, einen Laserstrahl zu stoppen. Daher muss speziell entwickeltes, zertifiziertes Laserschutzmaterial verwendet werden.<\/p>\n\n\n\n<p>Laservorh\u00e4nge sind als passiver Schutz konzipiert, um einen Bereich abzuschirmen, in dem Laser eingesetzt werden, entweder zum Schutz vor versehentlichem Kontakt mit dem Laserstrahl oder zur langfristigen Abschirmung von Laserstrahlung bei niedrigeren Leistungsdichten.<\/p>\n\n\n\n<p>Die Laser-Blocking Curtains von Lasermet werden aus dem speziell entwickelten Laser-Blocking-Material des Unternehmens hergestellt und als fertige Vorh\u00e4nge f\u00fcr die Decken- oder Wandmontage geliefert.<\/p>\n\n\n\n<p>Das Orca-Material funktioniert sowohl als Verdunkelungsschirm als auch als Laserschutzschirm und ist in verschiedenen Farben erh\u00e4ltlich:<\/p>\n\n\n\n<p>Wei\u00df \/ Schwarz<\/p>\n\n\n\n<p>Schwarz auf beiden Seiten<\/p>\n\n\n\n<p>F\u00fcr einen reibungslosen Betrieb k\u00f6nnen hochbelastbare Vorhangschienen geliefert werden. F\u00fcr Anwendungen, bei denen der Vorhang unterhalb der Befestigungspunkte aufgeh\u00e4ngt werden muss, ist eine hochwertige Kabinenvorhangschiene erh\u00e4ltlich.<\/p>\n\n\n\n<div style=\"height:20px\" aria-hidden=\"true\" class=\"wp-block-spacer\"><\/div>\n\n\n\n<p><strong>MOTORISIERTE LASERSCHUTZVORH\u00c4NGE<\/strong><\/p>\n\n\n\n<p>Die Laserschutzvorh\u00e4nge von Lasermet k\u00f6nnen bis zu einer maximalen L\u00e4nge von 10 m oder 60 kg motorisiert werden.<\/p>\n\n\n\n<div style=\"height:20px\" aria-hidden=\"true\" class=\"wp-block-spacer\"><\/div>\n\n\n\n<figure class=\"wp-block-gallery has-nested-images columns-5 is-cropped wp-block-gallery-1 is-layout-flex wp-block-gallery-is-layout-flex\">\n<figure class=\"wp-block-image size-large\"><img loading=\"lazy\" decoding=\"async\" width=\"175\" height=\"116\" data-id=\"478\" src=\"https:\/\/www.lasermetgmbh.de\/wp-content\/uploads\/2023\/02\/2_Laser_blocking_curtains_black.jpeg\" alt=\"\" class=\"wp-image-478\" \/><\/figure>\n\n\n\n<figure class=\"wp-block-image size-large\"><img loading=\"lazy\" decoding=\"async\" width=\"175\" height=\"116\" data-id=\"477\" src=\"https:\/\/www.lasermetgmbh.de\/wp-content\/uploads\/2023\/02\/IESL_Caryatid_1.jpeg\" alt=\"\" class=\"wp-image-477\" \/><\/figure>\n\n\n\n<figure class=\"wp-block-image size-large\"><img loading=\"lazy\" decoding=\"async\" width=\"175\" height=\"116\" data-id=\"479\" src=\"https:\/\/www.lasermetgmbh.de\/wp-content\/uploads\/2023\/02\/IESL_Caryatid_2.jpeg\" alt=\"\" class=\"wp-image-479\" \/><\/figure>\n\n\n\n<figure class=\"wp-block-image size-large\"><img loading=\"lazy\" decoding=\"async\" width=\"175\" height=\"116\" data-id=\"480\" src=\"https:\/\/www.lasermetgmbh.de\/wp-content\/uploads\/2023\/02\/laser_window_block_ce_marked.jpeg\" alt=\"\" class=\"wp-image-480\" \/><\/figure>\n\n\n\n<figure class=\"wp-block-image size-large\"><img loading=\"lazy\" decoding=\"async\" width=\"175\" height=\"116\" data-id=\"481\" src=\"https:\/\/www.lasermetgmbh.de\/wp-content\/uploads\/2023\/02\/Orca_laser_blocking_curtain_surround.jpeg\" alt=\"\" class=\"wp-image-481\" \/><\/figure>\n<figcaption class=\"blocks-gallery-caption wp-element-caption\">Lasermet Curtains werden vom Akropolis-Museum in Athen verwendet, um Arbeiten an Skulpturen in-situ zu erm\u00f6glichen<\/figcaption><\/figure>\n\n\n\n<div style=\"height:20px\" aria-hidden=\"true\" class=\"wp-block-spacer\"><\/div>\n\n\n\n<p><strong>Hohe Sicherheitsspezifikation<\/strong><\/p>\n\n\n\n<p>Die laserabschirmenden Orca-Produkte von Lasermet sind CE-gekennzeichnet und nach EN 60825-4 (Sicherheit von Laserprodukten &#8211; Teil 4: Laserschutzeinrichtungen) zertifiziert.<\/p>\n\n\n\n<p>Getestet nach NFP 92-503 (Elektrischer Brennertest) wird das Material als M2 eingestuft. Bei einer Bestrahlung mit mehr als 0,5 MW\/m\u00b2 gibt es einen ungef\u00e4hrlichen Rauch ab und kann gl\u00fchen, was darauf hinweist, dass ein Streustrahl vorhanden ist.<\/p>\n\n\n\n<p>Die Schutzzeiten f\u00fcr Laserstrahlung, die das Material bei verschiedenen Leistungsdichten bietet, sind in den nachstehenden Spezifikationen angegeben.<\/p>\n\n\n\n<figure class=\"wp-block-table has-small-font-size\"><table><tbody><tr><td><strong>Bestrahlte Fl\u00e4che<\/strong><\/td><td><strong>PEL (T3) 10S<\/strong><\/td><td><strong>PEL (T2) 100S<\/strong><\/td><\/tr><tr><td>4mm\u00b2<\/td><td>3.9 MW\/m\u00b2<\/td><td>2.2 MW\/m\u00b2<\/td><\/tr><tr><td>2000mm\u00b2<\/td><td>0.62 MW\/m\u00b2<\/td><td>0.35 MW\/m\u00b2<\/td><\/tr><\/tbody><\/table><\/figure>\n\n\n\n<div style=\"height:20px\" aria-hidden=\"true\" class=\"wp-block-spacer\"><\/div>\n\n\n\n<h6 class=\"wp-block-heading\">RICHTLINIEN UND NORMEN<\/h6>\n\n\n\n<ul class=\"wp-block-list\">\n<li>Machinery Directive 2006\/42\/EC<\/li>\n\n\n\n<li>EMC Directive 2004\/108\/EC<\/li>\n\n\n\n<li>BS EN IEC 60825-4 Safety of Laser Products, Part 4: Laser Guards<\/li>\n<\/ul>\n\n\n\n<div style=\"height:20px\" aria-hidden=\"true\" class=\"wp-block-spacer\"><\/div>\n\n\n\n<h3 class=\"wp-block-heading\">Vorh\u00e4nge Vergleich<\/h3>\n\n\n\n<p>Um den passenden Laserblocker-Vorhang auszuw\u00e4hlen, m\u00fcssen Sie die Anwendung bestimmen. Wenn Sie die Eignung des Produkts f\u00fcr Ihre Anforderungen besprechen m\u00f6chten, steht Ihnen Lasermet gerne zur Verf\u00fcgung.<\/p>\n\n\n\n<div style=\"height:20px\" aria-hidden=\"true\" class=\"wp-block-spacer\"><\/div>\n\n\n\n<figure class=\"wp-block-table has-small-font-size\"><table><tbody><tr><td><strong>MATERIAL NAME<\/strong><\/td><td><strong>FARBE<\/strong><\/td><td><strong>BESCHREIBUNG<\/strong><\/td><td><strong>ANWENDUNG<\/strong><\/td><td><strong>PEL-BEWERTUNGEN<\/strong><\/td><td><\/td><td><\/td><td><strong>Standard<\/strong><\/td><\/tr><tr><td><\/td><td><\/td><td><\/td><td><\/td><td><strong>Irradiated Area<\/strong><\/td><td><strong>PEL (T3) 10S<\/strong><\/td><td><strong>PEL (T2) 100S<\/strong><\/td><td><strong>Konform mit<\/strong><\/td><\/tr><tr><td><strong>Orca<\/strong><br><\/td><td>Schwarz \/ Schwarz,<br>Schwarz \/ Wei\u00df<\/td><td>Hohe Spezifikation<br>Hohe Belastung<br>Leicht zu reinigen<\/td><td>Krankenh\u00e4user und medizinische Umgebungen<br>Reinr\u00e4ume<br>Laboratorien<\/td><td>4 mm\u00b2<\/td><td>3.9 MW\/m\u00b2<\/td><td>2.2 MW\/m\u00b2<\/td><td>BS EN IEC 60825-4<\/td><\/tr><tr><td><\/td><td><\/td><td><\/td><td><\/td><td>2000 mm\u00b2<\/td><td>0.62 MW\/m\u00b2<\/td><td>0.35 MW\/m\u00b2<\/td><td><\/td><\/tr><tr><td><strong>Wolf<\/strong><br>Formerly Blackcat and Laserlight<\/td><td>Grau<\/td><td>Niedrigere Spezifikation<br>Geeignet f\u00fcr Laser der Klasse 3B und der erweiterten Klasse 4<br>Kosteng\u00fcnstig<\/td><td>Laborumgebungen<br>Verdunkelungsvorh\u00e4nge<\/td><td>4 mm\u00b2<\/td><td>248 kW\/m\u00b2<\/td><td>140 kW\/m\u00b2<\/td><td>BS EN IEC 60825-4<\/td><\/tr><tr><td><\/td><td><\/td><td><\/td><td><\/td><td>2000 mm\u00b2<\/td><td>124 kW\/m\u00b2<\/td><td>70 kW\/m\u00b2<\/td><td><\/td><\/tr><\/tbody><\/table><\/figure>\n","protected":false},"excerpt":{"rendered":"<p><strong>Zertifizierte Laserschutzvorh\u00e4nge nach BS EN IEC 60825-4<\/strong><\/p>\n<p>Die Orca Laserschutzvorh\u00e4nge von Lasermet sind CE-gekennzeichnet und nach BS EN IEC 60825-4 &#8211; Sicherheit von Laserprodukten, Teil 4: Laserschutzvorrichtungen &#8211; zertifiziert. Die strapazierf\u00e4higen Orca Curtains sind aus hochwertigem Laserschutzmaterial gefertigt und verf\u00fcgen \u00fcber ein elegantes Finish.<\/p>\n<ul>\n<li>Nach Ma\u00df gefertigt<\/li>\n<li>CE- und UKCA-gekennzeichnet<\/li>\n<li>Ideal f\u00fcr medizinische Anwendungen<\/li>\n<li>Verdunkelnder Laserschutzvorhang<\/li>\n<\/ul>\n","protected":false},"featured_media":5617,"comment_status":"closed","ping_status":"closed","template":"","meta":{"_acf_changed":false,"_kad_blocks_custom_css":"","_kad_blocks_head_custom_js":"","_kad_blocks_body_custom_js":"","_kad_blocks_footer_custom_js":"","_EventAllDay":false,"_EventTimezone":"","_EventStartDate":"","_EventEndDate":"","_EventStartDateUTC":"","_EventEndDateUTC":"","_EventShowMap":false,"_EventShowMapLink":false,"_EventURL":"","_EventCost":"","_EventCostDescription":"","_EventCurrencySymbol":"","_EventCurrencyCode":"","_EventCurrencyPosition":"","_EventDateTimeSeparator":"","_EventTimeRangeSeparator":"","_EventOrganizerID":[],"_EventVenueID":[],"_OrganizerEmail":"","_OrganizerPhone":"","_OrganizerWebsite":"","_VenueAddress":"","_VenueCity":"","_VenueCountry":"","_VenueProvince":"","_VenueState":"","_VenueZip":"","_VenuePhone":"","_VenueURL":"","_VenueStateProvince":"","_VenueLat":"","_VenueLng":"","_VenueShowMap":false,"_VenueShowMapLink":false,"_kadence_starter_templates_imported_post":false,"_kad_post_transparent":"","_kad_post_title":"","_kad_post_layout":"","_kad_post_sidebar_id":"","_kad_post_content_style":"","_kad_post_vertical_padding":"","_kad_post_feature":"","_kad_post_feature_position":"","_kad_post_header":false,"_kad_post_footer":false,"_kad_post_classname":""},"product_brand":[],"product_cat":[47],"product_tag":[36,48],"class_list":{"0":"post-476","1":"product","2":"type-product","3":"status-publish","4":"has-post-thumbnail","6":"product_cat-laserschutzvorhang","7":"product_tag-forschung","8":"product_tag-medizinische","10":"first","11":"instock","12":"shipping-taxable","13":"product-type-simple","14":"entry","15":"content-bg","16":"loop-entry"},"acf":[],"taxonomy_info":{"product_cat":[{"value":47,"label":"Laserschutzvorhang"}],"product_tag":[{"value":36,"label":"Forschung und Entwicklung"},{"value":48,"label":"Medizinische"}]},"featured_image_src_large":["https:\/\/www.lasermet.com\/de\/wp-content\/uploads\/sites\/3\/2023\/02\/Orca-Curtain-1.png",500,500,false],"author_info":[],"comment_info":0,"_links":{"self":[{"href":"https:\/\/www.lasermet.com\/de\/wp-json\/wp\/v2\/product\/476","targetHints":{"allow":["GET"]}}],"collection":[{"href":"https:\/\/www.lasermet.com\/de\/wp-json\/wp\/v2\/product"}],"about":[{"href":"https:\/\/www.lasermet.com\/de\/wp-json\/wp\/v2\/types\/product"}],"replies":[{"embeddable":true,"href":"https:\/\/www.lasermet.com\/de\/wp-json\/wp\/v2\/comments?post=476"}],"wp:featuredmedia":[{"embeddable":true,"href":"https:\/\/www.lasermet.com\/de\/wp-json\/wp\/v2\/media\/5617"}],"wp:attachment":[{"href":"https:\/\/www.lasermet.com\/de\/wp-json\/wp\/v2\/media?parent=476"}],"wp:term":[{"taxonomy":"product_brand","embeddable":true,"href":"https:\/\/www.lasermet.com\/de\/wp-json\/wp\/v2\/product_brand?post=476"},{"taxonomy":"product_cat","embeddable":true,"href":"https:\/\/www.lasermet.com\/de\/wp-json\/wp\/v2\/product_cat?post=476"},{"taxonomy":"product_tag","embeddable":true,"href":"https:\/\/www.lasermet.com\/de\/wp-json\/wp\/v2\/product_tag?post=476"}],"curies":[{"name":"wp","href":"https:\/\/api.w.org\/{rel}","templated":true}]}}