{"id":397,"date":"2023-02-01T01:45:51","date_gmt":"2023-02-01T01:45:51","guid":{"rendered":"https:\/\/www.lasermetgmbh.de\/?post_type=product&#038;p=397"},"modified":"2025-07-31T02:23:17","modified_gmt":"2025-07-31T02:23:17","slug":"laserschutzschirm","status":"publish","type":"product","link":"https:\/\/www.lasermet.com\/de\/laserschutzprodukte\/laserschutzschirm\/","title":{"rendered":"Standard-Laser-Abschirmungen"},"content":{"rendered":"\n<p>Um das Personal vor Lasern der Klassen 4 und 3B zu sch\u00fctzen, ist es unerl\u00e4sslich, umfassende Lasersicherheitsvorkehrungen zu treffen. Mit Hilfe zertifizierter Ger\u00e4te muss verhindert werden, dass Laserstrahlung aus Labors und Produktionsst\u00e4tten austritt.<\/p>\n\n\n\n<p>Einrichtungen, die Laser der Klasse 1 verwenden, die unter Betriebsbedingungen der Klasse 4 entsprechen, ben\u00f6tigen m\u00f6glicherweise freistehende Abschirmungen, damit andere Arbeiten w\u00e4hrend des Betriebs sicher im selben Raum fortgesetzt werden k\u00f6nnen. Wenn in einer Produktionslinie ein Laser der Klasse 4 zum Schneiden und Schwei\u00dfen verwendet wird, ist es zudem unpraktisch, wenn die gesamte Einrichtung die Sicherheitsvorschriften der Klasse 4 einhalten muss. Durch die Verwendung vollst\u00e4ndiger Einhausungen kann die Lasereinrichtung jedoch in ein System der Klasse 1 umgewandelt werden.<\/p>\n\n\n\n<p>Lasermet bietet eine Reihe von freistehenden Laser-Abschirmungen an, die als passive Schutzvorrichtungen zum Abschirmen von Bereichen konzipiert sind, in denen Laser der Klasse 3B oder Klasse 4 verwendet werden, entweder zum Schutz vor versehentlicher Exposition gegen\u00fcber dem Laserstrahl oder zur langfristigen Abschirmung von Laserstrahlung bei geringeren Leistungsdichten.<\/p>\n\n\n\n<p>Alle Lasermet-Laser-Abschirmungen sind CE-gekennzeichnet und gem\u00e4\u00df BS EN IEC 60825-4 \u201eSicherheit von Laserprodukten \u2013 Teil 4: Laserschutzvorrichtungen\u201d zertifiziert.<\/p>\n\n\n\n<p>Alle Abschirmungen sind tragbar und k\u00f6nnen je nach Bedarf als einfache tempor\u00e4re Installationen oder semipermanent bzw. permanent eingesetzt werden.<\/p>\n\n\n\n<div style=\"height:58px\" aria-hidden=\"true\" class=\"wp-block-spacer\"><\/div>\n\n\n\n<h5 class=\"wp-block-heading\">PEL Bewertungen<\/h5>\n\n\n\n<figure class=\"wp-block-table\"><table class=\"has-fixed-layout\"><tbody><tr><td><strong>Bestrahlter Bereich<\/strong><\/td><td><strong>PEL (T3) 10s<\/strong><\/td><td><strong>PEL (T2) 100s<\/strong><\/td><\/tr><tr><td>4mm\u00b2<\/td><td>3.9 MW\/m\u00b2<\/td><td>2.2 MW\/m\u00b2<\/td><\/tr><tr><td>2000mm\u00b2<\/td><td>0.62 MW\/m\u00b2<\/td><td>0.35 MW\/m\u00b2<\/td><\/tr><\/tbody><\/table><\/figure>\n\n\n\n<div style=\"height:63px\" aria-hidden=\"true\" class=\"wp-block-spacer\"><\/div>\n\n\n\n<h3 class=\"wp-block-heading\">Bestelloptionen<\/h3>\n\n\n\n<p>Die Standardgr\u00f6\u00dfen sind unten aufgef\u00fchrt.<\/p>\n\n\n\n<figure class=\"wp-block-table\"><table class=\"has-fixed-layout\"><tbody><tr><td><strong>Teilenummer<\/strong><\/td><td><strong>Abmessung<\/strong><\/td><\/tr><tr><td>LBS-8<\/td><td>2440 x 1920 mm high<\/td><\/tr><tr><td>LBS-4<\/td><td>1200 x 1920 mm high<\/td><\/tr><tr><td>LBS-C<\/td><td>Steckverbinder<\/td><\/tr><\/tbody><\/table><\/figure>\n\n\n\n<p><\/p>\n","protected":false},"excerpt":{"rendered":"<p><strong>Safety Screens<\/strong><\/p>\n<p>To protect personnel from Class 4 and Class 3B lasers it is imperative to have comprehensive laser safety protection in place. Laser radiation must be prevented from escaping from labs and manufacturing facilities using certified equipment.<\/p>\n<ul>\n<li>\n<p>Tragbar<\/p>\n<\/li>\n<li>\n<p>Leicht<\/p>\n<\/li>\n<li>\n<p>Hohe Schutzanforderungen<\/p>\n<\/li>\n<li>\n<p>CE-gekennzeichnet und zertifiziert nach BS EN IEC 60825-4 Sicherheit von Laserprodukten Teil 4: Laserschutzvorrichtungen<\/p>\n<\/li>\n<\/ul>\n","protected":false},"featured_media":9118,"comment_status":"closed","ping_status":"closed","template":"","meta":{"_acf_changed":false,"_kad_blocks_custom_css":"","_kad_blocks_head_custom_js":"","_kad_blocks_body_custom_js":"","_kad_blocks_footer_custom_js":"","_EventAllDay":false,"_EventTimezone":"","_EventStartDate":"","_EventEndDate":"","_EventStartDateUTC":"","_EventEndDateUTC":"","_EventShowMap":false,"_EventShowMapLink":false,"_EventURL":"","_EventCost":"","_EventCostDescription":"","_EventCurrencySymbol":"","_EventCurrencyCode":"","_EventCurrencyPosition":"","_EventDateTimeSeparator":"","_EventTimeRangeSeparator":"","_EventOrganizerID":[],"_EventVenueID":[],"_OrganizerEmail":"","_OrganizerPhone":"","_OrganizerWebsite":"","_VenueAddress":"","_VenueCity":"","_VenueCountry":"","_VenueProvince":"","_VenueState":"","_VenueZip":"","_VenuePhone":"","_VenueURL":"","_VenueStateProvince":"","_VenueLat":"","_VenueLng":"","_VenueShowMap":false,"_VenueShowMapLink":false,"_kadence_starter_templates_imported_post":false,"_kad_post_transparent":"","_kad_post_title":"","_kad_post_layout":"","_kad_post_sidebar_id":"","_kad_post_content_style":"","_kad_post_vertical_padding":"","_kad_post_feature":"","_kad_post_feature_position":"","_kad_post_header":false,"_kad_post_footer":false,"_kad_post_classname":""},"product_brand":[],"product_cat":[44],"product_tag":[33,35,36,37,48],"class_list":{"0":"post-397","1":"product","2":"type-product","3":"status-publish","4":"has-post-thumbnail","6":"product_cat-laserschutzabschirmungen","7":"product_tag-aerospace","8":"product_tag-automobilindustrie","9":"product_tag-forschung","10":"product_tag-industriell","11":"product_tag-medizinische","13":"first","14":"instock","15":"shipping-taxable","16":"product-type-simple","17":"entry","18":"content-bg","19":"loop-entry"},"acf":[],"taxonomy_info":{"product_cat":[{"value":44,"label":"Laserschutzabschirmungen"}],"product_tag":[{"value":33,"label":"Aerospace"},{"value":35,"label":"Automobilindustrie"},{"value":36,"label":"Forschung und Entwicklung"},{"value":37,"label":"Industriell"},{"value":48,"label":"Medizinische"}]},"featured_image_src_large":["https:\/\/www.lasermet.com\/de\/wp-content\/uploads\/sites\/3\/2023\/02\/standard-screen-for-web.png",500,500,false],"author_info":[],"comment_info":0,"_links":{"self":[{"href":"https:\/\/www.lasermet.com\/de\/wp-json\/wp\/v2\/product\/397","targetHints":{"allow":["GET"]}}],"collection":[{"href":"https:\/\/www.lasermet.com\/de\/wp-json\/wp\/v2\/product"}],"about":[{"href":"https:\/\/www.lasermet.com\/de\/wp-json\/wp\/v2\/types\/product"}],"replies":[{"embeddable":true,"href":"https:\/\/www.lasermet.com\/de\/wp-json\/wp\/v2\/comments?post=397"}],"wp:featuredmedia":[{"embeddable":true,"href":"https:\/\/www.lasermet.com\/de\/wp-json\/wp\/v2\/media\/9118"}],"wp:attachment":[{"href":"https:\/\/www.lasermet.com\/de\/wp-json\/wp\/v2\/media?parent=397"}],"wp:term":[{"taxonomy":"product_brand","embeddable":true,"href":"https:\/\/www.lasermet.com\/de\/wp-json\/wp\/v2\/product_brand?post=397"},{"taxonomy":"product_cat","embeddable":true,"href":"https:\/\/www.lasermet.com\/de\/wp-json\/wp\/v2\/product_cat?post=397"},{"taxonomy":"product_tag","embeddable":true,"href":"https:\/\/www.lasermet.com\/de\/wp-json\/wp\/v2\/product_tag?post=397"}],"curies":[{"name":"wp","href":"https:\/\/api.w.org\/{rel}","templated":true}]}}