{"id":386,"date":"2023-01-31T09:49:28","date_gmt":"2023-01-31T09:49:28","guid":{"rendered":"https:\/\/www.lasermetgmbh.de\/?post_type=product&amp;p=386"},"modified":"2023-01-31T09:49:28","modified_gmt":"2023-01-31T09:49:28","slug":"audio-alert-ip65","status":"publish","type":"product","link":"https:\/\/www.lasermet.com\/de\/laserschutzprodukte\/audio-alert-ip65\/","title":{"rendered":"AA-05 Audio Alert (IP65)"},"content":{"rendered":"\n<div class=\"wp-block-columns is-layout-flex wp-container-core-columns-is-layout-9d6595d7 wp-block-columns-is-layout-flex\">\n<div class=\"wp-block-column is-layout-flow wp-block-column-is-layout-flow\" style=\"flex-basis:100%\">\n<div style=\"height:10px\" aria-hidden=\"true\" class=\"wp-block-spacer\"><\/div>\n\n\n\n<div class=\"wp-block-buttons is-layout-flex wp-block-buttons-is-layout-flex\">\n<div class=\"wp-block-button\"><a class=\"wp-block-button__link has-text-color has-background wp-element-button\" href=\"https:\/\/forms.monday.com\/forms\/f21a24e8d67b9d1b482b3e4d1cd058d0?r=use1\" style=\"color:#1d1f8c;background-color:#ffcc01\" rel=\"noopener\">Brosch\u00fcre herunterladen<\/a><\/div>\n<\/div>\n\n\n\n<div style=\"height:100px\" aria-hidden=\"true\" class=\"wp-block-spacer\"><\/div>\n\n\n\n<p>Der AA-05-PIR Audio Alert gibt bei Ausl\u00f6sung eine vorprogrammierte Nachricht ab. Die Nachricht ert\u00f6nt aus einem in die kompakte Einheit integrierten Lautsprecher, der durch eine der folgenden Optionen ausgel\u00f6st wird.<\/p>\n\n\n\n<p>Passiv-Infrarot-Detektor (PIR)<\/p>\n\n\n\n<p>Anwendung von 6 &#8211; 24VDC<\/p>\n\n\n\n<p>Programmierter Timer<\/p>\n\n\n\n<p>Im Standardger\u00e4t k\u00f6nnen zwei Nachrichten aufgezeichnet werden, von denen eine \u00fcber einen Schl\u00fcsselschalter ausgew\u00e4hlt werden kann.<\/p>\n\n\n\n<div style=\"height:20px\" aria-hidden=\"true\" class=\"wp-block-spacer\"><\/div>\n\n\n\n<p><strong>V\u00d6LLIG INDIVIDUELLE OPTIONEN<\/strong><\/p>\n\n\n\n<p>Zu den optionalen Funktionen, die bei der Bestellung festgelegt werden, geh\u00f6ren die Lautst\u00e4rkeregelung und die M\u00f6glichkeit, eine einzelne Nachricht beim Ausl\u00f6sen zu h\u00f6ren oder die Nachrichten in bestimmten Abst\u00e4nden zu wiederholen. Die Wiederholung der Nachricht kann bis zu einer Stunde verz\u00f6gert werden. Wenn das Ger\u00e4t nur vor\u00fcbergehend verwendet wird, kann es an Lasermet zur\u00fcckgeschickt werden, um es mit einer anderen Nachricht neu zu programmieren.<\/p>\n\n\n\n<p>Lasermet liefert auch ein kompatibles Mikrofonsystem, mit dem der Kunde die Nachrichten selbst aufzeichnen kann. Dies ist n\u00fctzlich f\u00fcr Anwendungen, bei denen sich die Nachrichten st\u00e4ndig \u00e4ndern m\u00fcssen.<\/p>\n\n\n\n<div style=\"height:20px\" aria-hidden=\"true\" class=\"wp-block-spacer\"><\/div>\n\n\n\n<p><strong>TAMPER-SCHUTZ<\/strong><\/p>\n\n\n\n<p>Es wurde alles getan, um das Ger\u00e4t so vandalensicher wie m\u00f6glich zu machen. Das Audio Alert IP65-Ger\u00e4t wird mit einer kippbaren Halterung montiert und mit einem Vorh\u00e4ngeschloss gesichert. Die Einstellschrauben der Neigungshalterung sind manipulationssicher.<\/p>\n\n\n<div class=\"wp-block-image\">\n<figure class=\"aligncenter size-full is-resized\"><img loading=\"lazy\" decoding=\"async\" src=\"https:\/\/www.lasermetgmbh.de\/wp-content\/uploads\/2023\/01\/AA-05-PIR-bracket.png\" alt=\"\" class=\"wp-image-5547\" width=\"333\" height=\"250\" srcset=\"https:\/\/www.lasermet.com\/de\/wp-content\/uploads\/sites\/3\/2023\/01\/AA-05-PIR-bracket.png 666w, https:\/\/www.lasermet.com\/de\/wp-content\/uploads\/sites\/3\/2023\/01\/AA-05-PIR-bracket-300x225.png 300w, https:\/\/www.lasermet.com\/de\/wp-content\/uploads\/sites\/3\/2023\/01\/AA-05-PIR-bracket-600x450.png 600w\" sizes=\"auto, (max-width: 333px) 100vw, 333px\" \/><figcaption class=\"wp-element-caption\">Audio Alert IP65 und B\u00fcgelmontage<\/figcaption><\/figure>\n<\/div>\n\n\n<div style=\"height:20px\" aria-hidden=\"true\" class=\"wp-block-spacer\"><\/div>\n\n\n\n<h3 class=\"wp-block-heading\">Bestelloptionen<\/h3>\n\n\n\n<figure class=\"wp-block-table has-small-font-size\"><table><tbody><tr><td><strong>Teilenummer<\/strong><\/td><td><strong>Beschreibung<\/strong><\/td><\/tr><tr><td>AA-05-PIR<\/td><td>Standard Einheit<\/td><\/tr><tr><td>AA-05-PIR-BAT<\/td><td>Standardger\u00e4t mit eigenst\u00e4ndiger wiederaufladbarer Batterie<\/td><\/tr><tr><td>AA-05-BC<\/td><td>Batterieladeger\u00e4t f\u00fcr AA-05-PIR-BAT<\/td><\/tr><tr><td>AA-05-WMK<\/td><td>Verstellbare Montagehalterung mit sicherem Verriegelungssystem<\/td><\/tr><tr><td>AA-MIC<\/td><td>Mikrofon und Anschluss f\u00fcr die Aufnahme von Nachrichten<\/td><\/tr><\/tbody><\/table><\/figure>\n\n\n\n<div style=\"height:17px\" aria-hidden=\"true\" class=\"wp-block-spacer\"><\/div>\n\n\n\n<div style=\"height:18px\" aria-hidden=\"true\" class=\"wp-block-spacer\"><\/div>\n\n\n\n<div style=\"height:39px\" aria-hidden=\"true\" class=\"wp-block-spacer\"><\/div>\n<\/div>\n<\/div>\n\n\n\n<div style=\"height:29px\" aria-hidden=\"true\" class=\"wp-block-spacer\"><\/div>\n","protected":false},"excerpt":{"rendered":"<header class=\"entry-header\">\n<header class=\"entry-header\">\n<p><strong>Audio Alert mit Schutzklasse IP65 f\u00fcr den Au\u00dfeneinsatz geeignet<\/strong><\/p>\n<p>Das Audio Alert IP65-System ist ein lokales Beschallungssystem f\u00fcr automatische Durchsagen, Warnungen, Informationen oder Anweisungen, das f\u00fcr den Au\u00dfeneinsatz geeignet ist.<\/p>\n<p>Benutzerdefinierte Nachrichten k\u00f6nnen bis zu 40 Sekunden lang sein und die Wiederholung und H\u00e4ufigkeit der Nachrichten kann nach Ihren Bed\u00fcrfnissen vorprogrammiert werden.<\/p>\n<ul>\n<li>Integrierbar in Interlock\u00ae Kontrollsysteme<\/li>\n<li>Vollst\u00e4ndig benutzerdefinierte Nachrichten, Wiederholungen und Lautst\u00e4rke<\/li>\n<li>Line-Out f\u00fcr externe Audioger\u00e4te<\/li>\n<\/ul>\n<\/header>\n<\/header>\n","protected":false},"featured_media":5542,"comment_status":"closed","ping_status":"closed","template":"","meta":{"_acf_changed":false,"_kad_blocks_custom_css":"","_kad_blocks_head_custom_js":"","_kad_blocks_body_custom_js":"","_kad_blocks_footer_custom_js":"","_EventAllDay":false,"_EventTimezone":"","_EventStartDate":"","_EventEndDate":"","_EventStartDateUTC":"","_EventEndDateUTC":"","_EventShowMap":false,"_EventShowMapLink":false,"_EventURL":"","_EventCost":"","_EventCostDescription":"","_EventCurrencySymbol":"","_EventCurrencyCode":"","_EventCurrencyPosition":"","_EventDateTimeSeparator":"","_EventTimeRangeSeparator":"","_EventOrganizerID":[],"_EventVenueID":[],"_OrganizerEmail":"","_OrganizerPhone":"","_OrganizerWebsite":"","_VenueAddress":"","_VenueCity":"","_VenueCountry":"","_VenueProvince":"","_VenueState":"","_VenueZip":"","_VenuePhone":"","_VenueURL":"","_VenueStateProvince":"","_VenueLat":"","_VenueLng":"","_VenueShowMap":false,"_VenueShowMapLink":false,"_kadence_starter_templates_imported_post":false,"_kad_post_transparent":"","_kad_post_title":"","_kad_post_layout":"","_kad_post_sidebar_id":"","_kad_post_content_style":"","_kad_post_vertical_padding":"","_kad_post_feature":"","_kad_post_feature_position":"","_kad_post_header":false,"_kad_post_footer":false,"_kad_post_classname":""},"product_brand":[],"product_cat":[34],"product_tag":[33,35,36,37,48],"class_list":{"0":"post-386","1":"product","2":"type-product","3":"status-publish","4":"has-post-thumbnail","6":"product_cat-audio-alert","7":"product_tag-aerospace","8":"product_tag-automobilindustrie","9":"product_tag-forschung","10":"product_tag-industriell","11":"product_tag-medizinische","13":"first","14":"instock","15":"shipping-taxable","16":"product-type-simple","17":"entry","18":"content-bg","19":"loop-entry"},"acf":[],"taxonomy_info":{"product_cat":[{"value":34,"label":"Audio Alert"}],"product_tag":[{"value":33,"label":"Aerospace"},{"value":35,"label":"Automobilindustrie"},{"value":36,"label":"Forschung und Entwicklung"},{"value":37,"label":"Industriell"},{"value":48,"label":"Medizinische"}]},"featured_image_src_large":["https:\/\/www.lasermet.com\/de\/wp-content\/uploads\/sites\/3\/2023\/01\/AA-05-PIR-1.png",500,500,false],"author_info":[],"comment_info":0,"_links":{"self":[{"href":"https:\/\/www.lasermet.com\/de\/wp-json\/wp\/v2\/product\/386","targetHints":{"allow":["GET"]}}],"collection":[{"href":"https:\/\/www.lasermet.com\/de\/wp-json\/wp\/v2\/product"}],"about":[{"href":"https:\/\/www.lasermet.com\/de\/wp-json\/wp\/v2\/types\/product"}],"replies":[{"embeddable":true,"href":"https:\/\/www.lasermet.com\/de\/wp-json\/wp\/v2\/comments?post=386"}],"wp:featuredmedia":[{"embeddable":true,"href":"https:\/\/www.lasermet.com\/de\/wp-json\/wp\/v2\/media\/5542"}],"wp:attachment":[{"href":"https:\/\/www.lasermet.com\/de\/wp-json\/wp\/v2\/media?parent=386"}],"wp:term":[{"taxonomy":"product_brand","embeddable":true,"href":"https:\/\/www.lasermet.com\/de\/wp-json\/wp\/v2\/product_brand?post=386"},{"taxonomy":"product_cat","embeddable":true,"href":"https:\/\/www.lasermet.com\/de\/wp-json\/wp\/v2\/product_cat?post=386"},{"taxonomy":"product_tag","embeddable":true,"href":"https:\/\/www.lasermet.com\/de\/wp-json\/wp\/v2\/product_tag?post=386"}],"curies":[{"name":"wp","href":"https:\/\/api.w.org\/{rel}","templated":true}]}}