{"id":6237,"date":"2023-03-03T21:19:25","date_gmt":"2023-03-03T21:19:25","guid":{"rendered":"https:\/\/www.lasermetgmbh.de\/?page_id=6237"},"modified":"2025-10-16T09:12:54","modified_gmt":"2025-10-16T09:12:54","slug":"medizinische-lasersicherheit","status":"publish","type":"page","link":"https:\/\/www.lasermet.com\/de\/medizinische-lasersicherheit\/","title":{"rendered":"Medizinische Lasersicherheit"},"content":{"rendered":"\n<div class=\"wp-block-group\"><div class=\"wp-block-group__inner-container is-layout-constrained wp-block-group-is-layout-constrained\">\n<div class=\"wp-block-columns is-layout-flex wp-container-core-columns-is-layout-9d6595d7 wp-block-columns-is-layout-flex\">\n<div class=\"wp-block-column has-background is-layout-flow wp-block-column-is-layout-flow\" style=\"background-color:#ffcc01;flex-basis:100px\"><\/div>\n\n\n\n<div class=\"wp-block-column is-layout-flow wp-block-column-is-layout-flow\">\n<p class=\"has-medium-font-size\">Lasermet verf\u00fcgt \u00fcber Experten, die sich um die speziellen Bed\u00fcrfnisse der Lasersicherheit im medizinischen Bereich k\u00fcmmern. Sie verf\u00fcgen \u00fcber das Fachwissen und die Erfahrung, um Lasersicherheitsschulungen f\u00fcr Theaterpersonal anzubieten.<\/p>\n\n\n\n<p>Lasermet ist f\u00fchrend auf dem Gebiet der Lasersicherheit und installiert seit 1987 Laser Interlock\u00ae Kontrollsysteme und zertifizierte Laserschutzrollos in Krankenh\u00e4usern auf der ganzen Welt.<\/p>\n<\/div>\n\n\n\n<div class=\"wp-block-column has-background is-layout-flow wp-block-column-is-layout-flow\" style=\"background-color:#ffcc01;flex-basis:100px\"><\/div>\n<\/div>\n<\/div><\/div>\n\n\n\n<hr class=\"wp-block-separator has-alpha-channel-opacity\" \/>\n\n\n\n<div style=\"height:29px\" aria-hidden=\"true\" class=\"wp-block-spacer\"><\/div>\n\n\n\n<h3 class=\"wp-block-heading\">Medizinische Lasersicherheitsprodukte<\/h3>\n\n\n\n<div style=\"height:21px\" aria-hidden=\"true\" class=\"wp-block-spacer\"><\/div>\n\n\n<div data-align-buttons=\"true\" data-block-name=\"woocommerce\/product-tag\" data-columns=\"4\" data-content-visibility=\"{&quot;image&quot;:true,&quot;title&quot;:true,&quot;price&quot;:true,&quot;rating&quot;:false,&quot;button&quot;:false}\" data-orderby=\"title\" data-rows=\"2\" data-tags=\"[48]\" class=\"wc-block-grid wp-block-product-tag wp-block-woocommerce-product-tag wc-block-product-tag has-4-columns has-multiple-rows has-aligned-buttons\"><ul class=\"wc-block-grid__products\"><li class=\"wc-block-grid__product entry loop-entry content-bg woo-archive-action-on-hover woo-archive-btn-text product-loop-boxed woo-archive-image-hover-none\"><a href=\"https:\/\/www.lasermet.com\/de\/laserschutzprodukte\/audio-alert\/\" class=\"wc-block-grid__product-link woocommerce-loop-image-link woocommerce-LoopProduct-link woocommerce-loop-product__link\">\n\t\t\t\t\t<img loading=\"lazy\" decoding=\"async\" width=\"400\" height=\"400\" src=\"https:\/\/www.lasermet.com\/de\/wp-content\/uploads\/sites\/3\/2022\/02\/AA-04-1-600x600.png\" class=\"attachment-woocommerce_thumbnail size-woocommerce_thumbnail\" alt=\"AA-04 Audio Alert\" srcset=\"https:\/\/www.lasermet.com\/de\/wp-content\/uploads\/sites\/3\/2022\/02\/AA-04-1-600x600.png 600w, https:\/\/www.lasermet.com\/de\/wp-content\/uploads\/sites\/3\/2022\/02\/AA-04-1-300x300.png 300w, https:\/\/www.lasermet.com\/de\/wp-content\/uploads\/sites\/3\/2022\/02\/AA-04-1-150x150.png 150w, https:\/\/www.lasermet.com\/de\/wp-content\/uploads\/sites\/3\/2022\/02\/AA-04-1-768x768.png 768w, https:\/\/www.lasermet.com\/de\/wp-content\/uploads\/sites\/3\/2022\/02\/AA-04-1-100x100.png 100w, https:\/\/www.lasermet.com\/de\/wp-content\/uploads\/sites\/3\/2022\/02\/AA-04-1.png 833w\" sizes=\"auto, (max-width: 400px) 100vw, 400px\" \/>\n\t\t\t\t\t\n\t\t\t\t<\/a>\n\t\t\t\t<div class=\"product-details content-bg entry-content-wrap\">\n\t\t\t\t\t<a href=\"https:\/\/www.lasermet.com\/de\/laserschutzprodukte\/audio-alert\/\" class=\"wc-block-grid__product-title-link\">\n\t\t\t\t\t\t<div class=\"wc-block-grid__product-title\">AA-04 Audio Alert<\/div>\n\t\t\t\t\t<\/a>\n\t\t\t\t\t\n\t\t\t\t\t<div class=\"wc-block-grid__product-price price\"><\/div>\n\t\t\t\t\t\n\t\t\t\t<\/div>\n\t\t\t<\/li><li class=\"wc-block-grid__product entry loop-entry content-bg woo-archive-action-on-hover woo-archive-btn-text product-loop-boxed woo-archive-image-hover-none\"><a href=\"https:\/\/www.lasermet.com\/de\/laserschutzprodukte\/audio-alert-ip65\/\" class=\"wc-block-grid__product-link woocommerce-loop-image-link woocommerce-LoopProduct-link woocommerce-loop-product__link\">\n\t\t\t\t\t<img loading=\"lazy\" decoding=\"async\" width=\"400\" height=\"400\" src=\"https:\/\/www.lasermet.com\/de\/wp-content\/uploads\/sites\/3\/2023\/01\/AA-05-PIR-1.png\" class=\"attachment-woocommerce_thumbnail size-woocommerce_thumbnail\" alt=\"AA-05 Audio Alert (IP65)\" srcset=\"https:\/\/www.lasermet.com\/de\/wp-content\/uploads\/sites\/3\/2023\/01\/AA-05-PIR-1.png 500w, https:\/\/www.lasermet.com\/de\/wp-content\/uploads\/sites\/3\/2023\/01\/AA-05-PIR-1-300x300.png 300w, https:\/\/www.lasermet.com\/de\/wp-content\/uploads\/sites\/3\/2023\/01\/AA-05-PIR-1-150x150.png 150w, https:\/\/www.lasermet.com\/de\/wp-content\/uploads\/sites\/3\/2023\/01\/AA-05-PIR-1-100x100.png 100w\" sizes=\"auto, (max-width: 400px) 100vw, 400px\" \/>\n\t\t\t\t\t\n\t\t\t\t<\/a>\n\t\t\t\t<div class=\"product-details content-bg entry-content-wrap\">\n\t\t\t\t\t<a href=\"https:\/\/www.lasermet.com\/de\/laserschutzprodukte\/audio-alert-ip65\/\" class=\"wc-block-grid__product-title-link\">\n\t\t\t\t\t\t<div class=\"wc-block-grid__product-title\">AA-05 Audio Alert (IP65)<\/div>\n\t\t\t\t\t<\/a>\n\t\t\t\t\t\n\t\t\t\t\t<div class=\"wc-block-grid__product-price price\"><\/div>\n\t\t\t\t\t\n\t\t\t\t<\/div>\n\t\t\t<\/li><li class=\"wc-block-grid__product entry loop-entry content-bg woo-archive-action-on-hover woo-archive-btn-text product-loop-boxed woo-archive-image-hover-none\"><a href=\"https:\/\/www.lasermet.com\/de\/laserschutzprodukte\/zugangstastatur-mit-override\/\" class=\"wc-block-grid__product-link woocommerce-loop-image-link woocommerce-LoopProduct-link woocommerce-loop-product__link\">\n\t\t\t\t\t<img loading=\"lazy\" decoding=\"async\" width=\"400\" height=\"400\" src=\"https:\/\/www.lasermet.com\/de\/wp-content\/uploads\/sites\/3\/2023\/08\/large-ICS-KP23.png\" class=\"attachment-woocommerce_thumbnail size-woocommerce_thumbnail\" alt=\"Access Keypad with Override\" srcset=\"https:\/\/www.lasermet.com\/de\/wp-content\/uploads\/sites\/3\/2023\/08\/large-ICS-KP23.png 500w, https:\/\/www.lasermet.com\/de\/wp-content\/uploads\/sites\/3\/2023\/08\/large-ICS-KP23-300x300.png 300w, https:\/\/www.lasermet.com\/de\/wp-content\/uploads\/sites\/3\/2023\/08\/large-ICS-KP23-150x150.png 150w, https:\/\/www.lasermet.com\/de\/wp-content\/uploads\/sites\/3\/2023\/08\/large-ICS-KP23-100x100.png 100w\" sizes=\"auto, (max-width: 400px) 100vw, 400px\" \/>\n\t\t\t\t\t\n\t\t\t\t<\/a>\n\t\t\t\t<div class=\"product-details content-bg entry-content-wrap\">\n\t\t\t\t\t<a href=\"https:\/\/www.lasermet.com\/de\/laserschutzprodukte\/zugangstastatur-mit-override\/\" class=\"wc-block-grid__product-title-link\">\n\t\t\t\t\t\t<div class=\"wc-block-grid__product-title\">Access Keypad with Override<\/div>\n\t\t\t\t\t<\/a>\n\t\t\t\t\t\n\t\t\t\t\t<div class=\"wc-block-grid__product-price price\"><\/div>\n\t\t\t\t\t\n\t\t\t\t<\/div>\n\t\t\t<\/li><li class=\"wc-block-grid__product entry loop-entry content-bg woo-archive-action-on-hover woo-archive-btn-text product-loop-boxed woo-archive-image-hover-none\"><a href=\"https:\/\/www.lasermet.com\/de\/laserschutzprodukte\/brillen-fuer-kosmetische-laser-und-ipl\/\" class=\"wc-block-grid__product-link woocommerce-loop-image-link woocommerce-LoopProduct-link woocommerce-loop-product__link\">\n\t\t\t\t\t<img loading=\"lazy\" decoding=\"async\" width=\"400\" height=\"400\" src=\"https:\/\/www.lasermet.com\/de\/wp-content\/uploads\/sites\/3\/2024\/07\/cosmetic.png\" class=\"attachment-woocommerce_thumbnail size-woocommerce_thumbnail\" alt=\"Brillen f\u00fcr kosmetische Laser und IPL\" srcset=\"https:\/\/www.lasermet.com\/de\/wp-content\/uploads\/sites\/3\/2024\/07\/cosmetic.png 500w, https:\/\/www.lasermet.com\/de\/wp-content\/uploads\/sites\/3\/2024\/07\/cosmetic-300x300.png 300w, https:\/\/www.lasermet.com\/de\/wp-content\/uploads\/sites\/3\/2024\/07\/cosmetic-150x150.png 150w, https:\/\/www.lasermet.com\/de\/wp-content\/uploads\/sites\/3\/2024\/07\/cosmetic-100x100.png 100w\" sizes=\"auto, (max-width: 400px) 100vw, 400px\" \/>\n\t\t\t\t\t\n\t\t\t\t<\/a>\n\t\t\t\t<div class=\"product-details content-bg entry-content-wrap\">\n\t\t\t\t\t<a href=\"https:\/\/www.lasermet.com\/de\/laserschutzprodukte\/brillen-fuer-kosmetische-laser-und-ipl\/\" class=\"wc-block-grid__product-title-link\">\n\t\t\t\t\t\t<div class=\"wc-block-grid__product-title\">Brillen f\u00fcr kosmetische Laser und IPL<\/div>\n\t\t\t\t\t<\/a>\n\t\t\t\t\t\n\t\t\t\t\t<div class=\"wc-block-grid__product-price price\"><\/div>\n\t\t\t\t\t\n\t\t\t\t<\/div>\n\t\t\t<\/li><li class=\"wc-block-grid__product entry loop-entry content-bg woo-archive-action-on-hover woo-archive-btn-text product-loop-boxed woo-archive-image-hover-none\"><a href=\"https:\/\/www.lasermet.com\/de\/laserschutzprodukte\/caiman-laser-sicherheitsjalousien-fuer-fenster\/\" class=\"wc-block-grid__product-link woocommerce-loop-image-link woocommerce-LoopProduct-link woocommerce-loop-product__link\">\n\t\t\t\t\t<img loading=\"lazy\" decoding=\"async\" width=\"400\" height=\"400\" src=\"https:\/\/www.lasermet.com\/de\/wp-content\/uploads\/sites\/3\/2025\/04\/main-for-website.png\" class=\"attachment-woocommerce_thumbnail size-woocommerce_thumbnail\" alt=\"Caiman Laser Sicherheitsjalousien f\u00fcr Fenster\" srcset=\"https:\/\/www.lasermet.com\/de\/wp-content\/uploads\/sites\/3\/2025\/04\/main-for-website.png 500w, https:\/\/www.lasermet.com\/de\/wp-content\/uploads\/sites\/3\/2025\/04\/main-for-website-300x300.png 300w, https:\/\/www.lasermet.com\/de\/wp-content\/uploads\/sites\/3\/2025\/04\/main-for-website-150x150.png 150w, https:\/\/www.lasermet.com\/de\/wp-content\/uploads\/sites\/3\/2025\/04\/main-for-website-100x100.png 100w\" sizes=\"auto, (max-width: 400px) 100vw, 400px\" \/>\n\t\t\t\t\t\n\t\t\t\t<\/a>\n\t\t\t\t<div class=\"product-details content-bg entry-content-wrap\">\n\t\t\t\t\t<a href=\"https:\/\/www.lasermet.com\/de\/laserschutzprodukte\/caiman-laser-sicherheitsjalousien-fuer-fenster\/\" class=\"wc-block-grid__product-title-link\">\n\t\t\t\t\t\t<div class=\"wc-block-grid__product-title\">Caiman Laser Sicherheitsjalousien f\u00fcr Fenster<\/div>\n\t\t\t\t\t<\/a>\n\t\t\t\t\t\n\t\t\t\t\t<div class=\"wc-block-grid__product-price price\"><\/div>\n\t\t\t\t\t\n\t\t\t\t<\/div>\n\t\t\t<\/li><li class=\"wc-block-grid__product entry loop-entry content-bg woo-archive-action-on-hover woo-archive-btn-text product-loop-boxed woo-archive-image-hover-none\"><a href=\"https:\/\/www.lasermet.com\/de\/laserschutzprodukte\/dragon-door\/\" class=\"wc-block-grid__product-link woocommerce-loop-image-link woocommerce-LoopProduct-link woocommerce-loop-product__link\">\n\t\t\t\t\t<img loading=\"lazy\" decoding=\"async\" width=\"400\" height=\"400\" src=\"https:\/\/www.lasermet.com\/de\/wp-content\/uploads\/sites\/3\/2025\/09\/dragon-door-500x500-1.png\" class=\"attachment-woocommerce_thumbnail size-woocommerce_thumbnail\" alt=\"Dragon Door\" srcset=\"https:\/\/www.lasermet.com\/de\/wp-content\/uploads\/sites\/3\/2025\/09\/dragon-door-500x500-1.png 500w, https:\/\/www.lasermet.com\/de\/wp-content\/uploads\/sites\/3\/2025\/09\/dragon-door-500x500-1-300x300.png 300w, https:\/\/www.lasermet.com\/de\/wp-content\/uploads\/sites\/3\/2025\/09\/dragon-door-500x500-1-150x150.png 150w, https:\/\/www.lasermet.com\/de\/wp-content\/uploads\/sites\/3\/2025\/09\/dragon-door-500x500-1-100x100.png 100w\" sizes=\"auto, (max-width: 400px) 100vw, 400px\" \/>\n\t\t\t\t\t\n\t\t\t\t<\/a>\n\t\t\t\t<div class=\"product-details content-bg entry-content-wrap\">\n\t\t\t\t\t<a href=\"https:\/\/www.lasermet.com\/de\/laserschutzprodukte\/dragon-door\/\" class=\"wc-block-grid__product-title-link\">\n\t\t\t\t\t\t<div class=\"wc-block-grid__product-title\">Dragon Door<\/div>\n\t\t\t\t\t<\/a>\n\t\t\t\t\t\n\t\t\t\t\t<div class=\"wc-block-grid__product-price price\"><\/div>\n\t\t\t\t\t\n\t\t\t\t<\/div>\n\t\t\t<\/li><li class=\"wc-block-grid__product entry loop-entry content-bg woo-archive-action-on-hover woo-archive-btn-text product-loop-boxed woo-archive-image-hover-none\"><a href=\"https:\/\/www.lasermet.com\/de\/laserschutzprodukte\/flachfuss-laser-blockierbildschirm\/\" class=\"wc-block-grid__product-link woocommerce-loop-image-link woocommerce-LoopProduct-link woocommerce-loop-product__link\">\n\t\t\t\t\t<img loading=\"lazy\" decoding=\"async\" width=\"400\" height=\"400\" src=\"https:\/\/www.lasermet.com\/de\/wp-content\/uploads\/sites\/3\/2025\/07\/Flatfoot-Screen-web.png\" class=\"attachment-woocommerce_thumbnail size-woocommerce_thumbnail\" alt=\"Flachfu\u00df-Laser-Blockierbildschirm\" srcset=\"https:\/\/www.lasermet.com\/de\/wp-content\/uploads\/sites\/3\/2025\/07\/Flatfoot-Screen-web.png 500w, https:\/\/www.lasermet.com\/de\/wp-content\/uploads\/sites\/3\/2025\/07\/Flatfoot-Screen-web-300x300.png 300w, https:\/\/www.lasermet.com\/de\/wp-content\/uploads\/sites\/3\/2025\/07\/Flatfoot-Screen-web-150x150.png 150w, https:\/\/www.lasermet.com\/de\/wp-content\/uploads\/sites\/3\/2025\/07\/Flatfoot-Screen-web-100x100.png 100w\" sizes=\"auto, (max-width: 400px) 100vw, 400px\" \/>\n\t\t\t\t\t\n\t\t\t\t<\/a>\n\t\t\t\t<div class=\"product-details content-bg entry-content-wrap\">\n\t\t\t\t\t<a href=\"https:\/\/www.lasermet.com\/de\/laserschutzprodukte\/flachfuss-laser-blockierbildschirm\/\" class=\"wc-block-grid__product-title-link\">\n\t\t\t\t\t\t<div class=\"wc-block-grid__product-title\">Flachfu\u00df-Laser-Blockierbildschirm<\/div>\n\t\t\t\t\t<\/a>\n\t\t\t\t\t\n\t\t\t\t\t<div class=\"wc-block-grid__product-price price\"><\/div>\n\t\t\t\t\t\n\t\t\t\t<\/div>\n\t\t\t<\/li><li class=\"wc-block-grid__product entry loop-entry content-bg woo-archive-action-on-hover woo-archive-btn-text product-loop-boxed woo-archive-image-hover-none\"><a href=\"https:\/\/www.lasermet.com\/de\/laserschutzprodukte\/glaslaser-schutzbrille\/\" class=\"wc-block-grid__product-link woocommerce-loop-image-link woocommerce-LoopProduct-link woocommerce-loop-product__link\">\n\t\t\t\t\t<img loading=\"lazy\" decoding=\"async\" width=\"400\" height=\"400\" src=\"https:\/\/www.lasermet.com\/de\/wp-content\/uploads\/sites\/3\/2025\/07\/Fortress-Frame-600x600.jpg\" class=\"attachment-woocommerce_thumbnail size-woocommerce_thumbnail\" alt=\"Glaslaser-Schutzbrille\" srcset=\"https:\/\/www.lasermet.com\/de\/wp-content\/uploads\/sites\/3\/2025\/07\/Fortress-Frame-600x600.jpg 600w, https:\/\/www.lasermet.com\/de\/wp-content\/uploads\/sites\/3\/2025\/07\/Fortress-Frame-300x300.jpg 300w, https:\/\/www.lasermet.com\/de\/wp-content\/uploads\/sites\/3\/2025\/07\/Fortress-Frame-150x150.jpg 150w, https:\/\/www.lasermet.com\/de\/wp-content\/uploads\/sites\/3\/2025\/07\/Fortress-Frame-768x768.jpg 768w, https:\/\/www.lasermet.com\/de\/wp-content\/uploads\/sites\/3\/2025\/07\/Fortress-Frame-100x100.jpg 100w, https:\/\/www.lasermet.com\/de\/wp-content\/uploads\/sites\/3\/2025\/07\/Fortress-Frame.jpg 980w\" sizes=\"auto, (max-width: 400px) 100vw, 400px\" \/>\n\t\t\t\t\t\n\t\t\t\t<\/a>\n\t\t\t\t<div class=\"product-details content-bg entry-content-wrap\">\n\t\t\t\t\t<a href=\"https:\/\/www.lasermet.com\/de\/laserschutzprodukte\/glaslaser-schutzbrille\/\" class=\"wc-block-grid__product-title-link\">\n\t\t\t\t\t\t<div class=\"wc-block-grid__product-title\">Glaslaser-Schutzbrille<\/div>\n\t\t\t\t\t<\/a>\n\t\t\t\t\t\n\t\t\t\t\t<div class=\"wc-block-grid__product-price price\"><\/div>\n\t\t\t\t\t\n\t\t\t\t<\/div>\n\t\t\t<\/li><\/ul><\/div>\n\n\n<hr class=\"wp-block-separator has-alpha-channel-opacity\" \/>\n\n\n\n<div style=\"height:29px\" aria-hidden=\"true\" class=\"wp-block-spacer\"><\/div>\n\n\n\n<h3 class=\"wp-block-heading\">Medizinische Lasersicherheitsdienstleistungen<\/h3>\n\n\n\n<p><strong>In Krankenh\u00e4usern und Operationss\u00e4len, in denen Laser eingesetzt werden, m\u00fcssen Laserschutzbeauftragte (LPS) und Laserschutzberater (LPA) vorhanden sein. Der LPS sollte jemand aus dem lokalen Personal sein, der f\u00fcr die t\u00e4gliche Anwendung der lokalen Vorschriften verantwortlich ist, aber nicht unbedingt \u00fcber fundierte Kenntnisse auf diesem Gebiet verf\u00fcgen muss.<\/strong><\/p>\n\n\n\n<p>Daher muss die LPS \u00fcber einen LPA (eine Person mit Kenntnissen im Bereich Lasersicherheit) verf\u00fcgen, an den sie sich f\u00fcr technische Beratung wenden kann. Der Laserschutzberater kommt in der Regel nicht aus der Abteilung, in der die Laser eingesetzt werden. Der LPA erstellt die lokalen Vorschriften, legt die erforderliche Schutzbrille und andere Sicherheitsausr\u00fcstung fest, steht f\u00fcr fachliche Beratung zur Verf\u00fcgung und besucht gelegentlich die Abteilung, um die Lasersicherheit zu \u00fcberpr\u00fcfen.<\/p>\n\n\n\n<p>Die medizinischen Laserschutzberater von Lasermet verf\u00fcgen entweder \u00fcber das RPA 2000-Zertifikat, das sie zur T\u00e4tigkeit als Laserschutzberater (LPA) berechtigt, oder wurden von der Association of Laser Safety Professionals (ALSP) als Laserschutzberater akkreditiert und bieten fachkundige Beratung auf der Grundlage langj\u00e4hriger Erfahrung.<\/p>\n\n\n\n<div style=\"height:20px\" aria-hidden=\"true\" class=\"wp-block-spacer\"><\/div>\n\n\n\n<div class=\"wp-block-columns is-layout-flex wp-container-core-columns-is-layout-9d6595d7 wp-block-columns-is-layout-flex\">\n<div class=\"wp-block-column is-layout-flow wp-block-column-is-layout-flow\">\n<p><a href=\"https:\/\/www.lasermet.com\/laser-safety-products\/one-day-laser-safety-training\/\" target=\"_blank\" rel=\"noreferrer noopener\">Laser Safety Training<\/a><\/p>\n\n\n\n<p>Praktiker und Theatermitarbeiter, die Laser verwenden, m\u00fcssen eine Grundausbildung in Lasersicherheit absolviert haben. Alle Personen, die Laser der Klassen 1M, 2M, 3R, 3B und 4 verwenden, sollten eine Lasersicherheitsschulung erhalten. F\u00fcr Laser der Klassen 1M, 2M und 3R kann diese Schulung recht kurz sein. Dar\u00fcber hinaus m\u00fcssen alle Organisationen, die Laser der Klassen 3B, 4 oder unsichtbare Laser der Klasse 3R verwenden, \u00fcber einen Lasersicherheitsbeauftragten verf\u00fcgen, der eine entsprechende Schulung absolviert haben sollte. Lasermet bietet diese Schulung an.<\/p>\n<\/div>\n\n\n\n<div class=\"wp-block-column is-layout-flow wp-block-column-is-layout-flow\">\n<p><a href=\"https:\/\/www.lasermet.com\/laser-safety-products\/core-of-knowledge-laser-safety-training-course-for-clinics-using-lasers-ipl\/\" target=\"_blank\" rel=\"noreferrer noopener\">Core of Knowledge Training<\/a><\/p>\n\n\n\n<p>Dieser Kurs richtet sich an Bediener und anderes Personal in Kliniken, die Laser- und IPL-Systeme (Intense Pulsed Light) f\u00fcr Haarentfernung, Hautstraffung, Zahnmedizin, Tattooentfernung und \u00e4hnliche Verfahren einsetzen. Er vermittelt sowohl Grundlagen f\u00fcr den sicheren Umgang mit Laser- und IPL-Systemen als auch die Schulungsanforderungen des MHRA Device Bulletin \u201eLaser, intensive Lichtquellensysteme und LEDs \u2013 Leitfaden f\u00fcr den sicheren Einsatz in medizinischen, chirurgischen, zahnmedizinischen und \u00e4sthetischen Praxen\u201d vom September 2015.<\/p>\n<\/div>\n<\/div>\n\n\n\n<div style=\"height:100px\" aria-hidden=\"true\" class=\"wp-block-spacer\"><\/div>\n","protected":false},"excerpt":{"rendered":"<p>Lasermet verf\u00fcgt \u00fcber Experten, die sich um die speziellen Bed\u00fcrfnisse der Lasersicherheit im medizinischen Bereich k\u00fcmmern. Sie verf\u00fcgen \u00fcber das Fachwissen und die Erfahrung, um Lasersicherheitsschulungen f\u00fcr Theaterpersonal anzubieten. Lasermet&#8230;<\/p>\n","protected":false},"author":1,"featured_media":0,"parent":0,"menu_order":0,"comment_status":"closed","ping_status":"closed","template":"template-pagetitle.php","meta":{"_acf_changed":false,"_kad_blocks_custom_css":"","_kad_blocks_head_custom_js":"","_kad_blocks_body_custom_js":"","_kad_blocks_footer_custom_js":"","_EventAllDay":false,"_EventTimezone":"","_EventStartDate":"","_EventEndDate":"","_EventStartDateUTC":"","_EventEndDateUTC":"","_EventShowMap":false,"_EventShowMapLink":false,"_EventURL":"","_EventCost":"","_EventCostDescription":"","_EventCurrencySymbol":"","_EventCurrencyCode":"","_EventCurrencyPosition":"","_EventDateTimeSeparator":"","_EventTimeRangeSeparator":"","_EventOrganizerID":[],"_EventVenueID":[],"_OrganizerEmail":"","_OrganizerPhone":"","_OrganizerWebsite":"","_VenueAddress":"","_VenueCity":"","_VenueCountry":"","_VenueProvince":"","_VenueState":"","_VenueZip":"","_VenuePhone":"","_VenueURL":"","_VenueStateProvince":"","_VenueLat":"","_VenueLng":"","_VenueShowMap":false,"_VenueShowMapLink":false,"_kadence_starter_templates_imported_post":false,"_kad_post_transparent":"","_kad_post_title":"","_kad_post_layout":"","_kad_post_sidebar_id":"","_kad_post_content_style":"","_kad_post_vertical_padding":"","_kad_post_feature":"","_kad_post_feature_position":"","_kad_post_header":false,"_kad_post_footer":false,"_kad_post_classname":"","footnotes":""},"class_list":["post-6237","page","type-page","status-publish","hentry"],"acf":[],"taxonomy_info":[],"featured_image_src_large":false,"author_info":{"display_name":"paulgaray","author_link":"https:\/\/www.lasermet.com\/de\/author\/paulgaray\/"},"comment_info":0,"_links":{"self":[{"href":"https:\/\/www.lasermet.com\/de\/wp-json\/wp\/v2\/pages\/6237","targetHints":{"allow":["GET"]}}],"collection":[{"href":"https:\/\/www.lasermet.com\/de\/wp-json\/wp\/v2\/pages"}],"about":[{"href":"https:\/\/www.lasermet.com\/de\/wp-json\/wp\/v2\/types\/page"}],"author":[{"embeddable":true,"href":"https:\/\/www.lasermet.com\/de\/wp-json\/wp\/v2\/users\/1"}],"replies":[{"embeddable":true,"href":"https:\/\/www.lasermet.com\/de\/wp-json\/wp\/v2\/comments?post=6237"}],"version-history":[{"count":6,"href":"https:\/\/www.lasermet.com\/de\/wp-json\/wp\/v2\/pages\/6237\/revisions"}],"predecessor-version":[{"id":9283,"href":"https:\/\/www.lasermet.com\/de\/wp-json\/wp\/v2\/pages\/6237\/revisions\/9283"}],"wp:attachment":[{"href":"https:\/\/www.lasermet.com\/de\/wp-json\/wp\/v2\/media?parent=6237"}],"curies":[{"name":"wp","href":"https:\/\/api.w.org\/{rel}","templated":true}]}}