{"id":608,"date":"2019-11-25T00:17:05","date_gmt":"2019-11-25T00:17:05","guid":{"rendered":"https:\/\/www.lasermetgmbh.de\/about-lasermet\/consultants\/"},"modified":"2025-10-15T03:23:34","modified_gmt":"2025-10-15T03:23:34","slug":"beratung","status":"publish","type":"page","link":"https:\/\/www.lasermet.com\/de\/beratung\/","title":{"rendered":"Beratung"},"content":{"rendered":"\n<h3 class=\"wp-block-heading has-text-align-center\">Beratung, Risikobewertung und Lasergefahrenanalyse<\/h3>\n\n\n\n<div style=\"height:38px\" aria-hidden=\"true\" class=\"wp-block-spacer\"><\/div>\n\n\n\n<div class=\"wp-block-columns is-layout-flex wp-container-core-columns-is-layout-9d6595d7 wp-block-columns-is-layout-flex\">\n<div class=\"wp-block-column is-layout-flow wp-block-column-is-layout-flow\" style=\"flex-basis:33.33%\">\n<figure class=\"wp-block-image size-full\"><img loading=\"lazy\" decoding=\"async\" width=\"371\" height=\"175\" src=\"https:\/\/www.lasermetgmbh.de\/wp-content\/uploads\/2024\/09\/ISO9001.jpg\" alt=\"\" class=\"wp-image-8456\" srcset=\"https:\/\/www.lasermet.com\/de\/wp-content\/uploads\/sites\/3\/2024\/09\/ISO9001.jpg 371w, https:\/\/www.lasermet.com\/de\/wp-content\/uploads\/sites\/3\/2024\/09\/ISO9001-300x142.jpg 300w\" sizes=\"auto, (max-width: 371px) 100vw, 371px\" \/><\/figure>\n<\/div>\n\n\n\n<div class=\"wp-block-column is-layout-flow wp-block-column-is-layout-flow\" style=\"flex-basis:66.66%\">\n<p>Ihr Unternehmen muss sicherstellen, dass es die richtigen Verfahren anwendet und die notwendigen Vorsichtsma\u00dfnahmen gem\u00e4\u00df den verschiedenen Normen trifft. Wenn Sie nicht \u00fcber dieses Fachwissen verf\u00fcgen oder wenn eine externe \u00dcberpr\u00fcfung erforderlich ist, dann k\u00f6nnen wir Ihnen dieses Wissen zur Verf\u00fcgung stellen. Als f\u00fchrende Experten auf dem Gebiet der Lasersicherheit sind wir in der Lage, umfassende Risikobewertungen durchzuf\u00fchren und entsprechende Empfehlungen abzugeben.<\/p>\n<\/div>\n<\/div>\n\n\n\n<div style=\"height:20px\" aria-hidden=\"true\" class=\"wp-block-spacer\"><\/div>\n\n\n\n<hr class=\"wp-block-separator has-alpha-channel-opacity\" \/>\n\n\n\n<div style=\"height:20px\" aria-hidden=\"true\" class=\"wp-block-spacer\"><\/div>\n\n\n\n<div class=\"wp-block-cover\" style=\"min-height:300px;aspect-ratio:unset;\"><img loading=\"lazy\" decoding=\"async\" width=\"1024\" height=\"683\" class=\"wp-block-cover__image-background wp-image-9223 size-large\" alt=\"\" src=\"https:\/\/www.lasermet.com\/de\/wp-content\/uploads\/sites\/3\/2025\/10\/close-up-handshake-1024x683.webp\" style=\"object-position:51% 48%\" data-object-fit=\"cover\" data-object-position=\"51% 48%\" srcset=\"https:\/\/www.lasermet.com\/de\/wp-content\/uploads\/sites\/3\/2025\/10\/close-up-handshake-1024x683.webp 1024w, https:\/\/www.lasermet.com\/de\/wp-content\/uploads\/sites\/3\/2025\/10\/close-up-handshake-300x200.webp 300w, https:\/\/www.lasermet.com\/de\/wp-content\/uploads\/sites\/3\/2025\/10\/close-up-handshake-768x512.webp 768w, https:\/\/www.lasermet.com\/de\/wp-content\/uploads\/sites\/3\/2025\/10\/close-up-handshake-600x400.webp 600w, https:\/\/www.lasermet.com\/de\/wp-content\/uploads\/sites\/3\/2025\/10\/close-up-handshake.webp 1536w\" sizes=\"auto, (max-width: 1024px) 100vw, 1024px\" \/><span aria-hidden=\"true\" class=\"wp-block-cover__background has-theme-palette-3-background-color has-background-dim-20 has-background-dim\"><\/span><div class=\"wp-block-cover__inner-container is-layout-constrained wp-block-cover-is-layout-constrained\">\n<p class=\"has-text-align-center has-large-font-size\">Lasermet-Berater<\/p>\n<\/div><\/div>\n\n\n\n<div style=\"height:30px\" aria-hidden=\"true\" class=\"wp-block-spacer\"><\/div>\n\n\n\n<div class=\"wp-block-group\"><div class=\"wp-block-group__inner-container is-layout-constrained wp-block-group-is-layout-constrained\">\n<div class=\"wp-block-columns has-white-background-color has-background is-layout-flex wp-container-core-columns-is-layout-9d6595d7 wp-block-columns-is-layout-flex\">\n<div class=\"wp-block-column has-theme-palette-1-background-color has-background is-layout-flow wp-block-column-is-layout-flow\" style=\"flex-basis:5%\"><\/div>\n\n\n\n<div class=\"wp-block-column is-layout-flow wp-block-column-is-layout-flow\" style=\"flex-basis:80%\">\n<h4 class=\"wp-block-heading\">Paul Tozer<\/h4>\n\n\n\n<h6 class=\"wp-block-heading\"><em>LPA &#8211; Medical and Non-Medical General Laser Safety<\/em><\/h6>\n\n\n\n<div style=\"height:20px\" aria-hidden=\"true\" class=\"wp-block-spacer\"><\/div>\n\n\n\n<p>Paul ist seit 2006 Gesch\u00e4ftsf\u00fchrer von Lasermet, nachdem er zuvor bei Lasermet als Vertriebsleiter t\u00e4tig war. Er ist seit 1994 auf dem Gebiet der Lasersicherheit t\u00e4tig und verf\u00fcgt \u00fcber umfassende Erfahrung in der Beratung und Betreuung von Industrie, Forschung, Medizin und Kosmetik im Bereich der Lasersicherheit. Insbesondere verf\u00fcgt er \u00fcber detaillierte Kenntnisse der MPE- und AEL-Berechnungen, der EN 207 und der Spezifikationen f\u00fcr Schutzbrillen sowie der Konstruktion von Verriegelungssystemen zur Einhaltung der in der EN 61508 definierten SIL-Stufen. Paul hat an der Universit\u00e4t Bristol mit einem BSc (Hons) in Physik abgeschlossen und ist ein von der Association of Laser Safety Professionals akkreditierter Laserschutzberater.<\/p>\n\n\n\n<hr class=\"wp-block-separator has-alpha-channel-opacity\" \/>\n\n\n\n<div style=\"height:30px\" aria-hidden=\"true\" class=\"wp-block-spacer\"><\/div>\n\n\n\n<h4 class=\"wp-block-heading\">Carolyn Blewett<\/h4>\n\n\n\n<h6 class=\"wp-block-heading\"><em>CQC, RQIA and HIW Registration LPA to Cosmetic, Aesthetic and Dental Users of Laser and IPL Systems<\/em><\/h6>\n\n\n\n<div style=\"height:20px\" aria-hidden=\"true\" class=\"wp-block-spacer\"><\/div>\n\n\n\n<p>Carolyn ist LPA and Registration Service Manager und deckt praktisch alle Aspekte der CQC-, RQIA- und HIW-Registrierung sowie die Verwaltung des LPA-Service und der Mitarbeiter in Gro\u00dfbritannien ab. Sie ist seit 2008 in dieser Funktion t\u00e4tig, nachdem sie zuvor von 2001 bis 2008 in der Pharmaindustrie als Director of Client Services f\u00fcr eine pharmazeutische Marktforschungsagentur gearbeitet hat. Ihre Rolle als Client Service Manager f\u00fcr \u00fcber 20 f\u00fchrende Pharmaunternehmen und ihre Arbeit in der Datenanalyse f\u00fcr pharmazeutische Marktforschung in der Prim\u00e4r- und Sekund\u00e4rversorgung haben ihr ausgezeichnete Erfahrungen f\u00fcr ihre jetzige Rolle bei Lasermet gebracht.<\/p>\n\n\n\n<hr class=\"wp-block-separator has-alpha-channel-opacity\" \/>\n\n\n\n<div style=\"height:30px\" aria-hidden=\"true\" class=\"wp-block-spacer\"><\/div>\n\n\n\n<h4 class=\"wp-block-heading\">Dr. Anna Bass<\/h4>\n\n\n\n<h6 class=\"wp-block-heading\"><em>LPA to Cosmetic, Aesthetic and Dental Users of Laser and IPL Systems CQC, HIW and RQIA Adviser<\/em><\/h6>\n\n\n\n<div style=\"height:20px\" aria-hidden=\"true\" class=\"wp-block-spacer\"><\/div>\n\n\n\n<p>Dr. Anna Bass arbeitet seit 2007 im Lasermet-Team und ist als zertifizierte Laserschutzberaterin (LPA) f\u00fcr die Regionen S\u00fcd und S\u00fcdost zust\u00e4ndig. Sie hat einen Doktortitel von der University of Victoria, British Columbia, Kanada, einen MSc von der University of Akron, Ohio und einen BSc von der University of Portsmouth (UK). Ihr Post-Graduate Certificate of Education bef\u00e4higt sie, Lasermets Core of Knowledge-Schulungen gekonnt zu pr\u00e4sentieren. Sie ist au\u00dferdem Mitglied der British Medical Laser Association und verf\u00fcgt \u00fcber ein RPA-2000-Zertifikat f\u00fcr die T\u00e4tigkeit als Medical LPA.<\/p>\n\n\n\n<hr class=\"wp-block-separator has-alpha-channel-opacity\" \/>\n\n\n\n<div style=\"height:30px\" aria-hidden=\"true\" class=\"wp-block-spacer\"><\/div>\n\n\n\n<h4 class=\"wp-block-heading\">Irfan Azam<\/h4>\n\n\n\n<h6 class=\"wp-block-heading\"><em><em>LPA to Cosmetic, Aesthetic and Dental Users of Laser and IPL Systems CQC, HIW and RQIA Adviser<\/em><\/em><\/h6>\n\n\n\n<div style=\"height:20px\" aria-hidden=\"true\" class=\"wp-block-spacer\"><\/div>\n\n\n\n<p>Irfan arbeitet seit 2008 als Lasermet LPA f\u00fcr die Midlands, den Nordwesten und den Nordosten Englands. Als zertifizierter Laserschutzberater f\u00fcr kosmetische, \u00e4sthetische, zahnmedizinische und medizinische Anwendungen ist Irfan an CQC-, HIW- und RQIA-Registrierungen beteiligt, einschlie\u00dflich Audits vor Ort. Sein Abschluss und seine Erfahrung als Qualit\u00e4tsmanager in der kosmetischen und bariatrischen Chirurgie haben ihn in die Lage versetzt, gut mit Patienten und Chirurgen in Privatkliniken und Krankenh\u00e4usern zusammenzuarbeiten, insbesondere in sehr komplexen und sensiblen Bereichen. Irfan hat au\u00dferdem das RPA-2000-Zertifikat als Berater f\u00fcr Laserschutz erhalten.<\/p>\n\n\n\n<hr class=\"wp-block-separator has-alpha-channel-opacity\" \/>\n\n\n\n<div style=\"height:30px\" aria-hidden=\"true\" class=\"wp-block-spacer\"><\/div>\n\n\n\n<h4 class=\"wp-block-heading\">Peter Fishdougal<\/h4>\n\n\n\n<div style=\"height:20px\" aria-hidden=\"true\" class=\"wp-block-spacer\"><\/div>\n\n\n\n<p>Peter Fishdougal kam 2013 zum Lasermet-Team und ist als Technical Officer f\u00fcr das UKAS-akkreditierte Pr\u00fcflabor verantwortlich. Er f\u00fchrt auch Audits zur industriellen Lasersicherheit durch und fungiert als kompetente Person f\u00fcr verschiedene Unternehmen. Peter begann w\u00e4hrend seines Studiums der Physik mit Astronomie an der Universit\u00e4t Southampton mit der Optik zu arbeiten. In Cambridge begann er, sich mit der Lasersicherheit zu besch\u00e4ftigen, indem er Laser Safety Officer wurde. Dadurch lernte er die Firma Lasermet kennen, die Lasergeh\u00e4use f\u00fcr die Hologrammproduktion entwickelt.<\/p>\n<\/div>\n\n\n\n<div class=\"wp-block-column is-layout-flow wp-block-column-is-layout-flow\" style=\"flex-basis:5%\"><\/div>\n<\/div>\n<\/div><\/div>\n\n\n\n<div style=\"height:50px\" aria-hidden=\"true\" class=\"wp-block-spacer\"><\/div>\n\n\n\n<div class=\"wp-block-buttons is-content-justification-center is-layout-flex wp-container-core-buttons-is-layout-16018d1d wp-block-buttons-is-layout-flex\">\n<div class=\"wp-block-button\"><a class=\"wp-block-button__link has-theme-palette-1-color has-text-color has-background has-link-color wp-element-button\" href=\"https:\/\/forms.monday.com\/forms\/6965a37ce95b746dcdfb800497fd1a21?r=use1\" style=\"background-color:#ffcc01\" target=\"_blank\" rel=\"noreferrer noopener\">Kontaktiere Uns<\/a><\/div>\n<\/div>\n\n\n\n<div style=\"height:50px\" aria-hidden=\"true\" class=\"wp-block-spacer\"><\/div>\n\n\n\n<p><\/p>\n","protected":false},"excerpt":{"rendered":"<p>Beratung, Risikobewertung und Lasergefahrenanalyse Ihr Unternehmen muss sicherstellen, dass es die richtigen Verfahren anwendet und die notwendigen Vorsichtsma\u00dfnahmen gem\u00e4\u00df den verschiedenen Normen trifft. Wenn Sie nicht \u00fcber dieses Fachwissen verf\u00fcgen&#8230;<\/p>\n","protected":false},"author":1,"featured_media":0,"parent":0,"menu_order":90,"comment_status":"closed","ping_status":"closed","template":"template-pagetitle.php","meta":{"_acf_changed":false,"_kad_blocks_custom_css":"","_kad_blocks_head_custom_js":"","_kad_blocks_body_custom_js":"","_kad_blocks_footer_custom_js":"","_EventAllDay":false,"_EventTimezone":"","_EventStartDate":"","_EventEndDate":"","_EventStartDateUTC":"","_EventEndDateUTC":"","_EventShowMap":false,"_EventShowMapLink":false,"_EventURL":"","_EventCost":"","_EventCostDescription":"","_EventCurrencySymbol":"","_EventCurrencyCode":"","_EventCurrencyPosition":"","_EventDateTimeSeparator":"","_EventTimeRangeSeparator":"","_EventOrganizerID":[],"_EventVenueID":[],"_OrganizerEmail":"","_OrganizerPhone":"","_OrganizerWebsite":"","_VenueAddress":"","_VenueCity":"","_VenueCountry":"","_VenueProvince":"","_VenueState":"","_VenueZip":"","_VenuePhone":"","_VenueURL":"","_VenueStateProvince":"","_VenueLat":"","_VenueLng":"","_VenueShowMap":false,"_VenueShowMapLink":false,"_kadence_starter_templates_imported_post":false,"_kad_post_transparent":"","_kad_post_title":"","_kad_post_layout":"","_kad_post_sidebar_id":"","_kad_post_content_style":"","_kad_post_vertical_padding":"","_kad_post_feature":"","_kad_post_feature_position":"","_kad_post_header":false,"_kad_post_footer":false,"_kad_post_classname":"","footnotes":""},"class_list":["post-608","page","type-page","status-publish","hentry"],"acf":[],"taxonomy_info":[],"featured_image_src_large":false,"author_info":{"display_name":"paulgaray","author_link":"https:\/\/www.lasermet.com\/de\/author\/paulgaray\/"},"comment_info":0,"_links":{"self":[{"href":"https:\/\/www.lasermet.com\/de\/wp-json\/wp\/v2\/pages\/608","targetHints":{"allow":["GET"]}}],"collection":[{"href":"https:\/\/www.lasermet.com\/de\/wp-json\/wp\/v2\/pages"}],"about":[{"href":"https:\/\/www.lasermet.com\/de\/wp-json\/wp\/v2\/types\/page"}],"author":[{"embeddable":true,"href":"https:\/\/www.lasermet.com\/de\/wp-json\/wp\/v2\/users\/1"}],"replies":[{"embeddable":true,"href":"https:\/\/www.lasermet.com\/de\/wp-json\/wp\/v2\/comments?post=608"}],"version-history":[{"count":6,"href":"https:\/\/www.lasermet.com\/de\/wp-json\/wp\/v2\/pages\/608\/revisions"}],"predecessor-version":[{"id":9229,"href":"https:\/\/www.lasermet.com\/de\/wp-json\/wp\/v2\/pages\/608\/revisions\/9229"}],"wp:attachment":[{"href":"https:\/\/www.lasermet.com\/de\/wp-json\/wp\/v2\/media?parent=608"}],"curies":[{"name":"wp","href":"https:\/\/api.w.org\/{rel}","templated":true}]}}