{"id":605,"date":"2019-11-25T00:17:05","date_gmt":"2019-11-25T00:17:05","guid":{"rendered":"https:\/\/www.lasermetgmbh.de\/laser-safety-services\/"},"modified":"2026-02-13T07:47:36","modified_gmt":"2026-02-13T07:47:36","slug":"laserschutz-dienstleistungen","status":"publish","type":"page","link":"https:\/\/www.lasermet.com\/de\/laserschutz-dienstleistungen\/","title":{"rendered":"Laserschutz-Dienstleistungen"},"content":{"rendered":"\n<div class=\"wp-block-columns is-layout-flex wp-container-core-columns-is-layout-9d6595d7 wp-block-columns-is-layout-flex\">\n<div class=\"wp-block-column is-layout-flow wp-block-column-is-layout-flow\">\n<h2 class=\"wp-block-heading\">Laserschutz-Dienstleistungen<\/h2>\n\n\n\n<h6 class=\"wp-block-heading\">Lasermet Laser Safety Solutions ist das einzige von UKAS akkreditierte Pr\u00fcflabor, das f\u00fcr die Pr\u00fcfung von Lasern gem\u00e4\u00df BS EN 60825-1 und LEDs gem\u00e4\u00df BS EN 62471 zertifiziert ist.<\/h6>\n<\/div>\n\n\n\n<div class=\"wp-block-column is-layout-flow wp-block-column-is-layout-flow\">\n<p>Unsere Dienstleistungen im Bereich Lasersicherheit umfassen Lasersicherheitsschulungen, FDA-Berichte, Laser- und LED-Pr\u00fcfungen, Beratung und Risikobewertungen. Seit 1987 sind wir im Bereich Lasersicherheit t\u00e4tig und k\u00f6nnen Ihnen Dienstleistungen von h\u00f6chster Qualit\u00e4t anbieten. Im Laufe der Jahre ist der Name Lasermet zum Synonym f\u00fcr erstklassige Beratung im Bereich Lasersicherheit geworden, und wir gelten heute als eine der f\u00fchrenden Adressen f\u00fcr Lasersicherheit in Europa.<\/p>\n\n\n\n<div class=\"wp-block-buttons is-layout-flex wp-block-buttons-is-layout-flex\">\n<div class=\"wp-block-button\"><a class=\"wp-block-button__link wp-element-button\" href=\"https:\/\/forms.monday.com\/forms\/6965a37ce95b746dcdfb800497fd1a21?r=use1\" target=\"_blank\" rel=\"noreferrer noopener\">Infos Anfordern<\/a><\/div>\n<\/div>\n<\/div>\n<\/div>\n\n\n\n<div style=\"height:50px\" aria-hidden=\"true\" class=\"wp-block-spacer\"><\/div>\n\n\n\n<div class=\"wp-block-columns is-layout-flex wp-container-core-columns-is-layout-9d6595d7 wp-block-columns-is-layout-flex\">\n<div class=\"wp-block-column has-theme-palette-8-background-color has-background is-layout-flow wp-block-column-is-layout-flow\" style=\"padding-top:var(--wp--preset--spacing--60);padding-right:var(--wp--preset--spacing--60);padding-bottom:var(--wp--preset--spacing--60);padding-left:var(--wp--preset--spacing--60)\"><style>.kt-svg-icons605_7a8ef1-5a .kt-svg-item-0 .kb-svg-icon-wrap{color:var(--global-palette4, #2D3748);font-size:50px;}.wp-block-kadence-icon.kt-svg-icons605_7a8ef1-5a{justify-content:center;}<\/style>\n<div class=\"wp-block-kadence-icon kt-svg-icons kt-svg-icons605_7a8ef1-5a alignnone\"><style>.kt-svg-item-605_ee9f89-6b .kb-svg-icon-wrap, .kt-svg-style-stacked.kt-svg-item-605_ee9f89-6b .kb-svg-icon-wrap{font-size:50px;}<\/style>\n<div class=\"wp-block-kadence-single-icon kt-svg-style-default kt-svg-icon-wrap kt-svg-item-605_ee9f89-6b\"><span class=\"kb-svg-icon-wrap kb-svg-icon-ic_document\"><svg viewBox=\"0 0 8 8\"  fill=\"currentColor\" xmlns=\"http:\/\/www.w3.org\/2000\/svg\"  aria-hidden=\"true\"><path d=\"M0 0v8h7v-4h-4v-4h-3zm4 0v3h3l-3-3zm-3 2h1v1h-1v-1zm0 2h1v1h-1v-1zm0 2h4v1h-4v-1z\"\/><\/svg><\/span><\/div>\n<\/div>\n\n\n\n<h5 class=\"wp-block-heading has-text-align-center\"><a href=\"https:\/\/www.lasermet.com\/de\/laserschutz-dienstleistungen\/laserschutz-audits\/\">Laserschutz Audits<\/a><\/h5>\n\n\n\n<div style=\"height:20px\" aria-hidden=\"true\" class=\"wp-block-spacer\"><\/div>\n\n\n\n<p>Unsere Lasersicherheitsaudits sollen sicherstellen, dass Ihr Unternehmen in Bezug auf die Sicherheit von Lasern, LEDs und anderen optischen Gefahren gem\u00e4\u00df den bew\u00e4hrten Verfahren arbeitet, um das Risiko von Personensch\u00e4den f\u00fcr Mitarbeiter oder Dritte zu minimieren.<\/p>\n<\/div>\n\n\n\n<div class=\"wp-block-column has-theme-palette-8-background-color has-background is-layout-flow wp-block-column-is-layout-flow\" style=\"padding-top:var(--wp--preset--spacing--60);padding-right:var(--wp--preset--spacing--60);padding-bottom:var(--wp--preset--spacing--60);padding-left:var(--wp--preset--spacing--60)\"><style>.kt-svg-icons605_e5f828-9f .kt-svg-item-0 .kb-svg-icon-wrap{color:var(--global-palette4, #2D3748);font-size:50px;}.wp-block-kadence-icon.kt-svg-icons605_e5f828-9f{justify-content:center;}<\/style>\n<div class=\"wp-block-kadence-icon kt-svg-icons kt-svg-icons605_e5f828-9f alignnone\"><style>.kt-svg-item-605_c3f0e1-bc .kb-svg-icon-wrap, .kt-svg-style-stacked.kt-svg-item-605_c3f0e1-bc .kb-svg-icon-wrap{font-size:50px;}<\/style>\n<div class=\"wp-block-kadence-single-icon kt-svg-style-default kt-svg-icon-wrap kt-svg-item-605_c3f0e1-bc\"><span class=\"kb-svg-icon-wrap kb-svg-icon-ic_person\"><svg viewBox=\"0 0 8 8\"  fill=\"currentColor\" xmlns=\"http:\/\/www.w3.org\/2000\/svg\"  aria-hidden=\"true\"><path d=\"M4 0c-1.1 0-2 1.12-2 2.5s.9 2.5 2 2.5 2-1.12 2-2.5-.9-2.5-2-2.5zm-2.09 5c-1.06.05-1.91.92-1.91 2v1h8v-1c0-1.08-.84-1.95-1.91-2-.54.61-1.28 1-2.09 1-.81 0-1.55-.39-2.09-1z\"\/><\/svg><\/span><\/div>\n<\/div>\n\n\n\n<h5 class=\"wp-block-heading has-text-align-center\"><a href=\"https:\/\/www.lasermet.com\/de\/beratung\/\">Beratung<\/a><\/h5>\n\n\n\n<div style=\"height:20px\" aria-hidden=\"true\" class=\"wp-block-spacer\"><\/div>\n\n\n\n<p>Als f\u00fchrende Experten auf dem Gebiet der Lasersicherheit sind wir in der Lage, umfassende Risikobewertungen durchzuf\u00fchren und entsprechende Empfehlungen auszusprechen.<\/p>\n<\/div>\n\n\n\n<div class=\"wp-block-column has-theme-palette-8-background-color has-background is-layout-flow wp-block-column-is-layout-flow\" style=\"padding-top:var(--wp--preset--spacing--60);padding-right:var(--wp--preset--spacing--60);padding-bottom:var(--wp--preset--spacing--60);padding-left:var(--wp--preset--spacing--60)\"><style>.kt-svg-icons605_77e56c-48 .kt-svg-item-0 .kb-svg-icon-wrap{color:var(--global-palette4, #2D3748);font-size:50px;}.wp-block-kadence-icon.kt-svg-icons605_77e56c-48{justify-content:center;}<\/style>\n<div class=\"wp-block-kadence-icon kt-svg-icons kt-svg-icons605_77e56c-48 alignnone\"><style>.kt-svg-item-605_cced9a-75 .kb-svg-icon-wrap, .kt-svg-style-stacked.kt-svg-item-605_cced9a-75 .kb-svg-icon-wrap{font-size:50px;}<\/style>\n<div class=\"wp-block-kadence-single-icon kt-svg-style-default kt-svg-icon-wrap kt-svg-item-605_cced9a-75\"><span class=\"kb-svg-icon-wrap kb-svg-icon-ic_clipboard\"><svg viewBox=\"0 0 8 8\"  fill=\"currentColor\" xmlns=\"http:\/\/www.w3.org\/2000\/svg\"  aria-hidden=\"true\"><path d=\"M3.5 0c-.28 0-.5.22-.5.5v.5h-.75c-.14 0-.25.11-.25.25v.75h3v-.75c0-.14-.11-.25-.25-.25h-.75v-.5c0-.28-.22-.5-.5-.5zm-3.25 1c-.14 0-.25.11-.25.25v6.5c0 .14.11.25.25.25h6.5c.14 0 .25-.11.25-.25v-6.5c0-.14-.11-.25-.25-.25h-.75v2h-5v-2h-.75z\"\/><\/svg><\/span><\/div>\n<\/div>\n\n\n\n<h5 class=\"wp-block-heading has-text-align-center\"><a href=\"https:\/\/www.lasermet.com\/de\/laserschutz-dienstleistungen\/fda-cdrh-registrierung\/\">FDA \/ CDRH Registrierung<\/a><\/h5>\n\n\n\n<div style=\"height:20px\" aria-hidden=\"true\" class=\"wp-block-spacer\"><\/div>\n\n\n\n<p>Um Ihnen Zeit und M\u00fche zu sparen, bietet Lasermet FDA-Einreichungsdienste an, um den Bericht in Ihrem Namen zusammenzustellen und einzureichen.<\/p>\n<\/div>\n<\/div>\n\n\n\n<div style=\"height:50px\" aria-hidden=\"true\" class=\"wp-block-spacer\"><\/div>\n\n\n\n<div class=\"wp-block-columns is-layout-flex wp-container-core-columns-is-layout-9d6595d7 wp-block-columns-is-layout-flex\">\n<div class=\"wp-block-column has-theme-palette-8-background-color has-background is-layout-flow wp-block-column-is-layout-flow\" style=\"padding-top:var(--wp--preset--spacing--60);padding-right:var(--wp--preset--spacing--60);padding-bottom:var(--wp--preset--spacing--60);padding-left:var(--wp--preset--spacing--60)\"><style>.kt-svg-icons605_e7cb18-17 .kt-svg-item-0 .kb-svg-icon-wrap{color:var(--global-palette4, #2D3748);font-size:50px;}.wp-block-kadence-icon.kt-svg-icons605_e7cb18-17{justify-content:center;}<\/style>\n<div class=\"wp-block-kadence-icon kt-svg-icons kt-svg-icons605_e7cb18-17 alignnone\"><style>.kt-svg-item-605_1215d3-2d .kb-svg-icon-wrap, .kt-svg-style-stacked.kt-svg-item-605_1215d3-2d .kb-svg-icon-wrap{font-size:50px;}<\/style>\n<div class=\"wp-block-kadence-single-icon kt-svg-style-default kt-svg-icon-wrap kt-svg-item-605_1215d3-2d\"><span class=\"kb-svg-icon-wrap kb-svg-icon-fas_asterisk\"><svg viewBox=\"0 0 512 512\"  fill=\"currentColor\" xmlns=\"http:\/\/www.w3.org\/2000\/svg\"  aria-hidden=\"true\"><path d=\"M478.21 334.093L336 256l142.21-78.093c11.795-6.477 15.961-21.384 9.232-33.037l-19.48-33.741c-6.728-11.653-21.72-15.499-33.227-8.523L296 186.718l3.475-162.204C299.763 11.061 288.937 0 275.48 0h-38.96c-13.456 0-24.283 11.061-23.994 24.514L216 186.718 77.265 102.607c-11.506-6.976-26.499-3.13-33.227 8.523l-19.48 33.741c-6.728 11.653-2.562 26.56 9.233 33.037L176 256 33.79 334.093c-11.795 6.477-15.961 21.384-9.232 33.037l19.48 33.741c6.728 11.653 21.721 15.499 33.227 8.523L216 325.282l-3.475 162.204C212.237 500.939 223.064 512 236.52 512h38.961c13.456 0 24.283-11.061 23.995-24.514L296 325.282l138.735 84.111c11.506 6.976 26.499 3.13 33.227-8.523l19.48-33.741c6.728-11.653 2.563-26.559-9.232-33.036z\"\/><\/svg><\/span><\/div>\n<\/div>\n\n\n\n<h5 class=\"wp-block-heading has-text-align-center\"><a href=\"https:\/\/www.lasermet.com\/de\/laserschutz-dienstleistungen\/laserprufung-nach-bs-en-60825-1\/\">Laserpr\u00fcfung nach BS EN 60825-1<\/a><\/h5>\n\n\n\n<div style=\"height:20px\" aria-hidden=\"true\" class=\"wp-block-spacer\"><\/div>\n\n\n\n<p>Das vollst\u00e4ndige Lasertestpaket umfasst: Prototyp- und Fertigproduktpr\u00fcfung, Beratung in der Entwurfsphase, CE-Kennzeichnung, Sicherheitsstandards, FDA (CDRH)-Berichte.<\/p>\n<\/div>\n\n\n\n<div class=\"wp-block-column has-theme-palette-8-background-color has-background is-layout-flow wp-block-column-is-layout-flow\" style=\"padding-top:var(--wp--preset--spacing--60);padding-right:var(--wp--preset--spacing--60);padding-bottom:var(--wp--preset--spacing--60);padding-left:var(--wp--preset--spacing--60)\"><style>.kt-svg-icons605_87dae8-83 .kt-svg-item-0 .kb-svg-icon-wrap{color:var(--global-palette4, #2D3748);font-size:50px;}.wp-block-kadence-icon.kt-svg-icons605_87dae8-83{justify-content:center;}<\/style>\n<div class=\"wp-block-kadence-icon kt-svg-icons kt-svg-icons605_87dae8-83 alignnone\"><style>.kt-svg-item-605_37930d-44 .kb-svg-icon-wrap, .kt-svg-style-stacked.kt-svg-item-605_37930d-44 .kb-svg-icon-wrap{font-size:50px;}<\/style>\n<div class=\"wp-block-kadence-single-icon kt-svg-style-default kt-svg-icon-wrap kt-svg-item-605_37930d-44\"><span class=\"kb-svg-icon-wrap kb-svg-icon-fas_lightbulb\"><svg viewBox=\"0 0 384 512\"  fill=\"currentColor\" xmlns=\"http:\/\/www.w3.org\/2000\/svg\"  aria-hidden=\"true\"><path d=\"M272 428v28c0 10.449-6.68 19.334-16 22.629V488c0 13.255-10.745 24-24 24h-80c-13.255 0-24-10.745-24-24v-9.371c-9.32-3.295-16-12.18-16-22.629v-28c0-6.627 5.373-12 12-12h136c6.627 0 12 5.373 12 12zm-143.107-44c-9.907 0-18.826-6.078-22.376-15.327C67.697 267.541 16 277.731 16 176 16 78.803 94.805 0 192 0s176 78.803 176 176c0 101.731-51.697 91.541-90.516 192.673-3.55 9.249-12.47 15.327-22.376 15.327H128.893zM112 176c0-44.112 35.888-80 80-80 8.837 0 16-7.164 16-16s-7.163-16-16-16c-61.757 0-112 50.243-112 112 0 8.836 7.164 16 16 16s16-7.164 16-16z\"\/><\/svg><\/span><\/div>\n<\/div>\n\n\n\n<h5 class=\"wp-block-heading has-text-align-center\"><a href=\"https:\/\/www.lasermet.com\/de\/laserschutz-dienstleistungen\/led-prufung-nach-en-62471\/\">LED-Pr\u00fcfung nach EN 62471<\/a><\/h5>\n\n\n\n<div style=\"height:20px\" aria-hidden=\"true\" class=\"wp-block-spacer\"><\/div>\n\n\n\n<p>Als f\u00fchrende Experten auf dem Gebiet der Lasersicherheit sind wir in der Lage, umfassende Risikobewertungen durchzuf\u00fchren und entsprechende Empfehlungen auszusprechen.<\/p>\n<\/div>\n\n\n\n<div class=\"wp-block-column has-theme-palette-8-background-color has-background is-layout-flow wp-block-column-is-layout-flow\" style=\"padding-top:var(--wp--preset--spacing--60);padding-right:var(--wp--preset--spacing--60);padding-bottom:var(--wp--preset--spacing--60);padding-left:var(--wp--preset--spacing--60)\"><style>.kt-svg-icons605_10a605-30 .kt-svg-item-0 .kb-svg-icon-wrap{color:var(--global-palette4, #2D3748);font-size:50px;}.wp-block-kadence-icon.kt-svg-icons605_10a605-30{justify-content:center;}<\/style>\n<div class=\"wp-block-kadence-icon kt-svg-icons kt-svg-icons605_10a605-30 alignnone\"><style>.kt-svg-item-605_401503-57 .kb-svg-icon-wrap, .kt-svg-style-stacked.kt-svg-item-605_401503-57 .kb-svg-icon-wrap{font-size:50px;}<\/style>\n<div class=\"wp-block-kadence-single-icon kt-svg-style-default kt-svg-icon-wrap kt-svg-item-605_401503-57\"><span class=\"kb-svg-icon-wrap kb-svg-icon-fa_simplybuilt\"><svg viewBox=\"0 0 512 512\"  fill=\"currentColor\" xmlns=\"http:\/\/www.w3.org\/2000\/svg\"  aria-hidden=\"true\"><path d=\"M481.2 64h-106c-14.5 0-26.6 11.8-26.6 26.3v39.6H163.3V90.3c0-14.5-12-26.3-26.6-26.3h-106C16.1 64 4.3 75.8 4.3 90.3v331.4c0 14.5 11.8 26.3 26.6 26.3h450.4c14.8 0 26.6-11.8 26.6-26.3V90.3c-.2-14.5-12-26.3-26.7-26.3zM149.8 355.8c-36.6 0-66.4-29.7-66.4-66.4 0-36.9 29.7-66.6 66.4-66.6 36.9 0 66.6 29.7 66.6 66.6 0 36.7-29.7 66.4-66.6 66.4zm212.4 0c-36.9 0-66.6-29.7-66.6-66.6 0-36.6 29.7-66.4 66.6-66.4 36.6 0 66.4 29.7 66.4 66.4 0 36.9-29.8 66.6-66.4 66.6z\"\/><\/svg><\/span><\/div>\n<\/div>\n\n\n\n<h5 class=\"wp-block-heading has-text-align-center\"><a href=\"https:\/\/www.lasermet.com\/de\/laserschutz-dienstleistungen\/laserschutz-installationen\/\">Laserschutz-Installationen<\/a><\/h5>\n\n\n\n<div style=\"height:20px\" aria-hidden=\"true\" class=\"wp-block-spacer\"><\/div>\n\n\n\n<p>Lasermet bietet einen umfassenden Installationsservice, der von der einfachen Installation eines Laser-Sperrvorhangs bis hin zur Installation komplexer multifunktionaler Interlock\u00ae-Systeme reicht.<\/p>\n<\/div>\n<\/div>\n\n\n\n<div style=\"height:50px\" aria-hidden=\"true\" class=\"wp-block-spacer\"><\/div>\n\n\n\n<div class=\"wp-block-columns is-layout-flex wp-container-core-columns-is-layout-9d6595d7 wp-block-columns-is-layout-flex\">\n<div class=\"wp-block-column has-theme-palette-8-background-color has-background is-layout-flow wp-block-column-is-layout-flow\" style=\"padding-top:var(--wp--preset--spacing--60);padding-right:var(--wp--preset--spacing--60);padding-bottom:var(--wp--preset--spacing--60);padding-left:var(--wp--preset--spacing--60)\"><style>.kt-svg-icons605_f1988c-ae .kt-svg-item-0 .kb-svg-icon-wrap{color:var(--global-palette4, #2D3748);font-size:50px;}.wp-block-kadence-icon.kt-svg-icons605_f1988c-ae{justify-content:center;}<\/style>\n<div class=\"wp-block-kadence-icon kt-svg-icons kt-svg-icons605_f1988c-ae alignnone\"><style>.kt-svg-item-605_87716b-98 .kb-svg-icon-wrap, .kt-svg-style-stacked.kt-svg-item-605_87716b-98 .kb-svg-icon-wrap{font-size:50px;}<\/style>\n<div class=\"wp-block-kadence-single-icon kt-svg-style-default kt-svg-icon-wrap kt-svg-item-605_87716b-98\"><span class=\"kb-svg-icon-wrap kb-svg-icon-ic_people\"><svg viewBox=\"0 0 8 8\"  fill=\"currentColor\" xmlns=\"http:\/\/www.w3.org\/2000\/svg\"  aria-hidden=\"true\"><path d=\"M5.5 0c-.51 0-.95.35-1.22.88.45.54.72 1.28.72 2.13 0 .29-.03.55-.09.81.19.11.38.19.59.19.83 0 1.5-.9 1.5-2s-.67-2-1.5-2zm-3 1c-.83 0-1.5.9-1.5 2s.67 2 1.5 2 1.5-.9 1.5-2-.67-2-1.5-2zm4.75 3.16c-.43.51-1.02.82-1.69.84.27.38.44.84.44 1.34v.66h2v-1.66c0-.52-.31-.97-.75-1.19zm-6.5 1c-.44.22-.75.67-.75 1.19v1.66h5v-1.66c0-.52-.31-.97-.75-1.19-.45.53-1.06.84-1.75.84s-1.3-.32-1.75-.84z\"\/><\/svg><\/span><\/div>\n<\/div>\n\n\n\n<h5 class=\"wp-block-heading has-text-align-center\"><a href=\"https:\/\/www.lasermet.com\/de\/laserschutz-dienstleistungen\/lasersicherheitstraining\/\">Lasersicherheitstraining<\/a><\/h5>\n\n\n\n<div style=\"height:20px\" aria-hidden=\"true\" class=\"wp-block-spacer\"><\/div>\n\n\n\n<p>Umfassende Lasersicherheitsschulungen gem\u00e4\u00df den neuesten Lasersicherheitsstandards und europ\u00e4ischen Richtlinien<\/p>\n<\/div>\n\n\n\n<div class=\"wp-block-column is-layout-flow wp-block-column-is-layout-flow\"><\/div>\n\n\n\n<div class=\"wp-block-column is-layout-flow wp-block-column-is-layout-flow\"><\/div>\n<\/div>\n\n\n\n<div style=\"height:100px\" aria-hidden=\"true\" class=\"wp-block-spacer\"><\/div>\n","protected":false},"excerpt":{"rendered":"<p>Laserschutz-Dienstleistungen Lasermet Laser Safety Solutions ist das einzige von UKAS akkreditierte Pr\u00fcflabor, das f\u00fcr die Pr\u00fcfung von Lasern gem\u00e4\u00df BS EN 60825-1 und LEDs gem\u00e4\u00df BS EN 62471 zertifiziert ist&#8230;.<\/p>\n","protected":false},"author":1,"featured_media":0,"parent":0,"menu_order":30,"comment_status":"closed","ping_status":"closed","template":"","meta":{"_acf_changed":false,"_kad_blocks_custom_css":"","_kad_blocks_head_custom_js":"","_kad_blocks_body_custom_js":"","_kad_blocks_footer_custom_js":"","_EventAllDay":false,"_EventTimezone":"","_EventStartDate":"","_EventEndDate":"","_EventStartDateUTC":"","_EventEndDateUTC":"","_EventShowMap":false,"_EventShowMapLink":false,"_EventURL":"","_EventCost":"","_EventCostDescription":"","_EventCurrencySymbol":"","_EventCurrencyCode":"","_EventCurrencyPosition":"","_EventDateTimeSeparator":"","_EventTimeRangeSeparator":"","_EventOrganizerID":[],"_EventVenueID":[],"_OrganizerEmail":"","_OrganizerPhone":"","_OrganizerWebsite":"","_VenueAddress":"","_VenueCity":"","_VenueCountry":"","_VenueProvince":"","_VenueState":"","_VenueZip":"","_VenuePhone":"","_VenueURL":"","_VenueStateProvince":"","_VenueLat":"","_VenueLng":"","_VenueShowMap":false,"_VenueShowMapLink":false,"_kadence_starter_templates_imported_post":false,"_kad_post_transparent":"","_kad_post_title":"","_kad_post_layout":"","_kad_post_sidebar_id":"","_kad_post_content_style":"","_kad_post_vertical_padding":"","_kad_post_feature":"","_kad_post_feature_position":"","_kad_post_header":false,"_kad_post_footer":false,"_kad_post_classname":"","footnotes":""},"class_list":["post-605","page","type-page","status-publish","hentry"],"acf":[],"taxonomy_info":[],"featured_image_src_large":false,"author_info":{"display_name":"paulgaray","author_link":"https:\/\/www.lasermet.com\/de\/author\/paulgaray\/"},"comment_info":0,"_links":{"self":[{"href":"https:\/\/www.lasermet.com\/de\/wp-json\/wp\/v2\/pages\/605","targetHints":{"allow":["GET"]}}],"collection":[{"href":"https:\/\/www.lasermet.com\/de\/wp-json\/wp\/v2\/pages"}],"about":[{"href":"https:\/\/www.lasermet.com\/de\/wp-json\/wp\/v2\/types\/page"}],"author":[{"embeddable":true,"href":"https:\/\/www.lasermet.com\/de\/wp-json\/wp\/v2\/users\/1"}],"replies":[{"embeddable":true,"href":"https:\/\/www.lasermet.com\/de\/wp-json\/wp\/v2\/comments?post=605"}],"version-history":[{"count":8,"href":"https:\/\/www.lasermet.com\/de\/wp-json\/wp\/v2\/pages\/605\/revisions"}],"predecessor-version":[{"id":17624,"href":"https:\/\/www.lasermet.com\/de\/wp-json\/wp\/v2\/pages\/605\/revisions\/17624"}],"wp:attachment":[{"href":"https:\/\/www.lasermet.com\/de\/wp-json\/wp\/v2\/media?parent=605"}],"curies":[{"name":"wp","href":"https:\/\/api.w.org\/{rel}","templated":true}]}}