{"id":4571,"date":"2019-12-01T23:59:34","date_gmt":"2019-12-01T23:59:34","guid":{"rendered":"https:\/\/www.lasermetgmbh.de\/medical-laser-safety\/laser-interlock-systems-for-operating-theatres\/"},"modified":"2019-12-01T23:59:34","modified_gmt":"2019-12-01T23:59:34","slug":"laser-interlock-systeme-fur-kinosale","status":"publish","type":"page","link":"https:\/\/www.lasermet.com\/de\/laser-interlock-systeme-fur-kinosale\/","title":{"rendered":"Laser Interlock\u00ae Systeme f\u00fcr Kinos\u00e4le"},"content":{"rendered":"\n<p>Lasermet kann auf eine lange Erfolgsgeschichte im Bereich der Laser-Interlocks zur\u00fcckblicken und stellt diese Systeme seit 1996 her und installiert sie. Unsere f\u00fchrende ICS-Serie von Laser Interlock\u00ae Controllern wurde bereits an Tausenden von Orten in Gro\u00dfbritannien und dar\u00fcber hinaus installiert.<\/p>\n\n\n\n<p>Bei der Installation in Operationss\u00e4len wird eine Konfiguration verwendet, die speziell auf die besonderen Bed\u00fcrfnisse von Chirurgen und anderem OP-Personal abgestimmt ist. Diese Konfiguration wird als &#8217;sperrendes Interlock\u00ae-System&#8216; bezeichnet.&nbsp; Das System \u00fcbernimmt nicht nur die Interlock\u00ae-Funktionen, sondern schaltet auch automatisch die beleuchteten Laserwarnschilder.<\/p>\n\n\n\n<p>Lasermet kann und wird schl\u00fcsselfertige Lasersicherheitsl\u00f6sungen f\u00fcr jeden Bedarf und jede Konfiguration liefern.<\/p>\n\n\n\n<div style=\"height:20px\" aria-hidden=\"true\" class=\"wp-block-spacer\"><\/div>\n\n\n\n<h3 class=\"wp-block-heading\">Erfordernis f\u00fcr Verriegelungen<\/h3>\n\n\n\n<p>Das Dokument des Gesundheitsministeriums mit dem Titel &#8218;DB2008: Guidance on the safe use of lasers, intense light source systems and LEDs in medical, surgical, dental and aesthetic practices&#8220; (Leitfaden zur sicheren Verwendung von Lasern, intensiven Lichtquellensystemen und LEDs in medizinischen, chirurgischen, zahnmedizinischen und \u00e4sthetischen Praxen) besagt, dass (innerhalb der Hierarchie f\u00fcr die Kontrolle der Sicherheit unter der \u00dcberschrift Ausr\u00fcstung\/Technik) Kontrollma\u00dfnahmen die Ger\u00e4teverriegelungen, Raumverriegelungen, Warnleuchten, Barrieren und lasersichere Jalousien usw. umfassen werden.<\/p>\n\n\n\n<p>Der kontrollierte Bereich ist der Bereich, in dem besondere Schutzma\u00dfnahmen erforderlich sind, und umfasst den Bereich, in dem die MPE \u00fcberschritten wird. Dies gilt f\u00fcr viele, wenn nicht sogar die meisten Laser, die in der Praxis im Operationssaal verwendet werden.<\/p>\n\n\n\n<p>Dar\u00fcber hinaus besagt das vom Vereinigten K\u00f6nigreich als Laser Safety User Guide angenommene Dokument (IEC TR 60825-14 &#8218;Safety of Laser Products, Part 14: A Users Guide&#8216;), dass Verriegelungen f\u00fcr alle Laser der Klassen 3B und 4 verwendet werden sollten, es sei denn, eine Risikobewertung kann zeigen, dass sie nicht notwendig sind.<\/p>\n\n\n\n<div style=\"height:20px\" aria-hidden=\"true\" class=\"wp-block-spacer\"><\/div>\n\n\n\n<h3 class=\"wp-block-heading\">Laserschutz<\/h3>\n\n\n\n<p>Traditionell sind Interlocks in Krankenh\u00e4usern unbeliebt, da sie den Laser zu dem Zeitpunkt deaktivieren k\u00f6nnen, zu dem der Chirurg ihn benutzen m\u00f6chte. Lasermet hat sich dieses Problems angenommen und ein Laser-Interlock\u00ae-System entwickelt, das sowohl das Personal sch\u00fctzt als auch die Integrit\u00e4t der Operation gew\u00e4hrleistet, indem es Unterbrechungen des Lasers verhindert. Erreicht wird dies durch die Verwendung von Magnetschl\u00f6ssern an den T\u00fcren, die immer dann aktiviert werden, wenn der Laser eingeschaltet ist, so dass ein unbeabsichtigtes \u00d6ffnen der T\u00fcren verhindert wird.<\/p>\n\n\n\n<p>Die autorisierte \u00dcberbr\u00fcckung durch einen Tastaturcode erm\u00f6glicht es dem entsprechend vorbereiteten Personal, den Operationssaal ohne Unterbrechung des Lasers zu betreten oder zu verlassen. Dieses System wurde in vielen Operationss\u00e4len installiert, so dass die Laser ohne Unterbrechung und ohne Risiko f\u00fcr das Personal eingesetzt werden k\u00f6nnen.<\/p>\n\n\n\n<div style=\"height:20px\" aria-hidden=\"true\" class=\"wp-block-spacer\"><\/div>\n\n\n\n<h3 class=\"wp-block-heading\">Die Lasermet L\u00f6sung<\/h3>\n\n\n<div class=\"wp-block-image\">\n<figure class=\"alignright size-full is-resized\"><img loading=\"lazy\" decoding=\"async\" src=\"https:\/\/www.lasermetgmbh.de\/wp-content\/uploads\/2023\/02\/Touch-Screen-Interlock-500x500-1.jpeg\" alt=\"\" class=\"wp-image-5230\" width=\"375\" height=\"375\" srcset=\"https:\/\/www.lasermet.com\/de\/wp-content\/uploads\/sites\/3\/2023\/02\/Touch-Screen-Interlock-500x500-1.jpeg 500w, https:\/\/www.lasermet.com\/de\/wp-content\/uploads\/sites\/3\/2023\/02\/Touch-Screen-Interlock-500x500-1-300x300.jpeg 300w, https:\/\/www.lasermet.com\/de\/wp-content\/uploads\/sites\/3\/2023\/02\/Touch-Screen-Interlock-500x500-1-150x150.jpeg 150w, https:\/\/www.lasermet.com\/de\/wp-content\/uploads\/sites\/3\/2023\/02\/Touch-Screen-Interlock-500x500-1-100x100.jpeg 100w\" sizes=\"auto, (max-width: 375px) 100vw, 375px\" \/><\/figure>\n<\/div>\n\n\n<p>Die ideale L\u00f6sung f\u00fcr die Interlock\u00ae-Steuerung in Operationss\u00e4len ist der ICS-TOUCH Interlock\u00ae Controller.<\/p>\n\n\n\n<p>Die ICS-TOUCH bietet Touchscreen-\u00dcberwachung und -Steuerung f\u00fcr Operationss\u00e4le und R\u00f6ntgenger\u00e4te mit benutzerfreundlicher Touchscreen-Technologie zur \u00dcberwachung und Steuerung von verriegelten T\u00fcren, Rolll\u00e4den, Notausschaltern und mit einem sicheren Zugang \u00fcber eine Tastatur.<\/p>\n\n\n\n<p>Au\u00dferdem erf\u00fcllt er alle Sicherheitsanforderungen f\u00fcr eine vollst\u00e4ndige Zweikanal-Sicherheit gem\u00e4\u00df ISO 13849-1 Performance Level &#8218;e&#8216; (PL &#8218;e&#8216;).<\/p>\n\n\n\n<div style=\"height:20px\" aria-hidden=\"true\" class=\"wp-block-spacer\"><\/div>\n\n\n\n<div class=\"wp-block-buttons is-content-justification-center is-layout-flex wp-container-core-buttons-is-layout-16018d1d wp-block-buttons-is-layout-flex\">\n<div class=\"wp-block-button\"><a class=\"wp-block-button__link has-text-color has-background wp-element-button\" style=\"color:#1d1f8c;background-color:#ffcc01\">ICS-TOUCH Interlock Controller<\/a><\/div>\n<\/div>\n\n\n\n<div style=\"height:20px\" aria-hidden=\"true\" class=\"wp-block-spacer\"><\/div>\n\n\n\n<h3 class=\"wp-block-heading\">Lasersicherheit in Krankenhaus-Theatern<\/h3>\n\n\n\n<p>Lasermet befasst sich seit vielen Jahren mit der Notwendigkeit, dass Laserschutzsysteme und Laserschutzger\u00e4te in Operationss\u00e4len von Krankenh\u00e4usern den einschl\u00e4gigen Laserschutzstandards und den Anforderungen der Krankenh\u00e4user entsprechen m\u00fcssen. Die Gew\u00e4hrleistung der Sicherheit von Patienten, Personal und anderen Personen ist von h\u00f6chster Bedeutung und wurde in den folgenden Leitf\u00e4den formell festgehalten.<\/p>\n\n\n\n<p>HBN26 (herausgegeben von NHS Estates) und DB2008 (herausgegeben von der MHRA) sind zwei der relevanten Leitf\u00e4den in Gro\u00dfbritannien.<\/p>\n\n\n\n<p>Die MHRA ist eine Exekutivbeh\u00f6rde des Gesundheitsministeriums und ist f\u00fcr die Regulierung von Arzneimitteln, medizinischen Ger\u00e4ten und Ausr\u00fcstungen, die im Gesundheitswesen verwendet werden, sowie f\u00fcr die Untersuchung sch\u00e4dlicher Zwischenf\u00e4lle zust\u00e4ndig. Sie verwendet das folgende Dokument:<\/p>\n\n\n\n<hr class=\"wp-block-separator has-alpha-channel-opacity\" \/>\n\n\n\n<div style=\"height:20px\" aria-hidden=\"true\" class=\"wp-block-spacer\"><\/div>\n\n\n\n<h3 class=\"wp-block-heading\">DB2008 (03) Device Bulletin <\/h3>\n\n\n\n<h5 class=\"wp-block-heading\">Anleitung zur sicheren Verwendung von Lasern, intensiven Lichtquellensystemen und LEDs in medizinischen, chirurgischen, zahnmedizinischen und \u00e4sthetischen Praxen<\/h5>\n\n\n\n<p>Das Dokument ist f\u00fcr alle Mitarbeiter geeignet, die mit dem Kauf, der Lieferung, der Installation, der Verwendung und der Wartung von medizinischen, zahnmedizinischen und kosmetischen Lasern, IPL-Systemen und LEDs zu tun haben. Der erste Teil von Abschnitt 5.1 der DB2008 (03) bezieht sich auf Sicherheitsmechanismen und die Beherrschung von Gefahren.<\/p>\n\n\n\n<h6 class=\"wp-block-heading\">HIERARCHIE F\u00dcR DIE KONTROLLE DER SICHERHEIT<\/h6>\n\n\n\n<ul class=\"wp-block-list\">\n<li>Ausr\u00fcstung\/Engineering<\/li>\n\n\n\n<li>Verwaltung<\/li>\n\n\n\n<li>pers\u00f6nlich<\/li>\n<\/ul>\n\n\n\n<p>Um das Risiko zu minimieren, sollten zun\u00e4chst Sicherheitsma\u00dfnahmen f\u00fcr die Ausr\u00fcstung\/Technik und die Verwaltung festgelegt werden, bevor pers\u00f6nliche Schutzma\u00dfnahmen eingef\u00fchrt werden.<\/p>\n\n\n\n<h6 class=\"wp-block-heading\">EQUIPMENT \/ ENGINEERING<\/h6>\n\n\n\n<p>Zu den Kontrollma\u00dfnahmen geh\u00f6ren die Ger\u00e4teverriegelungen, Raumverriegelungen (falls zutreffend), Warnleuchten, Absperrungen und laserfeste Jalousien usw.<\/p>\n\n\n\n<p>Ein Laser-Kontrollbereich ist der Bereich um den Laser herum, in dem sich Personen aufhalten k\u00f6nnen und in dem besondere Schutzma\u00dfnahmen erforderlich sind. Der kontrollierte Bereich sollte den Bereich um das Ger\u00e4t umfassen, in dem die maximal zul\u00e4ssige Exposition (MPE) \u00fcberschritten wird. Die h\u00f6chstzul\u00e4ssige Exposition (MPE) ist der h\u00f6chste Wert der Laserexposition am Auge oder auf der Haut, der allgemein als sicher gilt.<\/p>\n\n\n\n<p>Wenn im Bereich des Ger\u00e4ts die direkte, reflektierte oder gestreute optische Strahlung, die w\u00e4hrend des normalen Betriebs auftritt, die zul\u00e4ssige H\u00f6chstgrenze \u00fcberschreitet, muss der Bereich zum Schutz vor der Strahlungsgefahr kontrolliert und \u00fcberwacht werden.<\/p>\n\n\n\n<h6 class=\"wp-block-heading\">ZUGANGSKONTROLLE<\/h6>\n\n\n\n<p>Es gibt eine Reihe von Methoden, um den Zugang zu kontrollieren, wenn der Laser oder das IPL-Ger\u00e4t in Gebrauch ist. Es sollte der Mechanismus verwendet werden, der f\u00fcr eine bestimmte Umgebung am besten geeignet ist. Dazu k\u00f6nnen die folgenden Methoden geh\u00f6ren:<\/p>\n\n\n\n<ul class=\"wp-block-list\">\n<li>anklopfen und warten, um eingelassen zu werden<\/li>\n\n\n\n<li>Tastatursperre<\/li>\n\n\n\n<li>Verriegelungen (T\u00fcr oder Ger\u00e4t)<\/li>\n<\/ul>\n\n\n\n<hr class=\"wp-block-separator has-alpha-channel-opacity\" \/>\n\n\n\n<div style=\"height:20px\" aria-hidden=\"true\" class=\"wp-block-spacer\"><\/div>\n\n\n\n<h3 class=\"wp-block-heading\">HBN26 Facilities for Surgical Procedures &#8211; NHS Estates<\/h3>\n\n\n\n<p>NHS Estates beschreibt dieses Dokument als &#8222;Guidance on facilities for in-patient operating theatres in acute general hospitals&#8220; (Leitfaden f\u00fcr Einrichtungen f\u00fcr station\u00e4re Operationss\u00e4le in Akutkrankenh\u00e4usern) und sein Zweck ist eine &#8222;Best Practice Guidance&#8220;. Relevante Ausz\u00fcge aus diesem Dokument sind wie folgt\u2026<\/p>\n\n\n\n<h6 class=\"wp-block-heading\">T\u00dcRVERDECKUNGEN<\/h6>\n\n\n\n<p><strong>4.79 <\/strong>T\u00fcren innerhalb des Operationssaals Alle T\u00fcren sollten mit Sichtfenstern ausgestattet sein, die verdunkelt werden k\u00f6nnen, und \u00fcber laserfeste Jalousien verf\u00fcgen\u2026<\/p>\n\n\n\n<h6 class=\"wp-block-heading\">THEATER-WARNLEUCHTE<\/h6>\n\n\n\n<p><strong>4.91<\/strong>&nbsp;Jeder Operationssaal ben\u00f6tigt ein Warnlicht, wenn Laseroperationen und R\u00f6ntgenaufnahmen durchgef\u00fchrt werden. Die Leuchten sollten im Korridor \u00fcber den OP-T\u00fcren angebracht werden\u2026<\/p>\n\n\n\n<h6 class=\"wp-block-heading\">EINSATZ VON LASERN IM OPERATIONSSAAL<\/h6>\n\n\n\n<p><strong>7.120<\/strong>&nbsp;Wenn Laser in einem Operationssaal verwendet werden sollen, sollten Sicherheitsvorkehrungen gem\u00e4\u00df BS EN 60825 getroffen werden, einschlie\u00dflich der Bereitstellung von Warnlampen an den Eing\u00e4ngen des Saals und T\u00fcrverriegelungen, die den Zugang zum Saal verhindern, wenn der Laser in Betrieb ist\u2026<\/p>\n\n\n\n<p>Die Laserschutzsysteme von Lasermet erf\u00fcllen alle Anforderungen dieser Dokumente und der einschl\u00e4gigen Laserschutznormen.<\/p>\n\n\n\n<hr class=\"wp-block-separator has-alpha-channel-opacity\" \/>\n\n\n\n<div style=\"height:20px\" aria-hidden=\"true\" class=\"wp-block-spacer\"><\/div>\n\n\n<div class=\"wp-block-image size-medium wp-image-1792\">\n<figure class=\"aligncenter size-full is-resized\"><img loading=\"lazy\" decoding=\"async\" src=\"https:\/\/www.lasermetgmbh.de\/wp-content\/uploads\/2023\/02\/the-london-clinic-theatre-interlock.jpeg\" alt=\"\" class=\"wp-image-5229\" width=\"465\" height=\"310\" srcset=\"https:\/\/www.lasermet.com\/de\/wp-content\/uploads\/sites\/3\/2023\/02\/the-london-clinic-theatre-interlock.jpeg 620w, https:\/\/www.lasermet.com\/de\/wp-content\/uploads\/sites\/3\/2023\/02\/the-london-clinic-theatre-interlock-300x200.jpeg 300w, https:\/\/www.lasermet.com\/de\/wp-content\/uploads\/sites\/3\/2023\/02\/the-london-clinic-theatre-interlock-600x400.jpeg 600w\" sizes=\"auto, (max-width: 465px) 100vw, 465px\" \/><figcaption class=\"wp-element-caption\">Die London Clinic verwendet den Interlock\u00ae-Controller von Lasermet zur Gew\u00e4hrleistung der Lasersicherheit<\/figcaption><\/figure>\n<\/div>","protected":false},"excerpt":{"rendered":"<p>Lasermet kann auf eine lange Erfolgsgeschichte im Bereich der Laser-Interlocks zur\u00fcckblicken und stellt diese Systeme seit 1996 her und installiert sie. Unsere f\u00fchrende ICS-Serie von Laser Interlock\u00ae Controllern wurde bereits&#8230;<\/p>\n","protected":false},"author":1,"featured_media":0,"parent":0,"menu_order":10,"comment_status":"closed","ping_status":"closed","template":"template-pagetitle.php","meta":{"_acf_changed":false,"_kad_blocks_custom_css":"","_kad_blocks_head_custom_js":"","_kad_blocks_body_custom_js":"","_kad_blocks_footer_custom_js":"","_EventAllDay":false,"_EventTimezone":"","_EventStartDate":"","_EventEndDate":"","_EventStartDateUTC":"","_EventEndDateUTC":"","_EventShowMap":false,"_EventShowMapLink":false,"_EventURL":"","_EventCost":"","_EventCostDescription":"","_EventCurrencySymbol":"","_EventCurrencyCode":"","_EventCurrencyPosition":"","_EventDateTimeSeparator":"","_EventTimeRangeSeparator":"","_EventOrganizerID":[],"_EventVenueID":[],"_OrganizerEmail":"","_OrganizerPhone":"","_OrganizerWebsite":"","_VenueAddress":"","_VenueCity":"","_VenueCountry":"","_VenueProvince":"","_VenueState":"","_VenueZip":"","_VenuePhone":"","_VenueURL":"","_VenueStateProvince":"","_VenueLat":"","_VenueLng":"","_VenueShowMap":false,"_VenueShowMapLink":false,"_kadence_starter_templates_imported_post":false,"_kad_post_transparent":"","_kad_post_title":"","_kad_post_layout":"","_kad_post_sidebar_id":"","_kad_post_content_style":"","_kad_post_vertical_padding":"","_kad_post_feature":"","_kad_post_feature_position":"","_kad_post_header":false,"_kad_post_footer":false,"_kad_post_classname":"","footnotes":""},"class_list":["post-4571","page","type-page","status-publish","hentry"],"acf":[],"taxonomy_info":[],"featured_image_src_large":false,"author_info":{"display_name":"paulgaray","author_link":"https:\/\/www.lasermet.com\/de\/author\/paulgaray\/"},"comment_info":0,"_links":{"self":[{"href":"https:\/\/www.lasermet.com\/de\/wp-json\/wp\/v2\/pages\/4571","targetHints":{"allow":["GET"]}}],"collection":[{"href":"https:\/\/www.lasermet.com\/de\/wp-json\/wp\/v2\/pages"}],"about":[{"href":"https:\/\/www.lasermet.com\/de\/wp-json\/wp\/v2\/types\/page"}],"author":[{"embeddable":true,"href":"https:\/\/www.lasermet.com\/de\/wp-json\/wp\/v2\/users\/1"}],"replies":[{"embeddable":true,"href":"https:\/\/www.lasermet.com\/de\/wp-json\/wp\/v2\/comments?post=4571"}],"version-history":[{"count":0,"href":"https:\/\/www.lasermet.com\/de\/wp-json\/wp\/v2\/pages\/4571\/revisions"}],"wp:attachment":[{"href":"https:\/\/www.lasermet.com\/de\/wp-json\/wp\/v2\/media?parent=4571"}],"curies":[{"name":"wp","href":"https:\/\/api.w.org\/{rel}","templated":true}]}}