{"id":4563,"date":"2019-12-01T23:39:14","date_gmt":"2019-12-01T23:39:14","guid":{"rendered":"https:\/\/www.lasermetgmbh.de\/laser-safety-products\/laser-safety-installations\/"},"modified":"2025-10-15T08:15:09","modified_gmt":"2025-10-15T08:15:09","slug":"laserschutz-installationen","status":"publish","type":"page","link":"https:\/\/www.lasermet.com\/de\/laserschutz-dienstleistungen\/laserschutz-installationen\/","title":{"rendered":"Laserschutz-Installationen"},"content":{"rendered":"<style>.wp-block-kadence-advancedgallery.kb-gallery-wrap-id-4563_fbd196-dc{overflow:hidden;}.kb-gallery-id-4563_fbd196-dc .kadence-blocks-gallery-item .kb-gal-image-radius, .kb-gallery-id-4563_fbd196-dc .kb-slide-item .kb-gal-image-radius img{border-radius:0px 0px 0px 0px;;}.kb-gallery-wrap-id-4563_fbd196-dc.wp-block-kadence-advancedgallery{overflow:visible;}.kb-gallery-wrap-id-4563_fbd196-dc.wp-block-kadence-advancedgallery .kt-blocks-carousel{overflow:visible;}<\/style><div class=\"kb-gallery-wrap-id-4563_fbd196-dc alignnone wp-block-kadence-advancedgallery\"><div class=\"kb-gallery-ul kb-gallery-non-static kb-gallery-type-carousel kb-gallery-id-4563_fbd196-dc kb-gallery-caption-style-bottom-hover kb-gallery-filter-none\" data-image-filter=\"none\" data-lightbox-caption=\"true\"><div class=\"kt-blocks-carousel splide kt-carousel-container-dotstyle-dark kt-carousel-arrowstyle-whiteondark kt-carousel-dotstyle-dark kb-slider-group-arrow kb-slider-arrow-position-center\" data-columns-xxl=\"3\" data-columns-xl=\"3\" data-columns-md=\"3\" data-columns-sm=\"2\" data-columns-xs=\"1\" data-columns-ss=\"1\" data-slider-anim-speed=\"400\" data-slider-scroll=\"1\" data-slider-arrows=\"true\" data-slider-dots=\"true\" data-slider-hover-pause=\"false\" data-slider-auto=\"\" data-slider-speed=\"7000\" data-slider-gap=\"10px\" data-slider-gap-tablet=\"10px\" data-slider-gap-mobile=\"10px\" data-show-pause-button=\"false\" data-slider-label=\"Photo Gallery Carousel\"><div class=\"splide__track\"><ul class=\"kt-blocks-carousel-init kb-gallery-carousel splide__list\"><li class=\"kb-slide-item kb-gallery-carousel-item splide__slide\"><div class=\"kadence-blocks-gallery-item\"><div class=\"kadence-blocks-gallery-item-inner\"><figure class=\"kb-gallery-figure kadence-blocks-gallery-item-hide-caption\"><div class=\"kb-gal-image-radius\"><div class=\"kb-gallery-image-contain kadence-blocks-gallery-intrinsic kb-gallery-image-ratio-land32 kb-has-image-ratio-land32\" ><img loading=\"lazy\" decoding=\"async\" src=\"https:\/\/www.lasermet.com\/de\/wp-content\/uploads\/sites\/3\/2023\/07\/Lasermet-Laser-Castle-Hero-Photo-1024x669.jpg\" width=\"1024\" height=\"669\" alt=\"Lasermet Laser Castle Photo\" data-full-image=\"https:\/\/www.lasermet.com\/de\/wp-content\/uploads\/sites\/3\/2023\/07\/Lasermet-Laser-Castle-Hero-Photo.jpg\" data-light-image=\"https:\/\/www.lasermet.com\/de\/wp-content\/uploads\/sites\/3\/2023\/07\/Lasermet-Laser-Castle-Hero-Photo.jpg\" data-id=\"8135\" class=\"wp-image-8135 skip-lazy\" srcset=\"https:\/\/www.lasermet.com\/de\/wp-content\/uploads\/sites\/3\/2023\/07\/Lasermet-Laser-Castle-Hero-Photo-1024x669.jpg 1024w, https:\/\/www.lasermet.com\/de\/wp-content\/uploads\/sites\/3\/2023\/07\/Lasermet-Laser-Castle-Hero-Photo-300x196.jpg 300w, https:\/\/www.lasermet.com\/de\/wp-content\/uploads\/sites\/3\/2023\/07\/Lasermet-Laser-Castle-Hero-Photo-768x502.jpg 768w, https:\/\/www.lasermet.com\/de\/wp-content\/uploads\/sites\/3\/2023\/07\/Lasermet-Laser-Castle-Hero-Photo-600x392.jpg 600w, https:\/\/www.lasermet.com\/de\/wp-content\/uploads\/sites\/3\/2023\/07\/Lasermet-Laser-Castle-Hero-Photo.jpg 1240w\" sizes=\"auto, (max-width: 1024px) 100vw, 1024px\" \/><\/div><\/div><\/figure><\/div><\/div><\/li><li class=\"kb-slide-item kb-gallery-carousel-item splide__slide\"><div class=\"kadence-blocks-gallery-item\"><div class=\"kadence-blocks-gallery-item-inner\"><figure class=\"kb-gallery-figure kadence-blocks-gallery-item-hide-caption\"><div class=\"kb-gal-image-radius\"><div class=\"kb-gallery-image-contain kadence-blocks-gallery-intrinsic kb-gallery-image-ratio-land32 kb-has-image-ratio-land32\" ><img loading=\"lazy\" decoding=\"async\" src=\"https:\/\/www.lasermet.com\/de\/wp-content\/uploads\/sites\/3\/2025\/10\/Anthracite-panel-enclosure-1024x738.png\" width=\"1024\" height=\"738\" alt=\"\" data-full-image=\"https:\/\/www.lasermet.com\/de\/wp-content\/uploads\/sites\/3\/2025\/10\/Anthracite-panel-enclosure.png\" data-light-image=\"https:\/\/www.lasermet.com\/de\/wp-content\/uploads\/sites\/3\/2025\/10\/Anthracite-panel-enclosure.png\" data-id=\"9271\" class=\"wp-image-9271 skip-lazy\" srcset=\"https:\/\/www.lasermet.com\/de\/wp-content\/uploads\/sites\/3\/2025\/10\/Anthracite-panel-enclosure-1024x738.png 1024w, https:\/\/www.lasermet.com\/de\/wp-content\/uploads\/sites\/3\/2025\/10\/Anthracite-panel-enclosure-300x216.png 300w, https:\/\/www.lasermet.com\/de\/wp-content\/uploads\/sites\/3\/2025\/10\/Anthracite-panel-enclosure-768x553.png 768w, https:\/\/www.lasermet.com\/de\/wp-content\/uploads\/sites\/3\/2025\/10\/Anthracite-panel-enclosure-600x432.png 600w, https:\/\/www.lasermet.com\/de\/wp-content\/uploads\/sites\/3\/2025\/10\/Anthracite-panel-enclosure.png 1399w\" sizes=\"auto, (max-width: 1024px) 100vw, 1024px\" \/><\/div><\/div><\/figure><\/div><\/div><\/li><li class=\"kb-slide-item kb-gallery-carousel-item splide__slide\"><div class=\"kadence-blocks-gallery-item\"><div class=\"kadence-blocks-gallery-item-inner\"><figure class=\"kb-gallery-figure kadence-blocks-gallery-item-hide-caption\"><div class=\"kb-gal-image-radius\"><div class=\"kb-gallery-image-contain kadence-blocks-gallery-intrinsic kb-gallery-image-ratio-land32 kb-has-image-ratio-land32\" ><img loading=\"lazy\" decoding=\"async\" src=\"https:\/\/www.lasermet.com\/de\/wp-content\/uploads\/sites\/3\/2025\/10\/Enclosure-with-calm-monitor-1024x670.png\" width=\"1024\" height=\"670\" alt=\"\" data-full-image=\"https:\/\/www.lasermet.com\/de\/wp-content\/uploads\/sites\/3\/2025\/10\/Enclosure-with-calm-monitor-scaled.png\" data-light-image=\"https:\/\/www.lasermet.com\/de\/wp-content\/uploads\/sites\/3\/2025\/10\/Enclosure-with-calm-monitor-scaled.png\" data-id=\"9270\" class=\"wp-image-9270 skip-lazy\" srcset=\"https:\/\/www.lasermet.com\/de\/wp-content\/uploads\/sites\/3\/2025\/10\/Enclosure-with-calm-monitor-1024x670.png 1024w, https:\/\/www.lasermet.com\/de\/wp-content\/uploads\/sites\/3\/2025\/10\/Enclosure-with-calm-monitor-300x196.png 300w, https:\/\/www.lasermet.com\/de\/wp-content\/uploads\/sites\/3\/2025\/10\/Enclosure-with-calm-monitor-768x502.png 768w, https:\/\/www.lasermet.com\/de\/wp-content\/uploads\/sites\/3\/2025\/10\/Enclosure-with-calm-monitor-1536x1004.png 1536w, https:\/\/www.lasermet.com\/de\/wp-content\/uploads\/sites\/3\/2025\/10\/Enclosure-with-calm-monitor-scaled.png 2048w, https:\/\/www.lasermet.com\/de\/wp-content\/uploads\/sites\/3\/2025\/10\/Enclosure-with-calm-monitor-600x392.png 600w\" sizes=\"auto, (max-width: 1024px) 100vw, 1024px\" \/><\/div><\/div><\/figure><\/div><\/div><\/li><li class=\"kb-slide-item kb-gallery-carousel-item splide__slide\"><div class=\"kadence-blocks-gallery-item\"><div class=\"kadence-blocks-gallery-item-inner\"><figure class=\"kb-gallery-figure kadence-blocks-gallery-item-hide-caption\"><div class=\"kb-gal-image-radius\"><div class=\"kb-gallery-image-contain kadence-blocks-gallery-intrinsic kb-gallery-image-ratio-land32 kb-has-image-ratio-land32\" ><img loading=\"lazy\" decoding=\"async\" src=\"https:\/\/www.lasermet.com\/de\/wp-content\/uploads\/sites\/3\/2025\/10\/Installation-2-768x1024.jpg\" width=\"768\" height=\"1024\" alt=\"\" data-full-image=\"https:\/\/www.lasermet.com\/de\/wp-content\/uploads\/sites\/3\/2025\/10\/Installation-2-scaled.jpg\" data-light-image=\"https:\/\/www.lasermet.com\/de\/wp-content\/uploads\/sites\/3\/2025\/10\/Installation-2-scaled.jpg\" data-id=\"9269\" class=\"wp-image-9269 skip-lazy\" srcset=\"https:\/\/www.lasermet.com\/de\/wp-content\/uploads\/sites\/3\/2025\/10\/Installation-2-768x1024.jpg 768w, https:\/\/www.lasermet.com\/de\/wp-content\/uploads\/sites\/3\/2025\/10\/Installation-2-225x300.jpg 225w, https:\/\/www.lasermet.com\/de\/wp-content\/uploads\/sites\/3\/2025\/10\/Installation-2-1152x1536.jpg 1152w, https:\/\/www.lasermet.com\/de\/wp-content\/uploads\/sites\/3\/2025\/10\/Installation-2-scaled.jpg 1536w, https:\/\/www.lasermet.com\/de\/wp-content\/uploads\/sites\/3\/2025\/10\/Installation-2-600x800.jpg 600w\" sizes=\"auto, (max-width: 768px) 100vw, 768px\" \/><\/div><\/div><\/figure><\/div><\/div><\/li><\/ul><\/div><\/div><\/div><\/div>\n\n\n<div style=\"height:50px\" aria-hidden=\"true\" class=\"wp-block-spacer\"><\/div>\n\n\n\n<p>Lasermet bietet einen umfassenden Installationsservice f\u00fcr alle unsere Laserschutzprodukte. Dieser reicht von der einfachen Installation eines Laserblockiervorhangs bis hin zur Installation komplexer Interlock\u00ae-Multifunktionssysteme und der Montage von raumgro\u00dfen Laserschutzkabinen der Klasse 1.<\/p>\n\n\n\n<div style=\"height:20px\" aria-hidden=\"true\" class=\"wp-block-spacer\"><\/div>\n\n\n\n<figure class=\"wp-block-pullquote\"><blockquote><p><strong>Lasermet bietet schl\u00fcsselfertige L\u00f6sungen f\u00fcr alle Ihre Anforderungen an die Lasersicherheit<\/strong><\/p><\/blockquote><\/figure>\n\n\n\n<div style=\"height:20px\" aria-hidden=\"true\" class=\"wp-block-spacer\"><\/div>\n\n\n\n<p>Alle unsere Installateure sind qualifizierte Elektriker mit umfassender Erfahrung in der Installation von Lasersicherheitsanlagen und einer Vielzahl praktischer F\u00e4higkeiten, die f\u00fcr eine qualitativ hochwertige Installation unerl\u00e4sslich sind. Wir stellen unsere Produkte selbst her und bieten diese Dienstleistungen, einschlie\u00dflich der Installation, selbst an. Wir besch\u00e4ftigen unser eigenes Installationsteam und unsere Techniker und arbeiten niemals mit Subunternehmern zusammen. Das bedeutet, dass unsere Installateure sehr erfahren im Umgang mit unseren Ger\u00e4ten sind und sich f\u00fcr ein erstklassiges Ergebnis einsetzen.<\/p>\n\n\n\n<p>Lasermet hat seit 1987 Tausende von Laserschutzprodukten wie Laserschutzvorh\u00e4nge, -schirme und -rollos in zahlreichen Institutionen, Krankenh\u00e4usern, Universit\u00e4ten, Forschungseinrichtungen und Produktionsst\u00e4tten weltweit installiert.<\/p>\n\n\n\n<div style=\"height:20px\" aria-hidden=\"true\" class=\"wp-block-spacer\"><\/div>\n\n\n\n<figure class=\"wp-block-embed is-type-video is-provider-youtube wp-block-embed-youtube wp-embed-aspect-16-9 wp-has-aspect-ratio\"><div class=\"wp-block-embed__wrapper\">\n<iframe loading=\"lazy\" title=\"Lasermet Laser Castle Build\" width=\"720\" height=\"405\" src=\"https:\/\/www.youtube.com\/embed\/eH4TojpqD70?feature=oembed\" frameborder=\"0\" allow=\"accelerometer; autoplay; clipboard-write; encrypted-media; gyroscope; picture-in-picture; web-share\" referrerpolicy=\"strict-origin-when-cross-origin\" allowfullscreen><\/iframe>\n<\/div><\/figure>\n\n\n\n<div style=\"height:40px\" aria-hidden=\"true\" class=\"wp-block-spacer\"><\/div>\n\n\n\n<hr class=\"wp-block-separator has-alpha-channel-opacity\" \/>\n\n\n\n<div style=\"height:40px\" aria-hidden=\"true\" class=\"wp-block-spacer\"><\/div>\n\n\n\n<h2 class=\"wp-block-heading\">Lasersicherheit Interlock\u00ae Systems<\/h2>\n\n\n\n<div style=\"height:30px\" aria-hidden=\"true\" class=\"wp-block-spacer\"><\/div>\n\n\n<div class=\"wp-block-image\">\n<figure class=\"aligncenter size-full\"><img loading=\"lazy\" decoding=\"async\" width=\"926\" height=\"696\" src=\"https:\/\/www.lasermet.com\/de\/wp-content\/uploads\/sites\/3\/2025\/10\/sample-interlocked-laboratory-layout.webp\" alt=\"\" class=\"wp-image-9272\" style=\"aspect-ratio:16\/9;object-fit:contain\" srcset=\"https:\/\/www.lasermet.com\/de\/wp-content\/uploads\/sites\/3\/2025\/10\/sample-interlocked-laboratory-layout.webp 926w, https:\/\/www.lasermet.com\/de\/wp-content\/uploads\/sites\/3\/2025\/10\/sample-interlocked-laboratory-layout-300x225.webp 300w, https:\/\/www.lasermet.com\/de\/wp-content\/uploads\/sites\/3\/2025\/10\/sample-interlocked-laboratory-layout-768x577.webp 768w, https:\/\/www.lasermet.com\/de\/wp-content\/uploads\/sites\/3\/2025\/10\/sample-interlocked-laboratory-layout-600x451.webp 600w\" sizes=\"auto, (max-width: 926px) 100vw, 926px\" \/><figcaption class=\"wp-element-caption\">Overview of a Laboratory with Interlock System and Accessories<\/figcaption><\/figure>\n<\/div>\n\n\n<p>m die Einhaltung der Industriestandards zu gew\u00e4hrleisten und die Sicherheit zu gew\u00e4hrleisten, setzen viele Laseranwendungen zus\u00e4tzlich zu passiven Schutzvorrichtungen wie Laserkabinen oder -geh\u00e4usen auf Verriegelungssysteme. Ein Verriegelungssystem ist in sicherheitskritischen Umgebungen unverzichtbar. Es sch\u00fctzt Benutzer, sorgt f\u00fcr die Einhaltung von Protokollen und wird h\u00e4ufig von Aufsichtsbeh\u00f6rden wie OSHA, ANSI, IEC und CDRH gesetzlich vorgeschrieben \u2013 aber was genau ist ein Verriegelungssystem?<\/p>\n\n\n\n<p>Ein Verriegelungssystem ist ein Sicherheitsmechanismus, der den Zugang zu gef\u00e4hrlichen Bereichen verhindert oder potenziell gef\u00e4hrliche Vorg\u00e4nge kontrolliert, sofern nicht bestimmte vordefinierte Bedingungen erf\u00fcllt sind. Verriegelungen sind nicht nur auf Lasersysteme beschr\u00e4nkt, sondern werden auch in industriellen, medizinischen und wissenschaftlichen Umgebungen eingesetzt, um die Sicherheit des Personals und die Integrit\u00e4t der Ger\u00e4te zu gew\u00e4hrleisten.<\/p>\n\n\n\n<p>Verriegelungssysteme verbinden den Zustand eines Ger\u00e4ts oder einer Komponente mit einem anderen und schaffen so effektiv eine Kette von Bedingungen. Wenn eine Bedingung nicht erf\u00fcllt ist, blockiert das System eine bestimmte Aktion (z. B. das \u00d6ffnen einer T\u00fcr oder die Aktivierung eines Lasers).<\/p>\n\n\n\n<div style=\"height:60px\" aria-hidden=\"true\" class=\"wp-block-spacer\"><\/div>\n","protected":false},"excerpt":{"rendered":"<p>Lasermet bietet einen umfassenden Installationsservice f\u00fcr alle unsere Laserschutzprodukte. Dieser reicht von der einfachen Installation eines Laserblockiervorhangs bis hin zur Installation komplexer Interlock\u00ae-Multifunktionssysteme und der Montage von raumgro\u00dfen Laserschutzkabinen der&#8230;<\/p>\n","protected":false},"author":1,"featured_media":676,"parent":605,"menu_order":210,"comment_status":"closed","ping_status":"closed","template":"template-pagetitle.php","meta":{"_acf_changed":false,"_kad_blocks_custom_css":"","_kad_blocks_head_custom_js":"","_kad_blocks_body_custom_js":"","_kad_blocks_footer_custom_js":"","_EventAllDay":false,"_EventTimezone":"","_EventStartDate":"","_EventEndDate":"","_EventStartDateUTC":"","_EventEndDateUTC":"","_EventShowMap":false,"_EventShowMapLink":false,"_EventURL":"","_EventCost":"","_EventCostDescription":"","_EventCurrencySymbol":"","_EventCurrencyCode":"","_EventCurrencyPosition":"","_EventDateTimeSeparator":"","_EventTimeRangeSeparator":"","_EventOrganizerID":[],"_EventVenueID":[],"_OrganizerEmail":"","_OrganizerPhone":"","_OrganizerWebsite":"","_VenueAddress":"","_VenueCity":"","_VenueCountry":"","_VenueProvince":"","_VenueState":"","_VenueZip":"","_VenuePhone":"","_VenueURL":"","_VenueStateProvince":"","_VenueLat":"","_VenueLng":"","_VenueShowMap":false,"_VenueShowMapLink":false,"_kadence_starter_templates_imported_post":false,"_kad_post_transparent":"","_kad_post_title":"","_kad_post_layout":"","_kad_post_sidebar_id":"","_kad_post_content_style":"","_kad_post_vertical_padding":"","_kad_post_feature":"","_kad_post_feature_position":"","_kad_post_header":false,"_kad_post_footer":false,"_kad_post_classname":"","footnotes":""},"class_list":["post-4563","page","type-page","status-publish","has-post-thumbnail","hentry"],"acf":[],"taxonomy_info":[],"featured_image_src_large":false,"author_info":{"display_name":"paulgaray","author_link":"https:\/\/www.lasermet.com\/de\/author\/paulgaray\/"},"comment_info":0,"_links":{"self":[{"href":"https:\/\/www.lasermet.com\/de\/wp-json\/wp\/v2\/pages\/4563","targetHints":{"allow":["GET"]}}],"collection":[{"href":"https:\/\/www.lasermet.com\/de\/wp-json\/wp\/v2\/pages"}],"about":[{"href":"https:\/\/www.lasermet.com\/de\/wp-json\/wp\/v2\/types\/page"}],"author":[{"embeddable":true,"href":"https:\/\/www.lasermet.com\/de\/wp-json\/wp\/v2\/users\/1"}],"replies":[{"embeddable":true,"href":"https:\/\/www.lasermet.com\/de\/wp-json\/wp\/v2\/comments?post=4563"}],"version-history":[{"count":3,"href":"https:\/\/www.lasermet.com\/de\/wp-json\/wp\/v2\/pages\/4563\/revisions"}],"predecessor-version":[{"id":9276,"href":"https:\/\/www.lasermet.com\/de\/wp-json\/wp\/v2\/pages\/4563\/revisions\/9276"}],"up":[{"embeddable":true,"href":"https:\/\/www.lasermet.com\/de\/wp-json\/wp\/v2\/pages\/605"}],"wp:featuredmedia":[{"embeddable":true,"href":"https:\/\/www.lasermet.com\/de\/wp-json\/"}],"wp:attachment":[{"href":"https:\/\/www.lasermet.com\/de\/wp-json\/wp\/v2\/media?parent=4563"}],"curies":[{"name":"wp","href":"https:\/\/api.w.org\/{rel}","templated":true}]}}