{"id":4545,"date":"2019-11-29T00:00:30","date_gmt":"2019-11-29T00:00:30","guid":{"rendered":"https:\/\/www.lasermetgmbh.de\/laser-safety-services\/laser-safety-audits\/"},"modified":"2025-10-15T03:06:15","modified_gmt":"2025-10-15T03:06:15","slug":"laserschutz-audits","status":"publish","type":"page","link":"https:\/\/www.lasermet.com\/de\/laserschutz-dienstleistungen\/laserschutz-audits\/","title":{"rendered":"Laserschutz Audits"},"content":{"rendered":"\n<div class=\"wp-block-cover is-light\" style=\"min-height:250px;aspect-ratio:unset;\"><img loading=\"lazy\" decoding=\"async\" width=\"1024\" height=\"1024\" class=\"wp-block-cover__image-background wp-image-9214 size-large\" alt=\"\" src=\"https:\/\/www.lasermet.com\/de\/wp-content\/uploads\/sites\/3\/2025\/10\/A-person-talking-with-another-person-holding-a-clipboard-in-a-laser-lab-1024x1024.jpg\" style=\"object-position:58% 86%\" data-object-fit=\"cover\" data-object-position=\"58% 86%\" srcset=\"https:\/\/www.lasermet.com\/de\/wp-content\/uploads\/sites\/3\/2025\/10\/A-person-talking-with-another-person-holding-a-clipboard-in-a-laser-lab-1024x1024.jpg 1024w, https:\/\/www.lasermet.com\/de\/wp-content\/uploads\/sites\/3\/2025\/10\/A-person-talking-with-another-person-holding-a-clipboard-in-a-laser-lab-300x300.jpg 300w, https:\/\/www.lasermet.com\/de\/wp-content\/uploads\/sites\/3\/2025\/10\/A-person-talking-with-another-person-holding-a-clipboard-in-a-laser-lab-150x150.jpg 150w, https:\/\/www.lasermet.com\/de\/wp-content\/uploads\/sites\/3\/2025\/10\/A-person-talking-with-another-person-holding-a-clipboard-in-a-laser-lab-768x768.jpg 768w, https:\/\/www.lasermet.com\/de\/wp-content\/uploads\/sites\/3\/2025\/10\/A-person-talking-with-another-person-holding-a-clipboard-in-a-laser-lab-600x600.jpg 600w, https:\/\/www.lasermet.com\/de\/wp-content\/uploads\/sites\/3\/2025\/10\/A-person-talking-with-another-person-holding-a-clipboard-in-a-laser-lab-100x100.jpg 100w, https:\/\/www.lasermet.com\/de\/wp-content\/uploads\/sites\/3\/2025\/10\/A-person-talking-with-another-person-holding-a-clipboard-in-a-laser-lab.jpg 1200w\" sizes=\"auto, (max-width: 1024px) 100vw, 1024px\" \/><span aria-hidden=\"true\" class=\"wp-block-cover__background has-background-dim-30 has-background-dim\" style=\"background-color:#93a2b1\"><\/span><div class=\"wp-block-cover__inner-container is-layout-constrained wp-block-cover-is-layout-constrained\">\n<p class=\"has-text-align-center has-large-font-size\"><\/p>\n<\/div><\/div>\n\n\n\n<p>Unsere Audits zur Lasersicherheit sollen sicherstellen, dass Ihr Unternehmen in Bezug auf die Sicherheit von Lasern, LEDs und anderen optischen Gefahren die besten Praktiken anwendet, um das Risiko von Personensch\u00e4den bei Mitarbeitern oder Dritten zu minimieren. Sie sollen auch sicherstellen, dass Sie und Ihr Unternehmen in der Lage sind, zu beweisen, dass Sie in \u00dcbereinstimmung mit der besten Praxis gehandelt haben, indem Sie sich von Experten beraten lassen und diesen Rat befolgen. Zu diesem Zweck gestalten wir den schriftlichen Bericht so umfassend wie m\u00f6glich. Dieser kann bei einem Besuch der HSE als Nachweis f\u00fcr die &#8218;geb\u00fchrende Sorgfalt&#8216; verwendet werden.<\/p>\n\n\n\n<div style=\"height:20px\" aria-hidden=\"true\" class=\"wp-block-spacer\"><\/div>\n\n\n\n<hr class=\"wp-block-separator has-alpha-channel-opacity\" \/>\n\n\n\n<h1 class=\"wp-block-heading\">Lasersicherheits-Audit-Dienstleistungen<\/h1>\n\n\n\n<ul class=\"wp-block-list\">\n<li>Besichtigung von Laseranlagen und -produkten<\/li>\n\n\n\n<li>Besprechung von Lasersicherheitsfragen mit dem Laserschutzbeauftragten und anderen interessierten Parteien<\/li>\n\n\n\n<li>Beratung zu Lasersicherheitsanforderungen, einschlie\u00dflich Schulungsanforderungen, administrativen Kontrollen, technischen Kontrollen und pers\u00f6nlicher Schutzausr\u00fcstung<\/li>\n\n\n\n<li>Bereitstellung eines vollst\u00e4ndigen schriftlichen Berichts<\/li>\n<\/ul>\n\n\n\n<div style=\"height:20px\" aria-hidden=\"true\" class=\"wp-block-spacer\"><\/div>\n\n\n\n<p>Alle Audits zur Lasersicherheit werden in \u00dcbereinstimmung mit den folgenden europ\u00e4ischen Lasersicherheitsstandards, Richtlinien und ggf. britischen Gesetzen durchgef\u00fchrt:<\/p>\n\n\n\n<div style=\"height:30px\" aria-hidden=\"true\" class=\"wp-block-spacer\"><\/div>\n\n\n\n<div class=\"wp-block-columns is-layout-flex wp-container-core-columns-is-layout-9d6595d7 wp-block-columns-is-layout-flex\">\n<div class=\"wp-block-column is-layout-flow wp-block-column-is-layout-flow\">\n<ul class=\"wp-block-list\">\n<li>EN 60825-1 Safety of laser products<\/li>\n\n\n\n<li>EN 60825-2 Safety of Fibre Optic Telecommunication Systems<\/li>\n\n\n\n<li>EN 60825-4 Laser Guards<\/li>\n\n\n\n<li>EN 207 Laser Protective Eyewear<\/li>\n\n\n\n<li>EN 208 Laser Alignment Eyewear<\/li>\n\n\n\n<li>IEC TR 60825-14 Users Guide for safety of lasers<\/li>\n\n\n\n<li>Machinery Directive<\/li>\n\n\n\n<li>Health &amp; Safety in the Workplace Act<\/li>\n<\/ul>\n<\/div>\n\n\n\n<div class=\"wp-block-column is-vertically-aligned-top is-layout-flow wp-block-column-is-layout-flow\"><div class=\"wp-block-image\">\n<figure class=\"aligncenter size-large\"><img loading=\"lazy\" decoding=\"async\" width=\"1024\" height=\"681\" src=\"https:\/\/www.lasermet.com\/de\/wp-content\/uploads\/sites\/3\/2025\/10\/close-up-of-a-hand-signing-a-legal-document-with-a-fountain-pen-symbolizing-signature-and-agreement-1024x681.webp\" alt=\"\" class=\"wp-image-9217\" srcset=\"https:\/\/www.lasermet.com\/de\/wp-content\/uploads\/sites\/3\/2025\/10\/close-up-of-a-hand-signing-a-legal-document-with-a-fountain-pen-symbolizing-signature-and-agreement-1024x681.webp 1024w, https:\/\/www.lasermet.com\/de\/wp-content\/uploads\/sites\/3\/2025\/10\/close-up-of-a-hand-signing-a-legal-document-with-a-fountain-pen-symbolizing-signature-and-agreement-300x199.webp 300w, https:\/\/www.lasermet.com\/de\/wp-content\/uploads\/sites\/3\/2025\/10\/close-up-of-a-hand-signing-a-legal-document-with-a-fountain-pen-symbolizing-signature-and-agreement-768x511.webp 768w, https:\/\/www.lasermet.com\/de\/wp-content\/uploads\/sites\/3\/2025\/10\/close-up-of-a-hand-signing-a-legal-document-with-a-fountain-pen-symbolizing-signature-and-agreement-600x399.webp 600w, https:\/\/www.lasermet.com\/de\/wp-content\/uploads\/sites\/3\/2025\/10\/close-up-of-a-hand-signing-a-legal-document-with-a-fountain-pen-symbolizing-signature-and-agreement.webp 1536w\" sizes=\"auto, (max-width: 1024px) 100vw, 1024px\" \/><\/figure>\n<\/div><\/div>\n<\/div>\n\n\n\n<div style=\"height:100px\" aria-hidden=\"true\" class=\"wp-block-spacer\"><\/div>\n\n\n\n<div class=\"wp-block-buttons is-content-justification-center is-layout-flex wp-container-core-buttons-is-layout-16018d1d wp-block-buttons-is-layout-flex\">\n<div class=\"wp-block-button\"><a class=\"wp-block-button__link has-theme-palette-9-color has-theme-palette-1-background-color has-text-color has-background has-link-color wp-element-button\" href=\"https:\/\/forms.monday.com\/forms\/6965a37ce95b746dcdfb800497fd1a21?r=use1\" target=\"_blank\" rel=\"noreferrer noopener\">Kontaktiere Uns<\/a><\/div>\n<\/div>\n\n\n\n<div style=\"height:100px\" aria-hidden=\"true\" class=\"wp-block-spacer\"><\/div>\n","protected":false},"excerpt":{"rendered":"<p>Unsere Audits zur Lasersicherheit sollen sicherstellen, dass Ihr Unternehmen in Bezug auf die Sicherheit von Lasern, LEDs und anderen optischen Gefahren die besten Praktiken anwendet, um das Risiko von Personensch\u00e4den&#8230;<\/p>\n","protected":false},"author":1,"featured_media":0,"parent":605,"menu_order":40,"comment_status":"closed","ping_status":"closed","template":"template-pagetitle.php","meta":{"_acf_changed":false,"_kad_blocks_custom_css":"","_kad_blocks_head_custom_js":"","_kad_blocks_body_custom_js":"","_kad_blocks_footer_custom_js":"","_EventAllDay":false,"_EventTimezone":"","_EventStartDate":"","_EventEndDate":"","_EventStartDateUTC":"","_EventEndDateUTC":"","_EventShowMap":false,"_EventShowMapLink":false,"_EventURL":"","_EventCost":"","_EventCostDescription":"","_EventCurrencySymbol":"","_EventCurrencyCode":"","_EventCurrencyPosition":"","_EventDateTimeSeparator":"","_EventTimeRangeSeparator":"","_EventOrganizerID":[],"_EventVenueID":[],"_OrganizerEmail":"","_OrganizerPhone":"","_OrganizerWebsite":"","_VenueAddress":"","_VenueCity":"","_VenueCountry":"","_VenueProvince":"","_VenueState":"","_VenueZip":"","_VenuePhone":"","_VenueURL":"","_VenueStateProvince":"","_VenueLat":"","_VenueLng":"","_VenueShowMap":false,"_VenueShowMapLink":false,"_kadence_starter_templates_imported_post":false,"_kad_post_transparent":"","_kad_post_title":"","_kad_post_layout":"","_kad_post_sidebar_id":"","_kad_post_content_style":"","_kad_post_vertical_padding":"","_kad_post_feature":"","_kad_post_feature_position":"","_kad_post_header":false,"_kad_post_footer":false,"_kad_post_classname":"","footnotes":""},"class_list":["post-4545","page","type-page","status-publish","hentry"],"acf":[],"taxonomy_info":[],"featured_image_src_large":false,"author_info":{"display_name":"paulgaray","author_link":"https:\/\/www.lasermet.com\/de\/author\/paulgaray\/"},"comment_info":0,"_links":{"self":[{"href":"https:\/\/www.lasermet.com\/de\/wp-json\/wp\/v2\/pages\/4545","targetHints":{"allow":["GET"]}}],"collection":[{"href":"https:\/\/www.lasermet.com\/de\/wp-json\/wp\/v2\/pages"}],"about":[{"href":"https:\/\/www.lasermet.com\/de\/wp-json\/wp\/v2\/types\/page"}],"author":[{"embeddable":true,"href":"https:\/\/www.lasermet.com\/de\/wp-json\/wp\/v2\/users\/1"}],"replies":[{"embeddable":true,"href":"https:\/\/www.lasermet.com\/de\/wp-json\/wp\/v2\/comments?post=4545"}],"version-history":[{"count":6,"href":"https:\/\/www.lasermet.com\/de\/wp-json\/wp\/v2\/pages\/4545\/revisions"}],"predecessor-version":[{"id":9222,"href":"https:\/\/www.lasermet.com\/de\/wp-json\/wp\/v2\/pages\/4545\/revisions\/9222"}],"up":[{"embeddable":true,"href":"https:\/\/www.lasermet.com\/de\/wp-json\/wp\/v2\/pages\/605"}],"wp:attachment":[{"href":"https:\/\/www.lasermet.com\/de\/wp-json\/wp\/v2\/media?parent=4545"}],"curies":[{"name":"wp","href":"https:\/\/api.w.org\/{rel}","templated":true}]}}