{"id":4544,"date":"2019-11-29T00:00:30","date_gmt":"2019-11-29T00:00:30","guid":{"rendered":"https:\/\/www.lasermetgmbh.de\/laser-safety-services\/fda-cdrh-registration\/"},"modified":"2025-10-15T06:09:42","modified_gmt":"2025-10-15T06:09:42","slug":"fda-cdrh-registrierung","status":"publish","type":"page","link":"https:\/\/www.lasermet.com\/de\/laserschutz-dienstleistungen\/fda-cdrh-registrierung\/","title":{"rendered":"FDA \/ CDRH Registrierung"},"content":{"rendered":"\n<div class=\"wp-block-cover\" style=\"min-height:250px;aspect-ratio:unset;\"><img loading=\"lazy\" decoding=\"async\" width=\"1024\" height=\"1024\" class=\"wp-block-cover__image-background wp-image-9230 size-large\" alt=\"\" src=\"https:\/\/www.lasermet.com\/de\/wp-content\/uploads\/sites\/3\/2025\/10\/document-registration-using-laptop-1024x1024.jpg\" style=\"object-position:53% 24%\" data-object-fit=\"cover\" data-object-position=\"53% 24%\" srcset=\"https:\/\/www.lasermet.com\/de\/wp-content\/uploads\/sites\/3\/2025\/10\/document-registration-using-laptop-1024x1024.jpg 1024w, https:\/\/www.lasermet.com\/de\/wp-content\/uploads\/sites\/3\/2025\/10\/document-registration-using-laptop-300x300.jpg 300w, https:\/\/www.lasermet.com\/de\/wp-content\/uploads\/sites\/3\/2025\/10\/document-registration-using-laptop-150x150.jpg 150w, https:\/\/www.lasermet.com\/de\/wp-content\/uploads\/sites\/3\/2025\/10\/document-registration-using-laptop-768x768.jpg 768w, https:\/\/www.lasermet.com\/de\/wp-content\/uploads\/sites\/3\/2025\/10\/document-registration-using-laptop-600x600.jpg 600w, https:\/\/www.lasermet.com\/de\/wp-content\/uploads\/sites\/3\/2025\/10\/document-registration-using-laptop-100x100.jpg 100w, https:\/\/www.lasermet.com\/de\/wp-content\/uploads\/sites\/3\/2025\/10\/document-registration-using-laptop.jpg 1200w\" sizes=\"auto, (max-width: 1024px) 100vw, 1024px\" \/><span aria-hidden=\"true\" class=\"wp-block-cover__background has-theme-palette-7-background-color has-background-dim-30 has-background-dim\"><\/span><div class=\"wp-block-cover__inner-container is-layout-constrained wp-block-cover-is-layout-constrained\">\n<p class=\"has-text-align-center has-large-font-size\"><\/p>\n<\/div><\/div>\n\n\n\n<div style=\"height:20px\" aria-hidden=\"true\" class=\"wp-block-spacer\"><\/div>\n\n\n\n<p>In den USA wird die Lasersicherheit durch Vorschriften geregelt, die Teil des Bundesrechts sind, im Gegensatz zu Europa, wo Hersteller verschiedene Produktstandards selbst zertifizieren. Das CDRH, das Teil der FDA (Food and Drugs Administration) ist, hat die Aufgabe, die Vorschriften durchzusetzen. Die Verordnung f\u00fcr Laserprodukte ist als 21 CFR 1040.10 bekannt.<\/p>\n\n\n\n<p>Das Center for Devices and Radiological Health (CDRH) ist die Beh\u00f6rde, die f\u00fcr die Sicherheit und Wirksamkeit von Medizinprodukten sowie f\u00fcr die Regulierung von strahlungsemittierenden elektronischen Produkten, sowohl medizinischer als auch nichtmedizinischer Art, zust\u00e4ndig ist.<\/p>\n\n\n\n<figure class=\"wp-block-pullquote\" style=\"font-size:24px\"><blockquote><p><strong>Alle Laserprodukte, die in die USA eingef\u00fchrt werden, m\u00fcssen bei der FDA registriert sein, um legal in das Land eingef\u00fchrt werden zu k\u00f6nnen.<\/strong><\/p><\/blockquote><\/figure>\n\n\n\n<p>Um legal in die USA eingef\u00fchrt zu werden, muss ein Laserprodukt (oder ein System, das Laser enth\u00e4lt) \u00fcber eine Zugangsnummer verf\u00fcgen, die in der Einfuhrerkl\u00e4rung angegeben werden muss. Um die Zugangsnummer zu erhalten, muss ein Laserproduktbericht bei der FDA eingereicht werden. Dies ist Aufgabe des Laserherstellers.<\/p>\n\n\n\n<p>Jeder Vertreter des Herstellers kann den Laserproduktbericht einreichen. Die Erstellung des Berichts ist jedoch \u00e4u\u00dferst m\u00fchsam, zeitaufwendig und f\u00fcr diejenigen, die nicht \u00fcber die Anforderungen informiert sind, verwirrend. Dar\u00fcber hinaus ist es sehr wahrscheinlich, dass der Bericht Ungenauigkeiten enth\u00e4lt, die zu Problemen mit der FDA f\u00fchren k\u00f6nnen, wenn Sie mit den Vorschriften nicht vertraut sind.<\/p>\n\n\n\n<p>Um Ihnen Zeit und M\u00fche zu sparen, bietet Lasermet einen FDA-Einreichungsservice an, der den Bericht in Ihrem Namen erstellt und einreicht.<\/p>\n\n\n\n<p>Im Gro\u00dfen und Ganzen gibt es drei Hauptarten von Einreichungen bei der FDA\/CDRH.<\/p>\n\n\n\n<div style=\"height:20px\" aria-hidden=\"true\" class=\"wp-block-spacer\"><\/div>\n\n\n\n<div class=\"wp-block-columns is-layout-flex wp-container-core-columns-is-layout-9d6595d7 wp-block-columns-is-layout-flex\">\n<div class=\"wp-block-column has-theme-palette-7-background-color has-background is-layout-flow wp-block-column-is-layout-flow\" style=\"padding-top:var(--wp--preset--spacing--60);padding-right:var(--wp--preset--spacing--60);padding-bottom:var(--wp--preset--spacing--60);padding-left:var(--wp--preset--spacing--60)\"><style>.kt-svg-icons4544_f3af20-2d .kt-svg-item-0 .kb-svg-icon-wrap{color:var(--global-palette4, #2D3748);font-size:50px;}.wp-block-kadence-icon.kt-svg-icons4544_f3af20-2d{justify-content:center;}<\/style>\n<div class=\"wp-block-kadence-icon kt-svg-icons kt-svg-icons4544_f3af20-2d alignnone\"><style>.kt-svg-item-4544_8b238c-98 .kb-svg-icon-wrap, .kt-svg-style-stacked.kt-svg-item-4544_8b238c-98 .kb-svg-icon-wrap{font-size:50px;}<\/style>\n<div class=\"wp-block-kadence-single-icon kt-svg-style-default kt-svg-icon-wrap kt-svg-item-4544_8b238c-98\"><span class=\"kb-svg-icon-wrap kb-svg-icon-fe_checkCircle\"><svg viewBox=\"0 0 24 24\"  fill=\"none\" stroke=\"currentColor\" stroke-width=\"2\" stroke-linecap=\"round\" stroke-linejoin=\"round\" xmlns=\"http:\/\/www.w3.org\/2000\/svg\"  aria-hidden=\"true\"><path d=\"M22 11.08V12a10 10 0 1 1-5.93-9.14\"\/><polyline points=\"22 4 12 14.01 9 11.01\"\/><\/svg><\/span><\/div>\n<\/div>\n\n\n\n<h6 class=\"wp-block-heading has-text-align-center\">Produktberichte<\/h6>\n\n\n\n<div style=\"height:15px\" aria-hidden=\"true\" class=\"wp-block-spacer\"><\/div>\n\n\n\n<hr class=\"wp-block-separator has-alpha-channel-opacity\" \/>\n\n\n\n<p class=\"has-text-align-center\">Einreichung eines neuen Laserprodukts bei der FDA. Ein Produktbericht kann eine ganze Produktfamilie abdecken.<\/p>\n<\/div>\n\n\n\n<div class=\"wp-block-column has-theme-palette-7-background-color has-background is-layout-flow wp-block-column-is-layout-flow\" style=\"padding-top:var(--wp--preset--spacing--60);padding-right:var(--wp--preset--spacing--60);padding-bottom:var(--wp--preset--spacing--60);padding-left:var(--wp--preset--spacing--60)\"><style>.kt-svg-icons4544_4e15d6-3d .kt-svg-item-0 .kb-svg-icon-wrap{color:var(--global-palette4, #2D3748);font-size:50px;}.wp-block-kadence-icon.kt-svg-icons4544_4e15d6-3d{justify-content:center;}<\/style>\n<div class=\"wp-block-kadence-icon kt-svg-icons kt-svg-icons4544_4e15d6-3d alignnone\"><style>.kt-svg-item-4544_6c9b10-59 .kb-svg-icon-wrap, .kt-svg-style-stacked.kt-svg-item-4544_6c9b10-59 .kb-svg-icon-wrap{font-size:50px;}<\/style>\n<div class=\"wp-block-kadence-single-icon kt-svg-style-default kt-svg-icon-wrap kt-svg-item-4544_6c9b10-59\"><span class=\"kb-svg-icon-wrap kb-svg-icon-fe_checkCircle\"><svg viewBox=\"0 0 24 24\"  fill=\"none\" stroke=\"currentColor\" stroke-width=\"2\" stroke-linecap=\"round\" stroke-linejoin=\"round\" xmlns=\"http:\/\/www.w3.org\/2000\/svg\"  aria-hidden=\"true\"><path d=\"M22 11.08V12a10 10 0 1 1-5.93-9.14\"\/><polyline points=\"22 4 12 14.01 9 11.01\"\/><\/svg><\/span><\/div>\n<\/div>\n\n\n\n<h6 class=\"wp-block-heading has-text-align-center\">Erg\u00e4nzungsberichte<\/h6>\n\n\n\n<div style=\"height:15px\" aria-hidden=\"true\" class=\"wp-block-spacer\"><\/div>\n\n\n\n<hr class=\"wp-block-separator has-alpha-channel-opacity\" \/>\n\n\n\n<p class=\"has-text-align-center\">Eine Aktualisierung einer bestehenden Produktanmeldung, um \u00c4nderungen zu melden oder neue Modelle hinzuzuf\u00fcgen.<\/p>\n<\/div>\n\n\n\n<div class=\"wp-block-column has-theme-palette-7-background-color has-background is-layout-flow wp-block-column-is-layout-flow\" style=\"padding-top:var(--wp--preset--spacing--60);padding-right:var(--wp--preset--spacing--60);padding-bottom:var(--wp--preset--spacing--60);padding-left:var(--wp--preset--spacing--60)\"><style>.kt-svg-icons4544_536c72-ac .kt-svg-item-0 .kb-svg-icon-wrap{color:var(--global-palette4, #2D3748);font-size:50px;}.wp-block-kadence-icon.kt-svg-icons4544_536c72-ac{justify-content:center;}<\/style>\n<div class=\"wp-block-kadence-icon kt-svg-icons kt-svg-icons4544_536c72-ac alignnone\"><style>.kt-svg-item-4544_355c77-cc .kb-svg-icon-wrap, .kt-svg-style-stacked.kt-svg-item-4544_355c77-cc .kb-svg-icon-wrap{font-size:50px;}<\/style>\n<div class=\"wp-block-kadence-single-icon kt-svg-style-default kt-svg-icon-wrap kt-svg-item-4544_355c77-cc\"><span class=\"kb-svg-icon-wrap kb-svg-icon-fe_checkCircle\"><svg viewBox=\"0 0 24 24\"  fill=\"none\" stroke=\"currentColor\" stroke-width=\"2\" stroke-linecap=\"round\" stroke-linejoin=\"round\" xmlns=\"http:\/\/www.w3.org\/2000\/svg\"  aria-hidden=\"true\"><path d=\"M22 11.08V12a10 10 0 1 1-5.93-9.14\"\/><polyline points=\"22 4 12 14.01 9 11.01\"\/><\/svg><\/span><\/div>\n<\/div>\n\n\n\n<h6 class=\"wp-block-heading has-text-align-center\">Jahresberichte<\/h6>\n\n\n\n<div style=\"height:15px\" aria-hidden=\"true\" class=\"wp-block-spacer\"><\/div>\n\n\n\n<hr class=\"wp-block-separator has-alpha-channel-opacity\" \/>\n\n\n\n<p class=\"has-text-align-center\">Hersteller m\u00fcssen j\u00e4hrlich die Anzahl der in die USA verkauften Laserprodukte melden.<\/p>\n<\/div>\n<\/div>\n\n\n\n<div style=\"height:30px\" aria-hidden=\"true\" class=\"wp-block-spacer\"><\/div>\n\n\n\n<h2 class=\"wp-block-heading\">Laser Notice 56 und europ\u00e4ische Hersteller<\/h2>\n\n\n\n<p>Im Jahr 2019 ver\u00f6ffentlichte die FDA die Laser Notice 56. Darin hei\u00dft es, dass die FDA die Klassifizierung und Kennzeichnung gem\u00e4\u00df IEC 60825-1 akzeptiert, im Gegensatz zur Klassifizierung und Kennzeichnung gem\u00e4\u00df 21 CFR 1040.10, die sich erheblich davon unterscheidet.<\/p>\n\n\n\n<p>IEC 60825-1 ist die internationale Norm f\u00fcr die optische Sicherheit von Laserprodukten und identisch mit EN 60825-1. Dadurch k\u00f6nnen Hersteller f\u00fcr ihre Laserprodukte nur eine Klassifizierung und eine Kennzeichnung verwenden, anstatt zwei. Folglich registrieren wir Laserprodukte von Nicht-US-Herstellern in der Regel gem\u00e4\u00df 21 CFR 1040.10 in Verbindung mit der Laser Notice 56, sofern kein besonderer Grund dagegen spricht.<\/p>\n\n\n\n<div style=\"height:30px\" aria-hidden=\"true\" class=\"wp-block-spacer\"><\/div>\n\n\n\n<hr class=\"wp-block-separator has-alpha-channel-opacity\" \/>\n\n\n\n<div style=\"height:30px\" aria-hidden=\"true\" class=\"wp-block-spacer\"><\/div>\n\n\n\n<h2 class=\"wp-block-heading\">Laserproduktberichte \/ Laser Product Report<\/h2>\n\n\n\n<p>Laserproduktberichte<br>Die Erstellung eines Laserproduktberichts erfordert eine Vielzahl von Informationen seitens des Herstellers. Gelegentlich werden Fehler am Laserprodukt oder in der Dokumentation festgestellt \u2013 das h\u00e4ufigste Beispiel hierf\u00fcr ist, dass die Bedienungsanleitung nicht alle in der Norm BS EN 60825-1:2014 geforderten Informationen enth\u00e4lt. Manchmal wurde festgestellt, dass die verwendeten Verriegelungen nicht ausreichend sind oder die Kennzeichnung falsch ist. In diesem Fall ist es unerl\u00e4sslich, dass die Fehler korrigiert werden, bevor der Laserproduktbericht eingereicht und der Laser importiert wird.<\/p>\n\n\n\n<h6 class=\"wp-block-heading\">ERFORDERLICHE UNTERLAGEN F\u00dcR FDA-PRODUKTBERICHTE<\/h6>\n\n\n\n<div class=\"wp-block-columns is-layout-flex wp-container-core-columns-is-layout-9d6595d7 wp-block-columns-is-layout-flex\">\n<div class=\"wp-block-column is-layout-flow wp-block-column-is-layout-flow\" style=\"flex-basis:66.66%\">\n<ul class=\"wp-block-list\">\n<li>Name und Anschrift des Herstellers<\/li>\n\n\n\n<li>Hauptansprechpartner beim Hersteller<\/li>\n\n\n\n<li>Annahmeschreiben des US-Vertreters<\/li>\n\n\n\n<li>Liste aller Namen und Modellnummern des Produkts<\/li>\n\n\n\n<li>Beschreibung des Laserprodukts<\/li>\n\n\n\n<li>Vorgesehene Produktklasse<\/li>\n\n\n\n<li>Klasse aller eingebauten Laser (falls zutreffend)<\/li>\n\n\n\n<li>Herstellerdaten zur Laserquelle<\/li>\n\n\n\n<li>Unter Normalbetrieb erreichbare Wellenl\u00e4ngen<\/li>\n\n\n\n<li>Unter Normalbetrieb erreichbare ungef\u00e4hre Leistungen<\/li>\n\n\n\n<li>Schaltpl\u00e4ne in Bezug auf die Laserleistung (bei Klasse 4)<\/li>\n\n\n\n<li>Angaben zur Struktur des Produkts, einschlie\u00dflich Informationen zum Strahlengang<\/li>\n\n\n\n<li>Angaben zur Pulsstruktur<\/li>\n\n\n\n<li>Zus\u00e4tzliche Ausr\u00fcstung, die f\u00fcr den Betrieb des Ger\u00e4ts erforderlich ist<\/li>\n\n\n\n<li>Kopien aller erforderlichen Lasersicherheitsetiketten<\/li>\n\n\n\n<li>Kopien der Benutzer- und Wartungshandb\u00fccher<\/li>\n\n\n\n<li>Kopien von Katalogen, Datenbl\u00e4ttern und Brosch\u00fcren<\/li>\n\n\n\n<li>Datenbl\u00e4tter zu Verriegelungen und Logikdiagramm (falls zutreffend)<\/li>\n\n\n\n<li>Dokumentation zur Qualit\u00e4tskontrolle<\/li>\n\n\n\n<li>Klassifizierungsbericht<\/li>\n<\/ul>\n<\/div>\n\n\n\n<div class=\"wp-block-column is-vertically-aligned-top is-layout-flow wp-block-column-is-layout-flow\" style=\"flex-basis:33.33%\"><div class=\"wp-block-image\">\n<figure class=\"aligncenter size-large\"><img loading=\"lazy\" decoding=\"async\" width=\"1024\" height=\"683\" src=\"https:\/\/www.lasermet.com\/de\/wp-content\/uploads\/sites\/3\/2025\/10\/engineering-research-and-development-1024x683.webp\" alt=\"\" class=\"wp-image-9240\" srcset=\"https:\/\/www.lasermet.com\/de\/wp-content\/uploads\/sites\/3\/2025\/10\/engineering-research-and-development-1024x683.webp 1024w, https:\/\/www.lasermet.com\/de\/wp-content\/uploads\/sites\/3\/2025\/10\/engineering-research-and-development-300x200.webp 300w, https:\/\/www.lasermet.com\/de\/wp-content\/uploads\/sites\/3\/2025\/10\/engineering-research-and-development-768x512.webp 768w, https:\/\/www.lasermet.com\/de\/wp-content\/uploads\/sites\/3\/2025\/10\/engineering-research-and-development-600x400.webp 600w, https:\/\/www.lasermet.com\/de\/wp-content\/uploads\/sites\/3\/2025\/10\/engineering-research-and-development.webp 1536w\" sizes=\"auto, (max-width: 1024px) 100vw, 1024px\" \/><\/figure>\n<\/div><\/div>\n<\/div>\n\n\n\n<div style=\"height:30px\" aria-hidden=\"true\" class=\"wp-block-spacer\"><\/div>\n\n\n\n<hr class=\"wp-block-separator has-alpha-channel-opacity\" \/>\n\n\n\n<div style=\"height:30px\" aria-hidden=\"true\" class=\"wp-block-spacer\"><\/div>\n\n\n\n<h2 class=\"wp-block-heading\">Erg\u00e4nzungsberichte \/ Supplement Reports<\/h2>\n\n\n\n<p><br>Ein Erg\u00e4nzungsbericht wird verwendet, um eine Aktualisierung vorzunehmen oder \u00c4nderungen an einer bestehenden Zugangsnummer zu melden. Erg\u00e4nzungen sind unter anderem in folgenden F\u00e4llen erforderlich:<\/p>\n\n\n\n<ul class=\"wp-block-list\">\n<li>Ein neues Laserprodukt wird zu einer bereits registrierten bestehenden Produktfamilie hinzugef\u00fcgt.<\/li>\n\n\n\n<li>Ein bereits registriertes Laserprodukt wird ge\u00e4ndert.<\/li>\n\n\n\n<li>Ein Laserhersteller hat seinen Firmennamen, seine Adresse usw. ge\u00e4ndert.<\/li>\n<\/ul>\n\n\n\n<p>Erg\u00e4nzungsberichte sind erforderlich f\u00fcr \u00c4nderungen, die sich auf die tats\u00e4chliche oder potenzielle Strahlungsemission auswirken oder die Einhaltung einer Norm oder einer Pr\u00fcfmethode f\u00fcr Strahlenschutz beeintr\u00e4chtigen.<\/p>\n\n\n\n<h6 class=\"wp-block-heading\">ERFORDERLICHE UNTERLAGEN F\u00dcR FDA-ERG\u00c4NZUNGSBERICHTE<\/h6>\n\n\n\n<div class=\"wp-block-columns is-layout-flex wp-container-core-columns-is-layout-9d6595d7 wp-block-columns-is-layout-flex\">\n<div class=\"wp-block-column is-vertically-aligned-center is-layout-flow wp-block-column-is-layout-flow\" style=\"flex-basis:20%\"><style>.kt-svg-icons4544_bd7a1a-52 .kt-svg-item-0 .kb-svg-icon-wrap{color:var(--global-palette4, #2D3748);font-size:50px;}.wp-block-kadence-icon.kt-svg-icons4544_bd7a1a-52{justify-content:center;}<\/style>\n<div class=\"wp-block-kadence-icon kt-svg-icons kt-svg-icons4544_bd7a1a-52 alignnone\"><style>.kt-svg-item-4544_201122-63 .kb-svg-icon-wrap, .kt-svg-style-stacked.kt-svg-item-4544_201122-63 .kb-svg-icon-wrap{font-size:100px;}<\/style>\n<div class=\"wp-block-kadence-single-icon kt-svg-style-default kt-svg-icon-wrap kt-svg-item-4544_201122-63\"><span class=\"kb-svg-icon-wrap kb-svg-icon-fe_checkSquare\"><svg viewBox=\"0 0 24 24\"  fill=\"none\" stroke=\"currentColor\" stroke-width=\"2\" stroke-linecap=\"round\" stroke-linejoin=\"round\" xmlns=\"http:\/\/www.w3.org\/2000\/svg\"  aria-hidden=\"true\"><polyline points=\"9 11 12 14 22 4\"\/><path d=\"M21 12v7a2 2 0 0 1-2 2H5a2 2 0 0 1-2-2V5a2 2 0 0 1 2-2h11\"\/><\/svg><\/span><\/div>\n<\/div>\n<\/div>\n\n\n\n<div class=\"wp-block-column is-layout-flow wp-block-column-is-layout-flow\" style=\"flex-basis:66.66%\">\n<p>Name und Anschrift des Herstellers.<br>Zugangsnummer des zu aktualisierenden Produkts.<br>Begleitdokumente zur Design\u00e4nderung (falls zutreffend).<br>Informationen zum neuen Modell, das hinzugef\u00fcgt werden soll (falls zutreffend).<\/p>\n<\/div>\n<\/div>\n\n\n\n<p>Es ist erforderlich, die zu aktualisierende Zugangsnummer anzugeben und detailliert darzulegen, inwiefern sich das neue Produkt von den bereits registrierten Produkten unterscheidet oder wie das bestehende Produkt ge\u00e4ndert wurde. Alle Nachweise, die die Design\u00e4nderungen belegen \u2013 beispielsweise die Bedienungsanleitung des neuen Produkts oder das Datenblatt f\u00fcr die neue verwendete Laserquelle \u2013 m\u00fcssen zusammen mit dem Erg\u00e4nzungsbericht eingereicht werden.<\/p>\n\n\n\n<div style=\"height:30px\" aria-hidden=\"true\" class=\"wp-block-spacer\"><\/div>\n\n\n\n<hr class=\"wp-block-separator has-alpha-channel-opacity\" \/>\n\n\n\n<div style=\"height:30px\" aria-hidden=\"true\" class=\"wp-block-spacer\"><\/div>\n\n\n\n<h2 class=\"wp-block-heading\">Jahresberichte \/ Annual Reports<\/h2>\n\n\n\n<p><br>Laserhersteller sind verpflichtet, jedes Jahr bis zum 31. August Jahresberichte bei der FDA einzureichen, in denen sie Angaben zu den Laserprodukten machen, die sie im vorangegangenen Zeitraum (1. Juli bis 30. Juni) in den USA verkauft haben.<\/p>\n\n\n\n<p>Die Jahresberichte fassen den Inhalt der aufzubewahrenden Aufzeichnungen zusammen und geben Auskunft \u00fcber die Menge der hergestellten, verkauften oder installierten Produkte.<\/p>\n\n\n\n<h6 class=\"wp-block-heading\">ERFORDERLICHE UNTERLAGEN F\u00dcR FDA-JAHRESBERICHTE<\/h6>\n\n\n\n<ul class=\"wp-block-list\">\n<li>Name und Anschrift des Herstellers<\/li>\n\n\n\n<li>Hauptansprechpartner beim Hersteller<\/li>\n\n\n\n<li>Liste aller Zugangsnummern f\u00fcr jede Produktfamilie<\/li>\n\n\n\n<li>Anzahl der in diesem Jahr in den USA verkauften Produkte<\/li>\n\n\n\n<li>Daten zur Qualit\u00e4tskontrolle<\/li>\n\n\n\n<li>Verbraucherbeschwerden bez\u00fcglich der Lasersicherheit (falls vorhanden)<\/li>\n\n\n\n<li>Standort der Vertriebsunterlagen<\/li>\n<\/ul>\n\n\n\n<div style=\"height:50px\" aria-hidden=\"true\" class=\"wp-block-spacer\"><\/div>\n\n\n\n<div class=\"wp-block-cover\" style=\"padding-top:var(--wp--preset--spacing--50);padding-right:var(--wp--preset--spacing--80);padding-bottom:var(--wp--preset--spacing--50);padding-left:var(--wp--preset--spacing--80);min-height:300px;aspect-ratio:unset;\"><img loading=\"lazy\" decoding=\"async\" width=\"1024\" height=\"683\" class=\"wp-block-cover__image-background wp-image-9244 size-large\" alt=\"\" src=\"https:\/\/www.lasermet.com\/de\/wp-content\/uploads\/sites\/3\/2025\/10\/laboratory-research-1024x683.webp\" style=\"object-position:62% 15%\" data-object-fit=\"cover\" data-object-position=\"62% 15%\" srcset=\"https:\/\/www.lasermet.com\/de\/wp-content\/uploads\/sites\/3\/2025\/10\/laboratory-research-1024x683.webp 1024w, https:\/\/www.lasermet.com\/de\/wp-content\/uploads\/sites\/3\/2025\/10\/laboratory-research-300x200.webp 300w, https:\/\/www.lasermet.com\/de\/wp-content\/uploads\/sites\/3\/2025\/10\/laboratory-research-768x513.webp 768w, https:\/\/www.lasermet.com\/de\/wp-content\/uploads\/sites\/3\/2025\/10\/laboratory-research-600x400.webp 600w, https:\/\/www.lasermet.com\/de\/wp-content\/uploads\/sites\/3\/2025\/10\/laboratory-research.webp 1536w\" sizes=\"auto, (max-width: 1024px) 100vw, 1024px\" \/><span aria-hidden=\"true\" class=\"wp-block-cover__background has-theme-palette-4-background-color has-background-dim-70 has-background-dim\"><\/span><div class=\"wp-block-cover__inner-container is-layout-constrained wp-container-core-cover-is-layout-6fb33295 wp-block-cover-is-layout-constrained\">\n<p class=\"has-text-align-center has-large-font-size\">Weltweiter Service<\/p>\n\n\n\n<p>Bei der Durchf\u00fchrung dieses Services erfolgt die Kommunikation zwischen unseren Beratern und dem Kunden haupts\u00e4chlich per E-Mail und bei Bedarf auch per Telefon. F\u00fcr die Einreichung von FDA-Antr\u00e4gen ist es nicht erforderlich, ein Produktmuster einzuschicken. Folglich sind wir in der Lage, diesen Service f\u00fcr Hersteller in der ganzen Welt zu erbringen, ohne durch die Entfernung behindert zu werden.<\/p>\n\n\n\n<div class=\"wp-block-buttons is-content-justification-center is-layout-flex wp-container-core-buttons-is-layout-16018d1d wp-block-buttons-is-layout-flex\">\n<div class=\"wp-block-button\"><a class=\"wp-block-button__link has-theme-palette-9-background-color has-text-color has-background has-link-color wp-element-button\" style=\"border-style:none;border-width:0px;border-radius:40px;color:#000000\">Kontaktiere Uns<\/a><\/div>\n<\/div>\n<\/div><\/div>\n\n\n\n<div style=\"height:50px\" aria-hidden=\"true\" class=\"wp-block-spacer\"><\/div>\n","protected":false},"excerpt":{"rendered":"<p>In den USA wird die Lasersicherheit durch Vorschriften geregelt, die Teil des Bundesrechts sind, im Gegensatz zu Europa, wo Hersteller verschiedene Produktstandards selbst zertifizieren. Das CDRH, das Teil der FDA&#8230;<\/p>\n","protected":false},"author":1,"featured_media":0,"parent":605,"menu_order":10,"comment_status":"closed","ping_status":"closed","template":"template-pagetitle.php","meta":{"_acf_changed":false,"_kad_blocks_custom_css":"","_kad_blocks_head_custom_js":"","_kad_blocks_body_custom_js":"","_kad_blocks_footer_custom_js":"","_EventAllDay":false,"_EventTimezone":"","_EventStartDate":"","_EventEndDate":"","_EventStartDateUTC":"","_EventEndDateUTC":"","_EventShowMap":false,"_EventShowMapLink":false,"_EventURL":"","_EventCost":"","_EventCostDescription":"","_EventCurrencySymbol":"","_EventCurrencyCode":"","_EventCurrencyPosition":"","_EventDateTimeSeparator":"","_EventTimeRangeSeparator":"","_EventOrganizerID":[],"_EventVenueID":[],"_OrganizerEmail":"","_OrganizerPhone":"","_OrganizerWebsite":"","_VenueAddress":"","_VenueCity":"","_VenueCountry":"","_VenueProvince":"","_VenueState":"","_VenueZip":"","_VenuePhone":"","_VenueURL":"","_VenueStateProvince":"","_VenueLat":"","_VenueLng":"","_VenueShowMap":false,"_VenueShowMapLink":false,"_kadence_starter_templates_imported_post":false,"_kad_post_transparent":"","_kad_post_title":"","_kad_post_layout":"","_kad_post_sidebar_id":"","_kad_post_content_style":"","_kad_post_vertical_padding":"","_kad_post_feature":"","_kad_post_feature_position":"","_kad_post_header":false,"_kad_post_footer":false,"_kad_post_classname":"","footnotes":""},"class_list":["post-4544","page","type-page","status-publish","hentry"],"acf":[],"taxonomy_info":[],"featured_image_src_large":false,"author_info":{"display_name":"paulgaray","author_link":"https:\/\/www.lasermet.com\/de\/author\/paulgaray\/"},"comment_info":0,"_links":{"self":[{"href":"https:\/\/www.lasermet.com\/de\/wp-json\/wp\/v2\/pages\/4544","targetHints":{"allow":["GET"]}}],"collection":[{"href":"https:\/\/www.lasermet.com\/de\/wp-json\/wp\/v2\/pages"}],"about":[{"href":"https:\/\/www.lasermet.com\/de\/wp-json\/wp\/v2\/types\/page"}],"author":[{"embeddable":true,"href":"https:\/\/www.lasermet.com\/de\/wp-json\/wp\/v2\/users\/1"}],"replies":[{"embeddable":true,"href":"https:\/\/www.lasermet.com\/de\/wp-json\/wp\/v2\/comments?post=4544"}],"version-history":[{"count":14,"href":"https:\/\/www.lasermet.com\/de\/wp-json\/wp\/v2\/pages\/4544\/revisions"}],"predecessor-version":[{"id":9247,"href":"https:\/\/www.lasermet.com\/de\/wp-json\/wp\/v2\/pages\/4544\/revisions\/9247"}],"up":[{"embeddable":true,"href":"https:\/\/www.lasermet.com\/de\/wp-json\/wp\/v2\/pages\/605"}],"wp:attachment":[{"href":"https:\/\/www.lasermet.com\/de\/wp-json\/wp\/v2\/media?parent=4544"}],"curies":[{"name":"wp","href":"https:\/\/api.w.org\/{rel}","templated":true}]}}