{"id":2867,"date":"2020-07-01T15:27:37","date_gmt":"2020-07-01T15:27:37","guid":{"rendered":"https:\/\/www.lasermetgmbh.de\/?page_id=2867"},"modified":"2025-10-15T08:00:34","modified_gmt":"2025-10-15T08:00:34","slug":"led-prufung-nach-en-62471","status":"publish","type":"page","link":"https:\/\/www.lasermet.com\/de\/laserschutz-dienstleistungen\/led-prufung-nach-en-62471\/","title":{"rendered":"LED-Pr\u00fcfung nach EN 62471"},"content":{"rendered":"\n<div class=\"wp-block-cover\" style=\"min-height:250px;aspect-ratio:unset;\"><img loading=\"lazy\" decoding=\"async\" width=\"1024\" height=\"1024\" class=\"wp-block-cover__image-background wp-image-9260 size-large\" alt=\"\" src=\"https:\/\/www.lasermet.com\/de\/wp-content\/uploads\/sites\/3\/2025\/10\/multiple-LED-lights-1024x1024.jpg\" style=\"object-position:51% 48%\" data-object-fit=\"cover\" data-object-position=\"51% 48%\" srcset=\"https:\/\/www.lasermet.com\/de\/wp-content\/uploads\/sites\/3\/2025\/10\/multiple-LED-lights-1024x1024.jpg 1024w, https:\/\/www.lasermet.com\/de\/wp-content\/uploads\/sites\/3\/2025\/10\/multiple-LED-lights-300x300.jpg 300w, https:\/\/www.lasermet.com\/de\/wp-content\/uploads\/sites\/3\/2025\/10\/multiple-LED-lights-150x150.jpg 150w, https:\/\/www.lasermet.com\/de\/wp-content\/uploads\/sites\/3\/2025\/10\/multiple-LED-lights-768x768.jpg 768w, https:\/\/www.lasermet.com\/de\/wp-content\/uploads\/sites\/3\/2025\/10\/multiple-LED-lights-600x600.jpg 600w, https:\/\/www.lasermet.com\/de\/wp-content\/uploads\/sites\/3\/2025\/10\/multiple-LED-lights-100x100.jpg 100w, https:\/\/www.lasermet.com\/de\/wp-content\/uploads\/sites\/3\/2025\/10\/multiple-LED-lights.jpg 1200w\" sizes=\"auto, (max-width: 1024px) 100vw, 1024px\" \/><span aria-hidden=\"true\" class=\"wp-block-cover__background has-background-dim\" style=\"background-color:#5e5a61\"><\/span><div class=\"wp-block-cover__inner-container is-layout-constrained wp-block-cover-is-layout-constrained\">\n<p class=\"has-text-align-center has-large-font-size\"><\/p>\n<\/div><\/div>\n\n\n\n<p>Laser und LEDs werden seit den 1970er Jahren in der Norm IEC 825 (sp\u00e4ter IEC 60825) nach ihrer Gef\u00e4hrlichkeit klassifiziert.<\/p>\n\n\n\n<p>Im Jahr 2005 wurden LEDs in die IEC 62471-1:2005 &#8222;Photobiologische Sicherheit von Lampen und Lampensystemen&#8220; aufgenommen. Die Messbedingungen f\u00fcr diese Norm wurden auf 200 mm mit unterschiedlichen Sichtfeldern je nach Risikogruppe festgelegt. Die IEC 60825-1 wurde 2007 weiter \u00fcberarbeitet. Die \u00dcberarbeitungen beinhalteten, dass die meisten LEDs nicht mehr nach derselben Norm wie Laser getestet wurden.<\/p>\n\n\n\n<p>Da 60825-1(2001) die letzte Norm war, die sich implizit auf LEDs bezog, wird die Norm von 2001 h\u00e4ufig noch immer zur Bewertung von LEDs verwendet, da sie aufgrund des potenziell kurzen Messabstands am restriktivsten ist. Au\u00dferdem wird auf diese Version der Norm noch in anderen Normen und Richtlinien verwiesen, insbesondere in der Norm f\u00fcr elektrisches Spielzeug.<\/p>\n\n\n\n<div style=\"height:20px\" aria-hidden=\"true\" class=\"wp-block-spacer\"><\/div>\n\n\n\n<h3 class=\"wp-block-heading\">Testing to BS EN 62471<\/h3>\n\n\n\n<p>BS EN 62471 ist die Norm f\u00fcr die photobiologische Sicherheit von Lampen und Lampensystemen. Sie wird verwendet, um die Gef\u00e4hrdung durch LEDs, LED-Arrays, Lampen und allgemeine Lichtquellen zu bewerten.<\/p>\n\n\n\n<div class=\"wp-block-columns is-layout-flex wp-container-core-columns-is-layout-9d6595d7 wp-block-columns-is-layout-flex\">\n<div class=\"wp-block-column is-layout-flow wp-block-column-is-layout-flow\">\n<p>In \u00dcbereinstimmung mit der Norm werden die Bestrahlungsst\u00e4rke und die Strahldichte gemessen, entsprechend der spektralen Verteilung gewichtet und mit den Risikogruppengrenzwerten der folgenden Gef\u00e4hrdungen verglichen:<\/p>\n\n\n\n<ul class=\"wp-block-list\">\n<li>Actinic UV<\/li>\n\n\n\n<li>UV-A<\/li>\n\n\n\n<li>Blue Light<\/li>\n\n\n\n<li>Eye IR<\/li>\n\n\n\n<li>Skin Thermal<\/li>\n\n\n\n<li>Retinal Thermal<\/li>\n\n\n\n<li>Retinal Thermal Weak Visual Stimulus<\/li>\n<\/ul>\n<\/div>\n\n\n\n<div class=\"wp-block-column is-vertically-aligned-center is-layout-flow wp-block-column-is-layout-flow\"><div class=\"wp-block-image\">\n<figure class=\"aligncenter size-full\"><img loading=\"lazy\" decoding=\"async\" width=\"956\" height=\"696\" src=\"https:\/\/www.lasermet.com\/de\/wp-content\/uploads\/sites\/3\/2025\/07\/Optobloks-Modular-Design.png\" alt=\"\" class=\"wp-image-8906\" srcset=\"https:\/\/www.lasermet.com\/de\/wp-content\/uploads\/sites\/3\/2025\/07\/Optobloks-Modular-Design.png 956w, https:\/\/www.lasermet.com\/de\/wp-content\/uploads\/sites\/3\/2025\/07\/Optobloks-Modular-Design-300x218.png 300w, https:\/\/www.lasermet.com\/de\/wp-content\/uploads\/sites\/3\/2025\/07\/Optobloks-Modular-Design-768x559.png 768w, https:\/\/www.lasermet.com\/de\/wp-content\/uploads\/sites\/3\/2025\/07\/Optobloks-Modular-Design-600x437.png 600w\" sizes=\"auto, (max-width: 956px) 100vw, 956px\" \/><\/figure>\n<\/div><\/div>\n<\/div>\n\n\n\n<p>Je nachdem, wie die Strahldichte \/ Bestrahlungsst\u00e4rke im Vergleich zu den Grenzwerten ausf\u00e4llt, wird das Produkt in die Risikogruppe 1-3 oder als unbedenklich eingestuft. Wie lange eine Lichtquelle sicher zu betrachten ist, h\u00e4ngt sowohl von der Risikogruppe als auch von der Wellenl\u00e4nge ab. Beispiele f\u00fcr Produkte, die wir bereits nach BS EN 62471 getestet haben, sind:<\/p>\n\n\n\n<ul class=\"wp-block-list\">\n<li>Medical LEDs<\/li>\n\n\n\n<li>Floodlights<\/li>\n\n\n\n<li>Phone camera LEDs<\/li>\n\n\n\n<li>Forensic LEDs<\/li>\n\n\n\n<li>Night Vision IR illuminators<\/li>\n<\/ul>\n\n\n\n<div style=\"height:20px\" aria-hidden=\"true\" class=\"wp-block-spacer\"><\/div>\n\n\n\n<h3 class=\"wp-block-heading\">LED-Testpakete<\/h3>\n\n\n\n<p>Das Komplettpaket f\u00fcr LED-Tests umfasst die folgenden Leistungen:<\/p>\n\n\n\n<details class=\"wp-block-details is-layout-flow wp-block-details-is-layout-flow\"><summary><strong>TESTEN VON PROTOTYPEN UND FERTIGEN PRODUKTEN<\/strong><\/summary>\n<div style=\"height:20px\" aria-hidden=\"true\" class=\"wp-block-spacer\"><\/div>\n\n\n\n<div class=\"wp-block-columns is-layout-flex wp-container-core-columns-is-layout-9d6595d7 wp-block-columns-is-layout-flex\">\n<div class=\"wp-block-column has-theme-palette-7-background-color has-background is-layout-flow wp-block-column-is-layout-flow\" style=\"padding-top:var(--wp--preset--spacing--50);padding-right:var(--wp--preset--spacing--50);padding-bottom:var(--wp--preset--spacing--50);padding-left:var(--wp--preset--spacing--50)\">\n<p>Wir testen und zertifizieren Ihren Prototyp oder Ihr fertiges Produkt nach den entsprechenden Normen und erstellen einen vollst\u00e4ndigen Testbericht mit Einzelheiten:<\/p>\n\n\n\n<ul class=\"wp-block-list\">\n<li>Testergebnisse der Messung<\/li>\n\n\n\n<li>Zuweisung einer Risikogruppe<\/li>\n\n\n\n<li>Erforderliche technische Kontrollen<\/li>\n\n\n\n<li>Erforderliche Kennzeichnung<\/li>\n\n\n\n<li>Erforderliche Informationen im Benutzerhandbuch und in den Produktbrosch\u00fcren<\/li>\n\n\n\n<li>Fehlerm\u00f6glichkeiten der Antriebselektronik und andere vern\u00fcnftigerweise vorhersehbare Fehler, die die Sicherheit beeintr\u00e4chtigen<\/li>\n<\/ul>\n\n\n\n<p>Wenn ein Produkt die gew\u00fcnschte Klassifizierung aufgrund kleinerer Fehler nicht erreicht, erteilen wir eine Klassifizierung unter der Bedingung, dass aufgelistete \u00c4nderungen vorgenommen werden (z. B. Kennzeichnung, Benutzerinformationen und kleinere technische \u00c4nderungen). Wenn ein erneuter Test erforderlich ist, wird dieser normalerweise zu einer reduzierten Geb\u00fchr durchgef\u00fchrt.<\/p>\n<\/div>\n<\/div>\n<\/details>\n\n\n\n<details class=\"wp-block-details is-layout-flow wp-block-details-is-layout-flow\"><summary><strong>BERATUNG IN DER ENTWURFSPHASE<\/strong><\/summary>\n<div style=\"height:20px\" aria-hidden=\"true\" class=\"wp-block-spacer\"><\/div>\n\n\n\n<div class=\"wp-block-columns is-layout-flex wp-container-core-columns-is-layout-9d6595d7 wp-block-columns-is-layout-flex\">\n<div class=\"wp-block-column has-theme-palette-7-background-color has-background is-layout-flow wp-block-column-is-layout-flow\" style=\"padding-top:var(--wp--preset--spacing--50);padding-right:var(--wp--preset--spacing--50);padding-bottom:var(--wp--preset--spacing--50);padding-left:var(--wp--preset--spacing--50)\">\n<p>Stellen Sie sich folgendes Szenario vor:<\/p>\n\n\n\n<p><em>Sie verbringen zwei Jahre mit der Entwicklung eines Produkts, das LEDs (oder eine andere Nicht-Laser-Lichtquelle) verwendet. Sie konzentrieren sich darauf, ein hervorragendes Produkt zu entwickeln, und erst wenn Sie kurz vor der Produktion stehen, reichen Sie Ihr Produkt zur LED-Sicherheitspr\u00fcfung ein &#8211; nur um festzustellen, dass \u00c4nderungen erforderlich sind, um die Norm zu erf\u00fcllen.&nbsp; In sp\u00e4ten Entwicklungsstadien k\u00f6nnen \u00c4nderungen teuer werden und die Produktion und den Verkauf verz\u00f6gern. Signifikante \u00c4nderungen am Design k\u00f6nnen teuer sein, was Geld und Zeit angeht.<\/em><\/p>\n\n\n\n<p>Um zu vermeiden, dass Sie \u00c4nderungen an Ihrem Produkt vornehmen m\u00fcssen, um die Sicherheitsanforderungen der BS EN 62471 zu erf\u00fcllen, empfehlen wir Ihnen, uns bereits in einer fr\u00fchen Phase des Designprozesses einzubeziehen.<\/p>\n<\/div>\n<\/div>\n<\/details>\n\n\n\n<details class=\"wp-block-details is-layout-flow wp-block-details-is-layout-flow\"><summary><strong>CE MARKING, SAFETY STANDARDS, &amp; FDA (CDRH) REPORTS<\/strong><\/summary>\n<div style=\"height:20px\" aria-hidden=\"true\" class=\"wp-block-spacer\"><\/div>\n\n\n\n<div class=\"wp-block-columns is-layout-flex wp-container-core-columns-is-layout-9d6595d7 wp-block-columns-is-layout-flex\">\n<div class=\"wp-block-column has-theme-palette-8-background-color has-background is-layout-flow wp-block-column-is-layout-flow\" style=\"padding-top:var(--wp--preset--spacing--60);padding-right:var(--wp--preset--spacing--60);padding-bottom:var(--wp--preset--spacing--60);padding-left:var(--wp--preset--spacing--60)\"><style>.kt-svg-icons2867_81f7ff-78 .kt-svg-item-0 .kb-svg-icon-wrap{color:var(--global-palette4, #2D3748);font-size:50px;}.wp-block-kadence-icon.kt-svg-icons2867_81f7ff-78{justify-content:center;}<\/style>\n<div class=\"wp-block-kadence-icon kt-svg-icons kt-svg-icons2867_81f7ff-78 alignnone\"><style>.kt-svg-item-2867_dc1267-39 .kb-svg-icon-wrap, .kt-svg-style-stacked.kt-svg-item-2867_dc1267-39 .kb-svg-icon-wrap{font-size:50px;}<\/style>\n<div class=\"wp-block-kadence-single-icon kt-svg-style-default kt-svg-icon-wrap kt-svg-item-2867_dc1267-39\"><span class=\"kb-svg-icon-wrap kb-svg-icon-fas_map-marked-alt\"><svg viewBox=\"0 0 576 512\"  fill=\"currentColor\" xmlns=\"http:\/\/www.w3.org\/2000\/svg\"  aria-hidden=\"true\"><path d=\"M288 0c-69.59 0-126 56.41-126 126 0 56.26 82.35 158.8 113.9 196.02 6.39 7.54 17.82 7.54 24.2 0C331.65 284.8 414 182.26 414 126 414 56.41 357.59 0 288 0zm0 168c-23.2 0-42-18.8-42-42s18.8-42 42-42 42 18.8 42 42-18.8 42-42 42zM20.12 215.95A32.006 32.006 0 0 0 0 245.66v250.32c0 11.32 11.43 19.06 21.94 14.86L160 448V214.92c-8.84-15.98-16.07-31.54-21.25-46.42L20.12 215.95zM288 359.67c-14.07 0-27.38-6.18-36.51-16.96-19.66-23.2-40.57-49.62-59.49-76.72v182l192 64V266c-18.92 27.09-39.82 53.52-59.49 76.72-9.13 10.77-22.44 16.95-36.51 16.95zm266.06-198.51L416 224v288l139.88-55.95A31.996 31.996 0 0 0 576 426.34V176.02c0-11.32-11.43-19.06-21.94-14.86z\"\/><\/svg><\/span><\/div>\n<\/div>\n\n\n\n<h6 class=\"wp-block-heading has-text-align-center\">EUROPE<\/h6>\n\n\n\n<hr class=\"wp-block-separator has-alpha-channel-opacity\" \/>\n\n\n\n<p>Als Teil des Prozesses der CE-Kennzeichnung m\u00fcssen alle in Europa verkauften LED-Produkte nach EN 62471 zertifiziert sein.<\/p>\n\n\n\n<ul class=\"wp-block-list\">\n<li>Niederspannungsrichtlinie<\/li>\n\n\n\n<li>Maschinenrichtlinie<\/li>\n\n\n\n<li>Richtlinie \u00fcber die allgemeine Produktsicherheit<\/li>\n\n\n\n<li>Richtlinie f\u00fcr Funk- und Telekommunikations\u00fcbertragungseinrichtungen<\/li>\n\n\n\n<li>Richtlinie \u00fcber Medizinprodukte<\/li>\n<\/ul>\n\n\n\n<p>Die meisten Hersteller ziehen es vor, sich von unabh\u00e4ngiger Seite best\u00e4tigen zu lassen, dass sie die relevanten LED-Sicherheitsanforderungen erf\u00fcllen.<\/p>\n\n\n\n<p>In den europ\u00e4ischen L\u00e4ndern erreichen die Hersteller die Produktkonformit\u00e4t, indem sie die Produkte nach den geltenden Normen zertifizieren. Es liegt in der Verantwortung des Herstellers, die relevanten Normen zu ermitteln, das Produkt entsprechend zu gestalten und eine Konformit\u00e4tserkl\u00e4rung im Benutzerhandbuch abzugeben. Die verschiedenen nationalen Durchsetzungsorganisationen, wie z.B. die Trading Standards Organisation in Gro\u00dfbritannien, stellen Konformit\u00e4tsverst\u00f6\u00dfe fest und schreiten entsprechend ein. Die Standards werden von Expertenaussch\u00fcssen festgelegt und unterliegen einer st\u00e4ndigen \u00dcberpr\u00fcfung und \u00c4nderung. Dies \u00fcbertr\u00e4gt die Verantwortung auf die Hersteller, erm\u00f6glicht es aber auch, die Standards mit der sich \u00e4ndernden Technologie, dem neuesten Informationsstand und den \u00c4nderungen der g\u00e4ngigen Praxis auf dem neuesten Stand zu halten.<\/p>\n<\/div>\n\n\n\n<div class=\"wp-block-column has-theme-palette-8-background-color has-background is-layout-flow wp-block-column-is-layout-flow\" style=\"padding-top:var(--wp--preset--spacing--60);padding-right:var(--wp--preset--spacing--60);padding-bottom:var(--wp--preset--spacing--60);padding-left:var(--wp--preset--spacing--60)\"><style>.kt-svg-icons2867_3d79d3-eb .kt-svg-item-0 .kb-svg-icon-wrap{color:var(--global-palette4, #2D3748);font-size:50px;}.wp-block-kadence-icon.kt-svg-icons2867_3d79d3-eb{justify-content:center;}<\/style>\n<div class=\"wp-block-kadence-icon kt-svg-icons kt-svg-icons2867_3d79d3-eb alignnone\"><style>.kt-svg-item-2867_19a9c5-db .kb-svg-icon-wrap, .kt-svg-style-stacked.kt-svg-item-2867_19a9c5-db .kb-svg-icon-wrap{font-size:50px;}<\/style>\n<div class=\"wp-block-kadence-single-icon kt-svg-style-default kt-svg-icon-wrap kt-svg-item-2867_19a9c5-db\"><span class=\"kb-svg-icon-wrap kb-svg-icon-fas_map-marked-alt\"><svg viewBox=\"0 0 576 512\"  fill=\"currentColor\" xmlns=\"http:\/\/www.w3.org\/2000\/svg\"  aria-hidden=\"true\"><path d=\"M288 0c-69.59 0-126 56.41-126 126 0 56.26 82.35 158.8 113.9 196.02 6.39 7.54 17.82 7.54 24.2 0C331.65 284.8 414 182.26 414 126 414 56.41 357.59 0 288 0zm0 168c-23.2 0-42-18.8-42-42s18.8-42 42-42 42 18.8 42 42-18.8 42-42 42zM20.12 215.95A32.006 32.006 0 0 0 0 245.66v250.32c0 11.32 11.43 19.06 21.94 14.86L160 448V214.92c-8.84-15.98-16.07-31.54-21.25-46.42L20.12 215.95zM288 359.67c-14.07 0-27.38-6.18-36.51-16.96-19.66-23.2-40.57-49.62-59.49-76.72v182l192 64V266c-18.92 27.09-39.82 53.52-59.49 76.72-9.13 10.77-22.44 16.95-36.51 16.95zm266.06-198.51L416 224v288l139.88-55.95A31.996 31.996 0 0 0 576 426.34V176.02c0-11.32-11.43-19.06-21.94-14.86z\"\/><\/svg><\/span><\/div>\n<\/div>\n\n\n\n<h6 class=\"wp-block-heading has-text-align-center\">USA<\/h6>\n\n\n\n<hr class=\"wp-block-separator has-alpha-channel-opacity\" \/>\n\n\n\n<p>In den USA ist die Situation f\u00fcr LED-Produkte anders. Die Produktsicherheit wird in den USA durch Bundesvorschriften kontrolliert, die von der Food &amp; Drug Administration (FDA) durchgesetzt werden.<\/p>\n\n\n\n<p>LED-Produkte fallen nicht unter eine Bundesverordnung (z.B. 21 CFR 1040.10) und m\u00fcssen nicht registriert werden.<\/p>\n<\/div>\n<\/div>\n<\/details>\n\n\n\n<p><br><a id=\"Equipment Required 62471\"><\/a><\/p>\n\n\n\n<div style=\"height:20px\" aria-hidden=\"true\" class=\"wp-block-spacer\"><\/div>\n\n\n\n<hr class=\"wp-block-separator has-alpha-channel-opacity\" \/>\n\n\n\n<div style=\"height:20px\" aria-hidden=\"true\" class=\"wp-block-spacer\"><\/div>\n\n\n\n<h2 class=\"wp-block-heading\">UKAS Accredited Testing<\/h2>\n\n\n\n<p>Lasermet ist das f\u00fchrende britische Pr\u00fcflabor f\u00fcr Tests gem\u00e4\u00df den folgenden Normen:<\/p>\n\n\n\n<div class=\"wp-block-columns is-layout-flex wp-container-core-columns-is-layout-9d6595d7 wp-block-columns-is-layout-flex\">\n<div class=\"wp-block-column is-layout-flow wp-block-column-is-layout-flow\" style=\"flex-basis:66.66%\">\n<h5 class=\"wp-block-heading\">UKAS Accredited Testing Services<\/h5>\n\n\n\n<ul class=\"wp-block-list\">\n<li>Laserpr\u00fcfung gem\u00e4\u00df BS EN 60825-1: 2014 +A1: 2021<\/li>\n\n\n\n<li>Lasertests gem\u00e4\u00df IEC 60825-1: 2014<\/li>\n\n\n\n<li>Lasertests gem\u00e4\u00df EN 50689: 2021 Verbraucherlaser<\/li>\n\n\n\n<li>LED- und Lampentests gem\u00e4\u00df BS EN \/ IEC 62471:2008<\/li>\n\n\n\n<li>BS EN IEC 60601-2-22: 2020 Medizinische Laser<\/li>\n<\/ul>\n\n\n\n<h5 class=\"wp-block-heading\">Testing Services<\/h5>\n\n\n\n<p>Lasermet bietet auch Pr\u00fcfungen nach den folgenden Normen (nicht UKAS) an:<\/p>\n\n\n\n<ul class=\"wp-block-list\">\n<li>LED- und Lampenpr\u00fcfung gem\u00e4\u00df IEC \/ TR 62471-2: 2009<\/li>\n\n\n\n<li>BS EN IEC 60825-2: 2004 +A2: 2010 Optische Faserkommunikationssysteme<\/li>\n\n\n\n<li>BS EN IEC 60825-12: 2019 Optische Freiraumkommunikationssysteme<\/li>\n\n\n\n<li>BS EN 60825-1:2014, 2007, 2001 (au\u00dferhalb des Standorts)<\/li>\n<\/ul>\n<\/div>\n\n\n\n<div class=\"wp-block-column is-layout-flow wp-block-column-is-layout-flow\" style=\"flex-basis:33.33%\">\n<figure class=\"wp-block-image size-large\"><img loading=\"lazy\" decoding=\"async\" width=\"799\" height=\"1024\" src=\"https:\/\/www.lasermet.com\/de\/wp-content\/uploads\/sites\/3\/2024\/09\/UKAS-Accreditation-Symbol-purple-on-white-Testing-799x1024.png\" alt=\"\" class=\"wp-image-8462\" style=\"aspect-ratio:4\/3;object-fit:contain\" srcset=\"https:\/\/www.lasermet.com\/de\/wp-content\/uploads\/sites\/3\/2024\/09\/UKAS-Accreditation-Symbol-purple-on-white-Testing-799x1024.png 799w, https:\/\/www.lasermet.com\/de\/wp-content\/uploads\/sites\/3\/2024\/09\/UKAS-Accreditation-Symbol-purple-on-white-Testing-234x300.png 234w, https:\/\/www.lasermet.com\/de\/wp-content\/uploads\/sites\/3\/2024\/09\/UKAS-Accreditation-Symbol-purple-on-white-Testing-768x985.png 768w, https:\/\/www.lasermet.com\/de\/wp-content\/uploads\/sites\/3\/2024\/09\/UKAS-Accreditation-Symbol-purple-on-white-Testing-600x769.png 600w, https:\/\/www.lasermet.com\/de\/wp-content\/uploads\/sites\/3\/2024\/09\/UKAS-Accreditation-Symbol-purple-on-white-Testing.png 921w\" sizes=\"auto, (max-width: 799px) 100vw, 799px\" \/><figcaption class=\"wp-element-caption\">2682<\/figcaption><\/figure>\n<\/div>\n<\/div>\n\n\n\n<h2 class=\"wp-block-heading\">Erforderliche Informationen f\u00fcr LED-Pr\u00fcfungen gem\u00e4\u00df BS EN 62471<\/h2>\n\n\n\n<ul class=\"wp-block-list\">\n<li>Beabsichtigte Risikogruppe des Produkts<\/li>\n\n\n\n<li>Im Normalbetrieb zug\u00e4ngliche Wellenl\u00e4ngen<\/li>\n\n\n\n<li>Ungef\u00e4hre Leistung bei normalem Betrieb<\/li>\n\n\n\n<li>K\u00f6nnen die LED(s) entweder kontinuierlich oder wiederholt pulsierend leuchten?<\/li>\n\n\n\n<li>LED-Datenbl\u00e4tter<\/li>\n\n\n\n<li>Eine funktionierende Einheit, die der endg\u00fcltigen Version so nahe wie m\u00f6glich kommt<\/li>\n\n\n\n<li>Kurze Beschreibung des Produkts, seiner Funktion und der Anzahl der LED-Quellen<\/li>\n\n\n\n<li>Ger\u00e4t aufstellen \/ Bedienungsanleitung<\/li>\n\n\n\n<li>Details der Pulsstruktur<\/li>\n\n\n\n<li>Jede zus\u00e4tzliche Ausr\u00fcstung, die f\u00fcr den Betrieb des Ger\u00e4ts erforderlich ist<\/li>\n\n\n\n<li>Kopien aller erforderlichen LED-Sicherheitsetiketten<\/li>\n\n\n\n<li>Kopie des Benutzerhandbuchs zum Produkt<\/li>\n<\/ul>\n\n\n\n<p>Wenn einige der oben angeforderten Informationen\/Positionen nicht zur Verf\u00fcgung gestellt werden, kann die Analyse des Stromkreises betr\u00e4chtliche Zeit in Anspruch nehmen, was dazu f\u00fchren kann, dass zus\u00e4tzliche Testkosten berechnet werden. In einigen F\u00e4llen kann es unm\u00f6glich sein, das Ger\u00e4t ohne alle oben aufgef\u00fchrten Muster\/Informationen zu klassifizieren.<\/p>\n\n\n\n<p>Wir raten den Herstellern daher dringend, ihre Antriebselektronik sehr sorgf\u00e4ltig zu pr\u00fcfen, um sicherzustellen, dass die Anforderung eines vorhersehbaren Einzelfehlers erf\u00fcllt ist. Andernfalls kann es in der Testphase zu ernsthaften Problemen kommen, da die Hersteller in der Regel unter Druck stehen, das Produkt auf den Markt zu bringen.<\/p>\n\n\n\n<div style=\"height:50px\" aria-hidden=\"true\" class=\"wp-block-spacer\"><\/div>\n\n\n\n<div class=\"wp-block-columns is-layout-flex wp-container-core-columns-is-layout-9d6595d7 wp-block-columns-is-layout-flex\">\n<div class=\"wp-block-column has-theme-palette-7-background-color has-background is-layout-flow wp-block-column-is-layout-flow\" style=\"padding-top:var(--wp--preset--spacing--60);padding-right:var(--wp--preset--spacing--60);padding-bottom:var(--wp--preset--spacing--60);padding-left:var(--wp--preset--spacing--60)\">\n<p class=\"has-text-align-center\"><strong><strong>Fill up a Scope of Works form to get in touch with a Lasermet representative for LED testing. Testing schedules are subject to availability.<\/strong><\/strong><\/p>\n\n\n\n<div class=\"wp-block-buttons is-content-justification-center is-layout-flex wp-container-core-buttons-is-layout-16018d1d wp-block-buttons-is-layout-flex\">\n<div class=\"wp-block-button\"><a class=\"wp-block-button__link has-theme-palette-1-color has-text-color has-background has-link-color wp-element-button\" href=\"https:\/\/forms.monday.com\/forms\/7c04718e34298968657f3fcca990011a?r=use1\" style=\"background-color:#ffcc01\" rel=\"noopener\">Scope of Work Form for Testing<\/a><\/div>\n<\/div>\n<\/div>\n<\/div>\n\n\n\n<div style=\"height:100px\" aria-hidden=\"true\" class=\"wp-block-spacer\"><\/div>\n","protected":false},"excerpt":{"rendered":"<p>Laser und LEDs werden seit den 1970er Jahren in der Norm IEC 825 (sp\u00e4ter IEC 60825) nach ihrer Gef\u00e4hrlichkeit klassifiziert. Im Jahr 2005 wurden LEDs in die IEC 62471-1:2005 &#8222;Photobiologische&#8230;<\/p>\n","protected":false},"author":1,"featured_media":0,"parent":605,"menu_order":100,"comment_status":"closed","ping_status":"closed","template":"","meta":{"_acf_changed":false,"_kad_blocks_custom_css":"","_kad_blocks_head_custom_js":"","_kad_blocks_body_custom_js":"","_kad_blocks_footer_custom_js":"","_EventAllDay":false,"_EventTimezone":"","_EventStartDate":"","_EventEndDate":"","_EventStartDateUTC":"","_EventEndDateUTC":"","_EventShowMap":false,"_EventShowMapLink":false,"_EventURL":"","_EventCost":"","_EventCostDescription":"","_EventCurrencySymbol":"","_EventCurrencyCode":"","_EventCurrencyPosition":"","_EventDateTimeSeparator":"","_EventTimeRangeSeparator":"","_EventOrganizerID":[],"_EventVenueID":[],"_OrganizerEmail":"","_OrganizerPhone":"","_OrganizerWebsite":"","_VenueAddress":"","_VenueCity":"","_VenueCountry":"","_VenueProvince":"","_VenueState":"","_VenueZip":"","_VenuePhone":"","_VenueURL":"","_VenueStateProvince":"","_VenueLat":"","_VenueLng":"","_VenueShowMap":false,"_VenueShowMapLink":false,"_kadence_starter_templates_imported_post":false,"_kad_post_transparent":"","_kad_post_title":"","_kad_post_layout":"","_kad_post_sidebar_id":"","_kad_post_content_style":"","_kad_post_vertical_padding":"","_kad_post_feature":"","_kad_post_feature_position":"","_kad_post_header":false,"_kad_post_footer":false,"_kad_post_classname":"","footnotes":""},"class_list":["post-2867","page","type-page","status-publish","hentry"],"acf":[],"taxonomy_info":[],"featured_image_src_large":false,"author_info":{"display_name":"paulgaray","author_link":"https:\/\/www.lasermet.com\/de\/author\/paulgaray\/"},"comment_info":0,"_links":{"self":[{"href":"https:\/\/www.lasermet.com\/de\/wp-json\/wp\/v2\/pages\/2867","targetHints":{"allow":["GET"]}}],"collection":[{"href":"https:\/\/www.lasermet.com\/de\/wp-json\/wp\/v2\/pages"}],"about":[{"href":"https:\/\/www.lasermet.com\/de\/wp-json\/wp\/v2\/types\/page"}],"author":[{"embeddable":true,"href":"https:\/\/www.lasermet.com\/de\/wp-json\/wp\/v2\/users\/1"}],"replies":[{"embeddable":true,"href":"https:\/\/www.lasermet.com\/de\/wp-json\/wp\/v2\/comments?post=2867"}],"version-history":[{"count":8,"href":"https:\/\/www.lasermet.com\/de\/wp-json\/wp\/v2\/pages\/2867\/revisions"}],"predecessor-version":[{"id":9267,"href":"https:\/\/www.lasermet.com\/de\/wp-json\/wp\/v2\/pages\/2867\/revisions\/9267"}],"up":[{"embeddable":true,"href":"https:\/\/www.lasermet.com\/de\/wp-json\/wp\/v2\/pages\/605"}],"wp:attachment":[{"href":"https:\/\/www.lasermet.com\/de\/wp-json\/wp\/v2\/media?parent=2867"}],"curies":[{"name":"wp","href":"https:\/\/api.w.org\/{rel}","templated":true}]}}